{"id":380166,"date":"2025-12-11T10:04:40","date_gmt":"2025-12-11T10:04:40","guid":{"rendered":"https:\/\/dev.codekraft.it\/rotary-2024\/products\/uncategorized\/elektronische-motorrad-radauswuchtmaschine-librak328bike\/"},"modified":"2025-12-11T10:04:40","modified_gmt":"2025-12-11T10:04:40","slug":"elektronische-motorrad-radauswuchtmaschine-librak328bike","status":"publish","type":"product","link":"https:\/\/dev.codekraft.it\/rotary-2024\/produkte\/reifenservice-de\/radauswuchtmaschinen-de\/elektronische-motorrad-radauswuchtmaschine-librak328bike\/","title":{"rendered":"Elektronische Motorrad-Radauswuchtmaschine Librak328BIKE"},"content":{"rendered":"<p>Die Librak328BIKE ist zum Auswuchten f\u00fcr Motorradreifen mit einem Felgendurchmesser von 10 &#8211; 26\u2033 konzipiert. Durch die integrierte Computer-Steuerung wird ein schnelles und pr\u00e4zises Wuchten erm\u00f6glicht.<\/p>\n<ul>\n<li>Computer-gesteuerte Wuchtmaschine<\/li>\n<li>Kompakte Ma\u00dfe: auf Werkbank montierbar<\/li>\n<li>Bis 65 kg Radgewicht<\/li>\n<\/ul>\n<ul>\n<li>Computer gesteuerte Wuchtmaschine f\u00fcr ein pr\u00e4zises und schnelles Wuchten von Motorradreifen mit einem Felgendurchmesser von 10 &#8211; 26\u2033.<\/li>\n<li>Einzelner Messvorgang mit automatischer Abbremsung am Ende.<\/li>\n<li>Die Erfassung von Abstand und Felgendurchmesser erfolgt durch einen Messarm und manuelle Eingabe.<\/li>\n<li>Die Librak328BIKE wird mit einem Antriebsmotor angetrieben.<\/li>\n<li>Durch die kompakten Ma\u00dfe ist die Librak328BIKE problemlos auf einer Werkbank montierbar.<\/li>\n<\/ul>\n<ul>\n<li>Kompakte Bauweise<\/li>\n<li>Einfache intuitive Bedienung \/ mit Display<\/li>\n<\/ul>\n","protected":false},"excerpt":{"rendered":"<p>Hintergrundbeleuchtetes LCD-Grafikdisplay (132 x 40 mm), automatischer Programmablauf, inkl. Motorradflansch, Motorrad, Felgendurchmesser 10 &#8211; 26\u2033 | Rot (RAL 3002)<\/p>\n","protected":false},"featured_media":352829,"template":"","meta":[],"product_cat":[1033482],"product_tag":[1035646,1035663],"product_approvals":[],"product_application":[],"class_list":{"0":"post-380166","1":"product","2":"type-product","3":"status-publish","4":"has-post-thumbnail","6":"product_cat-radauswuchtmaschinen-de","7":"product_tag-motorbikes-de","8":"product_tag-scooter-de","10":"first","11":"instock","12":"shipping-taxable","13":"product-type-simple"},"approvals":[],"application":[],"brb_media_brochure":"","brb_media_drawing":"","brb_media_manuals":[{"id":380164,"url":"https:\/\/dev.codekraft.it\/rotary-2024\/wp-content\/uploads\/brb_media\/00548907_wheel-balancers-librak240-librak345-librak338-librak328-g2114-g2116-g2120-g2121-t2020-2d-wb430-easy-g2124-gtl2120-er328-er448-erl240-im-1296-m027-02_vsg_rev03-multi-2024-12.pdf","title":"Wheel Balancers LIBRAK240 LIBRAK345 LIBRAK338 LIBRAK328 G2114 G2116 G2120 G2121 T2020 2D WB430 EASY G2124 GTL2120 ER328 ER448 ERL240 IM 1296 M027 02 VSG rev03 multi 2024 12","thumbnail":"https:\/\/dev.codekraft.it\/rotary-2024\/wp-content\/uploads\/brb_media\/00548907_wheel-balancers-librak240-librak345-librak338-librak328-g2114-g2116-g2120-g2121-t2020-2d-wb430-easy-g2124-gtl2120-er328-er448-erl240-im-1296-m027-02_vsg_rev03-multi-2024-12-pdf-106x150.png","description":""}],"brb_media_safety_datasheets":"","brb_media_spare_parts":[],"_cdmm_p_id":"481600","_company":"Elektron","_gtin":"5063084201553","accessories":[{"id":380293,"cdmm_p_id":"482597","name":"Untergestell","description":"","thumbnail":"https:\/\/dev.codekraft.it\/rotary-2024\/wp-content\/uploads\/brb_media\/00506539_gar363-150x150.png","url":"https:\/\/dev.codekraft.it\/rotary-2024\/produkte\/zubehor-reifenservice-de\/zubehor-radauswuchtmaschinen-de\/untergestell\/"},{"id":381403,"cdmm_p_id":"497546","name":"Universalflansch","description":"F\u00fcr Motorr\u00e4der | ohne Welle und Zubeh\u00f6r | GAR181A1 erforderlich","thumbnail":"https:\/\/dev.codekraft.it\/rotary-2024\/wp-content\/uploads\/brb_media\/00506597_gar354-150x150.png","url":"https:\/\/dev.codekraft.it\/rotary-2024\/produkte\/zubehor-reifenservice-de\/zubehor-radauswuchtmaschinen-de\/universalflansch-2\/"},{"id":380299,"cdmm_p_id":"482599","name":"Zentrierwelle f\u00fcr Motorr\u00e4der | \u00d8 10 mm","description":"Komplett mit Welle, 2 Konen, 6 Distanzst\u00fccken, Spannmutter und 2 Zentrierbuchsen | GAR181N oder GAR354 erforderlich","thumbnail":"https:\/\/dev.codekraft.it\/rotary-2024\/wp-content\/uploads\/brb_media\/00506574_gar182n-150x150.png","url":"https:\/\/dev.codekraft.it\/rotary-2024\/produkte\/zubehor-reifenservice-de\/zubehor-radauswuchtmaschinen-de\/zentrierwelle-fur-motorrader-o-10-mm\/"},{"id":380305,"cdmm_p_id":"482600","name":"Zentrierwelle f\u00fcr Motorr\u00e4der | \u00d8 12 mm","description":"Komplett mit Welle, 2 Konen, 6 Distanzst\u00fccken, Spannmutter und 2 Zentrierbuchsen | GAR181N oder GAR354 erforderlich","thumbnail":"https:\/\/dev.codekraft.it\/rotary-2024\/wp-content\/uploads\/brb_media\/00506574_gar182n-150x150.png","url":"https:\/\/dev.codekraft.it\/rotary-2024\/produkte\/zubehor-reifenservice-de\/zubehor-radauswuchtmaschinen-de\/zentrierwelle-fur-motorrader-o-12-mm\/"},{"id":380311,"cdmm_p_id":"482601","name":"Zentrierwelle f\u00fcr Motorr\u00e4der | lang, \u00d8 14 mm","description":"Komplett mit langer Welle (318 mm), 2 Distanzst\u00fccken und Spannmutter | GAR181N oder GAR354 erforderlich","thumbnail":"https:\/\/dev.codekraft.it\/rotary-2024\/wp-content\/uploads\/brb_media\/00506594_gar184n-150x150.png","url":"https:\/\/dev.codekraft.it\/rotary-2024\/produkte\/zubehor-reifenservice-de\/zubehor-radauswuchtmaschinen-de\/zentrierwelle-fur-motorrader-lang-o-14-mm\/"},{"id":381409,"cdmm_p_id":"497547","name":"Zentrierwelle f\u00fcr Motorr\u00e4der mit Einarmgabel | \u00d8 19 mm","description":"Komplett mit Welle, 2 Distanzst\u00fccken und Spannmutter | GAR181N oder GAR354 erforderlich","thumbnail":"https:\/\/dev.codekraft.it\/rotary-2024\/wp-content\/uploads\/brb_media\/00506595_gar191n-150x150.png","url":"https:\/\/dev.codekraft.it\/rotary-2024\/produkte\/zubehor-reifenservice-de\/zubehor-radauswuchtmaschinen-de\/zentrierwelle-fur-motorrader-mit-einarmgabel-o-19-mm\/"}],"components":[],"related":[],"similar":[{"id":380172,"cdmm_p_id":"481601","name":"Elektronische Motorrad-Radauswuchtmaschine Librak328BIKE (grau)","description":"Hintergrundbeleuchtetes LCD-Grafikdisplay (132 x 40 mm), automatischer Programmablauf, inkl. Motorradflansch, Motorrad, Felgendurchmesser 10 - 26\u2033 | Grau (RAL 7016)","thumbnail":"https:\/\/dev.codekraft.it\/rotary-2024\/wp-content\/uploads\/brb_media\/00524025_wheel-balancer-librak328bike-ral7016-mi-150x150.png","url":"https:\/\/dev.codekraft.it\/rotary-2024\/produkte\/reifenservice-de\/radauswuchtmaschinen-de\/elektronische-motorrad-radauswuchtmaschine-librak328bike-grau\/"}],"lang":"de","translations":{"de":380166,"en":380163,"fr":380167,"it":380168,"es":380169,"ru":380170},"pll_sync_post":[],"_links":{"self":[{"href":"https:\/\/dev.codekraft.it\/rotary-2024\/wp-json\/wp\/v2\/product\/380166","targetHints":{"allow":["GET"]}}],"collection":[{"href":"https:\/\/dev.codekraft.it\/rotary-2024\/wp-json\/wp\/v2\/product"}],"about":[{"href":"https:\/\/dev.codekraft.it\/rotary-2024\/wp-json\/wp\/v2\/types\/product"}],"wp:featuredmedia":[{"embeddable":true,"href":"https:\/\/dev.codekraft.it\/rotary-2024\/wp-json\/wp\/v2\/media\/352829"}],"wp:attachment":[{"href":"https:\/\/dev.codekraft.it\/rotary-2024\/wp-json\/wp\/v2\/media?parent=380166"}],"wp:term":[{"taxonomy":"product_cat","embeddable":true,"href":"https:\/\/dev.codekraft.it\/rotary-2024\/wp-json\/wp\/v2\/product_cat?post=380166"},{"taxonomy":"product_tag","embeddable":true,"href":"https:\/\/dev.codekraft.it\/rotary-2024\/wp-json\/wp\/v2\/product_tag?post=380166"},{"taxonomy":"product_approvals","embeddable":true,"href":"https:\/\/dev.codekraft.it\/rotary-2024\/wp-json\/wp\/v2\/product_approvals?post=380166"},{"taxonomy":"product_application","embeddable":true,"href":"https:\/\/dev.codekraft.it\/rotary-2024\/wp-json\/wp\/v2\/product_application?post=380166"}],"curies":[{"name":"wp","href":"https:\/\/api.w.org\/{rel}","templated":true}]}}