{"id":380155,"date":"2025-09-08T09:01:09","date_gmt":"2025-09-08T09:01:09","guid":{"rendered":"https:\/\/dev.codekraft.it\/rotary-2024\/products\/uncategorized\/desmontadora-de-neumaticos-nav26hw-t\/"},"modified":"2025-09-08T09:01:09","modified_gmt":"2025-09-08T09:01:09","slug":"desmontadora-de-neumaticos-nav26hw-t","status":"publish","type":"product","link":"https:\/\/dev.codekraft.it\/rotary-2024\/es\/productos\/servicio-de-llantas-es\/desmontadoras-es\/desmontadora-de-neumaticos-nav26hw-t\/","title":{"rendered":"Desmontadora de neum\u00e1ticos NAV26HW.T"},"content":{"rendered":"","protected":false},"excerpt":{"rendered":"<p>\u00datil de montaje y palanca de montaje, unidad de control electrohidr\u00e1ulica por cable, apto para uso m\u00f3vil en furgonetas, cami\u00f3n, di\u00e1metro de llanta 11 &#8211; 27\u2033, ancho m\u00e1ximo de llanta 950 mm | Rojo (RAL 3002)<\/p>\n","protected":false},"featured_media":352815,"template":"","meta":[],"product_brand":[],"product_cat":[1033424],"product_tag":[1034134],"product_approvals":[],"product_application":[],"class_list":{"0":"post-380155","1":"product","2":"type-product","3":"status-publish","4":"has-post-thumbnail","6":"product_cat-desmontadoras-es","7":"product_tag-trucks-es","9":"first","10":"instock","11":"shipping-taxable","12":"product-type-simple"},"approvals":[],"application":[],"brb_media_brochure":"","brb_media_drawing":"","brb_media_manuals":[{"id":380146,"url":"https:\/\/dev.codekraft.it\/rotary-2024\/wp-content\/uploads\/brb_media\/00539708_tyre-changer-rotn26hwt-ravgr926movi-im-7503-m007-00_vsg_rev00_de-2023-11.pdf","title":"tyre changer rotn26hwt ravgr926movi im 7503 m007 00 vsg rev00 de 2023 11","mpn":"","thumbnail":"https:\/\/dev.codekraft.it\/rotary-2024\/wp-content\/uploads\/brb_media\/00539708_tyre-changer-rotn26hwt-ravgr926movi-im-7503-m007-00_vsg_rev00_de-2023-11-pdf-106x150.png","description":""},{"id":380147,"url":"https:\/\/dev.codekraft.it\/rotary-2024\/wp-content\/uploads\/brb_media\/00539709_tyre-changer-rotn26hwt-ravgr926movi-im-7503-m007-00_vsg_rev00_en-2023-11.pdf","title":"tyre changer rotn26hwt ravgr926movi im 7503 m007 00 vsg rev00 en 2023 11","mpn":"","thumbnail":"https:\/\/dev.codekraft.it\/rotary-2024\/wp-content\/uploads\/brb_media\/00539709_tyre-changer-rotn26hwt-ravgr926movi-im-7503-m007-00_vsg_rev00_en-2023-11-pdf-106x150.png","description":""},{"id":380148,"url":"https:\/\/dev.codekraft.it\/rotary-2024\/wp-content\/uploads\/brb_media\/00539710_tyre-changer-rotn26hwt-ravgr926movi-im-7503-m007-00_vsg_rev00_fr-2023-11.pdf","title":"tyre changer rotn26hwt ravgr926movi im 7503 m007 00 vsg rev00 fr 2023 11","mpn":"","thumbnail":"https:\/\/dev.codekraft.it\/rotary-2024\/wp-content\/uploads\/brb_media\/00539710_tyre-changer-rotn26hwt-ravgr926movi-im-7503-m007-00_vsg_rev00_fr-2023-11-pdf-106x150.png","description":""},{"id":380149,"url":"https:\/\/dev.codekraft.it\/rotary-2024\/wp-content\/uploads\/brb_media\/00539711_tyre-changer-rotn26hwt-ravgr926movi-im-7503-m007-00_vsg_rev00_it-2023-11.pdf","title":"tyre changer rotn26hwt ravgr926movi im 7503 m007 00 vsg rev00 it 2023 11","mpn":"","thumbnail":"https:\/\/dev.codekraft.it\/rotary-2024\/wp-content\/uploads\/brb_media\/00539711_tyre-changer-rotn26hwt-ravgr926movi-im-7503-m007-00_vsg_rev00_it-2023-11-pdf-106x150.png","description":""},{"id":380150,"url":"https:\/\/dev.codekraft.it\/rotary-2024\/wp-content\/uploads\/brb_media\/00539712_tyre-changer-rotn26hwt-ravgr926movi-im-7503-m007-00_vsg_rev00_es-2023-11.pdf","title":"tyre changer rotn26hwt ravgr926movi im 7503 m007 00 vsg rev00 es 2023 11","mpn":"","thumbnail":"https:\/\/dev.codekraft.it\/rotary-2024\/wp-content\/uploads\/brb_media\/00539712_tyre-changer-rotn26hwt-ravgr926movi-im-7503-m007-00_vsg_rev00_es-2023-11-pdf-106x150.png","description":""}],"brb_media_safety_datasheets":"","brb_media_spare_parts":[],"_cdmm_p_id":"481598","_company":"Elektron","_gtin":"5063084201867","accessories":[{"id":382046,"mpn":"G108A12","name":"Extensiones agarre plato para llanta \u00d8 hasta 56\u2033","description":"Adaptadores para ampliar el rango de sujeci\u00f3n | 1 juego \/ 4 piezas","thumbnail":"https:\/\/dev.codekraft.it\/rotary-2024\/wp-content\/uploads\/brb_media\/00506729_g108a12-150x150.png","url":"https:\/\/dev.codekraft.it\/rotary-2024\/es\/productos\/accesorios-servicio-de-llantas-es\/accesorios-desmontadoras-es\/extensiones-agarre-plato-para-llanta-o-hasta-56%e2%80%b3\/"},{"id":382059,"mpn":"G108A34","name":"Presiona tal\u00f3n neum\u00e1tico para ruedas agr\u00edcolas","description":"","thumbnail":"https:\/\/dev.codekraft.it\/rotary-2024\/wp-content\/uploads\/brb_media\/00506738_g108a34-02-150x150.png","url":"https:\/\/dev.codekraft.it\/rotary-2024\/es\/productos\/accesorios-servicio-de-llantas-es\/accesorios-desmontadoras-es\/presiona-talon-neumatico-para-ruedas-agricolas\/"},{"id":382052,"mpn":"G108A1","name":"Protecci\u00f3n garras para llantas de aleaci\u00f3n","description":"1 juego \/ 4 piezas","thumbnail":"https:\/\/dev.codekraft.it\/rotary-2024\/wp-content\/uploads\/brb_media\/00506728_g108a1-150x150.png","url":"https:\/\/dev.codekraft.it\/rotary-2024\/es\/productos\/accesorios-servicio-de-llantas-es\/accesorios-desmontadoras-es\/proteccion-garras-para-llantas-de-aleacion\/"},{"id":382040,"mpn":"G108A2","name":"Protecci\u00f3n garras para llantas de aleaci\u00f3n | 1 juego \/ 4 piezas","description":"","thumbnail":"https:\/\/dev.codekraft.it\/rotary-2024\/wp-content\/uploads\/brb_media\/00539654_tyre-changers-g108a2-mi-150x150.png","url":"https:\/\/dev.codekraft.it\/rotary-2024\/es\/productos\/accesorios-servicio-de-llantas-es\/accesorios-desmontadoras-es\/proteccion-garras-para-llantas-de-aleacion-1-juego-4-piezas\/"},{"id":382102,"mpn":"G108A13","name":"Palanca para anillos para cami\u00f3n","description":"","thumbnail":"https:\/\/dev.codekraft.it\/rotary-2024\/wp-content\/uploads\/brb_media\/00506730_g108a13-150x150.png","url":"https:\/\/dev.codekraft.it\/rotary-2024\/es\/productos\/accesorios-servicio-de-llantas-es\/accesorios-desmontadoras-es\/palanca-para-anillos-para-camion\/"},{"id":382027,"mpn":"G108A25","name":"Mordaza de bloqueo tal\u00f3n para llantas movimiento de tierras","description":"","thumbnail":"https:\/\/dev.codekraft.it\/rotary-2024\/wp-content\/uploads\/brb_media\/00506735_g108a25-150x150.png","url":"https:\/\/dev.codekraft.it\/rotary-2024\/es\/productos\/accesorios-servicio-de-llantas-es\/accesorios-desmontadoras-es\/mordaza-de-bloqueo-talon-para-llantas-movimiento-de-tierras\/"},{"id":382033,"mpn":"G90A6","name":"Mordaza de bloqueo tal\u00f3n para llantas de aleaci\u00f3n","description":"Protecci\u00f3n para llantas de aleaci\u00f3n","thumbnail":"https:\/\/dev.codekraft.it\/rotary-2024\/wp-content\/uploads\/brb_media\/00506745_g90a6-150x150.png","url":"https:\/\/dev.codekraft.it\/rotary-2024\/es\/productos\/accesorios-servicio-de-llantas-es\/accesorios-desmontadoras-es\/mordaza-de-bloqueo-talon-para-llantas-de-aleacion\/"},{"id":380235,"mpn":"G108A36","name":"Rodillo rompe talones","description":"Para neum\u00e1ticos sin c\u00e1mara","thumbnail":"https:\/\/dev.codekraft.it\/rotary-2024\/wp-content\/uploads\/brb_media\/00506744_g90a2-150x150.png","url":"https:\/\/dev.codekraft.it\/rotary-2024\/es\/productos\/accesorios-servicio-de-llantas-es\/accesorios-desmontadoras-es\/rodillo-rompe-talones\/"},{"id":382108,"mpn":"G800A37","name":"Jab\u00f3n lubricante para montaje\/desmontaje neum\u00e1ticos | 3,5 kg","description":"","thumbnail":"https:\/\/dev.codekraft.it\/rotary-2024\/wp-content\/uploads\/brb_media\/00506743_g800a37-150x150.png","url":"https:\/\/dev.codekraft.it\/rotary-2024\/es\/productos\/accesorios-servicio-de-llantas-es\/accesorios-desmontadoras-es\/jabon-lubricante-para-montaje-desmontaje-neumaticos-35-kg\/"},{"id":380229,"mpn":"G108A16","name":"Brocha madera, en \u00e1ngulo","description":"Para m\u00e1quinas de montaje de ruedas","thumbnail":"https:\/\/dev.codekraft.it\/rotary-2024\/wp-content\/uploads\/brb_media\/00506731_g108a16-150x114.png","url":"https:\/\/dev.codekraft.it\/rotary-2024\/es\/productos\/accesorios-servicio-de-llantas-es\/accesorios-desmontadoras-es\/brocha-madera-en-angulo\/"},{"id":382919,"mpn":"G108A22","name":"Disco destalonador para ruedas anillo","description":"","thumbnail":"https:\/\/dev.codekraft.it\/rotary-2024\/wp-content\/uploads\/brb_media\/00506733_g108a22-150x150.png","url":"https:\/\/dev.codekraft.it\/rotary-2024\/es\/productos\/accesorios-servicio-de-llantas-es\/accesorios-desmontadoras-es\/disco-destalonador-para-ruedas-anillo\/"},{"id":382926,"mpn":"G108A24","name":"Disco destalonador para ruedas anillo","description":"","thumbnail":"https:\/\/dev.codekraft.it\/rotary-2024\/wp-content\/uploads\/brb_media\/00535690_tyre-changer-g108a24-di-150x150.png","url":"https:\/\/dev.codekraft.it\/rotary-2024\/es\/productos\/accesorios-servicio-de-llantas-es\/accesorios-desmontadoras-es\/disco-destalonador-para-ruedas-anillo-2\/"},{"id":382963,"mpn":"G108A5","name":"Adaptadores con adherencia suplementar","description":"Con adherencia suplementar","thumbnail":"https:\/\/dev.codekraft.it\/rotary-2024\/wp-content\/uploads\/brb_media\/00506740_g108a5-01-150x150.png","url":"https:\/\/dev.codekraft.it\/rotary-2024\/es\/productos\/accesorios-servicio-de-llantas-es\/accesorios-desmontadoras-es\/adaptadores-con-adherencia-suplementar\/"},{"id":384883,"mpn":"G108A29","name":"Kit de conversi\u00f3n de controles","description":"Juego para funcionamiento por cable o Bluetooth | incl. cable","thumbnail":"","url":"https:\/\/dev.codekraft.it\/rotary-2024\/es\/productos\/accesorios-servicio-de-llantas-es\/accesorios-desmontadoras-es\/kit-de-conversion-de-controles\/"},{"id":383296,"mpn":"G108A9","name":"Protecci\u00f3n de pl\u00e1stico para cabezal de montaje","description":"Protecci\u00f3n \u00fatil de pl\u00e1stico para cabezal de montaje | 1 pieza","thumbnail":"https:\/\/dev.codekraft.it\/rotary-2024\/wp-content\/uploads\/brb_media\/00535691_tyre-changer-g108a9-di-150x150.png","url":"https:\/\/dev.codekraft.it\/rotary-2024\/es\/productos\/accesorios-servicio-de-llantas-es\/accesorios-desmontadoras-es\/proteccion-de-plastico-para-cabezal-de-montaje-2\/"},{"id":383129,"mpn":"G108A42","name":"Juego palanca posicionamiento brazos","description":"Accesorio de desmontadoras para veh\u00edculos industriales \/ tractores","thumbnail":"","url":"https:\/\/dev.codekraft.it\/rotary-2024\/es\/productos\/accesorios-servicio-de-llantas-es\/accesorios-desmontadoras-es\/juego-palanca-posicionamiento-brazos\/"},{"id":383884,"mpn":"G108A40","name":"Sistema de bloqueo de la posici\u00f3n del brazos","description":"","thumbnail":"https:\/\/dev.codekraft.it\/rotary-2024\/wp-content\/uploads\/brb_media\/00539655_tyre-changers-g108a40-mi-150x150.png","url":"https:\/\/dev.codekraft.it\/rotary-2024\/es\/productos\/accesorios-servicio-de-llantas-es\/accesorios-desmontadoras-es\/sistema-de-bloqueo-de-la-posicion-del-brazos\/"}],"components":[],"related":[],"page_logo_src":"https:\/\/dev.codekraft.it\/rotary-2024\/wp-content\/uploads\/2024\/05\/cropped-rotary-logo-2022.png","lang":"es","translations":{"es":380155,"en":380145,"de":380152,"fr":380153,"it":380154,"ru":380156},"pll_sync_post":[],"_links":{"self":[{"href":"https:\/\/dev.codekraft.it\/rotary-2024\/wp-json\/wp\/v2\/product\/380155","targetHints":{"allow":["GET"]}}],"collection":[{"href":"https:\/\/dev.codekraft.it\/rotary-2024\/wp-json\/wp\/v2\/product"}],"about":[{"href":"https:\/\/dev.codekraft.it\/rotary-2024\/wp-json\/wp\/v2\/types\/product"}],"wp:featuredmedia":[{"embeddable":true,"href":"https:\/\/dev.codekraft.it\/rotary-2024\/wp-json\/wp\/v2\/media\/352815"}],"wp:attachment":[{"href":"https:\/\/dev.codekraft.it\/rotary-2024\/wp-json\/wp\/v2\/media?parent=380155"}],"wp:term":[{"taxonomy":"product_brand","embeddable":true,"href":"https:\/\/dev.codekraft.it\/rotary-2024\/wp-json\/wp\/v2\/product_brand?post=380155"},{"taxonomy":"product_cat","embeddable":true,"href":"https:\/\/dev.codekraft.it\/rotary-2024\/wp-json\/wp\/v2\/product_cat?post=380155"},{"taxonomy":"product_tag","embeddable":true,"href":"https:\/\/dev.codekraft.it\/rotary-2024\/wp-json\/wp\/v2\/product_tag?post=380155"},{"taxonomy":"product_approvals","embeddable":true,"href":"https:\/\/dev.codekraft.it\/rotary-2024\/wp-json\/wp\/v2\/product_approvals?post=380155"},{"taxonomy":"product_application","embeddable":true,"href":"https:\/\/dev.codekraft.it\/rotary-2024\/wp-json\/wp\/v2\/product_application?post=380155"}],"curies":[{"name":"wp","href":"https:\/\/api.w.org\/{rel}","templated":true}]}}