{"id":380071,"date":"2025-12-11T10:04:37","date_gmt":"2025-12-11T10:04:37","guid":{"rendered":"https:\/\/dev.codekraft.it\/rotary-2024\/products\/uncategorized\/radgreifanlage-hydrolift-s2-82-agrar\/"},"modified":"2025-12-11T10:04:37","modified_gmt":"2025-12-11T10:04:37","slug":"radgreifanlage-hydrolift-s2-82-agrar","status":"publish","type":"product","link":"https:\/\/dev.codekraft.it\/rotary-2024\/produkte\/hebebuhnen-de\/radgreifanlagen-de\/radgreifanlage-hydrolift-s2-82-agrar\/","title":{"rendered":"Radgreifanlage HydroLift S2 8,2 Agrar"},"content":{"rendered":"<p>Die HydroLift-Radgreifanlage AGRAR ist mit seinen Adaptern universell einsetzbar, somit ideal zum sicheren Anheben von Traktoren verschiedenster Hersteller. Sie ist in Kombination mit w\u00e4hlbaren Aufnahmest\u00fccken der komfortable Werkstatthelfer.<\/p>\n<ul>\n<li>Doppelte Lastsicherung sorgt f\u00fcr Sicherheit<\/li>\n<li>Intuitive Bedienung<\/li>\n<li>Schneller Positionswechsel durch Gabelstapler m\u00f6glich<\/li>\n<\/ul>\n<ul>\n<li>Hinterer Aufnahmeadapter mit zus\u00e4tzlichen Sicherungsstangen.<\/li>\n<li>Vorderer Aufnahmeadapter mit verschiedenen\u00a0Aufnahmeadaptern.<\/li>\n<li>Verfahrdeichsel mit selbst\u00e4ndig einfederndem Lenkfahrwerk, Doppelrolle und integrierter Feststellbremse verhindert ein unbeabsichtigtes Wegrollen der Hubeinheit.<\/li>\n<li>Gabelstapler-Adapter erm\u00f6glichen einen schnellen und bequemen Transport der Radgreifer in der Werkstatt.<\/li>\n<li>Verwendbar bei Traktoren mit einem Abstand von min. 1100 mm zwischen den R\u00e4dern.<\/li>\n<li>Die \u00fcbersichtlich angebrachten Bedienelemente zeichnen die Bedienfreundlichkeit der Radgreifanlage aus.<\/li>\n<\/ul>\n<ul>\n<li>Das integrierte Ladeger\u00e4t erm\u00f6glicht den Ladevorgang w\u00e4hrend der Verwendung des HydroLift. Eine Stunde Schnellladung erm\u00f6glicht einen weiteren vollst\u00e4ndigen Hub- \/Senkvorgang.<\/li>\n<li>Die modulare Bauweise erm\u00f6glicht die nachtr\u00e4gliche Erweiterung von 2 auf 4, 6 oder 8 Hubeinheiten.<\/li>\n<li>Doppelte Lastsicherung durch stufenlose hydraulische\u00a0Sicherung mittels Sperrventil und mechanischer Sicherheitsklinke.<\/li>\n<li>Leicht verst\u00e4ndliche Symbole und \u00fcbersichtliche Drucktaster erleichtern das Bedienen. Software-Updates erfolgen \u00fcber SD-Karte.<\/li>\n<li>Die Gro\u00dfserienproduktion in unseren ISO-zertifizierten Produktionsst\u00e4tten erm\u00f6glicht eine konstant hohe Fertigungsqualit\u00e4t.<\/li>\n<li>Die Kommunikation der einzelnen Hubeinheiten erfolgt drahtlos auf Basis des IEEE 802.15.4 Standards.<\/li>\n<li>Hydro-Protect: Der Hubzylinder befindet sich vor \u00e4u\u00dferen Einfl\u00fcssen gesch\u00fctzt im Hubschlitten. Auch Motor und Hydraulikaggregat sind komplett abgedeckt.<\/li>\n<li>Not-Halt Taster an jeder S\u00e4ule vorhanden.<\/li>\n<li>Easy Drive:\u00a0Leichtlaufrollen\u00a0machen das Einrichten des Arbeitsplatzes buchst\u00e4blich zum Kinderspiel.<\/li>\n<li>Die Gleichlaufregelung garantiert absoluten Synchronlauf aller Hubeinheiten &#8211; auch bei ungleicher Lastverteilung.<\/li>\n<li>Keine Masters\u00e4ule &#8211; alle Funktionen stehen an jeder Radgreifers\u00e4ule zur Verf\u00fcgung.<\/li>\n<\/ul>\n","protected":false},"excerpt":{"rendered":"<p>2 x 8,2 t, elektrohydraulisch, kabellos, akkubetrieben, mit Agrar-Adaptern<\/p>\n","protected":false},"featured_media":352263,"template":"","meta":[],"product_brand":[],"product_cat":[1033804],"product_tag":[1034260,1034143,1034229,1034212,1034126,1034178,1034195],"product_approvals":[],"product_application":[],"class_list":{"0":"post-380071","1":"product","2":"type-product","3":"status-publish","4":"has-post-thumbnail","6":"product_cat-radgreifanlagen-de","7":"product_tag-anhanger-de","8":"product_tag-buses-de","9":"product_tag-tracked-vehicles-de","10":"product_tag-agricultural-machines-de","11":"product_tag-trucks-de","12":"product_tag-light-commercial-de","13":"product_tag-motor-homes-de","15":"first","16":"instock","17":"shipping-taxable","18":"product-type-simple"},"approvals":[],"application":[],"brb_media_brochure":[{"id":351679,"url":"https:\/\/dev.codekraft.it\/rotary-2024\/wp-content\/uploads\/brb_media\/00414009_mobile-column-lift-hydrolift-s3-agrar-br-127691-de-2019-05-screen.pdf","title":"mobile column lift hydrolift s3 agrar br 127691 de 2019 05 screen","mpn":"","thumbnail":"https:\/\/dev.codekraft.it\/rotary-2024\/wp-content\/uploads\/brb_media\/00414009_mobile-column-lift-hydrolift-s3-agrar-br-127691-de-2019-05-screen-pdf-106x150.png","description":""},{"id":351680,"url":"https:\/\/dev.codekraft.it\/rotary-2024\/wp-content\/uploads\/brb_media\/00414010_mobile-column-lift-hydrolift-s3-agrar-br-127692-en-2019-05-screen.pdf","title":"mobile column lift hydrolift s3 agrar br 127692 en 2019 05 screen","mpn":"","thumbnail":"https:\/\/dev.codekraft.it\/rotary-2024\/wp-content\/uploads\/brb_media\/00414010_mobile-column-lift-hydrolift-s3-agrar-br-127692-en-2019-05-screen-pdf-106x150.png","description":""},{"id":351681,"url":"https:\/\/dev.codekraft.it\/rotary-2024\/wp-content\/uploads\/brb_media\/00414011_mobile-column-lift-hydrolift-s3-agrar-br-127693-fr-2019-05-screen.pdf","title":"mobile column lift hydrolift s3 agrar br 127693 fr 2019 05 screen","mpn":"","thumbnail":"https:\/\/dev.codekraft.it\/rotary-2024\/wp-content\/uploads\/brb_media\/00414011_mobile-column-lift-hydrolift-s3-agrar-br-127693-fr-2019-05-screen-pdf-106x150.png","description":""},{"id":351682,"url":"https:\/\/dev.codekraft.it\/rotary-2024\/wp-content\/uploads\/brb_media\/00414012_mobile-column-lift-hydrolift-s3-agrar-br-127694-it-2019-05-screen.pdf","title":"mobile column lift hydrolift s3 agrar br 127694 it 2019 05 screen","mpn":"","thumbnail":"https:\/\/dev.codekraft.it\/rotary-2024\/wp-content\/uploads\/brb_media\/00414012_mobile-column-lift-hydrolift-s3-agrar-br-127694-it-2019-05-screen-pdf-106x150.png","description":""},{"id":351683,"url":"https:\/\/dev.codekraft.it\/rotary-2024\/wp-content\/uploads\/brb_media\/00414013_mobile-column-lift-hydrolift-s3-agrar-br-127695-es-2019-05-screen.pdf","title":"mobile column lift hydrolift s3 agrar br 127695 es 2019 05 screen","mpn":"","thumbnail":"https:\/\/dev.codekraft.it\/rotary-2024\/wp-content\/uploads\/brb_media\/00414013_mobile-column-lift-hydrolift-s3-agrar-br-127695-es-2019-05-screen-pdf-106x150.png","description":""},{"id":351684,"url":"https:\/\/dev.codekraft.it\/rotary-2024\/wp-content\/uploads\/brb_media\/00414014_mobile-column-lift-hydrolift-s3-agrar-br-127696-ru-2019-05-screen.pdf","title":"mobile column lift hydrolift s3 agrar br 127696 ru 2019 05 screen","mpn":"","thumbnail":"https:\/\/dev.codekraft.it\/rotary-2024\/wp-content\/uploads\/brb_media\/00414014_mobile-column-lift-hydrolift-s3-agrar-br-127696-ru-2019-05-screen-pdf-106x150.png","description":""}],"brb_media_drawing":"","brb_media_manuals":[{"id":351519,"url":"https:\/\/dev.codekraft.it\/rotary-2024\/wp-content\/uploads\/brb_media\/00510172_mobile-column-lift-hydrolift-62-75-82-om-sp-126746-multi-2022-11-revd.pdf","title":"Mobile column lift HydroLift 6,2 7,5 8,2 OM SP 126746 multi 2022 11 RevD","mpn":"","thumbnail":"https:\/\/dev.codekraft.it\/rotary-2024\/wp-content\/uploads\/brb_media\/00510172_mobile-column-lift-hydrolift-62-75-82-om-sp-126746-multi-2022-11-revd-pdf-106x150.png","description":""},{"id":351520,"url":"https:\/\/dev.codekraft.it\/rotary-2024\/wp-content\/uploads\/brb_media\/00406390_mobile-column-lift-hydrolift-s2-8-2c2-om-sp-no-2018-08-rev-e.pdf","title":"mobile column lift hydrolift s2 8 2c2 om sp no 2018 08 rev e","mpn":"","thumbnail":"https:\/\/dev.codekraft.it\/rotary-2024\/wp-content\/uploads\/brb_media\/00406390_mobile-column-lift-hydrolift-s2-8-2c2-om-sp-no-2018-08-rev-e-pdf-116x150.png","description":""}],"brb_media_safety_datasheets":"","brb_media_spare_parts":[],"_cdmm_p_id":"476576","_company":"Elektron","_gtin":"4057612830163","accessories":[{"id":378862,"mpn":"119777","name":"Traverse f\u00fcr HydroLift S3 7,5\/8,2","description":"16,4 t, inkl. verschiebbarer Aufsatzst\u00fccke","thumbnail":"https:\/\/dev.codekraft.it\/rotary-2024\/wp-content\/uploads\/brb_media\/00263258-150x150.png","url":"https:\/\/dev.codekraft.it\/rotary-2024\/produkte\/zubehor-hebebuhnen-de\/zubehor-radgreifanlagen-de\/traverse-fur-hydrolift-s3-75-82\/"},{"id":380089,"mpn":"121812Y","name":"Schutzhaube f\u00fcr HydroLift 8,2","description":"Flexible, stabile Schutzhaube mit Magneten gegen Spritzwasser | Nur f\u00fcr akkubetriebene Radgreifer | 1 St\u00fcck","thumbnail":"https:\/\/dev.codekraft.it\/rotary-2024\/wp-content\/uploads\/brb_media\/00409842_hydrolift-with-coverage-for-car-wash-facility-usage-diagonal-ral7016-di-150x150.png","url":"https:\/\/dev.codekraft.it\/rotary-2024\/produkte\/zubehor-hebebuhnen-de\/zubehor-radgreifanlagen-de\/schutzhaube-fur-hydrolift-82\/"},{"id":381048,"mpn":"M140124BG","name":"Auffahrrampen-Kit","description":"Gabelstaplerrampen, einseitig auffahrbar | Grau (RAL 7012)","thumbnail":"https:\/\/dev.codekraft.it\/rotary-2024\/wp-content\/uploads\/brb_media\/00507162_m140124_002-150x150.jpg","url":"https:\/\/dev.codekraft.it\/rotary-2024\/produkte\/zubehor-hebebuhnen-de\/zubehor-radgreifanlagen-de\/auffahrrampen-kit-3\/"},{"id":381054,"mpn":"M140127BG","name":"Auffahrrampen-Kit","description":"Gabelstaplerrampen, beidseitig \u00fcberfahrbar | Grau (RAL 7012)","thumbnail":"https:\/\/dev.codekraft.it\/rotary-2024\/wp-content\/uploads\/brb_media\/00507164_m140yyy_001-150x150.jpg","url":"https:\/\/dev.codekraft.it\/rotary-2024\/produkte\/zubehor-hebebuhnen-de\/zubehor-radgreifanlagen-de\/auffahrrampen-kit-4\/"},{"id":381060,"mpn":"M140153BG","name":"Auffahrrampen-Kit","description":"Dreiradgabelstapler-Rampen, einseitig befahrbar | Grau (RAL 7012)","thumbnail":"https:\/\/dev.codekraft.it\/rotary-2024\/wp-content\/uploads\/brb_media\/00507163_m140xxx_001-150x150.jpg","url":"https:\/\/dev.codekraft.it\/rotary-2024\/produkte\/zubehor-hebebuhnen-de\/zubehor-radgreifanlagen-de\/auffahrrampen-kit-5\/"},{"id":381036,"mpn":"M110175BG","name":"Transportwagen f\u00fcr Rampensatz","description":"Trolley f\u00fcr Auffahrrampen-Kit f\u00fcr Gabelstapler M140124BG \/ M140127BG","thumbnail":"https:\/\/dev.codekraft.it\/rotary-2024\/wp-content\/uploads\/brb_media\/00489148_m110175bg-mi-150x150.jpg","url":"https:\/\/dev.codekraft.it\/rotary-2024\/produkte\/zubehor-hebebuhnen-de\/zubehor-radgreifanlagen-de\/transportwagen-fur-rampensatz\/"},{"id":381000,"mpn":"127615","name":"SmartCart Agrar","description":"Transport- und Ablagewagen f\u00fcr das Agraradapter-Set - Aufger\u00e4umt finden die Adapter und Aufnahmest\u00fccke ihren Platz in der Werkstatt","thumbnail":"https:\/\/dev.codekraft.it\/rotary-2024\/wp-content\/uploads\/brb_media\/00414017_smartcart-agrar-mi-150x150.png","url":"https:\/\/dev.codekraft.it\/rotary-2024\/produkte\/zubehor-hebebuhnen-de\/zubehor-radgreifanlagen-de\/smartcart-agrar-2\/"},{"id":380095,"mpn":"128478","name":"LED-Beleuchtungs-Kit Standard | f\u00fcr HydroLift 6,2\/7,5\/8,2","description":"Inkl. Kabelsatz, Halterung und Montageanleitung | 2 St\u00fcck","thumbnail":"https:\/\/dev.codekraft.it\/rotary-2024\/wp-content\/uploads\/brb_media\/00414016_hydrolift-s3-with-led-new-mi-150x150.png","url":"https:\/\/dev.codekraft.it\/rotary-2024\/produkte\/zubehor-hebebuhnen-de\/zubehor-radgreifanlagen-de\/led-beleuchtungs-kit-standard-fur-hydrolift-62-75-82\/"},{"id":382948,"mpn":"S270A2","name":"Abst\u00fctzbock","description":"10000 kg, 1235 - 2040 mm, in 6 x 100-mm-Schritten h\u00f6henverstellbar, stufenlos verstellbares Oberteil (115 mm), 3 federnde Rollen, U-Aufnahme und Prisma-Aufnahme (wechselbar), fertig montiert | Grau (RAL 7040)","thumbnail":"https:\/\/dev.codekraft.it\/rotary-2024\/wp-content\/uploads\/brb_media\/00535520_mobile-columns-s270a2-mi-150x150.png","url":"https:\/\/dev.codekraft.it\/rotary-2024\/produkte\/zubehor-hebebuhnen-de\/zubehor-radgreifanlagen-de\/abstutzbock-2\/"},{"id":382721,"mpn":"S270A1","name":"Abst\u00fctzbock","description":"10000 kg, 1235 - 2040 mm, in 6 x 100-mm-Schritten h\u00f6henverstellbar, stufenlos verstellbares Oberteil (115 mm), 2 Rollen, U-Aufnahme und Prisma-Aufnahme (wechselbar) | Grau (RAL 7040)","thumbnail":"https:\/\/dev.codekraft.it\/rotary-2024\/wp-content\/uploads\/brb_media\/00535519_mobile-columns-s270a1-mi-150x150.png","url":"https:\/\/dev.codekraft.it\/rotary-2024\/produkte\/zubehor-hebebuhnen-de\/zubehor-radgreifanlagen-de\/abstutzbock\/"}],"components":[],"related":[],"page_logo_src":"https:\/\/dev.codekraft.it\/rotary-2024\/wp-content\/uploads\/2024\/05\/cropped-rotary-logo-2022.png","lang":"de","translations":{"de":380071,"en":380070,"fr":380072,"it":380073,"es":380074,"ru":380075},"pll_sync_post":[],"_links":{"self":[{"href":"https:\/\/dev.codekraft.it\/rotary-2024\/wp-json\/wp\/v2\/product\/380071","targetHints":{"allow":["GET"]}}],"collection":[{"href":"https:\/\/dev.codekraft.it\/rotary-2024\/wp-json\/wp\/v2\/product"}],"about":[{"href":"https:\/\/dev.codekraft.it\/rotary-2024\/wp-json\/wp\/v2\/types\/product"}],"wp:featuredmedia":[{"embeddable":true,"href":"https:\/\/dev.codekraft.it\/rotary-2024\/wp-json\/wp\/v2\/media\/352263"}],"wp:attachment":[{"href":"https:\/\/dev.codekraft.it\/rotary-2024\/wp-json\/wp\/v2\/media?parent=380071"}],"wp:term":[{"taxonomy":"product_brand","embeddable":true,"href":"https:\/\/dev.codekraft.it\/rotary-2024\/wp-json\/wp\/v2\/product_brand?post=380071"},{"taxonomy":"product_cat","embeddable":true,"href":"https:\/\/dev.codekraft.it\/rotary-2024\/wp-json\/wp\/v2\/product_cat?post=380071"},{"taxonomy":"product_tag","embeddable":true,"href":"https:\/\/dev.codekraft.it\/rotary-2024\/wp-json\/wp\/v2\/product_tag?post=380071"},{"taxonomy":"product_approvals","embeddable":true,"href":"https:\/\/dev.codekraft.it\/rotary-2024\/wp-json\/wp\/v2\/product_approvals?post=380071"},{"taxonomy":"product_application","embeddable":true,"href":"https:\/\/dev.codekraft.it\/rotary-2024\/wp-json\/wp\/v2\/product_application?post=380071"}],"curies":[{"name":"wp","href":"https:\/\/api.w.org\/{rel}","templated":true}]}}