{"id":380054,"date":"2025-12-11T10:11:15","date_gmt":"2025-12-11T10:11:15","guid":{"rendered":"https:\/\/dev.codekraft.it\/rotary-2024\/products\/uncategorized\/carrello-sollevatore-mgo\/"},"modified":"2025-12-11T10:11:15","modified_gmt":"2025-12-11T10:11:15","slug":"carrello-sollevatore-mgo","status":"publish","type":"product","link":"https:\/\/dev.codekraft.it\/rotary-2024\/it\/prodotti\/ponti-sollevatori-it\/carrelli-sollevatori-it\/carrello-sollevatore-mgo\/","title":{"rendered":"Carrello sollevatore MGO"},"content":{"rendered":"<p>Azionamento Idraulico a pedale<br \/>La tavola di sollevamento aggregata pu\u00f2 essere utilizzata universalmente, ed \u00e8 pertanto ideale nel rimuovere e installare in tutta sicurezza motori, scatole del cambio, batterie HV e componenti di telai utilizzati da un&#8217;ampia gamma di produttori &#8211; semplicemente il migliore e il pi\u00f9 confortevole assistente di officina.<\/p>\n<ul>\n<li>Ideale per l&#8217;installazione e la rimozione di componenti del veicolo<\/li>\n<li>Elevata stabilit\u00e0<\/li>\n<li>Applicazione flessibile<\/li>\n<\/ul>\n<ul>\n<li>Gli innumerevoli fori filettati per il fissaggio dei vari supporti sono organizzati razionalmente.<\/li>\n<li>Il design piatto e compatto consente un libero posizionamento sotto il veicolo.<\/li>\n<li>Utilizzabile universalmente &#8211; perfetta anche come banco da lavoro.<\/li>\n<li>Grazie alla possibilit\u00e0 di essere combinata con diversi pezzi di fissaggio in loco, la tavola di sollevamento aggregata \u00e8 la soluzione pi\u00f9 conveniente come assistente d&#8217;officina.<\/li>\n<li>Maneggevole &#8211; rotelle ampie e girevoli a 360\u00b0.Semplice da manovrare in presenza di carico.<\/li>\n<\/ul>\n<ul>\n<li>Il piano di lavoro \u00e8 diviso in 60\/40, la parte pi\u00f9 piccola \u00e8 allungabile di 100 mm.<\/li>\n<li>Pu\u00f2 essere inclinato in direzione longitudinale e trasversale di +\/- 3,5\u00b0.<\/li>\n<li>Il piano di lavoro \u00e8 dotato di 104 fori filettati per un agevole montaggio di utensili e supporti ( schema di foratura 100 mm x 100 mm, M10).<\/li>\n<li>Ampie rotelle girevoli a 360\u00b0 per una facile manovrabilit\u00e0 anche in presenza di carico. Le rotelle anteriori sono equipaggiate con freni di stazionamento, le rotelle posteriori possono essere bloccate per garantire la stabilit\u00e0 direzionale.<\/li>\n<li>La pompa idraulica a pedale consente un sollevamento rapido e riduce la forza richiesta da applicare in presenza di carico.<\/li>\n<li>La valvola di abbassamento del freno consente un abbassamento in continuo regolabile con precisione.<\/li>\n<li>Per una migliore accessibilit\u00e0, la barra trasversale pu\u00f2 essere facilmente rimossa.<\/li>\n<\/ul>\n","protected":false},"excerpt":{"rendered":"<p>1,0 t, passo 1320 mm, pompa a pedale idraulica | Grigio (RAL 7015)<\/p>\n","protected":false},"featured_media":352206,"template":"","meta":[],"product_brand":[],"product_cat":[1033910],"product_tag":[1034166],"product_approvals":[1015116],"product_application":[],"class_list":{"0":"post-380054","1":"product","2":"type-product","3":"status-publish","4":"has-post-thumbnail","6":"product_cat-carrelli-sollevatori-it","7":"product_tag-passenger-cars-it","8":"product_approvals-renault-it","10":"first","11":"instock","12":"shipping-taxable","13":"product-type-simple"},"approvals":[{"term_id":1015116,"name":"Renault","slug":"renault-it","term_group":0,"term_taxonomy_id":1015115,"taxonomy":"product_approvals","description":"","parent":0,"count":5,"filter":"raw"}],"application":[],"brb_media_brochure":[{"id":352207,"url":"https:\/\/dev.codekraft.it\/rotary-2024\/wp-content\/uploads\/brb_media\/00410252_gearbox-lift-master-gear-mgo-br-127517-de-2019-03-screen.pdf","title":"gearbox lift master gear mgo br 127517 de 2019 03 screen","mpn":"","thumbnail":"https:\/\/dev.codekraft.it\/rotary-2024\/wp-content\/uploads\/brb_media\/00410252_gearbox-lift-master-gear-mgo-br-127517-de-2019-03-screen-pdf-106x150.png","description":""},{"id":352208,"url":"https:\/\/dev.codekraft.it\/rotary-2024\/wp-content\/uploads\/brb_media\/00410253_gearbox-lift-master-gear-mgo-br-127518-en-2019-03-screen.pdf","title":"gearbox lift master gear mgo br 127518 en 2019 03 screen","mpn":"","thumbnail":"https:\/\/dev.codekraft.it\/rotary-2024\/wp-content\/uploads\/brb_media\/00410253_gearbox-lift-master-gear-mgo-br-127518-en-2019-03-screen-pdf-106x150.png","description":""},{"id":352209,"url":"https:\/\/dev.codekraft.it\/rotary-2024\/wp-content\/uploads\/brb_media\/00410254_gearbox-lift-master-gear-mgo-br-127519-fr-2019-03-screen.pdf","title":"gearbox lift master gear mgo br 127519 fr 2019 03 screen","mpn":"","thumbnail":"https:\/\/dev.codekraft.it\/rotary-2024\/wp-content\/uploads\/brb_media\/00410254_gearbox-lift-master-gear-mgo-br-127519-fr-2019-03-screen-pdf-106x150.png","description":""},{"id":352210,"url":"https:\/\/dev.codekraft.it\/rotary-2024\/wp-content\/uploads\/brb_media\/00410255_gearbox-lift-master-gear-mgo-br-127520-it-2019-03-screen.pdf","title":"gearbox lift master gear mgo br 127520 it 2019 03 screen","mpn":"","thumbnail":"https:\/\/dev.codekraft.it\/rotary-2024\/wp-content\/uploads\/brb_media\/00410255_gearbox-lift-master-gear-mgo-br-127520-it-2019-03-screen-pdf-106x150.png","description":""},{"id":352211,"url":"https:\/\/dev.codekraft.it\/rotary-2024\/wp-content\/uploads\/brb_media\/00410256_gearbox-lift-master-gear-mgo-br-127521-es-2019-03-screen.pdf","title":"gearbox lift master gear mgo br 127521 es 2019 03 screen","mpn":"","thumbnail":"https:\/\/dev.codekraft.it\/rotary-2024\/wp-content\/uploads\/brb_media\/00410256_gearbox-lift-master-gear-mgo-br-127521-es-2019-03-screen-pdf-106x150.png","description":""},{"id":352212,"url":"https:\/\/dev.codekraft.it\/rotary-2024\/wp-content\/uploads\/brb_media\/00410257_gearbox-lift-master-gear-mgo-br-127522-ru-2019-03-screen.pdf","title":"gearbox lift master gear mgo br 127522 ru 2019 03 screen","mpn":"","thumbnail":"https:\/\/dev.codekraft.it\/rotary-2024\/wp-content\/uploads\/brb_media\/00410257_gearbox-lift-master-gear-mgo-br-127522-ru-2019-03-screen-pdf-106x150.png","description":""},{"id":356550,"url":"https:\/\/dev.codekraft.it\/rotary-2024\/wp-content\/uploads\/brb_media\/00527943_special-tools-br-06-24-de-2024-06-screen.pdf","title":"Special tools BR 06 24 de 2024 06 screen","mpn":"","thumbnail":"https:\/\/dev.codekraft.it\/rotary-2024\/wp-content\/uploads\/brb_media\/00527943_special-tools-br-06-24-de-2024-06-screen-pdf-106x150.png","description":""},{"id":356551,"url":"https:\/\/dev.codekraft.it\/rotary-2024\/wp-content\/uploads\/brb_media\/00527944_special-tools-br-06-24-en-2024-06-screen.pdf","title":"Special tools BR 06 24 en 2024 06 screen","mpn":"","thumbnail":"https:\/\/dev.codekraft.it\/rotary-2024\/wp-content\/uploads\/brb_media\/00527944_special-tools-br-06-24-en-2024-06-screen-pdf-106x150.png","description":""}],"brb_media_drawing":"","brb_media_manuals":[{"id":352213,"url":"https:\/\/dev.codekraft.it\/rotary-2024\/wp-content\/uploads\/brb_media\/00521939_master-gear-mgo-126932-om-sp-multi-2023-10-revf.pdf","title":"Master Gear MGO 126932 OM SP multi 2023 10 RevF","mpn":"","thumbnail":"https:\/\/dev.codekraft.it\/rotary-2024\/wp-content\/uploads\/brb_media\/00521939_master-gear-mgo-126932-om-sp-multi-2023-10-revf-pdf-106x150.png","description":""}],"brb_media_safety_datasheets":"","brb_media_spare_parts":[],"_cdmm_p_id":"476224","_company":"Elektron","_gtin":"4057612708585","accessories":[{"id":378035,"mpn":"103544","name":"Attacco universale \u00d8 35 mm","description":"Sede con \u00d8\u00a035\u00a0mm, adatta ad alloggiare diversi utensili, come ad es, la piastra per cambi GA per autovetture | dotato di una boccola","thumbnail":"https:\/\/dev.codekraft.it\/rotary-2024\/wp-content\/uploads\/brb_media\/00510648_accessory-lifting-tables-103544-universal-mounting-mi-150x150.png","url":"https:\/\/dev.codekraft.it\/rotary-2024\/it\/prodotti\/accessori-ponti-sollevatori-it\/accessori-carrelli-sollevatori-it\/attacco-universale-o-35-mm\/"},{"id":377094,"mpn":"108260","name":"Supporto aggregati 454 cdi (smart)","description":"Portata 180 kg","thumbnail":"https:\/\/dev.codekraft.it\/rotary-2024\/wp-content\/uploads\/brb_media\/00023465_aggregataufnahme-454-cdi-108260_web-150x150.png","url":"https:\/\/dev.codekraft.it\/rotary-2024\/it\/prodotti\/altri-prodotti-it\/utensili-speciali-it\/supporto-aggregati-454-cdi-smart\/"},{"id":377113,"mpn":"107856","name":"Alloggiamento gruppi Universale | per W221, W164, W209, R171, R230, R251","description":"Peso 20 kg, portata 800 kg","thumbnail":"https:\/\/dev.codekraft.it\/rotary-2024\/wp-content\/uploads\/brb_media\/00510649_accessory-lifting-tables-aggregate-mounting-universal-107856-mi-150x150.png","url":"https:\/\/dev.codekraft.it\/rotary-2024\/it\/prodotti\/accessori-ponti-sollevatori-it\/accessori-carrelli-sollevatori-it\/alloggiamento-gruppi-universale-per-w221-w164-w209-r171-r230-r251\/"},{"id":377194,"mpn":"3136","name":"Piastra di trasmissione GA per autovetture","description":"Angolo di regolazione +\/- 10\u00b0, portata 400 kg, mozzo \u00d8 35 mm, dimensioni 300 x 240 mm, cinghie per il fissaggio del carico, grandi superfici di appoggio in gomma | universale per autovetture, ideale per Mercedes-Benz cambi automatici","thumbnail":"https:\/\/dev.codekraft.it\/rotary-2024\/wp-content\/uploads\/brb_media\/00022512-150x150.png","url":"https:\/\/dev.codekraft.it\/rotary-2024\/it\/prodotti\/accessori-ponti-sollevatori-it\/piastre-di-trasmissione-it\/piastra-di-trasmissione-ga-per-autovetture\/"}],"components":[],"related":[],"page_logo_src":"https:\/\/dev.codekraft.it\/rotary-2024\/wp-content\/uploads\/2024\/05\/cropped-rotary-logo-2022.png","lang":"it","translations":{"it":380054,"en":380051,"de":380052,"fr":380053,"es":380055,"ru":380056},"pll_sync_post":[],"_links":{"self":[{"href":"https:\/\/dev.codekraft.it\/rotary-2024\/wp-json\/wp\/v2\/product\/380054","targetHints":{"allow":["GET"]}}],"collection":[{"href":"https:\/\/dev.codekraft.it\/rotary-2024\/wp-json\/wp\/v2\/product"}],"about":[{"href":"https:\/\/dev.codekraft.it\/rotary-2024\/wp-json\/wp\/v2\/types\/product"}],"wp:featuredmedia":[{"embeddable":true,"href":"https:\/\/dev.codekraft.it\/rotary-2024\/wp-json\/wp\/v2\/media\/352206"}],"wp:attachment":[{"href":"https:\/\/dev.codekraft.it\/rotary-2024\/wp-json\/wp\/v2\/media?parent=380054"}],"wp:term":[{"taxonomy":"product_brand","embeddable":true,"href":"https:\/\/dev.codekraft.it\/rotary-2024\/wp-json\/wp\/v2\/product_brand?post=380054"},{"taxonomy":"product_cat","embeddable":true,"href":"https:\/\/dev.codekraft.it\/rotary-2024\/wp-json\/wp\/v2\/product_cat?post=380054"},{"taxonomy":"product_tag","embeddable":true,"href":"https:\/\/dev.codekraft.it\/rotary-2024\/wp-json\/wp\/v2\/product_tag?post=380054"},{"taxonomy":"product_approvals","embeddable":true,"href":"https:\/\/dev.codekraft.it\/rotary-2024\/wp-json\/wp\/v2\/product_approvals?post=380054"},{"taxonomy":"product_application","embeddable":true,"href":"https:\/\/dev.codekraft.it\/rotary-2024\/wp-json\/wp\/v2\/product_application?post=380054"}],"curies":[{"name":"wp","href":"https:\/\/api.w.org\/{rel}","templated":true}]}}