{"id":380053,"date":"2025-12-11T10:10:57","date_gmt":"2025-12-11T10:10:57","guid":{"rendered":"https:\/\/dev.codekraft.it\/rotary-2024\/products\/uncategorized\/table-elevatrice-mgo\/"},"modified":"2025-12-11T10:10:57","modified_gmt":"2025-12-11T10:10:57","slug":"table-elevatrice-mgo","status":"publish","type":"product","link":"https:\/\/dev.codekraft.it\/rotary-2024\/fr\/produits\/ponts-elevateurs-fr\/tables-de-levage-fr\/table-elevatrice-mgo\/","title":{"rendered":"Table \u00e9l\u00e9vatrice MGO"},"content":{"rendered":"<p>Hydraulique avec commande \u00e0 p\u00e9dale La plateforme \u00e9l\u00e9vatrice globale est con\u00e7ue pour un usage universel, ce qui en fait la solution parfaite pour monter et d\u00e9monter en toute s\u00e9curit\u00e9, des moteurs, des bo\u00eetes de vitesse, des batteries HT et des composants de ch\u00e2ssis d\u2019une grande vari\u00e9t\u00e9 de constructeurs &#8211; c&#8217;est simplement l\u2019assistant d\u2019atelier le plus adapt\u00e9 et le plus agr\u00e9able.<\/p>\n<ul>\n<li>Id\u00e9ale pour monter et d\u00e9monter les \u00e9quipements d\u2019un v\u00e9hicule<\/li>\n<li>Stabilit\u00e9 \u00e9lev\u00e9e<\/li>\n<li>Utilisations vari\u00e9es<\/li>\n<\/ul>\n<ul>\n<li>Les nombreux trous taraud\u00e9s r\u00e9guli\u00e8rement espac\u00e9s pour fixer les diff\u00e9rents supports sont convenablement dispos\u00e9s.<\/li>\n<li>Forme plate et compacte permettant de se placer librement sous le v\u00e9hicule.<\/li>\n<li>Utilisation universelle &#8211; s\u2019utilise \u00e9galement parfaitement comme \u00e9tabli.<\/li>\n<li>Par sa capacit\u00e9 \u00e0 se combiner \u00e0 divers \u00e9l\u00e9ments de fixation sur site, la plateforme \u00e9l\u00e9vatrice globale est l\u2019assistant d\u2019atelier le plus pratique.<\/li>\n<li>Manipulation facile &#8211; larges roulettes rotatives \u00e0 360\u00b0.<\/li>\n<li>Facile \u00e0 man\u0153uvrer avec charge.<\/li>\n<\/ul>\n<ul>\n<li>Le plateau est de 60:40, et la partie la plus petite s\u2019\u00e9tend jusqu\u2019\u00e0 100 mm.<\/li>\n<li>Le plateau peut s\u2019incliner dans le sens longitudinal et le sens transversal de +\/- 3,5\u00b0.<\/li>\n<li>Le plateau dispose de 104 trous taraud\u00e9s pour monter facilement des outils et des supports (configuration de per\u00e7age 100 mm x 100 mm, M10).<\/li>\n<li>De larges roulettes rotatives \u00e0 360\u00b0 permettent de man\u0153uvrer facilement m\u00eame avec charge.<\/li>\n<li>Les roulettes avant sont \u00e9quip\u00e9es d\u2019un frein de stationnement, et les roulettes arri\u00e8re peuvent \u00eatre verrouill\u00e9es pour assurer une stabilit\u00e9 directionnelle.<\/li>\n<li>La pompe \u00e0 pied hydraulique permet de lever rapidement et r\u00e9duit la force de la p\u00e9dale n\u00e9cessaire avec charge.<\/li>\n<li>La soupape de freinage d\u2019abaissement permet un abaissement pr\u00e9cis et pouvant \u00eatre r\u00e9gl\u00e9 en continu.<\/li>\n<li>La barre transversale se d\u00e9monte facilement pour une meilleure accessibilit\u00e9.<\/li>\n<\/ul>\n","protected":false},"excerpt":{"rendered":"<p>1,0 t, 1320 mm course, pompe \u00e0 pied hydraulique | Gris (RAL 7015)<\/p>\n","protected":false},"featured_media":352206,"template":"","meta":[],"product_brand":[],"product_cat":[1033906],"product_tag":[1034163],"product_approvals":[],"product_application":[],"class_list":{"0":"post-380053","1":"product","2":"type-product","3":"status-publish","4":"has-post-thumbnail","6":"product_cat-tables-de-levage-fr","7":"product_tag-passenger-cars-fr","9":"first","10":"instock","11":"shipping-taxable","12":"product-type-simple"},"approvals":[],"application":[],"brb_media_brochure":[{"id":352207,"url":"https:\/\/dev.codekraft.it\/rotary-2024\/wp-content\/uploads\/brb_media\/00410252_gearbox-lift-master-gear-mgo-br-127517-de-2019-03-screen.pdf","title":"gearbox lift master gear mgo br 127517 de 2019 03 screen","mpn":"","thumbnail":"https:\/\/dev.codekraft.it\/rotary-2024\/wp-content\/uploads\/brb_media\/00410252_gearbox-lift-master-gear-mgo-br-127517-de-2019-03-screen-pdf-106x150.png","description":""},{"id":352208,"url":"https:\/\/dev.codekraft.it\/rotary-2024\/wp-content\/uploads\/brb_media\/00410253_gearbox-lift-master-gear-mgo-br-127518-en-2019-03-screen.pdf","title":"gearbox lift master gear mgo br 127518 en 2019 03 screen","mpn":"","thumbnail":"https:\/\/dev.codekraft.it\/rotary-2024\/wp-content\/uploads\/brb_media\/00410253_gearbox-lift-master-gear-mgo-br-127518-en-2019-03-screen-pdf-106x150.png","description":""},{"id":352209,"url":"https:\/\/dev.codekraft.it\/rotary-2024\/wp-content\/uploads\/brb_media\/00410254_gearbox-lift-master-gear-mgo-br-127519-fr-2019-03-screen.pdf","title":"gearbox lift master gear mgo br 127519 fr 2019 03 screen","mpn":"","thumbnail":"https:\/\/dev.codekraft.it\/rotary-2024\/wp-content\/uploads\/brb_media\/00410254_gearbox-lift-master-gear-mgo-br-127519-fr-2019-03-screen-pdf-106x150.png","description":""},{"id":352210,"url":"https:\/\/dev.codekraft.it\/rotary-2024\/wp-content\/uploads\/brb_media\/00410255_gearbox-lift-master-gear-mgo-br-127520-it-2019-03-screen.pdf","title":"gearbox lift master gear mgo br 127520 it 2019 03 screen","mpn":"","thumbnail":"https:\/\/dev.codekraft.it\/rotary-2024\/wp-content\/uploads\/brb_media\/00410255_gearbox-lift-master-gear-mgo-br-127520-it-2019-03-screen-pdf-106x150.png","description":""},{"id":352211,"url":"https:\/\/dev.codekraft.it\/rotary-2024\/wp-content\/uploads\/brb_media\/00410256_gearbox-lift-master-gear-mgo-br-127521-es-2019-03-screen.pdf","title":"gearbox lift master gear mgo br 127521 es 2019 03 screen","mpn":"","thumbnail":"https:\/\/dev.codekraft.it\/rotary-2024\/wp-content\/uploads\/brb_media\/00410256_gearbox-lift-master-gear-mgo-br-127521-es-2019-03-screen-pdf-106x150.png","description":""},{"id":352212,"url":"https:\/\/dev.codekraft.it\/rotary-2024\/wp-content\/uploads\/brb_media\/00410257_gearbox-lift-master-gear-mgo-br-127522-ru-2019-03-screen.pdf","title":"gearbox lift master gear mgo br 127522 ru 2019 03 screen","mpn":"","thumbnail":"https:\/\/dev.codekraft.it\/rotary-2024\/wp-content\/uploads\/brb_media\/00410257_gearbox-lift-master-gear-mgo-br-127522-ru-2019-03-screen-pdf-106x150.png","description":""},{"id":356550,"url":"https:\/\/dev.codekraft.it\/rotary-2024\/wp-content\/uploads\/brb_media\/00527943_special-tools-br-06-24-de-2024-06-screen.pdf","title":"Special tools BR 06 24 de 2024 06 screen","mpn":"","thumbnail":"https:\/\/dev.codekraft.it\/rotary-2024\/wp-content\/uploads\/brb_media\/00527943_special-tools-br-06-24-de-2024-06-screen-pdf-106x150.png","description":""},{"id":356551,"url":"https:\/\/dev.codekraft.it\/rotary-2024\/wp-content\/uploads\/brb_media\/00527944_special-tools-br-06-24-en-2024-06-screen.pdf","title":"Special tools BR 06 24 en 2024 06 screen","mpn":"","thumbnail":"https:\/\/dev.codekraft.it\/rotary-2024\/wp-content\/uploads\/brb_media\/00527944_special-tools-br-06-24-en-2024-06-screen-pdf-106x150.png","description":""}],"brb_media_drawing":"","brb_media_manuals":[{"id":352213,"url":"https:\/\/dev.codekraft.it\/rotary-2024\/wp-content\/uploads\/brb_media\/00521939_master-gear-mgo-126932-om-sp-multi-2023-10-revf.pdf","title":"Master Gear MGO 126932 OM SP multi 2023 10 RevF","mpn":"","thumbnail":"https:\/\/dev.codekraft.it\/rotary-2024\/wp-content\/uploads\/brb_media\/00521939_master-gear-mgo-126932-om-sp-multi-2023-10-revf-pdf-106x150.png","description":""}],"brb_media_safety_datasheets":"","brb_media_spare_parts":[],"_cdmm_p_id":"476224","_company":"Elektron","_gtin":"4057612708585","accessories":[{"id":378034,"mpn":"103544","name":"Fixation universelle \u00d8 35\u00a0mm","description":"Per\u00e7age de \u00d8 35\u00a0mm, pouvant accueillir diff\u00e9rents outils, tels que la plaque \u00e0 bo\u00eete de vitesses GA Pkw | dot\u00e9e d'un coussinet","thumbnail":"https:\/\/dev.codekraft.it\/rotary-2024\/wp-content\/uploads\/brb_media\/00510648_accessory-lifting-tables-103544-universal-mounting-mi-150x150.png","url":"https:\/\/dev.codekraft.it\/rotary-2024\/fr\/produits\/accessoires-ponts-elevateurs-fr\/accessoires-tables-de-levage-fr\/fixation-universelle-o-35-mm\/"},{"id":377093,"mpn":"108260","name":"Support pour groupe 454 cdi (smart)","description":"Capacit\u00e9 de charge 180 kg","thumbnail":"https:\/\/dev.codekraft.it\/rotary-2024\/wp-content\/uploads\/brb_media\/00023465_aggregataufnahme-454-cdi-108260_web-150x150.png","url":"https:\/\/dev.codekraft.it\/rotary-2024\/fr\/produits\/autres-produits-fr\/outils-speciaux-fr\/support-pour-groupe-454-cdi-smart\/"},{"id":377112,"mpn":"107856","name":"Support de groupes moteurs Universel | pour W221, W164, W209, R171, R230, R251","description":"Poids 20\u00a0kg, capacit\u00e9 de charge 800\u00a0kg","thumbnail":"https:\/\/dev.codekraft.it\/rotary-2024\/wp-content\/uploads\/brb_media\/00510649_accessory-lifting-tables-aggregate-mounting-universal-107856-mi-150x150.png","url":"https:\/\/dev.codekraft.it\/rotary-2024\/fr\/produits\/accessoires-ponts-elevateurs-fr\/accessoires-tables-de-levage-fr\/support-de-groupes-moteurs-universel-pour-w221-w164-w209-r171-r230-r251\/"},{"id":377193,"mpn":"3136","name":"Plaque de bo\u00eetes de vitesses GA voiture","description":"Angle d'ajustage +\/- 10\u00b0, capacit\u00e9 de charge 400 kg, \u00d8 de goujon 35 mm, dimensions 300 x 240 mm, sangle de serrage de la charge, grande surface d'appui en caoutchouc | utilisation universelle sur les voitures particuli\u00e8res, convient parfaitement aux bo\u00eetes de Mercedes-Benz vitesses automatiques","thumbnail":"https:\/\/dev.codekraft.it\/rotary-2024\/wp-content\/uploads\/brb_media\/00022512-150x150.png","url":"https:\/\/dev.codekraft.it\/rotary-2024\/fr\/produits\/accessoires-ponts-elevateurs-fr\/plaques-de-transmission-fr\/plaque-de-boites-de-vitesses-ga-voiture\/"}],"components":[],"related":[],"page_logo_src":"https:\/\/dev.codekraft.it\/rotary-2024\/wp-content\/uploads\/2026\/04\/rotary-negative-logo.png","pll_sync_post":{},"lang":"fr","translations":{"fr":380053,"en":380051,"de":380052,"it":380054,"es":380055,"ru":380056},"_links":{"self":[{"href":"https:\/\/dev.codekraft.it\/rotary-2024\/wp-json\/wp\/v2\/product\/380053","targetHints":{"allow":["GET"]}}],"collection":[{"href":"https:\/\/dev.codekraft.it\/rotary-2024\/wp-json\/wp\/v2\/product"}],"about":[{"href":"https:\/\/dev.codekraft.it\/rotary-2024\/wp-json\/wp\/v2\/types\/product"}],"wp:featuredmedia":[{"embeddable":true,"href":"https:\/\/dev.codekraft.it\/rotary-2024\/wp-json\/wp\/v2\/media\/352206"}],"wp:attachment":[{"href":"https:\/\/dev.codekraft.it\/rotary-2024\/wp-json\/wp\/v2\/media?parent=380053"}],"wp:term":[{"taxonomy":"product_brand","embeddable":true,"href":"https:\/\/dev.codekraft.it\/rotary-2024\/wp-json\/wp\/v2\/product_brand?post=380053"},{"taxonomy":"product_cat","embeddable":true,"href":"https:\/\/dev.codekraft.it\/rotary-2024\/wp-json\/wp\/v2\/product_cat?post=380053"},{"taxonomy":"product_tag","embeddable":true,"href":"https:\/\/dev.codekraft.it\/rotary-2024\/wp-json\/wp\/v2\/product_tag?post=380053"},{"taxonomy":"product_approvals","embeddable":true,"href":"https:\/\/dev.codekraft.it\/rotary-2024\/wp-json\/wp\/v2\/product_approvals?post=380053"},{"taxonomy":"product_application","embeddable":true,"href":"https:\/\/dev.codekraft.it\/rotary-2024\/wp-json\/wp\/v2\/product_application?post=380053"}],"curies":[{"name":"wp","href":"https:\/\/api.w.org\/{rel}","templated":true}]}}