{"id":380052,"date":"2025-12-11T10:04:39","date_gmt":"2025-12-11T10:04:39","guid":{"rendered":"https:\/\/dev.codekraft.it\/rotary-2024\/products\/uncategorized\/aggregathubtisch-mgo\/"},"modified":"2025-12-11T10:04:39","modified_gmt":"2025-12-11T10:04:39","slug":"aggregathubtisch-mgo","status":"publish","type":"product","link":"https:\/\/dev.codekraft.it\/rotary-2024\/produkte\/hebebuhnen-de\/hubtische-de\/aggregathubtisch-mgo\/","title":{"rendered":"Aggregathubtisch MGO"},"content":{"rendered":"<p>Fu\u00df-Hydraulisch<br \/>Der Aggregathubtisch ist universell einsetzbar, somit ideal zum sicheren Aus- und Einbauen von Motoren, Getrieben, HV-Batterien und Chassis Komponenten verschiedenster Hersteller &#8211; einfach der ideale und komfortable Werkstatthelfer.<\/p>\n<ul>\n<li>Ideal zum Ein- und Ausbau von Fahrzeugkomponenten<\/li>\n<li>Hohe Standsicherheit<\/li>\n<li>Flexibler Einsatzbereich<\/li>\n<\/ul>\n<ul>\n<li>Aufger\u00e4umt sind die gleichm\u00e4\u00dfig verteilten unz\u00e4hligen Gewindebohrungen zum Befestigen verschiedenster Abst\u00fctzungen.<\/li>\n<li>Die flache, schmale Bauweise erm\u00f6glicht ein freies Positionieren unter dem Fahrzeug.<\/li>\n<li>Universell einsetzbar &#8211; auch perfekt als Werkbank nutzbar.<\/li>\n<li>Durch die Kombinierbarkeit mit verschiedenen bauseitigen Aufsatzst\u00fccken ist der Aggregathubtisch der komfortable Werkstatthelfer.<\/li>\n<li>Einfaches Handling &#8211; um 360\u00b0 drehbare gro\u00dfe Laufrollen. Mit Last leicht zu rangieren.<\/li>\n<\/ul>\n<ul>\n<li>Die Tischplatte ist 60:40 geteilt, der kleinere Teil ist 100 mm ausziehbar.<\/li>\n<li>Die Platte l\u00e4sst sich in L\u00e4ngs- und Querrichtung um +\/- 3,5\u00b0 neigen.<\/li>\n<li>Tischplatte mit 104 Gewindebohrungen f\u00fcr eine einfache Montage von Werkzeugen und Halterungen (Lochbild 100 mm x 100 mm, M10).<\/li>\n<li>Gro\u00dfe 360\u00b0 drehbare Laufrollen, f\u00fcr leichtes Rangieren auch mit Last. Die vorderen Rollen sind mit Feststellbremsen ausgestattet, die hinteren lassen sich f\u00fcr den Geradeauslauf arretieren.<\/li>\n<li>Die hydraulische Fu\u00dfpumpe erm\u00f6glicht einen schnellen Hub und reduziert die Pedalkraft unter Last. Das Senkbremsventil erlaubt ein exaktes stufenloses Absenken.<\/li>\n<li>Der Verfahrb\u00fcgel l\u00e4sst sich f\u00fcr eine bessere Zug\u00e4nglichkeit einfach entfernen.<\/li>\n<\/ul>\n","protected":false},"excerpt":{"rendered":"<p>1,0 t, 1320 mm Hub, hydraulische Fu\u00dfpumpe | Grau (RAL 7015)<\/p>\n","protected":false},"featured_media":352206,"template":"","meta":[],"product_brand":[],"product_cat":[1033902],"product_tag":[1034161],"product_approvals":[1015110],"product_application":[],"class_list":{"0":"post-380052","1":"product","2":"type-product","3":"status-publish","4":"has-post-thumbnail","6":"product_cat-hubtische-de","7":"product_tag-passenger-cars-de","8":"product_approvals-renault-de","10":"first","11":"instock","12":"shipping-taxable","13":"product-type-simple"},"approvals":[{"term_id":1015110,"name":"Renault","slug":"renault-de","term_group":0,"term_taxonomy_id":1015109,"taxonomy":"product_approvals","description":"","parent":0,"count":5,"filter":"raw"}],"application":[],"brb_media_brochure":[{"id":352207,"url":"https:\/\/dev.codekraft.it\/rotary-2024\/wp-content\/uploads\/brb_media\/00410252_gearbox-lift-master-gear-mgo-br-127517-de-2019-03-screen.pdf","title":"gearbox lift master gear mgo br 127517 de 2019 03 screen","mpn":"","thumbnail":"https:\/\/dev.codekraft.it\/rotary-2024\/wp-content\/uploads\/brb_media\/00410252_gearbox-lift-master-gear-mgo-br-127517-de-2019-03-screen-pdf-106x150.png","description":""},{"id":352208,"url":"https:\/\/dev.codekraft.it\/rotary-2024\/wp-content\/uploads\/brb_media\/00410253_gearbox-lift-master-gear-mgo-br-127518-en-2019-03-screen.pdf","title":"gearbox lift master gear mgo br 127518 en 2019 03 screen","mpn":"","thumbnail":"https:\/\/dev.codekraft.it\/rotary-2024\/wp-content\/uploads\/brb_media\/00410253_gearbox-lift-master-gear-mgo-br-127518-en-2019-03-screen-pdf-106x150.png","description":""},{"id":352209,"url":"https:\/\/dev.codekraft.it\/rotary-2024\/wp-content\/uploads\/brb_media\/00410254_gearbox-lift-master-gear-mgo-br-127519-fr-2019-03-screen.pdf","title":"gearbox lift master gear mgo br 127519 fr 2019 03 screen","mpn":"","thumbnail":"https:\/\/dev.codekraft.it\/rotary-2024\/wp-content\/uploads\/brb_media\/00410254_gearbox-lift-master-gear-mgo-br-127519-fr-2019-03-screen-pdf-106x150.png","description":""},{"id":352210,"url":"https:\/\/dev.codekraft.it\/rotary-2024\/wp-content\/uploads\/brb_media\/00410255_gearbox-lift-master-gear-mgo-br-127520-it-2019-03-screen.pdf","title":"gearbox lift master gear mgo br 127520 it 2019 03 screen","mpn":"","thumbnail":"https:\/\/dev.codekraft.it\/rotary-2024\/wp-content\/uploads\/brb_media\/00410255_gearbox-lift-master-gear-mgo-br-127520-it-2019-03-screen-pdf-106x150.png","description":""},{"id":352211,"url":"https:\/\/dev.codekraft.it\/rotary-2024\/wp-content\/uploads\/brb_media\/00410256_gearbox-lift-master-gear-mgo-br-127521-es-2019-03-screen.pdf","title":"gearbox lift master gear mgo br 127521 es 2019 03 screen","mpn":"","thumbnail":"https:\/\/dev.codekraft.it\/rotary-2024\/wp-content\/uploads\/brb_media\/00410256_gearbox-lift-master-gear-mgo-br-127521-es-2019-03-screen-pdf-106x150.png","description":""},{"id":352212,"url":"https:\/\/dev.codekraft.it\/rotary-2024\/wp-content\/uploads\/brb_media\/00410257_gearbox-lift-master-gear-mgo-br-127522-ru-2019-03-screen.pdf","title":"gearbox lift master gear mgo br 127522 ru 2019 03 screen","mpn":"","thumbnail":"https:\/\/dev.codekraft.it\/rotary-2024\/wp-content\/uploads\/brb_media\/00410257_gearbox-lift-master-gear-mgo-br-127522-ru-2019-03-screen-pdf-106x150.png","description":""},{"id":356550,"url":"https:\/\/dev.codekraft.it\/rotary-2024\/wp-content\/uploads\/brb_media\/00527943_special-tools-br-06-24-de-2024-06-screen.pdf","title":"Special tools BR 06 24 de 2024 06 screen","mpn":"","thumbnail":"https:\/\/dev.codekraft.it\/rotary-2024\/wp-content\/uploads\/brb_media\/00527943_special-tools-br-06-24-de-2024-06-screen-pdf-106x150.png","description":""},{"id":356551,"url":"https:\/\/dev.codekraft.it\/rotary-2024\/wp-content\/uploads\/brb_media\/00527944_special-tools-br-06-24-en-2024-06-screen.pdf","title":"Special tools BR 06 24 en 2024 06 screen","mpn":"","thumbnail":"https:\/\/dev.codekraft.it\/rotary-2024\/wp-content\/uploads\/brb_media\/00527944_special-tools-br-06-24-en-2024-06-screen-pdf-106x150.png","description":""}],"brb_media_drawing":"","brb_media_manuals":[{"id":352213,"url":"https:\/\/dev.codekraft.it\/rotary-2024\/wp-content\/uploads\/brb_media\/00521939_master-gear-mgo-126932-om-sp-multi-2023-10-revf.pdf","title":"Master Gear MGO 126932 OM SP multi 2023 10 RevF","mpn":"","thumbnail":"https:\/\/dev.codekraft.it\/rotary-2024\/wp-content\/uploads\/brb_media\/00521939_master-gear-mgo-126932-om-sp-multi-2023-10-revf-pdf-106x150.png","description":""}],"brb_media_safety_datasheets":"","brb_media_spare_parts":[],"_cdmm_p_id":"476224","_company":"Elektron","_gtin":"4057612708585","accessories":[{"id":378033,"mpn":"103544","name":"Universalaufnahme \u00d8 35 mm","description":"Aufnahmebohrung \u00d8 35 mm, geeignet zur Aufnahme verschiedener Werkzeuge, wie z. B. die Getriebeplatte GA Pkw | inkl. Buchse","thumbnail":"https:\/\/dev.codekraft.it\/rotary-2024\/wp-content\/uploads\/brb_media\/00510648_accessory-lifting-tables-103544-universal-mounting-mi-150x150.png","url":"https:\/\/dev.codekraft.it\/rotary-2024\/produkte\/zubehor-hebebuhnen-de\/zubehor-hubtische-de\/universalaufnahme-o-35-mm\/"},{"id":377092,"mpn":"108260","name":"Aggregataufnahme 454 cdi (smart)","description":"Tragf\u00e4higkeit 180 kg","thumbnail":"https:\/\/dev.codekraft.it\/rotary-2024\/wp-content\/uploads\/brb_media\/00023465_aggregataufnahme-454-cdi-108260_web-150x150.png","url":"https:\/\/dev.codekraft.it\/rotary-2024\/produkte\/sonstige-produkte-de\/sonderwerkzeuge-de\/aggregataufnahme-454-cdi-smart\/"},{"id":377111,"mpn":"107856","name":"Aggregataufnahme Universal | f\u00fcr W221, W164, W209, R171, R230, R251","description":"Gewicht 20 kg, Tragf\u00e4higkeit 800 kg","thumbnail":"https:\/\/dev.codekraft.it\/rotary-2024\/wp-content\/uploads\/brb_media\/00510649_accessory-lifting-tables-aggregate-mounting-universal-107856-mi-150x150.png","url":"https:\/\/dev.codekraft.it\/rotary-2024\/produkte\/zubehor-hebebuhnen-de\/zubehor-hubtische-de\/aggregataufnahme-universal-fur-w221-w164-w209-r171-r230-r251\/"},{"id":377192,"mpn":"3136","name":"Getriebeplatte GA Pkw","description":"Verstellwinkel +\/- 10\u00b0, Tragf\u00e4higkeit 400 kg, Zapfen-\u00d8 35 mm, Ma\u00dfe 300 x 240 mm, Spanngurt zum Sichern der Last, gro\u00dfe Auflagefl\u00e4che aus Gummi | Universell einsetzbar f\u00fcr Pkw, besonders geeignet f\u00fcr Mercedes-Benz Automatikgetriebe","thumbnail":"https:\/\/dev.codekraft.it\/rotary-2024\/wp-content\/uploads\/brb_media\/00022512-150x150.png","url":"https:\/\/dev.codekraft.it\/rotary-2024\/produkte\/zubehor-hebebuhnen-de\/getriebeplatten-de\/getriebeplatte-ga-pkw\/"}],"components":[],"related":[],"page_logo_src":"https:\/\/dev.codekraft.it\/rotary-2024\/wp-content\/uploads\/2024\/05\/cropped-rotary-logo-2022.png","lang":"de","translations":{"de":380052,"en":380051,"fr":380053,"it":380054,"es":380055,"ru":380056},"pll_sync_post":[],"_links":{"self":[{"href":"https:\/\/dev.codekraft.it\/rotary-2024\/wp-json\/wp\/v2\/product\/380052","targetHints":{"allow":["GET"]}}],"collection":[{"href":"https:\/\/dev.codekraft.it\/rotary-2024\/wp-json\/wp\/v2\/product"}],"about":[{"href":"https:\/\/dev.codekraft.it\/rotary-2024\/wp-json\/wp\/v2\/types\/product"}],"wp:featuredmedia":[{"embeddable":true,"href":"https:\/\/dev.codekraft.it\/rotary-2024\/wp-json\/wp\/v2\/media\/352206"}],"wp:attachment":[{"href":"https:\/\/dev.codekraft.it\/rotary-2024\/wp-json\/wp\/v2\/media?parent=380052"}],"wp:term":[{"taxonomy":"product_brand","embeddable":true,"href":"https:\/\/dev.codekraft.it\/rotary-2024\/wp-json\/wp\/v2\/product_brand?post=380052"},{"taxonomy":"product_cat","embeddable":true,"href":"https:\/\/dev.codekraft.it\/rotary-2024\/wp-json\/wp\/v2\/product_cat?post=380052"},{"taxonomy":"product_tag","embeddable":true,"href":"https:\/\/dev.codekraft.it\/rotary-2024\/wp-json\/wp\/v2\/product_tag?post=380052"},{"taxonomy":"product_approvals","embeddable":true,"href":"https:\/\/dev.codekraft.it\/rotary-2024\/wp-json\/wp\/v2\/product_approvals?post=380052"},{"taxonomy":"product_application","embeddable":true,"href":"https:\/\/dev.codekraft.it\/rotary-2024\/wp-json\/wp\/v2\/product_application?post=380052"}],"curies":[{"name":"wp","href":"https:\/\/api.w.org\/{rel}","templated":true}]}}