{"id":380042,"date":"2025-12-11T10:11:07","date_gmt":"2025-12-11T10:11:07","guid":{"rendered":"https:\/\/dev.codekraft.it\/rotary-2024\/products\/uncategorized\/ponte-sollevatore-a-4-colonne-sm80-60iak\/"},"modified":"2025-12-11T10:11:07","modified_gmt":"2025-12-11T10:11:07","slug":"ponte-sollevatore-a-4-colonne-sm80-60iak","status":"publish","type":"product","link":"https:\/\/dev.codekraft.it\/rotary-2024\/it\/prodotti\/ponti-sollevatori-it\/ponti-sollevatori-a-4-colonne-it\/ponte-sollevatore-a-4-colonne-sm80-60iak\/","title":{"rendered":"Ponte sollevatore a 4 colonne SM80-60IAK"},"content":{"rendered":"<p>Il ponte sollevatore elletroidraulico a 4 colonne SM80 con una capacit\u00e0 di sollevamento pari a 8 t si distingue per l\u2019uso flessibile nell\u2019officina per veicoli industriali.<\/p>\n<ul>\n<li>Piattaforma stabile per il trasporto<\/li>\n<li>Capacit\u00e0 di carico da 8 t, binari lunghi 6 m<\/li>\n<li>Con ampiezza regolabile<\/li>\n<\/ul>\n<ul>\n<li>Il ponte sollevatore a 4 colonne \u00e8 dotato di un dispositivo di abbassamento con sblocco pneumatico (ogni 100 mm). In questo modo i cavi ed il sistema idraulico vengono alleggeriti. Grazie alle cinghie con cricco nelle colonne di sollevamento, il ponte pu\u00f2 essere allineato totalmente in senso orizzontale.<\/li>\n<\/ul>\n<ul>\n<li>I cavi di trazione sono molto durevoli zincati e tesi in avanti.<\/li>\n<li>Il profilo della superficie di guida formato a freddo con binari di scorrimento integrati aumenta la rigidit\u00e0 e il sostegno, non solo al momento di utilizzare le travi di sollevamento.<\/li>\n<li>Le funzioni di sollovamento, abbassamento e abbassamento alla struttura di scarico possono essere controllate facilmente con gli appositi controlli.<\/li>\n<li>L\u2019ampio spazio tra le colonne consente il montaggio digrandi trasportatori, camper e autovetture.<\/li>\n<li>Le passerelle carrabili regolabili garantiscono flessibilit\u00e0 per una accessibilit\u00e0 ottimizzata al sottoscocca del veicolo e la possibilit\u00e0 di adattarle anche per i veicoli pi\u00f9 stretti.<\/li>\n<li>Protetto da agenti esterni, il cilindro telescopico senza manutenzione \u00e8 posizionato sotto alla superficie di transito.<\/li>\n<li>Le pulegge sono di grosse dimensioni e dotate di boccole autolubrificanti che non necessitano manutenzione<\/li>\n<\/ul>\n","protected":false},"excerpt":{"rendered":"<p>8,0 t, elettroidraulico, con binari in piano e kit di allineamento ruote, incassata<\/p>\n","protected":false},"featured_media":352181,"template":"","meta":[],"product_brand":[],"product_cat":[1033514],"product_tag":[1034166,1034200,1034183],"product_approvals":[],"product_application":[],"class_list":{"0":"post-380042","1":"product","2":"type-product","3":"status-publish","4":"has-post-thumbnail","6":"product_cat-ponti-sollevatori-a-4-colonne-it","7":"product_tag-passenger-cars-it","8":"product_tag-motor-homes-it","9":"product_tag-light-commercial-it","11":"first","12":"instock","13":"shipping-taxable","14":"product-type-simple"},"approvals":[],"application":[],"brb_media_brochure":[{"id":351369,"url":"https:\/\/dev.codekraft.it\/rotary-2024\/wp-content\/uploads\/brb_media\/00479842_4-post-lift-sm80-br-125573-de-2021-11-screen.pdf","title":"4 Post Lift SM80 BR 125573 de 2021 11 screen","mpn":"","thumbnail":"https:\/\/dev.codekraft.it\/rotary-2024\/wp-content\/uploads\/brb_media\/00479842_4-post-lift-sm80-br-125573-de-2021-11-screen-pdf-106x150.png","description":""},{"id":351370,"url":"https:\/\/dev.codekraft.it\/rotary-2024\/wp-content\/uploads\/brb_media\/00479843_4-post-lift-sm80-br-125574-en-2021-11-screen.pdf","title":"4 Post Lift SM80 BR 125574 en 2021 11 screen","mpn":"","thumbnail":"https:\/\/dev.codekraft.it\/rotary-2024\/wp-content\/uploads\/brb_media\/00479843_4-post-lift-sm80-br-125574-en-2021-11-screen-pdf-106x150.png","description":""},{"id":351371,"url":"https:\/\/dev.codekraft.it\/rotary-2024\/wp-content\/uploads\/brb_media\/00479844_4-post-lift-sm80-br-125575-fr-2021-11-screen.pdf","title":"4 Post Lift SM80 BR 125575 fr 2021 11 screen","mpn":"","thumbnail":"https:\/\/dev.codekraft.it\/rotary-2024\/wp-content\/uploads\/brb_media\/00479844_4-post-lift-sm80-br-125575-fr-2021-11-screen-pdf-106x150.png","description":""},{"id":351372,"url":"https:\/\/dev.codekraft.it\/rotary-2024\/wp-content\/uploads\/brb_media\/00479845_4-post-lift-sm80-br-125577-it-2021-11-screen.pdf","title":"4 Post Lift SM80 BR 125577 it 2021 11 screen","mpn":"","thumbnail":"https:\/\/dev.codekraft.it\/rotary-2024\/wp-content\/uploads\/brb_media\/00479845_4-post-lift-sm80-br-125577-it-2021-11-screen-pdf-106x150.png","description":""},{"id":351373,"url":"https:\/\/dev.codekraft.it\/rotary-2024\/wp-content\/uploads\/brb_media\/00479846_4-post-lift-sm80-br-125576-es-2021-11-screen.pdf","title":"4 Post Lift SM80 BR 125576 es 2021 11 screen","mpn":"","thumbnail":"https:\/\/dev.codekraft.it\/rotary-2024\/wp-content\/uploads\/brb_media\/00479846_4-post-lift-sm80-br-125576-es-2021-11-screen-pdf-106x150.png","description":""},{"id":351374,"url":"https:\/\/dev.codekraft.it\/rotary-2024\/wp-content\/uploads\/brb_media\/00479847_4-post-lift-sm80-br-125578-ru-2021-11-screen.pdf","title":"4 Post Lift SM80 BR 125578 ru 2021 11 screen","mpn":"","thumbnail":"https:\/\/dev.codekraft.it\/rotary-2024\/wp-content\/uploads\/brb_media\/00479847_4-post-lift-sm80-br-125578-ru-2021-11-screen-pdf-106x150.png","description":""}],"brb_media_drawing":[{"id":351375,"url":"https:\/\/dev.codekraft.it\/rotary-2024\/wp-content\/uploads\/brb_media\/00407462_4-post-lift-da-sm80-60_8705.pdf","title":"4 post lift da sm80 60 8705","mpn":"","thumbnail":"https:\/\/dev.codekraft.it\/rotary-2024\/wp-content\/uploads\/brb_media\/00407462_4-post-lift-da-sm80-60_8705-pdf-150x105.png","description":""},{"id":351376,"url":"https:\/\/dev.codekraft.it\/rotary-2024\/wp-content\/uploads\/brb_media\/00407463_4-post-lift-da-sm80-60_8714.pdf","title":"4 post lift da sm80 60 8714","mpn":"","thumbnail":"https:\/\/dev.codekraft.it\/rotary-2024\/wp-content\/uploads\/brb_media\/00407463_4-post-lift-da-sm80-60_8714-pdf-150x105.png","description":""},{"id":351377,"url":"https:\/\/dev.codekraft.it\/rotary-2024\/wp-content\/uploads\/brb_media\/00407464_4-post-lift-rfp-sm80-60_8706.pdf","title":"4 post lift rfp sm80 60 8706","mpn":"","thumbnail":"https:\/\/dev.codekraft.it\/rotary-2024\/wp-content\/uploads\/brb_media\/00407464_4-post-lift-rfp-sm80-60_8706-pdf-150x105.png","description":""},{"id":351378,"url":"https:\/\/dev.codekraft.it\/rotary-2024\/wp-content\/uploads\/brb_media\/00407465_4-post-lift-rfp-sm80-60_8715.pdf","title":"4 post lift rfp sm80 60 8715","mpn":"","thumbnail":"https:\/\/dev.codekraft.it\/rotary-2024\/wp-content\/uploads\/brb_media\/00407465_4-post-lift-rfp-sm80-60_8715-pdf-150x105.png","description":""}],"brb_media_manuals":"","brb_media_safety_datasheets":"","brb_media_spare_parts":[],"_cdmm_p_id":"475988","_company":"Elektron","_gtin":"4057612677843","accessories":[{"id":379497,"mpn":"820072","name":"Kit di rampe di salita","description":"1200 mm, aggiuntivo di rampe per il passaggio sopra la piattaforma di sollevamento - non possibile in combinazione con 820051 | 1 set \/ 2 pezzi","thumbnail":"https:\/\/dev.codekraft.it\/rotary-2024\/wp-content\/uploads\/brb_media\/00309599-150x150.png","url":"https:\/\/dev.codekraft.it\/rotary-2024\/it\/prodotti\/accessori-ponti-sollevatori-it\/accessori-ponti-sollevatori-a-4-colonne-it\/kit-di-rampe-di-salita-2\/"},{"id":379503,"mpn":"820075","name":"Installazione interrata 4 rampe corte","description":"Set di installazione sottopavimento composto da 4 rampe corte (1 set \/ 4 pz.) per la successiva conversione da sopra e sotto il livello del suolo","thumbnail":"https:\/\/dev.codekraft.it\/rotary-2024\/wp-content\/uploads\/brb_media\/00311049_england-4-post-lift-porsche-pi-2015-11-150x150.png","url":"https:\/\/dev.codekraft.it\/rotary-2024\/it\/prodotti\/accessori-ponti-sollevatori-it\/accessori-ponti-sollevatori-a-4-colonne-it\/installazione-interrata-4-rampe-corte\/"},{"id":379509,"mpn":"820079","name":"Installazione interrata 4 rampe corte con allineamento delle ruote","description":"4 brevi rampe con Versione allineamento delle ruote","thumbnail":"https:\/\/dev.codekraft.it\/rotary-2024\/wp-content\/uploads\/brb_media\/00331730_4-post-lift-inground-kit-di-150x150.png","url":"https:\/\/dev.codekraft.it\/rotary-2024\/it\/prodotti\/accessori-ponti-sollevatori-it\/accessori-ponti-sollevatori-a-4-colonne-it\/installazione-interrata-4-rampe-corte-con-allineamento-delle-ruote\/"},{"id":378960,"mpn":"AIRKIT-RJ01","name":"Kit retrofit Alimentazione aria","description":"Per disimpegno assiale","thumbnail":"https:\/\/dev.codekraft.it\/rotary-2024\/wp-content\/uploads\/brb_media\/00312549_4-post-lift-air-supply-di-150x150.png","url":"https:\/\/dev.codekraft.it\/rotary-2024\/it\/prodotti\/accessori-ponti-sollevatori-it\/accessori-ponti-sollevatori-a-4-colonne-it\/kit-retrofit-alimentazione-aria\/"},{"id":378948,"mpn":"LED-KIT-480","name":"Kit di illuminazione a LED 4 volte, 24 V, 4800 mm","description":"","thumbnail":"https:\/\/dev.codekraft.it\/rotary-2024\/wp-content\/uploads\/brb_media\/00287577_s-40-50-lighting-set-mi-150x150.png","url":"https:\/\/dev.codekraft.it\/rotary-2024\/it\/prodotti\/accessori-ponti-sollevatori-it\/accessori-ponti-sollevatori-a-4-colonne-it\/kit-di-illuminazione-a-led-4-volte-24-v-4800-mm\/"},{"id":378918,"mpn":"T4B","name":"Tamponi in gomma","description":"160 x 120 x 40 mm | 1 set \/ 4 pezzi","thumbnail":"https:\/\/dev.codekraft.it\/rotary-2024\/wp-content\/uploads\/brb_media\/00393013_4-post-lift-rubber-pads-40mm-150x150.png","url":"https:\/\/dev.codekraft.it\/rotary-2024\/it\/prodotti\/accessori-ponti-sollevatori-it\/accessori-ponti-sollevatori-a-bassa-alzata-it\/tamponi-in-gomma-2\/"},{"id":378467,"mpn":"T4","name":"Tamponi in gomma","description":"160 x 120 x 80 mm | 1 set \/ 4 pezzi","thumbnail":"https:\/\/dev.codekraft.it\/rotary-2024\/wp-content\/uploads\/brb_media\/00287553-150x150.png","url":"https:\/\/dev.codekraft.it\/rotary-2024\/it\/prodotti\/accessori-ponti-sollevatori-it\/accessori-ponti-sollevatori-a-doppia-forbice-it\/tamponi-in-gomma\/"},{"id":381167,"mpn":"820051","name":"Set di prolunghe per guide SM80, anteriore, 225 mm","description":"Set di prolunghe per guide, anteriore 225 mm, Solo in combinazione con i ponti a pavimento (1 set \/ 2 pezzi)","thumbnail":"","url":"https:\/\/dev.codekraft.it\/rotary-2024\/it\/prodotti\/accessori-ponti-sollevatori-it\/accessori-ponti-sollevatori-a-4-colonne-it\/set-di-prolunghe-per-guide-sm80-anteriore-225-mm\/"},{"id":381173,"mpn":"820081","name":"Set di prolunghe per guide SM80, posteriore, 275 mm","description":"Set di estensioni della piattaforma posteriore 275 mm, Da utilizzare nella parte anteriore e posteriore in combinazione con ponti a pavimento (1 set \/ 2 pezzi)","thumbnail":"","url":"https:\/\/dev.codekraft.it\/rotary-2024\/it\/prodotti\/accessori-ponti-sollevatori-it\/accessori-ponti-sollevatori-a-4-colonne-it\/set-di-prolunghe-per-guide-sm80-posteriore-275-mm\/"},{"id":382197,"mpn":"RJ-X40-5","name":"Traversa per SM80 | 4,0 t","description":"4,0 t, 250  mm corsa, incl. traversa dell'asse","thumbnail":"https:\/\/dev.codekraft.it\/rotary-2024\/wp-content\/uploads\/brb_media\/00309601_jacking-beam-rj-x40-1-mi-150x150.png","url":"https:\/\/dev.codekraft.it\/rotary-2024\/it\/prodotti\/accessori-ponti-sollevatori-it\/accessori-ponti-sollevatori-a-4-colonne-it\/traversa-per-sm80-40-t\/"}],"components":[],"related":[],"page_logo_src":"https:\/\/dev.codekraft.it\/rotary-2024\/wp-content\/uploads\/2024\/05\/cropped-rotary-logo-2022.png","lang":"it","translations":{"it":380042,"en":380039,"de":380040,"fr":380041,"es":380043,"ru":380044},"pll_sync_post":[],"_links":{"self":[{"href":"https:\/\/dev.codekraft.it\/rotary-2024\/wp-json\/wp\/v2\/product\/380042","targetHints":{"allow":["GET"]}}],"collection":[{"href":"https:\/\/dev.codekraft.it\/rotary-2024\/wp-json\/wp\/v2\/product"}],"about":[{"href":"https:\/\/dev.codekraft.it\/rotary-2024\/wp-json\/wp\/v2\/types\/product"}],"wp:featuredmedia":[{"embeddable":true,"href":"https:\/\/dev.codekraft.it\/rotary-2024\/wp-json\/wp\/v2\/media\/352181"}],"wp:attachment":[{"href":"https:\/\/dev.codekraft.it\/rotary-2024\/wp-json\/wp\/v2\/media?parent=380042"}],"wp:term":[{"taxonomy":"product_brand","embeddable":true,"href":"https:\/\/dev.codekraft.it\/rotary-2024\/wp-json\/wp\/v2\/product_brand?post=380042"},{"taxonomy":"product_cat","embeddable":true,"href":"https:\/\/dev.codekraft.it\/rotary-2024\/wp-json\/wp\/v2\/product_cat?post=380042"},{"taxonomy":"product_tag","embeddable":true,"href":"https:\/\/dev.codekraft.it\/rotary-2024\/wp-json\/wp\/v2\/product_tag?post=380042"},{"taxonomy":"product_approvals","embeddable":true,"href":"https:\/\/dev.codekraft.it\/rotary-2024\/wp-json\/wp\/v2\/product_approvals?post=380042"},{"taxonomy":"product_application","embeddable":true,"href":"https:\/\/dev.codekraft.it\/rotary-2024\/wp-json\/wp\/v2\/product_application?post=380042"}],"curies":[{"name":"wp","href":"https:\/\/api.w.org\/{rel}","templated":true}]}}