{"id":380034,"date":"2025-12-11T10:04:35","date_gmt":"2025-12-11T10:04:35","guid":{"rendered":"https:\/\/dev.codekraft.it\/rotary-2024\/products\/uncategorized\/4-saulen-hebebuhne-sm80-60-ak\/"},"modified":"2025-12-11T10:04:35","modified_gmt":"2025-12-11T10:04:35","slug":"4-saulen-hebebuhne-sm80-60-ak","status":"publish","type":"product","link":"https:\/\/dev.codekraft.it\/rotary-2024\/produkte\/hebebuhnen-de\/4-saulen-hebebuhnen-de\/4-saulen-hebebuhne-sm80-60-ak\/","title":{"rendered":"4-S\u00e4ulen-Hebeb\u00fchne SM80-60-AK"},"content":{"rendered":"<p>Die elektro-hydraulische 4-S\u00e4ulen-Hebeb\u00fchne SM80 eignet sich mit ihrer Tragkraft von 8 t perfekt f\u00fcr den flexiblen \u00adEinsatz in der Nutzfahrzeugwerkstatt.<\/p>\n<ul>\n<li>Stabile Transporterb\u00fchne<\/li>\n<li>8 t Tragkraft, 6 m Fahrbahnl\u00e4nge<\/li>\n<li>Spurbreite der Fahrbahnen einstellbar<\/li>\n<\/ul>\n<ul>\n<li>Die 4-S\u00e4ulen-Hebeb\u00fchne ist mit einer pneumatisch entriegelbaren Absetzvor\u00adrichtung (alle 100 mm) ausger\u00fcstet. Seile und Hydraulik werden so entlastet. Die einstellbaren Klinkenleisten in den Hubs\u00e4ulen erm\u00f6glichen eine absolut waagerechte Ausrichtung der Hebeb\u00fchne.<\/li>\n<\/ul>\n<ul>\n<li>Die Zugseile sind sehr widerstandsf\u00e4hig, verzinkt und vorgezogen.<\/li>\n<li>Das kaltgeformte Fahrfl\u00e4chenprofil mit integrierten Laufschienen erh\u00f6ht die Steifigkeit und erm\u00f6glicht den Einsatz von Achsfreihebern.<\/li>\n<li>Die Funktionen Auf, Ab und Absenken auf die Absetzvorrichtung lassen sich komfortabel \u00fcber Drucktasten steuern.<\/li>\n<li>Ein weiter S\u00e4ulenabstand erm\u00f6glicht die Aufnahme von breiten Transportern und Wohnmobilen sowie Pkws.<\/li>\n<li>Verstellbare Fahrbahnen bieten Flexibilit\u00e4t f\u00fcr eine optimierte Zug\u00e4nglichkeit zum Fahrzeugunterboden sowie die M\u00f6glichkeit auch schmalere Pkw aufzufahren. Vor \u00e4u\u00dferen Einfl\u00fcssen gesch\u00fctzt, ist der wartungsfreie Hub-Zylinder unter der Fahrfl\u00e4che positioniert.<\/li>\n<li>Die Riemenscheiben sind gro\u00df dimensio\u00adniert und sind mit selbstschmierenden wartungsfreien Buchsen ausgestattet.<\/li>\n<\/ul>\n","protected":false},"excerpt":{"rendered":"<p>8,0 t, elektrohydraulisch, mit ebenen Fahrbahnen und Achsmesskit<\/p>\n","protected":false},"featured_media":352181,"template":"","meta":[],"product_brand":[],"product_cat":[1033478],"product_tag":[1034161,1034178,1034195],"product_approvals":[],"product_application":[],"class_list":{"0":"post-380034","1":"product","2":"type-product","3":"status-publish","4":"has-post-thumbnail","6":"product_cat-4-saulen-hebebuhnen-de","7":"product_tag-passenger-cars-de","8":"product_tag-light-commercial-de","9":"product_tag-motor-homes-de","11":"first","12":"instock","13":"shipping-taxable","14":"product-type-simple"},"approvals":[],"application":[],"brb_media_brochure":[{"id":351369,"url":"https:\/\/dev.codekraft.it\/rotary-2024\/wp-content\/uploads\/brb_media\/00479842_4-post-lift-sm80-br-125573-de-2021-11-screen.pdf","title":"4 Post Lift SM80 BR 125573 de 2021 11 screen","mpn":"","thumbnail":"https:\/\/dev.codekraft.it\/rotary-2024\/wp-content\/uploads\/brb_media\/00479842_4-post-lift-sm80-br-125573-de-2021-11-screen-pdf-106x150.png","description":""},{"id":351370,"url":"https:\/\/dev.codekraft.it\/rotary-2024\/wp-content\/uploads\/brb_media\/00479843_4-post-lift-sm80-br-125574-en-2021-11-screen.pdf","title":"4 Post Lift SM80 BR 125574 en 2021 11 screen","mpn":"","thumbnail":"https:\/\/dev.codekraft.it\/rotary-2024\/wp-content\/uploads\/brb_media\/00479843_4-post-lift-sm80-br-125574-en-2021-11-screen-pdf-106x150.png","description":""},{"id":351371,"url":"https:\/\/dev.codekraft.it\/rotary-2024\/wp-content\/uploads\/brb_media\/00479844_4-post-lift-sm80-br-125575-fr-2021-11-screen.pdf","title":"4 Post Lift SM80 BR 125575 fr 2021 11 screen","mpn":"","thumbnail":"https:\/\/dev.codekraft.it\/rotary-2024\/wp-content\/uploads\/brb_media\/00479844_4-post-lift-sm80-br-125575-fr-2021-11-screen-pdf-106x150.png","description":""},{"id":351372,"url":"https:\/\/dev.codekraft.it\/rotary-2024\/wp-content\/uploads\/brb_media\/00479845_4-post-lift-sm80-br-125577-it-2021-11-screen.pdf","title":"4 Post Lift SM80 BR 125577 it 2021 11 screen","mpn":"","thumbnail":"https:\/\/dev.codekraft.it\/rotary-2024\/wp-content\/uploads\/brb_media\/00479845_4-post-lift-sm80-br-125577-it-2021-11-screen-pdf-106x150.png","description":""},{"id":351373,"url":"https:\/\/dev.codekraft.it\/rotary-2024\/wp-content\/uploads\/brb_media\/00479846_4-post-lift-sm80-br-125576-es-2021-11-screen.pdf","title":"4 Post Lift SM80 BR 125576 es 2021 11 screen","mpn":"","thumbnail":"https:\/\/dev.codekraft.it\/rotary-2024\/wp-content\/uploads\/brb_media\/00479846_4-post-lift-sm80-br-125576-es-2021-11-screen-pdf-106x150.png","description":""},{"id":351374,"url":"https:\/\/dev.codekraft.it\/rotary-2024\/wp-content\/uploads\/brb_media\/00479847_4-post-lift-sm80-br-125578-ru-2021-11-screen.pdf","title":"4 Post Lift SM80 BR 125578 ru 2021 11 screen","mpn":"","thumbnail":"https:\/\/dev.codekraft.it\/rotary-2024\/wp-content\/uploads\/brb_media\/00479847_4-post-lift-sm80-br-125578-ru-2021-11-screen-pdf-106x150.png","description":""}],"brb_media_drawing":[{"id":351375,"url":"https:\/\/dev.codekraft.it\/rotary-2024\/wp-content\/uploads\/brb_media\/00407462_4-post-lift-da-sm80-60_8705.pdf","title":"4 post lift da sm80 60 8705","mpn":"","thumbnail":"https:\/\/dev.codekraft.it\/rotary-2024\/wp-content\/uploads\/brb_media\/00407462_4-post-lift-da-sm80-60_8705-pdf-150x105.png","description":""},{"id":351376,"url":"https:\/\/dev.codekraft.it\/rotary-2024\/wp-content\/uploads\/brb_media\/00407463_4-post-lift-da-sm80-60_8714.pdf","title":"4 post lift da sm80 60 8714","mpn":"","thumbnail":"https:\/\/dev.codekraft.it\/rotary-2024\/wp-content\/uploads\/brb_media\/00407463_4-post-lift-da-sm80-60_8714-pdf-150x105.png","description":""},{"id":351377,"url":"https:\/\/dev.codekraft.it\/rotary-2024\/wp-content\/uploads\/brb_media\/00407464_4-post-lift-rfp-sm80-60_8706.pdf","title":"4 post lift rfp sm80 60 8706","mpn":"","thumbnail":"https:\/\/dev.codekraft.it\/rotary-2024\/wp-content\/uploads\/brb_media\/00407464_4-post-lift-rfp-sm80-60_8706-pdf-150x105.png","description":""},{"id":351378,"url":"https:\/\/dev.codekraft.it\/rotary-2024\/wp-content\/uploads\/brb_media\/00407465_4-post-lift-rfp-sm80-60_8715.pdf","title":"4 post lift rfp sm80 60 8715","mpn":"","thumbnail":"https:\/\/dev.codekraft.it\/rotary-2024\/wp-content\/uploads\/brb_media\/00407465_4-post-lift-rfp-sm80-60_8715-pdf-150x105.png","description":""}],"brb_media_manuals":"","brb_media_safety_datasheets":"","brb_media_spare_parts":[],"_cdmm_p_id":"475987","_company":"Elektron","_gtin":"4057612677836","accessories":[{"id":379495,"mpn":"820072","name":"Auffahrrampen-Kit","description":"1200 mm, zus\u00e4tzlicher Rampensatz zum \u00dcberfahren der Hebeb\u00fchne - nicht m\u00f6glich in Kombination mit 820051 | 1 Satz \/ 2 St\u00fcck","thumbnail":"https:\/\/dev.codekraft.it\/rotary-2024\/wp-content\/uploads\/brb_media\/00309599-150x150.png","url":"https:\/\/dev.codekraft.it\/rotary-2024\/produkte\/zubehor-hebebuhnen-de\/zubehor-4-saulen-hebebuhnen-de\/auffahrrampen-kit-2\/"},{"id":379501,"mpn":"820075","name":"Unterflureinbausatz 4 kurze Rampen","description":"Unterflureinbausatz bestehend aus 4 kurzen Rampen (1 Satz \/ 4 Stk) f\u00fcr nachtr\u00e4glichen Umbau von \u00dcberflur und Unterflur","thumbnail":"https:\/\/dev.codekraft.it\/rotary-2024\/wp-content\/uploads\/brb_media\/00311049_england-4-post-lift-porsche-pi-2015-11-150x150.png","url":"https:\/\/dev.codekraft.it\/rotary-2024\/produkte\/zubehor-hebebuhnen-de\/zubehor-4-saulen-hebebuhnen-de\/unterflureinbausatz-4-kurze-rampen\/"},{"id":379507,"mpn":"820079","name":"Unterflureinbausatz 4 kurzen Rampen mit Achsmessausf\u00fchrung","description":"Unterflureinbausatz bestehend aus 4 kurzen Rampen mit Achsmessausf\u00fchrung (1 Satz \/ 4 Stk) f\u00fcr nachtr\u00e4glichen Umbau von \u00dcberflur und Unterflur","thumbnail":"https:\/\/dev.codekraft.it\/rotary-2024\/wp-content\/uploads\/brb_media\/00331730_4-post-lift-inground-kit-di-150x150.png","url":"https:\/\/dev.codekraft.it\/rotary-2024\/produkte\/zubehor-hebebuhnen-de\/zubehor-4-saulen-hebebuhnen-de\/unterflureinbausatz-4-kurzen-rampen-mit-achsmessausfuhrung\/"},{"id":378958,"mpn":"AIRKIT-RJ01","name":"Nachr\u00fcstsatz Luftversorgungskit","description":"F\u00fcr Achsfreiheber","thumbnail":"https:\/\/dev.codekraft.it\/rotary-2024\/wp-content\/uploads\/brb_media\/00312549_4-post-lift-air-supply-di-150x150.png","url":"https:\/\/dev.codekraft.it\/rotary-2024\/produkte\/zubehor-hebebuhnen-de\/zubehor-4-saulen-hebebuhnen-de\/nachrustsatz-luftversorgungskit\/"},{"id":378946,"mpn":"LED-KIT-480","name":"LED-Beleuchtungs-Kit 4-fach, 24 V, 4800 mm","description":"","thumbnail":"https:\/\/dev.codekraft.it\/rotary-2024\/wp-content\/uploads\/brb_media\/00287577_s-40-50-lighting-set-mi-150x150.png","url":"https:\/\/dev.codekraft.it\/rotary-2024\/produkte\/zubehor-hebebuhnen-de\/zubehor-4-saulen-hebebuhnen-de\/led-beleuchtungs-kit-4-fach-24-v-4800-mm\/"},{"id":378916,"mpn":"T4B","name":"Gummikl\u00f6tze","description":"Hartgummi-Auflagen, 160 x 120 x 40 mm | 1 Satz \/ 4 St\u00fcck","thumbnail":"https:\/\/dev.codekraft.it\/rotary-2024\/wp-content\/uploads\/brb_media\/00393013_4-post-lift-rubber-pads-40mm-150x150.png","url":"https:\/\/dev.codekraft.it\/rotary-2024\/produkte\/zubehor-hebebuhnen-de\/zubehor-kurzhub-hebebuhnen-de\/gummiklotze-2\/"},{"id":378465,"mpn":"T4","name":"Gummikl\u00f6tze","description":"Hartgummi-Auflagen, 160 x 120 x 80 mm | 1 Satz \/ 4 St\u00fcck","thumbnail":"https:\/\/dev.codekraft.it\/rotary-2024\/wp-content\/uploads\/brb_media\/00287553-150x150.png","url":"https:\/\/dev.codekraft.it\/rotary-2024\/produkte\/zubehor-hebebuhnen-de\/zubehor-doppelscheren-hebebuhnen-de\/gummiklotze\/"},{"id":381165,"mpn":"820051","name":"Fahrbahnverl\u00e4ngerung SM80, vorn, 225 mm","description":"Fahrbahnverl\u00e4ngerung vorn 225 mm, nur in Verbindung mit \u00dcberflur-Hebeb\u00fchnen (1 Satz \/ 2 St\u00fcck)","thumbnail":"","url":"https:\/\/dev.codekraft.it\/rotary-2024\/produkte\/zubehor-hebebuhnen-de\/zubehor-4-saulen-hebebuhnen-de\/fahrbahnverlangerung-sm80-vorn-225-mm\/"},{"id":381171,"mpn":"820081","name":"Schienenverl\u00e4ngerungssatz SM80, hinten, 275 mm","description":"Satz Fahrbahnverl\u00e4ngerung hinten 275 mm, In Verbindung mit Unterflur-Hebeb\u00fchnen vorn und hinten verwendbar (1 Satz \/ 2 St\u00fcck)","thumbnail":"","url":"https:\/\/dev.codekraft.it\/rotary-2024\/produkte\/zubehor-hebebuhnen-de\/zubehor-4-saulen-hebebuhnen-de\/schienenverlangerungssatz-sm80-hinten-275-mm\/"},{"id":382195,"mpn":"RJ-X40-5","name":"Achsfreiheber f\u00fcr SM80 | 4,0 t","description":"4,0 t, 250 mm Hub, inkl. Achstraverse","thumbnail":"https:\/\/dev.codekraft.it\/rotary-2024\/wp-content\/uploads\/brb_media\/00309601_jacking-beam-rj-x40-1-mi-150x150.png","url":"https:\/\/dev.codekraft.it\/rotary-2024\/produkte\/zubehor-hebebuhnen-de\/zubehor-4-saulen-hebebuhnen-de\/achsfreiheber-fur-sm80-40-t\/"}],"components":[],"related":[],"page_logo_src":"https:\/\/dev.codekraft.it\/rotary-2024\/wp-content\/uploads\/2024\/05\/cropped-rotary-logo-2022.png","lang":"de","translations":{"de":380034,"en":380033,"fr":380035,"it":380036,"es":380037,"ru":380038},"pll_sync_post":[],"_links":{"self":[{"href":"https:\/\/dev.codekraft.it\/rotary-2024\/wp-json\/wp\/v2\/product\/380034","targetHints":{"allow":["GET"]}}],"collection":[{"href":"https:\/\/dev.codekraft.it\/rotary-2024\/wp-json\/wp\/v2\/product"}],"about":[{"href":"https:\/\/dev.codekraft.it\/rotary-2024\/wp-json\/wp\/v2\/types\/product"}],"wp:featuredmedia":[{"embeddable":true,"href":"https:\/\/dev.codekraft.it\/rotary-2024\/wp-json\/wp\/v2\/media\/352181"}],"wp:attachment":[{"href":"https:\/\/dev.codekraft.it\/rotary-2024\/wp-json\/wp\/v2\/media?parent=380034"}],"wp:term":[{"taxonomy":"product_brand","embeddable":true,"href":"https:\/\/dev.codekraft.it\/rotary-2024\/wp-json\/wp\/v2\/product_brand?post=380034"},{"taxonomy":"product_cat","embeddable":true,"href":"https:\/\/dev.codekraft.it\/rotary-2024\/wp-json\/wp\/v2\/product_cat?post=380034"},{"taxonomy":"product_tag","embeddable":true,"href":"https:\/\/dev.codekraft.it\/rotary-2024\/wp-json\/wp\/v2\/product_tag?post=380034"},{"taxonomy":"product_approvals","embeddable":true,"href":"https:\/\/dev.codekraft.it\/rotary-2024\/wp-json\/wp\/v2\/product_approvals?post=380034"},{"taxonomy":"product_application","embeddable":true,"href":"https:\/\/dev.codekraft.it\/rotary-2024\/wp-json\/wp\/v2\/product_application?post=380034"}],"curies":[{"name":"wp","href":"https:\/\/api.w.org\/{rel}","templated":true}]}}