{"id":380018,"date":"2025-06-30T10:18:14","date_gmt":"2025-06-30T10:18:14","guid":{"rendered":"https:\/\/dev.codekraft.it\/rotary-2024\/products\/uncategorized\/ponte-sollevatore-a-forbice-verticale-vas-791027-i\/"},"modified":"2025-06-30T10:18:14","modified_gmt":"2025-06-30T10:18:14","slug":"ponte-sollevatore-a-forbice-verticale-vas-791027-i","status":"publish","type":"product","link":"https:\/\/dev.codekraft.it\/rotary-2024\/it\/prodotti\/ponti-sollevatori-it\/ponti-sollevatori-a-forbice-it\/ponte-sollevatore-a-forbice-verticale-vas-791027-i\/","title":{"rendered":"Ponte sollevatore a forbice verticale VAS 791027-I"},"content":{"rendered":"<p>Los elevadores verticales de tijera de las series V55 y V45 (VAS 791029 y VAS 791027) son plataformas elevadoras de alta precisi\u00f3n para el trabajo de alineaci\u00f3n de ruedas y estaciones de diagn\u00f3stico (sistemas de ayuda) con una capacidad de carga de 4,5 o 5,5 t y una longitud de superficie \u00fatil de 5400 o 4800 mm.<\/p>\n<ul>\n<li>Perfecta protecci\u00f3n anticorrosi\u00f3n &#8211; Recubrimiento KTL m\u00e1s recubrimiento de polvo como est\u00e1ndar<\/li>\n<li>Cumple los requisitos de VOLKSWAGEN AG.<\/li>\n<li>Mucho espacio bajo la plataforma elevadora con acceso lateral<\/li>\n<\/ul>\n<ul>\n<li>Rebajes integrados en la superficie de conducci\u00f3n permiten encajar todas tablas rotatorias est\u00e1ndar. La superficie de acero inoxidable impide la corrosi\u00f3n y permite que los discos rotatorios sean movidos sin esfuerzo.<\/li>\n<li>La superficie de soporte para el disco rotatorio puede ser nivelada; est\u00e1 preajustada a \u00ab0\u00bb en la f\u00e1brica.<\/li>\n<li>Los rebajes pueden cerrarse por completo cuando no se usa disco rotatorio.<\/li>\n<li>Las piezas de relleno est\u00e1n provistas de paradas de pl\u00e1stico. As\u00ed, se impide la corrosi\u00f3n y se reduce el ruido.<\/li>\n<li>Las bolas robustas de pl\u00e1stico de las placas de deslizamiento manualmente bloqueables aseguran un funcionamiento fiable y suave y aseguran una larga vida en servicio.<\/li>\n<li>Los cilindros principales est\u00e1n equipados con un dispositivo de descenso desbloqueable neum\u00e1ticamente. La tira de trinquete est\u00e1 roscada y es ajustable por medio de tornillos. Esto garantiza una precisa alineaci\u00f3n de ruedas.<\/li>\n<li>Protectores antirretroceso dise\u00f1ados inteligentemente permiten usar la longitud total de la v\u00eda de rodadura.<\/li>\n<li>Para el uso de una viga de elevaci\u00f3n adicional hay instalada una pista galvanizada.<\/li>\n<\/ul>\n<ul>\n<li>La consola de control tiene una unidad hidr\u00e1ulica preensamblada en f\u00e1brica y as\u00ed contribuye significativamente a poco esfuerzo de instalaci\u00f3n. La colocaci\u00f3n es posible en la izquierda o en la derecha.<\/li>\n<li>Existe espacio para documentos o tabletas en la zona de almacenamiento integrada de la consola de control que tambi\u00e9n es perfectamente id\u00f3nea para apoyarse para escribir.<\/li>\n<li>Pulsadores duraderos permiten un funcionamiento sensible de la plataforma elevadora.<\/li>\n<li>La Parada CE est\u00e1ndar asegura protecci\u00f3n de pies sin un protector de pies y f\u00e1cil instalaci\u00f3n a nivel del suelo.<\/li>\n<li>Las tijeras de elevaci\u00f3n se acoplan cerca del \u00e1rea de contacto de ruedas y as\u00ed dan a la plataforma elevadora una estabilidad muy alta. Junto con las pistas minuciosamente fabricadas y reforzadas, cumple con las especificaciones de VOLKSWAGEN AG.<\/li>\n<li>El conjunto proporciona m\u00e1xima holgura bajo la plataforma elevadora y permite acceso lateral.<\/li>\n<li>La v\u00eda de rodadura plana permite el uso del \u00e1rea de ajuste de faros.<\/li>\n<\/ul>\n","protected":false},"excerpt":{"rendered":"<p>V45NAK-48-VAS | 4,5 t, elettroidraulico, lunghezza piattaforma 4800 mm, disposizione verticale delle forbici di sollevamento, incassata<\/p>\n","protected":false},"featured_media":352161,"template":"","meta":[],"product_cat":[1033764],"product_tag":[1034166],"product_approvals":[1013893,1013876,1013910,1013995,1013927,1013978,1013961,1013944],"product_application":[],"class_list":{"0":"post-380018","1":"product","2":"type-product","3":"status-publish","4":"has-post-thumbnail","6":"product_cat-ponti-sollevatori-a-forbice-it","7":"product_tag-passenger-cars-it","8":"product_approvals-audi-it","9":"product_approvals-bentley-it","10":"product_approvals-bugatti-it","11":"product_approvals-lamborghini-it","12":"product_approvals-porsche-it","13":"product_approvals-seat-it","14":"product_approvals-skoda-it","15":"product_approvals-vw-it","17":"first","18":"instock","19":"shipping-taxable","20":"product-type-simple"},"approvals":[{"term_id":1013893,"name":"Audi","slug":"audi-it","term_group":0,"term_taxonomy_id":1013892,"taxonomy":"product_approvals","description":"","parent":0,"count":26,"filter":"raw"},{"term_id":1013876,"name":"Bentley","slug":"bentley-it","term_group":0,"term_taxonomy_id":1013875,"taxonomy":"product_approvals","description":"","parent":0,"count":26,"filter":"raw"},{"term_id":1013910,"name":"Bugatti","slug":"bugatti-it","term_group":0,"term_taxonomy_id":1013909,"taxonomy":"product_approvals","description":"","parent":0,"count":26,"filter":"raw"},{"term_id":1013995,"name":"Lamborghini","slug":"lamborghini-it","term_group":0,"term_taxonomy_id":1013994,"taxonomy":"product_approvals","description":"","parent":0,"count":26,"filter":"raw"},{"term_id":1013927,"name":"Porsche","slug":"porsche-it","term_group":0,"term_taxonomy_id":1013926,"taxonomy":"product_approvals","description":"","parent":0,"count":24,"filter":"raw"},{"term_id":1013978,"name":"Seat","slug":"seat-it","term_group":0,"term_taxonomy_id":1013977,"taxonomy":"product_approvals","description":"","parent":0,"count":26,"filter":"raw"},{"term_id":1013961,"name":"Skoda","slug":"skoda-it","term_group":0,"term_taxonomy_id":1013960,"taxonomy":"product_approvals","description":"","parent":0,"count":23,"filter":"raw"},{"term_id":1013944,"name":"VW","slug":"vw-it","term_group":0,"term_taxonomy_id":1013943,"taxonomy":"product_approvals","description":"","parent":0,"count":26,"filter":"raw"}],"application":[],"brb_media_brochure":[{"id":350312,"url":"https:\/\/dev.codekraft.it\/rotary-2024\/wp-content\/uploads\/brb_media\/00409949_vw-approvals-br-127168-de-2019-04-screen.pdf","title":"vw approvals br 127168 de 2019 04 screen","thumbnail":"https:\/\/dev.codekraft.it\/rotary-2024\/wp-content\/uploads\/brb_media\/00409949_vw-approvals-br-127168-de-2019-04-screen-pdf-106x150.png","description":""},{"id":350313,"url":"https:\/\/dev.codekraft.it\/rotary-2024\/wp-content\/uploads\/brb_media\/00409950_vw-approvals-br-127169-en-2019-04-screen.pdf","title":"vw approvals br 127169 en 2019 04 screen","thumbnail":"https:\/\/dev.codekraft.it\/rotary-2024\/wp-content\/uploads\/brb_media\/00409950_vw-approvals-br-127169-en-2019-04-screen-pdf-106x150.png","description":""},{"id":350314,"url":"https:\/\/dev.codekraft.it\/rotary-2024\/wp-content\/uploads\/brb_media\/00409951_vw-approvals-br-127170-fr-2019-04-screen.pdf","title":"vw approvals br 127170 fr 2019 04 screen","thumbnail":"https:\/\/dev.codekraft.it\/rotary-2024\/wp-content\/uploads\/brb_media\/00409951_vw-approvals-br-127170-fr-2019-04-screen-pdf-106x150.png","description":""},{"id":350315,"url":"https:\/\/dev.codekraft.it\/rotary-2024\/wp-content\/uploads\/brb_media\/00409952_vw-approvals-br-127171-it-2019-04-screen.pdf","title":"vw approvals br 127171 it 2019 04 screen","thumbnail":"https:\/\/dev.codekraft.it\/rotary-2024\/wp-content\/uploads\/brb_media\/00409952_vw-approvals-br-127171-it-2019-04-screen-pdf-106x150.png","description":""},{"id":350316,"url":"https:\/\/dev.codekraft.it\/rotary-2024\/wp-content\/uploads\/brb_media\/00409953_vw-approvals-br-127172-es-2019-04-screen.pdf","title":"vw approvals br 127172 es 2019 04 screen","thumbnail":"https:\/\/dev.codekraft.it\/rotary-2024\/wp-content\/uploads\/brb_media\/00409953_vw-approvals-br-127172-es-2019-04-screen-pdf-106x150.png","description":""},{"id":350317,"url":"https:\/\/dev.codekraft.it\/rotary-2024\/wp-content\/uploads\/brb_media\/00409954_vw-approvals-br-127173-ru-2019-04-screen.pdf","title":"vw approvals br 127173 ru 2019 04 screen","thumbnail":"https:\/\/dev.codekraft.it\/rotary-2024\/wp-content\/uploads\/brb_media\/00409954_vw-approvals-br-127173-ru-2019-04-screen-pdf-106x150.png","description":""}],"brb_media_drawing":[{"id":352162,"url":"https:\/\/dev.codekraft.it\/rotary-2024\/wp-content\/uploads\/brb_media\/00421410_vertical-lift-da-v45ak48-vas_9018.pdf","title":"vertical lift da v45ak48 vas 9018","thumbnail":"https:\/\/dev.codekraft.it\/rotary-2024\/wp-content\/uploads\/brb_media\/00421410_vertical-lift-da-v45ak48-vas_9018-pdf-150x105.png","description":""}],"brb_media_manuals":"","brb_media_safety_datasheets":"","brb_media_spare_parts":[],"_cdmm_p_id":"475879","_company":"Elektron","_gtin":"","accessories":[],"components":[],"related":[],"similar":[{"id":380700,"cdmm_p_id":"490487","name":"Ponte sollevatore a forbice verticale VAS 791027","description":"V45NAK-48-VAS | 4,5 t, elettroidraulico, lunghezza piattaforma 4800 mm, disposizione verticale delle forbici di sollevamento, in elevato","thumbnail":"https:\/\/dev.codekraft.it\/rotary-2024\/wp-content\/uploads\/brb_media\/00409426_vertical-scissor-lift-vas791029-with-audi-q5-mi-150x150.png","url":"https:\/\/dev.codekraft.it\/rotary-2024\/it\/prodotti\/ponti-sollevatori-it\/ponti-sollevatori-a-forbice-it\/ponte-sollevatore-a-forbice-verticale-vas-791027\/"}],"lang":"it","translations":{"it":380018,"en":380015,"de":380016,"fr":380017,"es":380019,"ru":380020},"pll_sync_post":[],"_links":{"self":[{"href":"https:\/\/dev.codekraft.it\/rotary-2024\/wp-json\/wp\/v2\/product\/380018","targetHints":{"allow":["GET"]}}],"collection":[{"href":"https:\/\/dev.codekraft.it\/rotary-2024\/wp-json\/wp\/v2\/product"}],"about":[{"href":"https:\/\/dev.codekraft.it\/rotary-2024\/wp-json\/wp\/v2\/types\/product"}],"wp:featuredmedia":[{"embeddable":true,"href":"https:\/\/dev.codekraft.it\/rotary-2024\/wp-json\/wp\/v2\/media\/352161"}],"wp:attachment":[{"href":"https:\/\/dev.codekraft.it\/rotary-2024\/wp-json\/wp\/v2\/media?parent=380018"}],"wp:term":[{"taxonomy":"product_cat","embeddable":true,"href":"https:\/\/dev.codekraft.it\/rotary-2024\/wp-json\/wp\/v2\/product_cat?post=380018"},{"taxonomy":"product_tag","embeddable":true,"href":"https:\/\/dev.codekraft.it\/rotary-2024\/wp-json\/wp\/v2\/product_tag?post=380018"},{"taxonomy":"product_approvals","embeddable":true,"href":"https:\/\/dev.codekraft.it\/rotary-2024\/wp-json\/wp\/v2\/product_approvals?post=380018"},{"taxonomy":"product_application","embeddable":true,"href":"https:\/\/dev.codekraft.it\/rotary-2024\/wp-json\/wp\/v2\/product_application?post=380018"}],"curies":[{"name":"wp","href":"https:\/\/api.w.org\/{rel}","templated":true}]}}