{"id":380017,"date":"2025-06-30T10:18:10","date_gmt":"2025-06-30T10:18:10","guid":{"rendered":"https:\/\/dev.codekraft.it\/rotary-2024\/products\/uncategorized\/pont-elevateur-a-ciseaux-vertical-vas-791027-i\/"},"modified":"2025-06-30T10:18:10","modified_gmt":"2025-06-30T10:18:10","slug":"pont-elevateur-a-ciseaux-vertical-vas-791027-i","status":"publish","type":"product","link":"https:\/\/dev.codekraft.it\/rotary-2024\/fr\/produits\/ponts-elevateurs-fr\/ponts-elevateurs-a-ciseaux-fr\/pont-elevateur-a-ciseaux-vertical-vas-791027-i\/","title":{"rendered":"Pont \u00e9l\u00e9vateur \u00e0 ciseaux vertical VAS 791027-I"},"content":{"rendered":"<p>Les ponts \u00e9l\u00e9vateurs \u00e0 ciseaux verticaux de la gamme V55 et V45 (VAS 791029 et VAS 791027) sont des plateformes de levage de haute pr\u00e9cision con\u00e7ues pour effectuer les travaux d\u2019alignement. Ils sont \u00e9galement des stations de travail de diagnostic (syst\u00e8mes d\u2019assistance) ayant une capacit\u00e9 de charge de 5,5 ou 4,5\u00a0t avec une longueur utilisable de 5400 ou de 4800\u00a0mm.<\/p>\n<ul>\n<li>Protection parfaite contre la corrosion &#8211; rev\u00eatement KTL et rev\u00eatement en poudre suppl\u00e9mentaire en standard<\/li>\n<li>Ils respectent les caract\u00e9ristiques requises de VOLKSWAGEN AG<\/li>\n<li>Beaucoup d&#8217;espace disponible sous la plateforme de levage, avec acc\u00e8s sur les c\u00f4t\u00e9s<\/li>\n<\/ul>\n<ul>\n<li>Les encoches int\u00e9gr\u00e9es de la surface d\u2019acc\u00e8s permettent le montage de toutes les tables standards rotatives. La surface en acier inoxydable emp\u00eache la corrosion et permet le mouvement sans effort des disques rotatifs.<\/li>\n<li>La surface de support pour les disques rotatifs peut \u00eatre mise \u00e0 niveau. Elle est pr\u00e9-r\u00e9gl\u00e9e sur \u00ab\u00a00\u00a0\u00bb en usine.<\/li>\n<li>Les encoches peuvent \u00eatre compl\u00e8tement referm\u00e9es lorsqu&#8217;aucun disque rotatif n&#8217;est utilis\u00e9.<\/li>\n<li>Les pi\u00e8ces de calage sont livr\u00e9es avec bouchons de plastique. Cela permet d&#8217;\u00e9viter la corrosion, et \u00e9galement de r\u00e9duire les \u00e9missions de bruit.<\/li>\n<li>Les balles en plastique solide des plateaux coulissants \u00e0 verrouillage manuellement assurent un fonctionnement souple et fiable, et une longue dur\u00e9e de service.<\/li>\n<li>Les cylindres principaux sont munis d\u2019un dispositif d\u2019abaissement \u00e0 d\u00e9verrouillage pneumatique.<\/li>\n<li>La sangle \u00e0 cliquet est viss\u00e9e et peut \u00eatre r\u00e9gl\u00e9e via des vis. Cela garantit un alignement des roues pr\u00e9cis.<\/li>\n<li>Les dispositifs de s\u00e9curit\u00e9 bien con\u00e7us en cas de renversement permettent d\u2019utiliser la piste sur toute sa longueur.<\/li>\n<li>Une piste galvanis\u00e9e est install\u00e9e pour utiliser une autre traverse de levage.<\/li>\n<\/ul>\n<ul>\n<li>La console de commande est \u00e9quip\u00e9e d\u2019une unit\u00e9 hydraulique pr\u00e9-install\u00e9e et contribue ainsi de mani\u00e8re significative \u00e0 en rendre l&#8217;installation ais\u00e9e. Il est possible de positionner \u00e0 gauche ou \u00e0 droite,<\/li>\n<li>Les documents ou les tablettes ont leur place sur la zone de stockage int\u00e9gr\u00e9e, qui offre \u00e9galement un bon support d&#8217;\u00e9criture.<\/li>\n<li>Des boutons-poussoirs durables permettent le fonctionnement ais\u00e9 du pont.<\/li>\n<li>L&#8217;arr\u00eat CE standard prot\u00e8ge les pieds non \u00e9quip\u00e9s de prot\u00e8ge-pieds et garantit une installation au niveau du sol facile.<\/li>\n<li>Les ciseaux de levage entrent en contact proche du site de la roue, donnant une grande stabilit\u00e9 \u00e0 la plateforme. Conjointement avec les voies fabriqu\u00e9es avec pr\u00e9cision renforc\u00e9es, ils respectent les caract\u00e9ristiques requises par le VOLKSWAGEN AG.<\/li>\n<li>La mani\u00e8re dont la machine est assembl\u00e9e permet d&#8217;obtenir un espace libre maximum sous la plateforme, et permet l&#8217;acc\u00e8s lat\u00e9ral.<\/li>\n<li>La voie plate permet l&#8217;utilisation dans la section de r\u00e9glage des phares de l&#8217;atelier.<\/li>\n<\/ul>\n","protected":false},"excerpt":{"rendered":"<p>V45NAK-48-VAS | 4,5 t, \u00e9lectrohydraulique, longueur de plateforme 4800 mm, sciseaux de levage en disposition verticale, sous le sol<\/p>\n","protected":false},"featured_media":352161,"template":"","meta":[],"product_cat":[1033760],"product_tag":[1034163],"product_approvals":[1013890,1013873,1013907,1013992,1013924,1013975,1013958,1013941],"product_application":[],"class_list":{"0":"post-380017","1":"product","2":"type-product","3":"status-publish","4":"has-post-thumbnail","6":"product_cat-ponts-elevateurs-a-ciseaux-fr","7":"product_tag-passenger-cars-fr","8":"product_approvals-audi-fr","9":"product_approvals-bentley-fr","10":"product_approvals-bugatti-fr","11":"product_approvals-lamborghini-fr","12":"product_approvals-porsche-fr","13":"product_approvals-seat-fr","14":"product_approvals-skoda-fr","15":"product_approvals-vw-fr","17":"first","18":"instock","19":"shipping-taxable","20":"product-type-simple"},"approvals":[{"term_id":1013890,"name":"Audi","slug":"audi-fr","term_group":0,"term_taxonomy_id":1013889,"taxonomy":"product_approvals","description":"","parent":0,"count":26,"filter":"raw"},{"term_id":1013873,"name":"Bentley","slug":"bentley-fr","term_group":0,"term_taxonomy_id":1013872,"taxonomy":"product_approvals","description":"","parent":0,"count":26,"filter":"raw"},{"term_id":1013907,"name":"Bugatti","slug":"bugatti-fr","term_group":0,"term_taxonomy_id":1013906,"taxonomy":"product_approvals","description":"","parent":0,"count":26,"filter":"raw"},{"term_id":1013992,"name":"Lamborghini","slug":"lamborghini-fr","term_group":0,"term_taxonomy_id":1013991,"taxonomy":"product_approvals","description":"","parent":0,"count":26,"filter":"raw"},{"term_id":1013924,"name":"Porsche","slug":"porsche-fr","term_group":0,"term_taxonomy_id":1013923,"taxonomy":"product_approvals","description":"","parent":0,"count":24,"filter":"raw"},{"term_id":1013975,"name":"Seat","slug":"seat-fr","term_group":0,"term_taxonomy_id":1013974,"taxonomy":"product_approvals","description":"","parent":0,"count":26,"filter":"raw"},{"term_id":1013958,"name":"Skoda","slug":"skoda-fr","term_group":0,"term_taxonomy_id":1013957,"taxonomy":"product_approvals","description":"","parent":0,"count":23,"filter":"raw"},{"term_id":1013941,"name":"VW","slug":"vw-fr","term_group":0,"term_taxonomy_id":1013940,"taxonomy":"product_approvals","description":"","parent":0,"count":26,"filter":"raw"}],"application":[],"brb_media_brochure":[{"id":350312,"url":"https:\/\/dev.codekraft.it\/rotary-2024\/wp-content\/uploads\/brb_media\/00409949_vw-approvals-br-127168-de-2019-04-screen.pdf","title":"vw approvals br 127168 de 2019 04 screen","thumbnail":"https:\/\/dev.codekraft.it\/rotary-2024\/wp-content\/uploads\/brb_media\/00409949_vw-approvals-br-127168-de-2019-04-screen-pdf-106x150.png","description":""},{"id":350313,"url":"https:\/\/dev.codekraft.it\/rotary-2024\/wp-content\/uploads\/brb_media\/00409950_vw-approvals-br-127169-en-2019-04-screen.pdf","title":"vw approvals br 127169 en 2019 04 screen","thumbnail":"https:\/\/dev.codekraft.it\/rotary-2024\/wp-content\/uploads\/brb_media\/00409950_vw-approvals-br-127169-en-2019-04-screen-pdf-106x150.png","description":""},{"id":350314,"url":"https:\/\/dev.codekraft.it\/rotary-2024\/wp-content\/uploads\/brb_media\/00409951_vw-approvals-br-127170-fr-2019-04-screen.pdf","title":"vw approvals br 127170 fr 2019 04 screen","thumbnail":"https:\/\/dev.codekraft.it\/rotary-2024\/wp-content\/uploads\/brb_media\/00409951_vw-approvals-br-127170-fr-2019-04-screen-pdf-106x150.png","description":""},{"id":350315,"url":"https:\/\/dev.codekraft.it\/rotary-2024\/wp-content\/uploads\/brb_media\/00409952_vw-approvals-br-127171-it-2019-04-screen.pdf","title":"vw approvals br 127171 it 2019 04 screen","thumbnail":"https:\/\/dev.codekraft.it\/rotary-2024\/wp-content\/uploads\/brb_media\/00409952_vw-approvals-br-127171-it-2019-04-screen-pdf-106x150.png","description":""},{"id":350316,"url":"https:\/\/dev.codekraft.it\/rotary-2024\/wp-content\/uploads\/brb_media\/00409953_vw-approvals-br-127172-es-2019-04-screen.pdf","title":"vw approvals br 127172 es 2019 04 screen","thumbnail":"https:\/\/dev.codekraft.it\/rotary-2024\/wp-content\/uploads\/brb_media\/00409953_vw-approvals-br-127172-es-2019-04-screen-pdf-106x150.png","description":""},{"id":350317,"url":"https:\/\/dev.codekraft.it\/rotary-2024\/wp-content\/uploads\/brb_media\/00409954_vw-approvals-br-127173-ru-2019-04-screen.pdf","title":"vw approvals br 127173 ru 2019 04 screen","thumbnail":"https:\/\/dev.codekraft.it\/rotary-2024\/wp-content\/uploads\/brb_media\/00409954_vw-approvals-br-127173-ru-2019-04-screen-pdf-106x150.png","description":""}],"brb_media_drawing":[{"id":352162,"url":"https:\/\/dev.codekraft.it\/rotary-2024\/wp-content\/uploads\/brb_media\/00421410_vertical-lift-da-v45ak48-vas_9018.pdf","title":"vertical lift da v45ak48 vas 9018","thumbnail":"https:\/\/dev.codekraft.it\/rotary-2024\/wp-content\/uploads\/brb_media\/00421410_vertical-lift-da-v45ak48-vas_9018-pdf-150x105.png","description":""}],"brb_media_manuals":"","brb_media_safety_datasheets":"","brb_media_spare_parts":[],"_cdmm_p_id":"475879","_company":"Elektron","_gtin":"","accessories":[],"components":[],"related":[],"similar":[{"id":380699,"cdmm_p_id":"490487","name":"Pont \u00e9l\u00e9vateur \u00e0 ciseaux vertical VAS 791027","description":"V45NAK-48-VAS | 4,5 t, \u00e9lectrohydraulique, longueur de plateforme 4800 mm, sciseaux de levage en disposition verticale, au-dessus du sol","thumbnail":"https:\/\/dev.codekraft.it\/rotary-2024\/wp-content\/uploads\/brb_media\/00409426_vertical-scissor-lift-vas791029-with-audi-q5-mi-150x150.png","url":"https:\/\/dev.codekraft.it\/rotary-2024\/fr\/produits\/ponts-elevateurs-fr\/ponts-elevateurs-a-ciseaux-fr\/pont-elevateur-a-ciseaux-vertical-vas-791027\/"}],"lang":"fr","translations":{"fr":380017,"en":380015,"de":380016,"it":380018,"es":380019,"ru":380020},"pll_sync_post":[],"_links":{"self":[{"href":"https:\/\/dev.codekraft.it\/rotary-2024\/wp-json\/wp\/v2\/product\/380017","targetHints":{"allow":["GET"]}}],"collection":[{"href":"https:\/\/dev.codekraft.it\/rotary-2024\/wp-json\/wp\/v2\/product"}],"about":[{"href":"https:\/\/dev.codekraft.it\/rotary-2024\/wp-json\/wp\/v2\/types\/product"}],"wp:featuredmedia":[{"embeddable":true,"href":"https:\/\/dev.codekraft.it\/rotary-2024\/wp-json\/wp\/v2\/media\/352161"}],"wp:attachment":[{"href":"https:\/\/dev.codekraft.it\/rotary-2024\/wp-json\/wp\/v2\/media?parent=380017"}],"wp:term":[{"taxonomy":"product_cat","embeddable":true,"href":"https:\/\/dev.codekraft.it\/rotary-2024\/wp-json\/wp\/v2\/product_cat?post=380017"},{"taxonomy":"product_tag","embeddable":true,"href":"https:\/\/dev.codekraft.it\/rotary-2024\/wp-json\/wp\/v2\/product_tag?post=380017"},{"taxonomy":"product_approvals","embeddable":true,"href":"https:\/\/dev.codekraft.it\/rotary-2024\/wp-json\/wp\/v2\/product_approvals?post=380017"},{"taxonomy":"product_application","embeddable":true,"href":"https:\/\/dev.codekraft.it\/rotary-2024\/wp-json\/wp\/v2\/product_application?post=380017"}],"curies":[{"name":"wp","href":"https:\/\/api.w.org\/{rel}","templated":true}]}}