{"id":380016,"date":"2025-06-30T10:18:08","date_gmt":"2025-06-30T10:18:08","guid":{"rendered":"https:\/\/dev.codekraft.it\/rotary-2024\/products\/uncategorized\/vertikal-scherenhebebuhne-vas-791027-i\/"},"modified":"2025-06-30T10:18:08","modified_gmt":"2025-06-30T10:18:08","slug":"vertikal-scherenhebebuhne-vas-791027-i","status":"publish","type":"product","link":"https:\/\/dev.codekraft.it\/rotary-2024\/produkte\/hebebuhnen-de\/scheren-hebebuhnen-de\/vertikal-scherenhebebuhne-vas-791027-i\/","title":{"rendered":"Vertikal-Scherenhebeb\u00fchne VAS 791027-I"},"content":{"rendered":"<p>Vertikal-Scherenhebeb\u00fchnen der V55- und V45-Serie (VAS 791029 und VAS 791027) sind hochpr\u00e4zise Hebeb\u00fchnen f\u00fcr Achsvermessungsarbeiten und Diagnosearbeitspl\u00e4tze (Assistenzsysteme) mit 5,5 und 4,5 t Tragkraft und 5400 mm bzw. 4800 mm nutzbarer Fahrbahnl\u00e4nge.<\/p>\n<ul>\n<li>Perfekter Korrosionsschutz &#8211; KTL Beschichtung plus Pulverbeschichtung serienm\u00e4\u00dfig<\/li>\n<li>Erf\u00fcllt Vorgaben der VOLKSWAGEN AG<\/li>\n<li>Viel Freiraum unter der Hebeb\u00fchne mit seitlichem Zugang<\/li>\n<\/ul>\n<ul>\n<li>Integrierte Aussparungen mit Edelstahlauflagen in der Fahrfl\u00e4che erm\u00f6glichen die Aufnahme aller handels\u00fcblicher Drehteller. Die Edelstahlfl\u00e4che vermeidet Korrosion und erm\u00f6glicht ein m\u00fcheloses Verschrieben der Drehteller.<\/li>\n<li>Die Auflagefl\u00e4che f\u00fcr den Drehteller ist nivellierbar, sie wird im Werk auf \u201e0\u201d vorjustiert.<\/li>\n<li>Wird kein Drehteller verwendet, lassen sich die Aussparungen vollst\u00e4ndig verschlie\u00dfen.<\/li>\n<li>Die F\u00fcllst\u00fccke sind mit Kunststoffanschl\u00e4gen versehen, so wird Korrosion vermieden und die Ger\u00e4uschentwicklung einged\u00e4mmt.<\/li>\n<li>Stabile Kunststoffkugeln der manuell verriegelbaren Schiebeplatten sorgen f\u00fcr eine zuverl\u00e4ssige sowie leichtg\u00e4ngige Funktion und sichern eine lange Lebensdauer.<\/li>\n<li>Die Hauptzylinder sind mit einer pneumatisch entsperrbaren Absetzvorrichtung ausger\u00fcstet. Die Klinkenleiste ist verschraubt und \u00fcber Stellschrauben justierbar. Eine exakte Achsvermessung ist damit garantiert.<\/li>\n<li>Intelligent konstruierte R\u00fcckrollsicherungen erm\u00f6glichen die Nutzung der kompletten Fahrbahnl\u00e4nge.<\/li>\n<li>F\u00fcr die Verwendung eines zus\u00e4tzlichen Achsfreihebers ist an der B\u00fchne eine verzinkte Laufschiene verbaut.<\/li>\n<\/ul>\n<ul>\n<li>Das Bedienpult besitzt ein werkseitig vormontiertes Hydraulikaggregat und tr\u00e4gt damit ma\u00dfgeblich zu einem geringen Installationsaufwand bei. Die Platzierung ist links oder rechts m\u00f6glich.<\/li>\n<li>Dokumente oder auch Tablet-Computer finden ihren Platz auf der integrierten Ablagem\u00f6glichkeit des Bedienpultes, was sich auch als Schreibunterlage perfekt geeignet.<\/li>\n<li>Stabile Drucktasten sorgen f\u00fcr eine sichere Bedienung der Hebeb\u00fchne.<\/li>\n<li>Der serienm\u00e4\u00dfige CE-Stop gew\u00e4hrleistet einen Fu\u00dfschutz ohne Fu\u00dfabweiser und einen problemlosen bodenebenen Einbau.<\/li>\n<li>Die Hubscheren greifen in der N\u00e4he der Radaufstandsfl\u00e4che an und geben so der Hebeb\u00fchne eine sehr gro\u00dfe Stabilit\u00e4t. In Verbindung mit den pr\u00e4zise gearbeiteten und verst\u00e4rkten Fahrfl\u00e4chen erf\u00fcllt sie die Vorgaben der f\u00fchrenden deutschen Automobilhersteller.<\/li>\n<li>Die Konstruktion bietet den maximalen Freiraum unter der Hebeb\u00fchne und erlaubt den seitlichen Zugang.<\/li>\n<li>Die ebene Fahrbahn erlaubt die Verwendung am Scheinwerfereinstellplatz.<\/li>\n<\/ul>\n","protected":false},"excerpt":{"rendered":"<p>V45NAK-48-VAS | 4,5 t, elektrohydraulisch, Plattforml\u00e4nge 4800 mm, vertikale Anordnung der Hub-Scheren, Unterflur<\/p>\n","protected":false},"featured_media":352161,"template":"","meta":[],"product_cat":[1033756],"product_tag":[1034161],"product_approvals":[1013887,1013870,1013904,1013989,1013921,1013972,1013955,1013938],"product_application":[],"class_list":{"0":"post-380016","1":"product","2":"type-product","3":"status-publish","4":"has-post-thumbnail","6":"product_cat-scheren-hebebuhnen-de","7":"product_tag-passenger-cars-de","8":"product_approvals-audi-de","9":"product_approvals-bentley-de","10":"product_approvals-bugatti-de","11":"product_approvals-lamborghini-de","12":"product_approvals-porsche-de","13":"product_approvals-seat-de","14":"product_approvals-skoda-de","15":"product_approvals-vw-de","17":"first","18":"instock","19":"shipping-taxable","20":"product-type-simple"},"approvals":[{"term_id":1013887,"name":"Audi","slug":"audi-de","term_group":0,"term_taxonomy_id":1013886,"taxonomy":"product_approvals","description":"","parent":0,"count":26,"filter":"raw"},{"term_id":1013870,"name":"Bentley","slug":"bentley-de","term_group":0,"term_taxonomy_id":1013869,"taxonomy":"product_approvals","description":"","parent":0,"count":26,"filter":"raw"},{"term_id":1013904,"name":"Bugatti","slug":"bugatti-de","term_group":0,"term_taxonomy_id":1013903,"taxonomy":"product_approvals","description":"","parent":0,"count":26,"filter":"raw"},{"term_id":1013989,"name":"Lamborghini","slug":"lamborghini-de","term_group":0,"term_taxonomy_id":1013988,"taxonomy":"product_approvals","description":"","parent":0,"count":26,"filter":"raw"},{"term_id":1013921,"name":"Porsche","slug":"porsche-de","term_group":0,"term_taxonomy_id":1013920,"taxonomy":"product_approvals","description":"","parent":0,"count":24,"filter":"raw"},{"term_id":1013972,"name":"Seat","slug":"seat-de","term_group":0,"term_taxonomy_id":1013971,"taxonomy":"product_approvals","description":"","parent":0,"count":26,"filter":"raw"},{"term_id":1013955,"name":"Skoda","slug":"skoda-de","term_group":0,"term_taxonomy_id":1013954,"taxonomy":"product_approvals","description":"","parent":0,"count":23,"filter":"raw"},{"term_id":1013938,"name":"VW","slug":"vw-de","term_group":0,"term_taxonomy_id":1013937,"taxonomy":"product_approvals","description":"","parent":0,"count":26,"filter":"raw"}],"application":[],"brb_media_brochure":[{"id":350312,"url":"https:\/\/dev.codekraft.it\/rotary-2024\/wp-content\/uploads\/brb_media\/00409949_vw-approvals-br-127168-de-2019-04-screen.pdf","title":"vw approvals br 127168 de 2019 04 screen","thumbnail":"https:\/\/dev.codekraft.it\/rotary-2024\/wp-content\/uploads\/brb_media\/00409949_vw-approvals-br-127168-de-2019-04-screen-pdf-106x150.png","description":""},{"id":350313,"url":"https:\/\/dev.codekraft.it\/rotary-2024\/wp-content\/uploads\/brb_media\/00409950_vw-approvals-br-127169-en-2019-04-screen.pdf","title":"vw approvals br 127169 en 2019 04 screen","thumbnail":"https:\/\/dev.codekraft.it\/rotary-2024\/wp-content\/uploads\/brb_media\/00409950_vw-approvals-br-127169-en-2019-04-screen-pdf-106x150.png","description":""},{"id":350314,"url":"https:\/\/dev.codekraft.it\/rotary-2024\/wp-content\/uploads\/brb_media\/00409951_vw-approvals-br-127170-fr-2019-04-screen.pdf","title":"vw approvals br 127170 fr 2019 04 screen","thumbnail":"https:\/\/dev.codekraft.it\/rotary-2024\/wp-content\/uploads\/brb_media\/00409951_vw-approvals-br-127170-fr-2019-04-screen-pdf-106x150.png","description":""},{"id":350315,"url":"https:\/\/dev.codekraft.it\/rotary-2024\/wp-content\/uploads\/brb_media\/00409952_vw-approvals-br-127171-it-2019-04-screen.pdf","title":"vw approvals br 127171 it 2019 04 screen","thumbnail":"https:\/\/dev.codekraft.it\/rotary-2024\/wp-content\/uploads\/brb_media\/00409952_vw-approvals-br-127171-it-2019-04-screen-pdf-106x150.png","description":""},{"id":350316,"url":"https:\/\/dev.codekraft.it\/rotary-2024\/wp-content\/uploads\/brb_media\/00409953_vw-approvals-br-127172-es-2019-04-screen.pdf","title":"vw approvals br 127172 es 2019 04 screen","thumbnail":"https:\/\/dev.codekraft.it\/rotary-2024\/wp-content\/uploads\/brb_media\/00409953_vw-approvals-br-127172-es-2019-04-screen-pdf-106x150.png","description":""},{"id":350317,"url":"https:\/\/dev.codekraft.it\/rotary-2024\/wp-content\/uploads\/brb_media\/00409954_vw-approvals-br-127173-ru-2019-04-screen.pdf","title":"vw approvals br 127173 ru 2019 04 screen","thumbnail":"https:\/\/dev.codekraft.it\/rotary-2024\/wp-content\/uploads\/brb_media\/00409954_vw-approvals-br-127173-ru-2019-04-screen-pdf-106x150.png","description":""}],"brb_media_drawing":[{"id":352162,"url":"https:\/\/dev.codekraft.it\/rotary-2024\/wp-content\/uploads\/brb_media\/00421410_vertical-lift-da-v45ak48-vas_9018.pdf","title":"vertical lift da v45ak48 vas 9018","thumbnail":"https:\/\/dev.codekraft.it\/rotary-2024\/wp-content\/uploads\/brb_media\/00421410_vertical-lift-da-v45ak48-vas_9018-pdf-150x105.png","description":""}],"brb_media_manuals":"","brb_media_safety_datasheets":"","brb_media_spare_parts":[],"_cdmm_p_id":"475879","_company":"Elektron","_gtin":"","accessories":[],"components":[],"related":[],"similar":[{"id":380698,"cdmm_p_id":"490487","name":"Vertikal-Scherenhebeb\u00fchne VAS 791027","description":"V45NAK-48-VAS | 4,5 t, elektrohydraulisch, Plattforml\u00e4nge 4800 mm, vertikale Anordnung der Hub-Scheren, \u00dcberflur","thumbnail":"https:\/\/dev.codekraft.it\/rotary-2024\/wp-content\/uploads\/brb_media\/00409426_vertical-scissor-lift-vas791029-with-audi-q5-mi-150x150.png","url":"https:\/\/dev.codekraft.it\/rotary-2024\/produkte\/hebebuhnen-de\/scheren-hebebuhnen-de\/vertikal-scherenhebebuhne-vas-791027\/"}],"lang":"de","translations":{"de":380016,"en":380015,"fr":380017,"it":380018,"es":380019,"ru":380020},"pll_sync_post":[],"_links":{"self":[{"href":"https:\/\/dev.codekraft.it\/rotary-2024\/wp-json\/wp\/v2\/product\/380016","targetHints":{"allow":["GET"]}}],"collection":[{"href":"https:\/\/dev.codekraft.it\/rotary-2024\/wp-json\/wp\/v2\/product"}],"about":[{"href":"https:\/\/dev.codekraft.it\/rotary-2024\/wp-json\/wp\/v2\/types\/product"}],"wp:featuredmedia":[{"embeddable":true,"href":"https:\/\/dev.codekraft.it\/rotary-2024\/wp-json\/wp\/v2\/media\/352161"}],"wp:attachment":[{"href":"https:\/\/dev.codekraft.it\/rotary-2024\/wp-json\/wp\/v2\/media?parent=380016"}],"wp:term":[{"taxonomy":"product_cat","embeddable":true,"href":"https:\/\/dev.codekraft.it\/rotary-2024\/wp-json\/wp\/v2\/product_cat?post=380016"},{"taxonomy":"product_tag","embeddable":true,"href":"https:\/\/dev.codekraft.it\/rotary-2024\/wp-json\/wp\/v2\/product_tag?post=380016"},{"taxonomy":"product_approvals","embeddable":true,"href":"https:\/\/dev.codekraft.it\/rotary-2024\/wp-json\/wp\/v2\/product_approvals?post=380016"},{"taxonomy":"product_application","embeddable":true,"href":"https:\/\/dev.codekraft.it\/rotary-2024\/wp-json\/wp\/v2\/product_application?post=380016"}],"curies":[{"name":"wp","href":"https:\/\/api.w.org\/{rel}","templated":true}]}}