{"id":380011,"date":"2025-04-01T06:23:31","date_gmt":"2025-04-01T06:23:31","guid":{"rendered":"https:\/\/dev.codekraft.it\/rotary-2024\/products\/uncategorized\/pont-a-doubles-ciseaux-vas-791025\/"},"modified":"2025-04-01T06:23:31","modified_gmt":"2025-04-01T06:23:31","slug":"pont-a-doubles-ciseaux-vas-791025","status":"publish","type":"product","link":"https:\/\/dev.codekraft.it\/rotary-2024\/fr\/produits\/ponts-elevateurs-fr\/ponts-a-doubles-ciseaux-fr\/pont-a-doubles-ciseaux-vas-791025\/","title":{"rendered":"Pont \u00e0 doubles ciseaux VAS 791025"},"content":{"rendered":"<p>Le pont \u00e9l\u00e9vateur \u00e0 doubles ciseaux et profil bas VAS 791025 a \u00e9t\u00e9 sp\u00e9cialement con\u00e7u pour le secteur de l\u2019entretien et de la r\u00e9paration. La version VAS 791025 permet m\u00eame le montage s\u00e9curis\u00e9 de VW T5 \/ T6 (empattement court) ainsi que de longues berlines de luxe telles que la BMW 7 S\u00e9rie G12.<\/p>\n<ul>\n<li>Montage r\u00e9glable jusqu\u2019\u00e0 2358 mm<\/li>\n<li>Meilleure protection anti-corrosion de s\u00e9rie<\/li>\n<li>Construction tr\u00e8s robuste en acier<\/li>\n<\/ul>\n<ul>\n<li>En mati\u00e8re de protection contre la rouille, la long\u00e9vit\u00e9 est \u00e9galement primordiale &#8211; gr\u00e2ce, entre autres, \u00e0 la galvanisation \u00e0 chaud standard avec le rev\u00eatement en poudre suppl\u00e9mentaire de la plateforme et du cadre de base.<\/li>\n<li>Le syst\u00e8me hydraulique double ma\u00eetre-esclave redondant permet de renoncer aux crochets de s\u00e9curit\u00e9 suppl\u00e9men- taires. S\u00e9curit\u00e9 doubl\u00e9e, emp\u00eachant ainsi la lev\u00e9e ou l\u2019abaissement unilat\u00e9ral.<\/li>\n<li>L\u2019installation au niveau du sol permet un d\u00e9crochage plus facile.<\/li>\n<li>Le design intelligent facilite la manipulation du d\u00e9crochage, m\u00eame si le v\u00e9hicule est plac\u00e9 au-dessus.<\/li>\n<li>Un montage facile en surface est possible car la plate- forme dispose d\u2019une faible hauteur de d\u00e9gagement.<\/li>\n<li>Les patins en caoutchouc inclus offrent une protection fiable du dessous de caisse du v\u00e9hicule.<\/li>\n<\/ul>\n<ul>\n<li>L\u2019arr\u00eat CE \u00e9quip\u00e9 en s\u00e9rie garantit une \u00a0protection des pieds d\u00e9pourvus de d\u00e9flecteurs. Ceci permet \u00e9galement une installation encastr\u00e9e au sol.<\/li>\n<li>La faible hauteur de levage permet plus facilement de supporter des v\u00e9hicules avec peu de d\u00e9gagement au sol.<\/li>\n<li>La construction assure la plus grande stabilit\u00e9. Les ciseaux sont fabriqu\u00e9s \u00e0 partir d\u2019un mat\u00e9riau solide.<\/li>\n<li>Tous les cylindres hydrauli\u00ad ques sont vissables. La facilit\u00e9 d\u2019entretien est accrue.<\/li>\n<li>Le syst\u00e8me enti\u00e8rement hydrau\u00ad lique avec auto\u00adventilation int\u00e9gr\u00e9e garantit un fonctionnement fiable m\u00eame dans les environnements sales.<\/li>\n<li>En cas de panne, l\u2019abaissement d\u2019urgence peut \u00eatre effectu\u00e9 sans probl\u00e8me.<\/li>\n<\/ul>\n","protected":false},"excerpt":{"rendered":"<p>3,5 t, \u00e9lectrohydraulique<\/p>\n","protected":false},"featured_media":352145,"template":"","meta":[],"product_brand":[],"product_cat":[1033692],"product_tag":[1034163],"product_approvals":[1013890,1013873,1013907,1013992,1013924,1013975,1013958,1013941],"product_application":[],"class_list":{"0":"post-380011","1":"product","2":"type-product","3":"status-publish","4":"has-post-thumbnail","6":"product_cat-ponts-a-doubles-ciseaux-fr","7":"product_tag-passenger-cars-fr","8":"product_approvals-audi-fr","9":"product_approvals-bentley-fr","10":"product_approvals-bugatti-fr","11":"product_approvals-lamborghini-fr","12":"product_approvals-porsche-fr","13":"product_approvals-seat-fr","14":"product_approvals-skoda-fr","15":"product_approvals-vw-fr","17":"first","18":"instock","19":"shipping-taxable","20":"product-type-simple"},"approvals":[{"term_id":1013890,"name":"Audi","slug":"audi-fr","term_group":0,"term_taxonomy_id":1013889,"taxonomy":"product_approvals","description":"","parent":0,"count":26,"filter":"raw"},{"term_id":1013873,"name":"Bentley","slug":"bentley-fr","term_group":0,"term_taxonomy_id":1013872,"taxonomy":"product_approvals","description":"","parent":0,"count":26,"filter":"raw"},{"term_id":1013907,"name":"Bugatti","slug":"bugatti-fr","term_group":0,"term_taxonomy_id":1013906,"taxonomy":"product_approvals","description":"","parent":0,"count":26,"filter":"raw"},{"term_id":1013992,"name":"Lamborghini","slug":"lamborghini-fr","term_group":0,"term_taxonomy_id":1013991,"taxonomy":"product_approvals","description":"","parent":0,"count":26,"filter":"raw"},{"term_id":1013924,"name":"Porsche","slug":"porsche-fr","term_group":0,"term_taxonomy_id":1013923,"taxonomy":"product_approvals","description":"","parent":0,"count":24,"filter":"raw"},{"term_id":1013975,"name":"Seat","slug":"seat-fr","term_group":0,"term_taxonomy_id":1013974,"taxonomy":"product_approvals","description":"","parent":0,"count":26,"filter":"raw"},{"term_id":1013958,"name":"Skoda","slug":"skoda-fr","term_group":0,"term_taxonomy_id":1013957,"taxonomy":"product_approvals","description":"","parent":0,"count":23,"filter":"raw"},{"term_id":1013941,"name":"VW","slug":"vw-fr","term_group":0,"term_taxonomy_id":1013940,"taxonomy":"product_approvals","description":"","parent":0,"count":26,"filter":"raw"}],"application":[],"brb_media_brochure":[{"id":352146,"url":"https:\/\/dev.codekraft.it\/rotary-2024\/wp-content\/uploads\/brb_media\/00409420_double-scissor-lift-ds35ex-br-125658-de-2019-04-screen.pdf","title":"double scissor lift ds35ex br 125658 de 2019 04 screen","mpn":"","thumbnail":"https:\/\/dev.codekraft.it\/rotary-2024\/wp-content\/uploads\/brb_media\/00409420_double-scissor-lift-ds35ex-br-125658-de-2019-04-screen-pdf-106x150.png","description":""},{"id":352147,"url":"https:\/\/dev.codekraft.it\/rotary-2024\/wp-content\/uploads\/brb_media\/00409421_double-scissor-lift-ds35ex-br-125659-en-2019-04-screen.pdf","title":"double scissor lift ds35ex br 125659 en 2019 04 screen","mpn":"","thumbnail":"https:\/\/dev.codekraft.it\/rotary-2024\/wp-content\/uploads\/brb_media\/00409421_double-scissor-lift-ds35ex-br-125659-en-2019-04-screen-pdf-106x150.png","description":""},{"id":352148,"url":"https:\/\/dev.codekraft.it\/rotary-2024\/wp-content\/uploads\/brb_media\/00409422_double-scissor-lift-ds35ex-br-125660-fr-2019-04-screen.pdf","title":"double scissor lift ds35ex br 125660 fr 2019 04 screen","mpn":"","thumbnail":"https:\/\/dev.codekraft.it\/rotary-2024\/wp-content\/uploads\/brb_media\/00409422_double-scissor-lift-ds35ex-br-125660-fr-2019-04-screen-pdf-106x150.png","description":""},{"id":352149,"url":"https:\/\/dev.codekraft.it\/rotary-2024\/wp-content\/uploads\/brb_media\/00409423_double-scissor-lift-ds35ex-br-125662-it-2019-04-screen.pdf","title":"double scissor lift ds35ex br 125662 it 2019 04 screen","mpn":"","thumbnail":"https:\/\/dev.codekraft.it\/rotary-2024\/wp-content\/uploads\/brb_media\/00409423_double-scissor-lift-ds35ex-br-125662-it-2019-04-screen-pdf-106x150.png","description":""},{"id":352150,"url":"https:\/\/dev.codekraft.it\/rotary-2024\/wp-content\/uploads\/brb_media\/00409424_double-scissor-lift-ds35ex-br-125661-es-2019-04-screen.pdf","title":"double scissor lift ds35ex br 125661 es 2019 04 screen","mpn":"","thumbnail":"https:\/\/dev.codekraft.it\/rotary-2024\/wp-content\/uploads\/brb_media\/00409424_double-scissor-lift-ds35ex-br-125661-es-2019-04-screen-pdf-106x150.png","description":""},{"id":352151,"url":"https:\/\/dev.codekraft.it\/rotary-2024\/wp-content\/uploads\/brb_media\/00409425_double-scissor-lift-ds35ex-br-125663-ru-2019-04-screen.pdf","title":"double scissor lift ds35ex br 125663 ru 2019 04 screen","mpn":"","thumbnail":"https:\/\/dev.codekraft.it\/rotary-2024\/wp-content\/uploads\/brb_media\/00409425_double-scissor-lift-ds35ex-br-125663-ru-2019-04-screen-pdf-106x150.png","description":""},{"id":350312,"url":"https:\/\/dev.codekraft.it\/rotary-2024\/wp-content\/uploads\/brb_media\/00409949_vw-approvals-br-127168-de-2019-04-screen.pdf","title":"vw approvals br 127168 de 2019 04 screen","mpn":"","thumbnail":"https:\/\/dev.codekraft.it\/rotary-2024\/wp-content\/uploads\/brb_media\/00409949_vw-approvals-br-127168-de-2019-04-screen-pdf-106x150.png","description":""},{"id":350313,"url":"https:\/\/dev.codekraft.it\/rotary-2024\/wp-content\/uploads\/brb_media\/00409950_vw-approvals-br-127169-en-2019-04-screen.pdf","title":"vw approvals br 127169 en 2019 04 screen","mpn":"","thumbnail":"https:\/\/dev.codekraft.it\/rotary-2024\/wp-content\/uploads\/brb_media\/00409950_vw-approvals-br-127169-en-2019-04-screen-pdf-106x150.png","description":""},{"id":350314,"url":"https:\/\/dev.codekraft.it\/rotary-2024\/wp-content\/uploads\/brb_media\/00409951_vw-approvals-br-127170-fr-2019-04-screen.pdf","title":"vw approvals br 127170 fr 2019 04 screen","mpn":"","thumbnail":"https:\/\/dev.codekraft.it\/rotary-2024\/wp-content\/uploads\/brb_media\/00409951_vw-approvals-br-127170-fr-2019-04-screen-pdf-106x150.png","description":""},{"id":350315,"url":"https:\/\/dev.codekraft.it\/rotary-2024\/wp-content\/uploads\/brb_media\/00409952_vw-approvals-br-127171-it-2019-04-screen.pdf","title":"vw approvals br 127171 it 2019 04 screen","mpn":"","thumbnail":"https:\/\/dev.codekraft.it\/rotary-2024\/wp-content\/uploads\/brb_media\/00409952_vw-approvals-br-127171-it-2019-04-screen-pdf-106x150.png","description":""},{"id":350316,"url":"https:\/\/dev.codekraft.it\/rotary-2024\/wp-content\/uploads\/brb_media\/00409953_vw-approvals-br-127172-es-2019-04-screen.pdf","title":"vw approvals br 127172 es 2019 04 screen","mpn":"","thumbnail":"https:\/\/dev.codekraft.it\/rotary-2024\/wp-content\/uploads\/brb_media\/00409953_vw-approvals-br-127172-es-2019-04-screen-pdf-106x150.png","description":""},{"id":350317,"url":"https:\/\/dev.codekraft.it\/rotary-2024\/wp-content\/uploads\/brb_media\/00409954_vw-approvals-br-127173-ru-2019-04-screen.pdf","title":"vw approvals br 127173 ru 2019 04 screen","mpn":"","thumbnail":"https:\/\/dev.codekraft.it\/rotary-2024\/wp-content\/uploads\/brb_media\/00409954_vw-approvals-br-127173-ru-2019-04-screen-pdf-106x150.png","description":""}],"brb_media_drawing":[{"id":350521,"url":"https:\/\/dev.codekraft.it\/rotary-2024\/wp-content\/uploads\/brb_media\/00407624_scissor-lift-fp_ds35hg-a_8741.pdf","title":"scissor lift fp ds35hg a 8741","mpn":"","thumbnail":"https:\/\/dev.codekraft.it\/rotary-2024\/wp-content\/uploads\/brb_media\/00407624_scissor-lift-fp_ds35hg-a_8741-pdf-150x106.png","description":""},{"id":350522,"url":"https:\/\/dev.codekraft.it\/rotary-2024\/wp-content\/uploads\/brb_media\/00407623_scissor-lift-da_ds35hg-a_8740.pdf","title":"scissor lift da ds35hg a 8740","mpn":"","thumbnail":"https:\/\/dev.codekraft.it\/rotary-2024\/wp-content\/uploads\/brb_media\/00407623_scissor-lift-da_ds35hg-a_8740-pdf-150x106.png","description":""}],"brb_media_manuals":[{"id":375422,"url":"https:\/\/dev.codekraft.it\/rotary-2024\/wp-content\/uploads\/brb_media\/00535409_double-scissor-lift-ds35-om-dc-sp-de-2024-07-rev-c.pdf","title":"double scissor lift ds35 om dc sp de 2024 07 rev c","mpn":"","thumbnail":"https:\/\/dev.codekraft.it\/rotary-2024\/wp-content\/uploads\/brb_media\/00535409_double-scissor-lift-ds35-om-dc-sp-de-2024-07-rev-c-pdf-116x150.png","description":""},{"id":350519,"url":"https:\/\/dev.codekraft.it\/rotary-2024\/wp-content\/uploads\/brb_media\/00479456_double-scissor-lift-ds35-om-sp-en-2021-10-screen.pdf","title":"Double Scissor Lift DS35 OM SP en 2021 10 screen","mpn":"","thumbnail":"https:\/\/dev.codekraft.it\/rotary-2024\/wp-content\/uploads\/brb_media\/00479456_double-scissor-lift-ds35-om-sp-en-2021-10-screen-pdf-116x150.png","description":""},{"id":375423,"url":"https:\/\/dev.codekraft.it\/rotary-2024\/wp-content\/uploads\/brb_media\/00535410_double-scissor-lift-ds35-om-dc-sp-fr-2024-07-rev-c.pdf","title":"double scissor lift ds35 om dc sp fr 2024 07 rev c","mpn":"","thumbnail":"https:\/\/dev.codekraft.it\/rotary-2024\/wp-content\/uploads\/brb_media\/00535410_double-scissor-lift-ds35-om-dc-sp-fr-2024-07-rev-c-pdf-106x150.png","description":""},{"id":350520,"url":"https:\/\/dev.codekraft.it\/rotary-2024\/wp-content\/uploads\/brb_media\/00479457_double-scissor-lift-ds35-om-sp-it-2021-10-screen.pdf","title":"Double Scissor Lift DS35 OM SP it 2021 10 screen","mpn":"","thumbnail":"https:\/\/dev.codekraft.it\/rotary-2024\/wp-content\/uploads\/brb_media\/00479457_double-scissor-lift-ds35-om-sp-it-2021-10-screen-pdf-116x150.png","description":""}],"brb_media_safety_datasheets":"","brb_media_spare_parts":[],"_cdmm_p_id":"475878","_company":"Elektron","_gtin":"","accessories":[{"id":378923,"mpn":"ROT-LPK230V","name":"Kit d\u2018alimentation 230 V","description":"","thumbnail":"https:\/\/dev.codekraft.it\/rotary-2024\/wp-content\/uploads\/brb_media\/00287569_ds-35-power-kit-230v-mi-150x150.png","url":"https:\/\/dev.codekraft.it\/rotary-2024\/fr\/produits\/accessoires-ponts-elevateurs-fr\/accessoires-ponts-a-doubles-ciseaux-fr\/kit-dalimentation-230-v\/"},{"id":379526,"mpn":"XX140075","name":"Tampons en caoutchouc Pyramide tronqu\u00e9e","description":"30 mm, avec rev\u00eatements antid\u00e9rapants | 1 jeu \/ 4 pi\u00e8ces","thumbnail":"https:\/\/dev.codekraft.it\/rotary-2024\/wp-content\/uploads\/brb_media\/00392090-150x150.png","url":"https:\/\/dev.codekraft.it\/rotary-2024\/fr\/produits\/accessoires-ponts-elevateurs-fr\/accessoires-ponts-a-doubles-ciseaux-fr\/tampons-en-caoutchouc-pyramide-tronquee\/"},{"id":379532,"mpn":"XX140076","name":"Tampons en caoutchouc Pyramide tronqu\u00e9e","description":"70 mm, avec rev\u00eatements antid\u00e9rapants | 1 jeu \/ 4 pi\u00e8ces","thumbnail":"https:\/\/dev.codekraft.it\/rotary-2024\/wp-content\/uploads\/brb_media\/00392091_scissor-lift-ds-32-70-mm-rubber-pad-di-150x150.png","url":"https:\/\/dev.codekraft.it\/rotary-2024\/fr\/produits\/accessoires-ponts-elevateurs-fr\/accessoires-ponts-a-doubles-ciseaux-fr\/tampons-en-caoutchouc-pyramide-tronquee-2\/"},{"id":381184,"mpn":"XX100014ZPBG","name":"Kit encastr\u00e9 DS32\/35, sans cadre, ZP+7012","description":"Bo\u00eetes de support pour rampes pliantes avec une installation encastr\u00e9e","thumbnail":"https:\/\/dev.codekraft.it\/rotary-2024\/wp-content\/uploads\/brb_media\/00489190_xx100014zpbg-mi-150x150.jpg","url":"https:\/\/dev.codekraft.it\/rotary-2024\/fr\/produits\/accessoires-ponts-elevateurs-fr\/accessoires-ponts-a-doubles-ciseaux-fr\/kit-encastre-ds32-35-sans-cadre-zp-7012\/"},{"id":381190,"mpn":"XX100003","name":"Kit encastr\u00e9 DS32\/35, avec cadre","description":"Cadre de montage (zingu\u00e9) et bo\u00eetes de support pour rampes pliantes","thumbnail":"https:\/\/dev.codekraft.it\/rotary-2024\/wp-content\/uploads\/brb_media\/00489191_xx100003-mi-150x150.jpg","url":"https:\/\/dev.codekraft.it\/rotary-2024\/fr\/produits\/accessoires-ponts-elevateurs-fr\/accessoires-ponts-a-doubles-ciseaux-fr\/kit-encastre-ds32-35-avec-cadre\/"},{"id":381178,"mpn":"XX100050CG","name":"Jeu de traverses RAL 7016","description":"2 traverses et 4 adaptateurs de fixation (1 jeu)","thumbnail":"https:\/\/dev.codekraft.it\/rotary-2024\/wp-content\/uploads\/brb_media\/00489189_xx100050cg-mi-150x150.jpg","url":"https:\/\/dev.codekraft.it\/rotary-2024\/fr\/produits\/accessoires-ponts-elevateurs-fr\/accessoires-ponts-a-doubles-ciseaux-fr\/jeu-de-traverses-ral-7016\/"},{"id":381202,"mpn":"XX100025ZPBG","name":"Kit encastr\u00e9 DS35EX, avec cadre, ZP+7012","description":"Cadre pour installation encastr\u00e9e, zingu\u00e9 (incl. bo\u00eetiers de compensation (1 jeu \/ 4 pi\u00e8ces))","thumbnail":"https:\/\/dev.codekraft.it\/rotary-2024\/wp-content\/uploads\/brb_media\/00489192_xx100025zpbg-mi-150x150.jpg","url":"https:\/\/dev.codekraft.it\/rotary-2024\/fr\/produits\/accessoires-ponts-elevateurs-fr\/accessoires-ponts-a-doubles-ciseaux-fr\/kit-encastre-ds35ex-avec-cadre-zp-7012\/"},{"id":381262,"mpn":"XX100024ZPBG","name":"Kit encastr\u00e9 DS35EX, sans cadre, ZP+7012","description":"Bo\u00eetes de support pour rampes pliantes avec une installation encastr\u00e9e (1 jeu \/ 4 pi\u00e8ces)","thumbnail":"https:\/\/dev.codekraft.it\/rotary-2024\/wp-content\/uploads\/brb_media\/00489196_xx100024zpbg-mi-150x150.jpg","url":"https:\/\/dev.codekraft.it\/rotary-2024\/fr\/produits\/accessoires-ponts-elevateurs-fr\/accessoires-ponts-a-doubles-ciseaux-fr\/kit-encastre-ds35ex-sans-cadre-zp-7012\/"}],"components":[],"related":[],"page_logo_src":"https:\/\/dev.codekraft.it\/rotary-2024\/wp-content\/uploads\/2024\/05\/cropped-rotary-logo-2022.png","lang":"fr","translations":{"fr":380011,"en":380009,"de":380010,"it":380012,"es":380013,"ru":380014},"pll_sync_post":[],"_links":{"self":[{"href":"https:\/\/dev.codekraft.it\/rotary-2024\/wp-json\/wp\/v2\/product\/380011","targetHints":{"allow":["GET"]}}],"collection":[{"href":"https:\/\/dev.codekraft.it\/rotary-2024\/wp-json\/wp\/v2\/product"}],"about":[{"href":"https:\/\/dev.codekraft.it\/rotary-2024\/wp-json\/wp\/v2\/types\/product"}],"wp:featuredmedia":[{"embeddable":true,"href":"https:\/\/dev.codekraft.it\/rotary-2024\/wp-json\/wp\/v2\/media\/352145"}],"wp:attachment":[{"href":"https:\/\/dev.codekraft.it\/rotary-2024\/wp-json\/wp\/v2\/media?parent=380011"}],"wp:term":[{"taxonomy":"product_brand","embeddable":true,"href":"https:\/\/dev.codekraft.it\/rotary-2024\/wp-json\/wp\/v2\/product_brand?post=380011"},{"taxonomy":"product_cat","embeddable":true,"href":"https:\/\/dev.codekraft.it\/rotary-2024\/wp-json\/wp\/v2\/product_cat?post=380011"},{"taxonomy":"product_tag","embeddable":true,"href":"https:\/\/dev.codekraft.it\/rotary-2024\/wp-json\/wp\/v2\/product_tag?post=380011"},{"taxonomy":"product_approvals","embeddable":true,"href":"https:\/\/dev.codekraft.it\/rotary-2024\/wp-json\/wp\/v2\/product_approvals?post=380011"},{"taxonomy":"product_application","embeddable":true,"href":"https:\/\/dev.codekraft.it\/rotary-2024\/wp-json\/wp\/v2\/product_application?post=380011"}],"curies":[{"name":"wp","href":"https:\/\/api.w.org\/{rel}","templated":true}]}}