{"id":380000,"date":"2025-12-11T10:11:16","date_gmt":"2025-12-11T10:11:16","guid":{"rendered":"https:\/\/dev.codekraft.it\/rotary-2024\/products\/uncategorized\/smontagomme-karacter-tlx-premium-2\/"},"modified":"2025-12-11T10:11:16","modified_gmt":"2025-12-11T10:11:16","slug":"smontagomme-karacter-tlx-premium-2","status":"publish","type":"product","link":"https:\/\/dev.codekraft.it\/rotary-2024\/it\/prodotti\/servizio-gomme-it\/smontagomme-it\/smontagomme-karacter-tlx-premium-2\/","title":{"rendered":"Smontagomme Karacter.TLX Premium"},"content":{"rendered":"<p>Smontagomme professionale per ruote vettura e trasporto leggero, dotato di utensile in materiale sintetico (Brevettato). Ergonomico e veloce grazie alla combinazione tra gli stallonatori a disco e lo stallonatore a paletta. Adatto a tutti i tipi di cerchi e pneumatici.<\/p>\n<ul>\n<li>Fornito di utensile in materiale sintetico e doppio disco stallonatore per favorire un lavoro pi\u00f9 veloce e sicuro<\/li>\n<\/ul>\n<ul>\n<li>Testa di montaggio in plastica: a differenza dei tradizionali utensili in metallo, l&#8217;utensile in plastica consente di lavorare vicino al cerchio, rendendo pi\u00f9 facile portare il tallone superiore sopra la flangia del cerchio<\/li>\n<li>Piatto extra-grip con tre altezze di lavoro regolabili<\/li>\n<\/ul>\n<ul>\n<li>Stallonatore laterale<\/li>\n<li>La posizione dei dischi stallonatore permette lo smontaggio del tallone inferiore senza l&#8217;utilizzo dell&#8217;utensile.<\/li>\n<li>Ottimizzazione semplificata: i due bracci stallonatore permettono di ruotare il pneumatico sul cerchio senza doverlo smontare<\/li>\n<li>La velocit\u00e0 pu\u00f2 essere controllata a piacere dall&#8217;operatore tramite moto-inverter con limitatore di velocit\u00e0 per la protezione dello pneumatico da forze eccessive (0 &#8211; 14 giri\/min.)<\/li>\n<li>Posizionamento sincronizzato dei 2 dischi stallonatore e posizionamento separato dell&#8217;utensile di montaggio<\/li>\n<li>Pulsante avanzamento dischi, consente una stallonatura veloce e sicura senza danni al fianco dello pneumatico e al sensore di pressione<\/li>\n<li>Utensile in materiale sintetico<\/li>\n<li>Bloccaggio di ruote a canale rovesciato senza la necessit\u00e0 di accessori extra<\/li>\n<li>Piatto extra-grip con tre altezze di lavoro regolabili<\/li>\n<li>Certificata WDK<\/li>\n<\/ul>\n","protected":false},"excerpt":{"rendered":"<p>Professionale, con leva di montaggio e utensile di montaggio brevettata in plastica, incl. premitallone pneumatico e sollevatore ruota, autovettura, diametro cerchione 10 &#8211; 26\u2033 | Grigio (RAL 7016)<\/p>\n","protected":false},"featured_media":364614,"template":"","meta":[],"product_brand":[],"product_cat":[1033404],"product_tag":[1034166],"product_approvals":[],"product_application":[],"class_list":{"0":"post-380000","1":"product","2":"type-product","3":"status-publish","4":"has-post-thumbnail","6":"product_cat-smontagomme-it","7":"product_tag-passenger-cars-it","9":"first","10":"instock","11":"shipping-taxable","12":"product-type-simple"},"approvals":[],"application":[],"brb_media_brochure":"","brb_media_drawing":"","brb_media_manuals":"","brb_media_safety_datasheets":"","brb_media_spare_parts":[],"_cdmm_p_id":"475432","_company":"Elektron","_gtin":"4057612935530","accessories":[{"id":379595,"mpn":"G1000A111","name":"Dispositivo premitallone WDK","description":"Incluso nel kit WDK","thumbnail":"https:\/\/dev.codekraft.it\/rotary-2024\/wp-content\/uploads\/brb_media\/00506672_g1000a111-150x150.png","url":"https:\/\/dev.codekraft.it\/rotary-2024\/it\/prodotti\/accessori-servizio-gomme-it\/accessori-smontagomme-it\/dispositivo-premitallone-wdk\/"},{"id":381525,"mpn":"G1000A81K","name":"Protezione in gomma per piattello appoggio ruota","description":"Set protezioni per ruote rovesce | 1 set \/ 10 pezzi","thumbnail":"https:\/\/dev.codekraft.it\/rotary-2024\/wp-content\/uploads\/brb_media\/00506708_g1000a81k-sp-150x150.png","url":"https:\/\/dev.codekraft.it\/rotary-2024\/it\/prodotti\/accessori-servizio-gomme-it\/accessori-smontagomme-it\/protezione-in-gomma-per-piattello-appoggio-ruota\/"},{"id":381531,"mpn":"G1000A84K","name":"Protezione in plastica per cono di centraggio","description":"Kit protezioni cono dispositivo di bloccaggio con ghiera rapida, per G1000A138 - G1000A80 | 1 set \/ 5 pezzi","thumbnail":"https:\/\/dev.codekraft.it\/rotary-2024\/wp-content\/uploads\/brb_media\/00506709_g1000a84k-150x150.png","url":"https:\/\/dev.codekraft.it\/rotary-2024\/it\/prodotti\/accessori-servizio-gomme-it\/accessori-smontagomme-it\/protezione-in-plastica-per-cono-di-centraggio\/"},{"id":381537,"mpn":"G1000A70K","name":"Protezione in plastica per perno trascinatore","description":"Protezione per dispositivo di trazione su tavola di serraggio | 1 set \/ 5 pezzi","thumbnail":"https:\/\/dev.codekraft.it\/rotary-2024\/wp-content\/uploads\/brb_media\/00506705_g1000a70k-150x150.png","url":"https:\/\/dev.codekraft.it\/rotary-2024\/it\/prodotti\/accessori-servizio-gomme-it\/accessori-smontagomme-it\/protezione-in-plastica-per-perno-trascinatore\/"},{"id":382088,"mpn":"G1000A137","name":"Piastra di serraggio Universale | per cerchi senza foro centrale e cerchi rovesciato | per G1000A138","description":"Flangia universale per ruote cieche \/ rovescie","thumbnail":"https:\/\/dev.codekraft.it\/rotary-2024\/wp-content\/uploads\/brb_media\/00506682_g1000a137-01-150x150.png","url":"https:\/\/dev.codekraft.it\/rotary-2024\/it\/prodotti\/accessori-servizio-gomme-it\/accessori-smontagomme-it\/piastra-di-serraggio-universale-per-cerchi-senza-foro-centrale-e-cerchi-rovesciato-per-g1000a138\/"},{"id":381543,"mpn":"G1000A72","name":"Piastra di serraggio Universale | per cerchi senza foro centrale e cerchi rovesciato","description":"Flangia universale per ruote cieche \/ rovescie","thumbnail":"https:\/\/dev.codekraft.it\/rotary-2024\/wp-content\/uploads\/brb_media\/00506707_g1000a72-150x150.png","url":"https:\/\/dev.codekraft.it\/rotary-2024\/it\/prodotti\/accessori-servizio-gomme-it\/accessori-smontagomme-it\/piastra-di-serraggio-universale-per-cerchi-senza-foro-centrale-e-cerchi-rovesciato\/"},{"id":381549,"mpn":"G1000A101","name":"Flangia for LT (Light Truck)","description":"","thumbnail":"https:\/\/dev.codekraft.it\/rotary-2024\/wp-content\/uploads\/brb_media\/00506669_g1000a101-150x150.png","url":"https:\/\/dev.codekraft.it\/rotary-2024\/it\/prodotti\/accessori-servizio-gomme-it\/accessori-smontagomme-it\/flangia-for-lt-light-truck\/"},{"id":380373,"mpn":"G1000A140","name":"Wulstboy con dispositivo di traino Standard","description":"Incluso nel kit WDK","thumbnail":"https:\/\/dev.codekraft.it\/rotary-2024\/wp-content\/uploads\/brb_media\/00506688_g1000a140-150x150.png","url":"https:\/\/dev.codekraft.it\/rotary-2024\/it\/prodotti\/accessori-servizio-gomme-it\/accessori-smontagomme-it\/wulstboy-con-dispositivo-di-traino-standard\/"},{"id":381335,"mpn":"G1000A36","name":"Prolunga per premitallone a 28\u2033 | per G1000A32","description":"Incluso nel kit WDK","thumbnail":"https:\/\/dev.codekraft.it\/rotary-2024\/wp-content\/uploads\/brb_media\/00506693_g1000a36-150x150.png","url":"https:\/\/dev.codekraft.it\/rotary-2024\/it\/prodotti\/accessori-servizio-gomme-it\/accessori-smontagomme-it\/prolunga-per-premitallone-a-28%e2%80%b3-per-g1000a32\/"},{"id":380610,"mpn":"G1000A56","name":"WulstBoy con dispositivo di trazione e catena fino a 22\u2033","description":"","thumbnail":"https:\/\/dev.codekraft.it\/rotary-2024\/wp-content\/uploads\/brb_media\/00506698_g1000a56-150x150.png","url":"https:\/\/dev.codekraft.it\/rotary-2024\/it\/prodotti\/accessori-servizio-gomme-it\/accessori-smontagomme-it\/wulstboy-con-dispositivo-di-trazione-e-catena-fino-a-22%e2%80%b3\/"},{"id":380604,"mpn":"G1000A67","name":"WulstBoy con dispositivo di trazione e catena fino a 28\u2033","description":"","thumbnail":"https:\/\/dev.codekraft.it\/rotary-2024\/wp-content\/uploads\/brb_media\/00506701_g1000a67-150x150.png","url":"https:\/\/dev.codekraft.it\/rotary-2024\/it\/prodotti\/accessori-servizio-gomme-it\/accessori-smontagomme-it\/wulstboy-con-dispositivo-di-trazione-e-catena-fino-a-28%e2%80%b3\/"},{"id":381555,"mpn":"G800A58","name":"Dispositivo di traino per braccio fermo","description":"","thumbnail":"https:\/\/dev.codekraft.it\/rotary-2024\/wp-content\/uploads\/brb_media\/00196308_g800a58-150x150.png","url":"https:\/\/dev.codekraft.it\/rotary-2024\/it\/prodotti\/accessori-servizio-gomme-it\/accessori-smontagomme-it\/dispositivo-di-traino-per-braccio-fermo\/"},{"id":381513,"mpn":"G800A38","name":"Pennello Plastica","description":"","thumbnail":"https:\/\/dev.codekraft.it\/rotary-2024\/wp-content\/uploads\/brb_media\/00506719_g800a38-150x150.png","url":"https:\/\/dev.codekraft.it\/rotary-2024\/it\/prodotti\/accessori-servizio-gomme-it\/accessori-smontagomme-it\/pennello-plastica\/"},{"id":382107,"mpn":"G800A37","name":"Pasta lubrificante per montaggio\/smontaggio pneumatici | 3,5 kg","description":"","thumbnail":"https:\/\/dev.codekraft.it\/rotary-2024\/wp-content\/uploads\/brb_media\/00506743_g800a37-150x150.png","url":"https:\/\/dev.codekraft.it\/rotary-2024\/it\/prodotti\/accessori-servizio-gomme-it\/accessori-smontagomme-it\/pasta-lubrificante-per-montaggio-smontaggio-pneumatici-35-kg\/"},{"id":381561,"mpn":"G1000A126","name":"Cono con distanziale | per albero 40 | \u00d8 69 mm","description":"Necessario G1000A80 - G1000A138","thumbnail":"https:\/\/dev.codekraft.it\/rotary-2024\/wp-content\/uploads\/brb_media\/00471557_tyre-changers-cone-for-40-mm-shaft-di-150x150.png","url":"https:\/\/dev.codekraft.it\/rotary-2024\/it\/prodotti\/accessori-servizio-gomme-it\/accessori-smontagomme-it\/cono-con-distanziale-per-albero-40-o-69-mm\/"},{"id":382020,"mpn":"G1000A160","name":"Leva alza tallone | arcuata","description":"","thumbnail":"https:\/\/dev.codekraft.it\/rotary-2024\/wp-content\/uploads\/brb_media\/00506725_b2440002-150x150.png","url":"https:\/\/dev.codekraft.it\/rotary-2024\/it\/prodotti\/accessori-servizio-gomme-it\/accessori-smontagomme-it\/leva-alza-tallone-arcuata\/"},{"id":381457,"mpn":"G800A11","name":"Protezione in plastica per paletta stallonatore","description":"1 pezzo","thumbnail":"https:\/\/dev.codekraft.it\/rotary-2024\/wp-content\/uploads\/brb_media\/00506714_g800a11-01-150x150.png","url":"https:\/\/dev.codekraft.it\/rotary-2024\/it\/prodotti\/accessori-servizio-gomme-it\/accessori-smontagomme-it\/protezione-in-plastica-per-paletta-stallonatore\/"},{"id":381996,"mpn":"G800A11K","name":"Protezione in plastica per paletta stallonatore","description":"5 pezzi","thumbnail":"https:\/\/dev.codekraft.it\/rotary-2024\/wp-content\/uploads\/brb_media\/00506714_g800a11-01-150x150.png","url":"https:\/\/dev.codekraft.it\/rotary-2024\/it\/prodotti\/accessori-servizio-gomme-it\/accessori-smontagomme-it\/protezione-in-plastica-per-paletta-stallonatore-2\/"},{"id":382113,"mpn":"G1000A14","name":"Testa di montaggio di ricambio per autovetture | in plastica","description":"","thumbnail":"https:\/\/dev.codekraft.it\/rotary-2024\/wp-content\/uploads\/brb_media\/00506687_g1000a14-150x150.png","url":"https:\/\/dev.codekraft.it\/rotary-2024\/it\/prodotti\/accessori-servizio-gomme-it\/accessori-smontagomme-it\/testa-di-montaggio-di-ricambio-per-autovetture-in-plastica\/"},{"id":381567,"mpn":"G1000A7","name":"Rullo premitallone","description":"","thumbnail":"https:\/\/dev.codekraft.it\/rotary-2024\/wp-content\/uploads\/brb_media\/00506704_g1000a7-150x150.png","url":"https:\/\/dev.codekraft.it\/rotary-2024\/it\/prodotti\/accessori-servizio-gomme-it\/accessori-smontagomme-it\/rullo-premitallone\/"},{"id":382014,"mpn":"G1000A100K","name":"Fogli di protezione per tallone | con approvazione WDK","description":"Incluso nel kit WDK | 1 set \/ 50 pezzi","thumbnail":"https:\/\/dev.codekraft.it\/rotary-2024\/wp-content\/uploads\/brb_media\/00506667_g1000a100k-01-150x150.png","url":"https:\/\/dev.codekraft.it\/rotary-2024\/it\/prodotti\/accessori-servizio-gomme-it\/accessori-smontagomme-it\/fogli-di-protezione-per-tallone-con-approvazione-wdk\/"},{"id":383597,"mpn":"G1000A66K","name":"Protezione in plastica per cono dispositivo di bloccaggio","description":"1 set \/ 5 pezzi","thumbnail":"https:\/\/dev.codekraft.it\/rotary-2024\/wp-content\/uploads\/brb_media\/00192777_g1000a66k-150x150.png","url":"https:\/\/dev.codekraft.it\/rotary-2024\/it\/prodotti\/accessori-servizio-gomme-it\/accessori-smontagomme-it\/protezione-in-plastica-per-cono-dispositivo-di-bloccaggio\/"},{"id":383301,"mpn":"G1000A12K","name":"Protezione in plastica per testa di montaggio di ricambio G1000A14","description":"Protezioni per cerchi in lega | 50 pezzi","thumbnail":"https:\/\/dev.codekraft.it\/rotary-2024\/wp-content\/uploads\/brb_media\/00506677_g1000a12k-01-150x150.png","url":"https:\/\/dev.codekraft.it\/rotary-2024\/it\/prodotti\/accessori-servizio-gomme-it\/accessori-smontagomme-it\/protezione-in-plastica-per-testa-di-montaggio-di-ricambio-g1000a14\/"},{"id":383307,"mpn":"G1000A13K","name":"Protezioni leva alzatalloni per levier | 1 set \/ 50 pezzi","description":"","thumbnail":"https:\/\/dev.codekraft.it\/rotary-2024\/wp-content\/uploads\/brb_media\/00506686_g1000a13k-150x150.png","url":"https:\/\/dev.codekraft.it\/rotary-2024\/it\/prodotti\/accessori-servizio-gomme-it\/accessori-smontagomme-it\/protezioni-leva-alzatalloni-per-levier-1-set-50-pezzi\/"},{"id":381990,"mpn":"G800A32","name":"Protezione in plastica per bordo cerchio","description":"Protezione tallone per pneumatici \u00abRun Flat\u00bb | Incluso nel kit WDK | 1 pezzo","thumbnail":"https:\/\/dev.codekraft.it\/rotary-2024\/wp-content\/uploads\/brb_media\/00506718_g800a32-150x150.png","url":"https:\/\/dev.codekraft.it\/rotary-2024\/it\/prodotti\/accessori-servizio-gomme-it\/accessori-smontagomme-it\/protezione-in-plastica-per-bordo-cerchio\/"},{"id":383704,"mpn":"G1000A138","name":"Dispositivo di bloccaggio rapido per cerchioni","description":"Accessorio per smontagomme","thumbnail":"https:\/\/dev.codekraft.it\/rotary-2024\/wp-content\/uploads\/brb_media\/00506684_g1000a138-150x150.png","url":"https:\/\/dev.codekraft.it\/rotary-2024\/it\/prodotti\/accessori-servizio-gomme-it\/accessori-smontagomme-it\/dispositivo-di-bloccaggio-rapido-per-cerchioni\/"},{"id":383177,"mpn":"G1000A92","name":"Cono con distanziale per albero 40 | \u00d8 50 mm","description":"","thumbnail":"https:\/\/dev.codekraft.it\/rotary-2024\/wp-content\/uploads\/brb_media\/00506712_g1000a92-150x150.png","url":"https:\/\/dev.codekraft.it\/rotary-2024\/it\/prodotti\/accessori-servizio-gomme-it\/accessori-smontagomme-it\/cono-con-distanziale-per-albero-40-o-50-mm\/"},{"id":383288,"mpn":"G1000A132","name":"Moltiplicatore di forza utensile","description":"Accessorio per smontagomme","thumbnail":"https:\/\/dev.codekraft.it\/rotary-2024\/wp-content\/uploads\/brb_media\/00506679_g1000a132-150x150.png","url":"https:\/\/dev.codekraft.it\/rotary-2024\/it\/prodotti\/accessori-servizio-gomme-it\/accessori-smontagomme-it\/moltiplicatore-di-forza-utensile-2\/"}],"components":[],"related":[],"page_logo_src":"https:\/\/dev.codekraft.it\/rotary-2024\/wp-content\/uploads\/2024\/05\/cropped-rotary-logo-2022.png","lang":"it","translations":{"it":380000,"en":379997,"de":379998,"fr":379999,"es":380001,"ru":380002},"pll_sync_post":[],"_links":{"self":[{"href":"https:\/\/dev.codekraft.it\/rotary-2024\/wp-json\/wp\/v2\/product\/380000","targetHints":{"allow":["GET"]}}],"collection":[{"href":"https:\/\/dev.codekraft.it\/rotary-2024\/wp-json\/wp\/v2\/product"}],"about":[{"href":"https:\/\/dev.codekraft.it\/rotary-2024\/wp-json\/wp\/v2\/types\/product"}],"wp:featuredmedia":[{"embeddable":true,"href":"https:\/\/dev.codekraft.it\/rotary-2024\/wp-json\/wp\/v2\/media\/364614"}],"wp:attachment":[{"href":"https:\/\/dev.codekraft.it\/rotary-2024\/wp-json\/wp\/v2\/media?parent=380000"}],"wp:term":[{"taxonomy":"product_brand","embeddable":true,"href":"https:\/\/dev.codekraft.it\/rotary-2024\/wp-json\/wp\/v2\/product_brand?post=380000"},{"taxonomy":"product_cat","embeddable":true,"href":"https:\/\/dev.codekraft.it\/rotary-2024\/wp-json\/wp\/v2\/product_cat?post=380000"},{"taxonomy":"product_tag","embeddable":true,"href":"https:\/\/dev.codekraft.it\/rotary-2024\/wp-json\/wp\/v2\/product_tag?post=380000"},{"taxonomy":"product_approvals","embeddable":true,"href":"https:\/\/dev.codekraft.it\/rotary-2024\/wp-json\/wp\/v2\/product_approvals?post=380000"},{"taxonomy":"product_application","embeddable":true,"href":"https:\/\/dev.codekraft.it\/rotary-2024\/wp-json\/wp\/v2\/product_application?post=380000"}],"curies":[{"name":"wp","href":"https:\/\/api.w.org\/{rel}","templated":true}]}}