{"id":379998,"date":"2025-12-11T10:04:39","date_gmt":"2025-12-11T10:04:39","guid":{"rendered":"https:\/\/dev.codekraft.it\/rotary-2024\/products\/uncategorized\/reifenmontiermaschine-karacter-tlx-premium-2\/"},"modified":"2025-12-11T10:04:39","modified_gmt":"2025-12-11T10:04:39","slug":"reifenmontiermaschine-karacter-tlx-premium-2","status":"publish","type":"product","link":"https:\/\/dev.codekraft.it\/rotary-2024\/produkte\/reifenservice-de\/reifenmontiermaschinen-de\/reifenmontiermaschine-karacter-tlx-premium-2\/","title":{"rendered":"Reifenmontiermaschine Karacter.TLX Premium"},"content":{"rendered":"<p>Professionelle Reifenmontiermaschine mit patentiertem Kunststoff-Montagekopf f\u00fcr Pkw und Lieferwagen. Ergonomisch und schnell dank der Kombination aus Abdr\u00fcckrollen und Seitenabdr\u00fcckern. F\u00fcr jede Art von Reifenkombination geeignet.<\/p>\n<ul>\n<li>Ausgestattet mit einem Kunststoffwerkzeug und 2 pneumatischen Kunststoff-Abdr\u00fcckrollen f\u00fcr einen leistungsf\u00e4higen und einfachen Arbeitsablauf<\/li>\n<\/ul>\n<ul>\n<li>Kunststoffmontagekopf: Im Gegensatz zu herk\u00f6mmlichen Werkzeugen, die aus Metall gefertigt wurden, erm\u00f6glicht Ihnen das Kunststoffwerkzeug, nahe an der Felge zu arbeiten und so leichter die obere Wulst \u00fcber das Felgenhorn zu bringen.<\/li>\n<li>Einspannvorrichtung mit extra Griff &#8211; Drei einstellbare Arbeitsh\u00f6hen<\/li>\n<\/ul>\n<ul>\n<li>Ausgestattet mit pneumatischem Hilfsarm<\/li>\n<li>Inklusive Radheber<\/li>\n<li>Seitenschaufel<\/li>\n<li>Die Position der Scheiben erm\u00f6glicht einen hebellosen Ausbau der zweiten Wulst<\/li>\n<li>Selbstregelnde Drehzahlsteuerung dank Wechselrichtertechnologie, mit der die Umdrehungen pro Minute an den erforderlichen Kraftaufwand anpasst werden (TPM 0-14)<\/li>\n<li>Synchronisierte Positionierung der 2 Abdr\u00fcckscheiben und separate Positionierung des Montagewerkzeugs<\/li>\n<li>Scheibenvorschub-Taste f\u00fcr ein korrektes und sicheres Abdr\u00fccken ohne Besch\u00e4digung von Reifenseitenwand und Drucksensor<\/li>\n<li>Synthetisches Werkzeug<\/li>\n<li>Einspannen umgekehrter Felgen ohne zus\u00e4tzlich ben\u00f6tigtes Zubeh\u00f6r m\u00f6glich<\/li>\n<li>H\u00f6he des Spanntisches ist einstellbar<\/li>\n<li>WDK-gepr\u00fcft<\/li>\n<\/ul>\n","protected":false},"excerpt":{"rendered":"<p>Professionell, mit Montiereisen und patentiertem Montagekopf aus Kunststoff, inkl. pneumatischem Wulstniederhalter und Radheber, Pkw, Felgendurchmesser 10 &#8211; 26\u2033 | Grau (RAL 7016)<\/p>\n","protected":false},"featured_media":364614,"template":"","meta":[],"product_brand":[],"product_cat":[1033364],"product_tag":[1034161],"product_approvals":[],"product_application":[],"class_list":{"0":"post-379998","1":"product","2":"type-product","3":"status-publish","4":"has-post-thumbnail","6":"product_cat-reifenmontiermaschinen-de","7":"product_tag-passenger-cars-de","9":"first","10":"instock","11":"shipping-taxable","12":"product-type-simple"},"approvals":[],"application":[],"brb_media_brochure":"","brb_media_drawing":"","brb_media_manuals":"","brb_media_safety_datasheets":"","brb_media_spare_parts":[],"_cdmm_p_id":"475432","_company":"Elektron","_gtin":"4057612935530","accessories":[{"id":379593,"mpn":"G1000A111","name":"Wulstniederhalter WDK","description":"Wulstanpressvorrrichtung | Im WDK-Kit enthalten","thumbnail":"https:\/\/dev.codekraft.it\/rotary-2024\/wp-content\/uploads\/brb_media\/00506672_g1000a111-150x150.png","url":"https:\/\/dev.codekraft.it\/rotary-2024\/produkte\/zubehor-reifenservice-de\/zubehor-reifenmontiermaschinen-de\/wulstniederhalter-wdk\/"},{"id":381523,"mpn":"G1000A81K","name":"Gummischutz f\u00fcr Montageteller","description":"Gummischutz-Set f\u00fcr Tiefbettfelgen | 1 Satz \/ 10 St\u00fcck","thumbnail":"https:\/\/dev.codekraft.it\/rotary-2024\/wp-content\/uploads\/brb_media\/00506708_g1000a81k-sp-150x150.png","url":"https:\/\/dev.codekraft.it\/rotary-2024\/produkte\/zubehor-reifenservice-de\/zubehor-reifenmontiermaschinen-de\/gummischutz-fur-montageteller\/"},{"id":381529,"mpn":"G1000A84K","name":"Kunststoffschutz f\u00fcr Zentrierkegel","description":"Konusschutz f\u00fcr G1000A138 - G1000A80  | 1 Satz \/ 5 St\u00fcck","thumbnail":"https:\/\/dev.codekraft.it\/rotary-2024\/wp-content\/uploads\/brb_media\/00506709_g1000a84k-150x150.png","url":"https:\/\/dev.codekraft.it\/rotary-2024\/produkte\/zubehor-reifenservice-de\/zubehor-reifenmontiermaschinen-de\/kunststoffschutz-fur-zentrierkegel\/"},{"id":381535,"mpn":"G1000A70K","name":"Kunststoffschutz f\u00fcr Zugstangenbolzen","description":"Schutz f\u00fcr Zugvorrichtung am Spanntisch | 1 Satz \/ 5 St\u00fcck","thumbnail":"https:\/\/dev.codekraft.it\/rotary-2024\/wp-content\/uploads\/brb_media\/00506705_g1000a70k-150x150.png","url":"https:\/\/dev.codekraft.it\/rotary-2024\/produkte\/zubehor-reifenservice-de\/zubehor-reifenmontiermaschinen-de\/kunststoffschutz-fur-zugstangenbolzen\/"},{"id":382086,"mpn":"G1000A137","name":"Typenspannplatte Universal | f\u00fcr Felgen ohne Mittenloch und umgekehrte Felgen | f\u00fcr G1000A138","description":"Universalflansch f\u00fcr Blind- und Umkehrfelgen","thumbnail":"https:\/\/dev.codekraft.it\/rotary-2024\/wp-content\/uploads\/brb_media\/00506682_g1000a137-01-150x150.png","url":"https:\/\/dev.codekraft.it\/rotary-2024\/produkte\/zubehor-reifenservice-de\/zubehor-reifenmontiermaschinen-de\/typenspannplatte-universal-fur-felgen-ohne-mittenloch-und-umgekehrte-felgen-fur-g1000a138\/"},{"id":381541,"mpn":"G1000A72","name":"Typenspannplatte Universal | f\u00fcr Felgen ohne Mittenloch und umgekehrte Felgen","description":"Universalflansch f\u00fcr Blind- und Umkehrfelgen","thumbnail":"https:\/\/dev.codekraft.it\/rotary-2024\/wp-content\/uploads\/brb_media\/00506707_g1000a72-150x150.png","url":"https:\/\/dev.codekraft.it\/rotary-2024\/produkte\/zubehor-reifenservice-de\/zubehor-reifenmontiermaschinen-de\/typenspannplatte-universal-fur-felgen-ohne-mittenloch-und-umgekehrte-felgen\/"},{"id":381547,"mpn":"G1000A101","name":"Flansch f\u00fcr LT (LLkw)","description":"F\u00fcr Reifenmontiermaschinen mit Zentralspannung","thumbnail":"https:\/\/dev.codekraft.it\/rotary-2024\/wp-content\/uploads\/brb_media\/00506669_g1000a101-150x150.png","url":"https:\/\/dev.codekraft.it\/rotary-2024\/produkte\/zubehor-reifenservice-de\/zubehor-reifenmontiermaschinen-de\/flansch-fur-lt-llkw\/"},{"id":380371,"mpn":"G1000A140","name":"Wulstboy mit Zugvorrichtung Standard","description":"Im WDK-Kit enthalten","thumbnail":"https:\/\/dev.codekraft.it\/rotary-2024\/wp-content\/uploads\/brb_media\/00506688_g1000a140-150x150.png","url":"https:\/\/dev.codekraft.it\/rotary-2024\/produkte\/zubehor-reifenservice-de\/zubehor-reifenmontiermaschinen-de\/wulstboy-mit-zugvorrichtung-standard\/"},{"id":381333,"mpn":"G1000A36","name":"Wulstkettenverl\u00e4ngerung auf 28\u2033 | f\u00fcr G1000A32","description":"Im WDK-Kit enthalten","thumbnail":"https:\/\/dev.codekraft.it\/rotary-2024\/wp-content\/uploads\/brb_media\/00506693_g1000a36-150x150.png","url":"https:\/\/dev.codekraft.it\/rotary-2024\/produkte\/zubehor-reifenservice-de\/zubehor-reifenmontiermaschinen-de\/wulstkettenverlangerung-auf-28%e2%80%b3-fur-g1000a32\/"},{"id":380608,"mpn":"G1000A56","name":"WulstBoy mit Zugvorrichtung und Wulstkette bis 22\u2033","description":"","thumbnail":"https:\/\/dev.codekraft.it\/rotary-2024\/wp-content\/uploads\/brb_media\/00506698_g1000a56-150x150.png","url":"https:\/\/dev.codekraft.it\/rotary-2024\/produkte\/zubehor-reifenservice-de\/zubehor-reifenmontiermaschinen-de\/wulstboy-mit-zugvorrichtung-und-wulstkette-bis-22%e2%80%b3\/"},{"id":380602,"mpn":"G1000A67","name":"WulstBoy mit Zugvorrichtung und Wulstkette bis 28\u2033","description":"","thumbnail":"https:\/\/dev.codekraft.it\/rotary-2024\/wp-content\/uploads\/brb_media\/00506701_g1000a67-150x150.png","url":"https:\/\/dev.codekraft.it\/rotary-2024\/produkte\/zubehor-reifenservice-de\/zubehor-reifenmontiermaschinen-de\/wulstboy-mit-zugvorrichtung-und-wulstkette-bis-28%e2%80%b3\/"},{"id":381553,"mpn":"G800A58","name":"Zugvorrichtung f\u00fcr Mitl\u00e4uferarm","description":"","thumbnail":"https:\/\/dev.codekraft.it\/rotary-2024\/wp-content\/uploads\/brb_media\/00196308_g800a58-150x150.png","url":"https:\/\/dev.codekraft.it\/rotary-2024\/produkte\/zubehor-reifenservice-de\/zubehor-reifenmontiermaschinen-de\/zugvorrichtung-fur-mitlauferarm\/"},{"id":381511,"mpn":"G800A38","name":"Pinsel Kunststoff","description":"","thumbnail":"https:\/\/dev.codekraft.it\/rotary-2024\/wp-content\/uploads\/brb_media\/00506719_g800a38-150x150.png","url":"https:\/\/dev.codekraft.it\/rotary-2024\/produkte\/zubehor-reifenservice-de\/zubehor-reifenmontiermaschinen-de\/pinsel-kunststoff\/"},{"id":382105,"mpn":"G800A37","name":"Montagepaste | 3,5 kg","description":"","thumbnail":"https:\/\/dev.codekraft.it\/rotary-2024\/wp-content\/uploads\/brb_media\/00506743_g800a37-150x150.png","url":"https:\/\/dev.codekraft.it\/rotary-2024\/produkte\/zubehor-reifenservice-de\/zubehor-reifenmontiermaschinen-de\/montagepaste-35-kg\/"},{"id":381559,"mpn":"G1000A126","name":"Konus mit Distanzring | f\u00fcr 40er Welle | \u00d8 69 mm","description":"Erforderlich G1000A80 - G1000A138","thumbnail":"https:\/\/dev.codekraft.it\/rotary-2024\/wp-content\/uploads\/brb_media\/00471557_tyre-changers-cone-for-40-mm-shaft-di-150x150.png","url":"https:\/\/dev.codekraft.it\/rotary-2024\/produkte\/zubehor-reifenservice-de\/zubehor-reifenmontiermaschinen-de\/konus-mit-distanzring-fur-40er-welle-o-69-mm\/"},{"id":382018,"mpn":"G1000A160","name":"Montiereisen | halbmondf\u00f6rmig","description":"","thumbnail":"https:\/\/dev.codekraft.it\/rotary-2024\/wp-content\/uploads\/brb_media\/00506725_b2440002-150x150.png","url":"https:\/\/dev.codekraft.it\/rotary-2024\/produkte\/zubehor-reifenservice-de\/zubehor-reifenmontiermaschinen-de\/montiereisen-halbmondformig\/"},{"id":381455,"mpn":"G800A11","name":"Kunststoffschutz f\u00fcr Abdr\u00fcckschaufel","description":"1 St\u00fcck","thumbnail":"https:\/\/dev.codekraft.it\/rotary-2024\/wp-content\/uploads\/brb_media\/00506714_g800a11-01-150x150.png","url":"https:\/\/dev.codekraft.it\/rotary-2024\/produkte\/zubehor-reifenservice-de\/zubehor-reifenmontiermaschinen-de\/kunststoffschutz-fur-abdruckschaufel\/"},{"id":381994,"mpn":"G800A11K","name":"Kunststoffschutz f\u00fcr Abdr\u00fcckschaufel","description":"5 St\u00fcck","thumbnail":"https:\/\/dev.codekraft.it\/rotary-2024\/wp-content\/uploads\/brb_media\/00506714_g800a11-01-150x150.png","url":"https:\/\/dev.codekraft.it\/rotary-2024\/produkte\/zubehor-reifenservice-de\/zubehor-reifenmontiermaschinen-de\/kunststoffschutz-fur-abdruckschaufel-2\/"},{"id":382111,"mpn":"G1000A14","name":"Ersatz-Montagekopf f\u00fcr Pkw | Kunststoff","description":"","thumbnail":"https:\/\/dev.codekraft.it\/rotary-2024\/wp-content\/uploads\/brb_media\/00506687_g1000a14-150x150.png","url":"https:\/\/dev.codekraft.it\/rotary-2024\/produkte\/zubehor-reifenservice-de\/zubehor-reifenmontiermaschinen-de\/ersatz-montagekopf-fur-pkw-kunststoff\/"},{"id":381565,"mpn":"G1000A7","name":"Wulstniederhalterolle","description":"","thumbnail":"https:\/\/dev.codekraft.it\/rotary-2024\/wp-content\/uploads\/brb_media\/00506704_g1000a7-150x150.png","url":"https:\/\/dev.codekraft.it\/rotary-2024\/produkte\/zubehor-reifenservice-de\/zubehor-reifenmontiermaschinen-de\/wulstniederhalterolle\/"},{"id":382012,"mpn":"G1000A100K","name":"Wulstschutzfolien | mit WDK-Zulassung","description":"Im WDK-Kit enthalten | 1 Satz \/ 50 St\u00fcck","thumbnail":"https:\/\/dev.codekraft.it\/rotary-2024\/wp-content\/uploads\/brb_media\/00506667_g1000a100k-01-150x150.png","url":"https:\/\/dev.codekraft.it\/rotary-2024\/produkte\/zubehor-reifenservice-de\/zubehor-reifenmontiermaschinen-de\/wulstschutzfolien-mit-wdk-zulassung\/"},{"id":383595,"mpn":"G1000A66K","name":"Kunststoffschutz f\u00fcr Konus der Spannvorrichtung","description":"1 Satz \/ 5 St\u00fcck","thumbnail":"https:\/\/dev.codekraft.it\/rotary-2024\/wp-content\/uploads\/brb_media\/00192777_g1000a66k-150x150.png","url":"https:\/\/dev.codekraft.it\/rotary-2024\/produkte\/zubehor-reifenservice-de\/zubehor-reifenmontiermaschinen-de\/kunststoffschutz-fur-konus-der-spannvorrichtung\/"},{"id":383299,"mpn":"G1000A12K","name":"Kunststoffschutz f\u00fcr Ersatz-Montagekopf G1000A14","description":"Montagekopfschutz f\u00fcr Alufelgen | 50 St\u00fcck","thumbnail":"https:\/\/dev.codekraft.it\/rotary-2024\/wp-content\/uploads\/brb_media\/00506677_g1000a12k-01-150x150.png","url":"https:\/\/dev.codekraft.it\/rotary-2024\/produkte\/zubehor-reifenservice-de\/zubehor-reifenmontiermaschinen-de\/kunststoffschutz-fur-ersatz-montagekopf-g1000a14\/"},{"id":383305,"mpn":"G1000A13K","name":"Montagehebel-Alufelgenschutz f\u00fcr Montiereisen | 1 Satz \/ 50 St\u00fcck","description":"","thumbnail":"https:\/\/dev.codekraft.it\/rotary-2024\/wp-content\/uploads\/brb_media\/00506686_g1000a13k-150x150.png","url":"https:\/\/dev.codekraft.it\/rotary-2024\/produkte\/zubehor-reifenservice-de\/zubehor-reifenmontiermaschinen-de\/montagehebel-alufelgenschutz-fur-montiereisen-1-satz-50-stuck\/"},{"id":381988,"mpn":"G800A32","name":"Kunststoffschutz f\u00fcr Felgenhorn","description":"Felgenhornwulstschutz f\u00fcr \u201eRun Flat-Reifen\u2033 | Im WDK-Kit enthalten | 1 St\u00fcck","thumbnail":"https:\/\/dev.codekraft.it\/rotary-2024\/wp-content\/uploads\/brb_media\/00506718_g800a32-150x150.png","url":"https:\/\/dev.codekraft.it\/rotary-2024\/produkte\/zubehor-reifenservice-de\/zubehor-reifenmontiermaschinen-de\/kunststoffschutz-fur-felgenhorn\/"},{"id":383702,"mpn":"G1000A138","name":"Schnellspannmutter f\u00fcr Felgen","description":"Schnellspannvorrichtung f\u00fcr Reifenmontiermaschinen","thumbnail":"https:\/\/dev.codekraft.it\/rotary-2024\/wp-content\/uploads\/brb_media\/00506684_g1000a138-150x150.png","url":"https:\/\/dev.codekraft.it\/rotary-2024\/produkte\/zubehor-reifenservice-de\/zubehor-reifenmontiermaschinen-de\/schnellspannmutter-fur-felgen\/"},{"id":383175,"mpn":"G1000A92","name":"Konus mit Distanzring | f\u00fcr 40er Welle | \u00d8 50 mm","description":"","thumbnail":"https:\/\/dev.codekraft.it\/rotary-2024\/wp-content\/uploads\/brb_media\/00506712_g1000a92-150x150.png","url":"https:\/\/dev.codekraft.it\/rotary-2024\/produkte\/zubehor-reifenservice-de\/zubehor-reifenmontiermaschinen-de\/konus-mit-distanzring-fur-40er-welle-o-50-mm\/"},{"id":383286,"mpn":"G1000A132","name":"Montagekopf-Kraftverst\u00e4rker","description":"Zubeh\u00f6r f\u00fcr Reifenmontiermaschinen","thumbnail":"https:\/\/dev.codekraft.it\/rotary-2024\/wp-content\/uploads\/brb_media\/00506679_g1000a132-150x150.png","url":"https:\/\/dev.codekraft.it\/rotary-2024\/produkte\/zubehor-reifenservice-de\/zubehor-reifenmontiermaschinen-de\/montagekopf-kraftverstarker-2\/"}],"components":[],"related":[],"page_logo_src":"https:\/\/dev.codekraft.it\/rotary-2024\/wp-content\/uploads\/2024\/05\/cropped-rotary-logo-2022.png","lang":"de","translations":{"de":379998,"en":379997,"fr":379999,"it":380000,"es":380001,"ru":380002},"pll_sync_post":[],"_links":{"self":[{"href":"https:\/\/dev.codekraft.it\/rotary-2024\/wp-json\/wp\/v2\/product\/379998","targetHints":{"allow":["GET"]}}],"collection":[{"href":"https:\/\/dev.codekraft.it\/rotary-2024\/wp-json\/wp\/v2\/product"}],"about":[{"href":"https:\/\/dev.codekraft.it\/rotary-2024\/wp-json\/wp\/v2\/types\/product"}],"wp:featuredmedia":[{"embeddable":true,"href":"https:\/\/dev.codekraft.it\/rotary-2024\/wp-json\/wp\/v2\/media\/364614"}],"wp:attachment":[{"href":"https:\/\/dev.codekraft.it\/rotary-2024\/wp-json\/wp\/v2\/media?parent=379998"}],"wp:term":[{"taxonomy":"product_brand","embeddable":true,"href":"https:\/\/dev.codekraft.it\/rotary-2024\/wp-json\/wp\/v2\/product_brand?post=379998"},{"taxonomy":"product_cat","embeddable":true,"href":"https:\/\/dev.codekraft.it\/rotary-2024\/wp-json\/wp\/v2\/product_cat?post=379998"},{"taxonomy":"product_tag","embeddable":true,"href":"https:\/\/dev.codekraft.it\/rotary-2024\/wp-json\/wp\/v2\/product_tag?post=379998"},{"taxonomy":"product_approvals","embeddable":true,"href":"https:\/\/dev.codekraft.it\/rotary-2024\/wp-json\/wp\/v2\/product_approvals?post=379998"},{"taxonomy":"product_application","embeddable":true,"href":"https:\/\/dev.codekraft.it\/rotary-2024\/wp-json\/wp\/v2\/product_application?post=379998"}],"curies":[{"name":"wp","href":"https:\/\/api.w.org\/{rel}","templated":true}]}}