{"id":379995,"date":"2025-12-11T10:11:34","date_gmt":"2025-12-11T10:11:34","guid":{"rendered":"https:\/\/dev.codekraft.it\/rotary-2024\/products\/uncategorized\/desmontadora-de-neumaticos-karacter-tlx-premium\/"},"modified":"2025-12-11T10:11:34","modified_gmt":"2025-12-11T10:11:34","slug":"desmontadora-de-neumaticos-karacter-tlx-premium","status":"publish","type":"product","link":"https:\/\/dev.codekraft.it\/rotary-2024\/es\/productos\/servicio-de-llantas-es\/desmontadoras-es\/desmontadora-de-neumaticos-karacter-tlx-premium\/","title":{"rendered":"Desmontadora de neum\u00e1ticos Karacter.TLX Premium"},"content":{"rendered":"<p>Desmontadora profesional de neum\u00e1ticos de coche y cami\u00f3n ligero con bloqueo centrante, con \u00fatil de montaje de pl\u00e1stico patentado. Ergon\u00f3mico y r\u00e1pido, gracias a la combinaci\u00f3n de destalonadores de rodillos y destalonador lateral. Id\u00f3neo para todo tipo de combinaci\u00f3n de neum\u00e1ticos.<\/p>\n<ul>\n<li>Equipada con dos \u00fatiles de pl\u00e1stico y 2 rodillos destalonadores de pl\u00e1stico neum\u00e1ticos para un proceso de trabajo potente y f\u00e1cil<\/li>\n<\/ul>\n<ul>\n<li>Cabezal de montaje de pl\u00e1stico: A diferencia de las herramientas convencionales de metal, la herramienta de pl\u00e1stico le permite trabajar cerca de la llanta, lo que facilita la colocaci\u00f3n del tal\u00f3n superior sobre el reborde de la llanta<\/li>\n<li>Dispositivo de garra con agarre extra &#8211; Tres alturas de trabajo regulables<\/li>\n<\/ul>\n<ul>\n<li>Pala lateral<\/li>\n<li>La posici\u00f3n de los discos permite un desmontaje sin palanca del segundo tal\u00f3n<\/li>\n<li>Posible igualaci\u00f3n sin desmontar el neum\u00e1tico<\/li>\n<li>Velocidad autoregulada gracias a la tecnolog\u00eda de inversor que regula las revoluciones por minuto al esfuerzo requerido (TPM 0-14)<\/li>\n<li>Posicionamiento sincronizado de los 2 discos destalonadores y posicionamiento por separado del \u00fatil de montaje<\/li>\n<li>Bot\u00f3n de avance de disco para destalonar correctamente y con seguridad sin da\u00f1ar la pared lateral del neum\u00e1tico ni el sensor de presi\u00f3n<\/li>\n<li>\u00datil sint\u00e9tico<\/li>\n<li>Agarre de llantas invertidas posible sin opcionales extra<\/li>\n<li>Altura regulable de la mesa de mordaza<\/li>\n<li>Autorizado por WDK<\/li>\n<\/ul>\n","protected":false},"excerpt":{"rendered":"<p>Profesional, con palanca de montaje y \u00fatil de montaje de pl\u00e1stico patentado, incl. brazo de ayuda neum\u00e1tico y elevador de rueda, turismo, di\u00e1metro de llanta 10 &#8211; 26\u2033 | Rojo (RAL 3002)<\/p>\n","protected":false},"featured_media":352091,"template":"","meta":[],"product_brand":[],"product_cat":[1033424],"product_tag":[1034169],"product_approvals":[],"product_application":[],"class_list":{"0":"post-379995","1":"product","2":"type-product","3":"status-publish","4":"has-post-thumbnail","6":"product_cat-desmontadoras-es","7":"product_tag-passenger-cars-es","9":"first","10":"instock","11":"shipping-taxable","12":"product-type-simple"},"approvals":[],"application":[],"brb_media_brochure":"","brb_media_drawing":"","brb_media_manuals":[{"id":379974,"url":"https:\/\/dev.codekraft.it\/rotary-2024\/wp-content\/uploads\/brb_media\/00539687_tyre-changer-karactertlx-im-7108-m014-01_vsg_rev01-de-2024-03.pdf","title":"tyre changer karactertlx im 7108 m014 01 vsg rev01 de 2024 03","mpn":"","thumbnail":"https:\/\/dev.codekraft.it\/rotary-2024\/wp-content\/uploads\/brb_media\/00539687_tyre-changer-karactertlx-im-7108-m014-01_vsg_rev01-de-2024-03-pdf-106x150.png","description":""},{"id":379975,"url":"https:\/\/dev.codekraft.it\/rotary-2024\/wp-content\/uploads\/brb_media\/00539688_tyre-changer-karactertlx-im-7108-m014-01_vsg_rev01-en-2024-03.pdf","title":"tyre changer karactertlx im 7108 m014 01 vsg rev01 en 2024 03","mpn":"","thumbnail":"https:\/\/dev.codekraft.it\/rotary-2024\/wp-content\/uploads\/brb_media\/00539688_tyre-changer-karactertlx-im-7108-m014-01_vsg_rev01-en-2024-03-pdf-106x150.png","description":""},{"id":379976,"url":"https:\/\/dev.codekraft.it\/rotary-2024\/wp-content\/uploads\/brb_media\/00539689_tyre-changer-karactertlx-im-7108-m014-01_vsg_rev01-fr-2024-03.pdf","title":"tyre changer karactertlx im 7108 m014 01 vsg rev01 fr 2024 03","mpn":"","thumbnail":"https:\/\/dev.codekraft.it\/rotary-2024\/wp-content\/uploads\/brb_media\/00539689_tyre-changer-karactertlx-im-7108-m014-01_vsg_rev01-fr-2024-03-pdf-106x150.png","description":""},{"id":379977,"url":"https:\/\/dev.codekraft.it\/rotary-2024\/wp-content\/uploads\/brb_media\/00539691_tyre-changer-karactertlx-im-7108-m014-01_vsg_rev01-it-2024-03.pdf","title":"tyre changer karactertlx im 7108 m014 01 vsg rev01 it 2024 03","mpn":"","thumbnail":"https:\/\/dev.codekraft.it\/rotary-2024\/wp-content\/uploads\/brb_media\/00539691_tyre-changer-karactertlx-im-7108-m014-01_vsg_rev01-it-2024-03-pdf-106x150.png","description":""},{"id":379978,"url":"https:\/\/dev.codekraft.it\/rotary-2024\/wp-content\/uploads\/brb_media\/00539692_tyre-changer-karactertlx-im-7108-m014-01_vsg_rev01-es-2024-03.pdf","title":"tyre changer karactertlx im 7108 m014 01 vsg rev01 es 2024 03","mpn":"","thumbnail":"https:\/\/dev.codekraft.it\/rotary-2024\/wp-content\/uploads\/brb_media\/00539692_tyre-changer-karactertlx-im-7108-m014-01_vsg_rev01-es-2024-03-pdf-106x150.png","description":""}],"brb_media_safety_datasheets":"","brb_media_spare_parts":[],"_cdmm_p_id":"475431","_company":"Elektron","_gtin":"5063084201683","accessories":[{"id":379596,"mpn":"G1000A111","name":"Dispositivo de prensado de tal\u00f3n WDK","description":"Incluido en el kit WDK","thumbnail":"https:\/\/dev.codekraft.it\/rotary-2024\/wp-content\/uploads\/brb_media\/00506672_g1000a111-150x150.png","url":"https:\/\/dev.codekraft.it\/rotary-2024\/es\/productos\/accesorios-servicio-de-llantas-es\/accesorios-desmontadoras-es\/dispositivo-de-prensado-de-talon-wdk\/"},{"id":381526,"mpn":"G1000A81K","name":"Protecci\u00f3n de goma para della platillo de apoyo rueda","description":"Juego de protecci\u00f3n para ruedas invertidas | 1 juego \/ 10 piezas","thumbnail":"https:\/\/dev.codekraft.it\/rotary-2024\/wp-content\/uploads\/brb_media\/00506708_g1000a81k-sp-150x150.png","url":"https:\/\/dev.codekraft.it\/rotary-2024\/es\/productos\/accesorios-servicio-de-llantas-es\/accesorios-desmontadoras-es\/proteccion-de-goma-para-della-platillo-de-apoyo-rueda\/"},{"id":381532,"mpn":"G1000A84K","name":"Protecci\u00f3n de pl\u00e1stico para cono de centrado","description":"Juego de protecciones cono para dispositivo de bloqueo garra r\u00e1pida, para G1000A138 - G1000A80 (5 unidades)","thumbnail":"https:\/\/dev.codekraft.it\/rotary-2024\/wp-content\/uploads\/brb_media\/00506709_g1000a84k-150x150.png","url":"https:\/\/dev.codekraft.it\/rotary-2024\/es\/productos\/accesorios-servicio-de-llantas-es\/accesorios-desmontadoras-es\/proteccion-de-plastico-para-cono-de-centrado\/"},{"id":381538,"mpn":"G1000A70K","name":"Protecci\u00f3n de pl\u00e1stico para pernos de arrastre","description":"Protecci\u00f3n para dispositivo de tracci\u00f3n en mesa de sujeci\u00f3n | 1 juego \/ 5 piezas","thumbnail":"https:\/\/dev.codekraft.it\/rotary-2024\/wp-content\/uploads\/brb_media\/00506705_g1000a70k-150x150.png","url":"https:\/\/dev.codekraft.it\/rotary-2024\/es\/productos\/accesorios-servicio-de-llantas-es\/accesorios-desmontadoras-es\/proteccion-de-plastico-para-pernos-de-arrastre\/"},{"id":382089,"mpn":"G1000A137","name":"Placa de sujeci\u00f3n Universal | para llantas sin agujero central y llantas invertidas | por G1000A138","description":"Garra universal para llantas ciegas \/ llantas al rev\u00e9s","thumbnail":"https:\/\/dev.codekraft.it\/rotary-2024\/wp-content\/uploads\/brb_media\/00506682_g1000a137-01-150x150.png","url":"https:\/\/dev.codekraft.it\/rotary-2024\/es\/productos\/accesorios-servicio-de-llantas-es\/accesorios-desmontadoras-es\/placa-de-sujecion-universal-para-llantas-sin-agujero-central-y-llantas-invertidas-por-g1000a138\/"},{"id":381544,"mpn":"G1000A72","name":"Placa de sujeci\u00f3n Universal | para llantas sin agujero central y llantas invertidas","description":"Garra universal para llantas ciegas \/ llantas al rev\u00e9s","thumbnail":"https:\/\/dev.codekraft.it\/rotary-2024\/wp-content\/uploads\/brb_media\/00506707_g1000a72-150x150.png","url":"https:\/\/dev.codekraft.it\/rotary-2024\/es\/productos\/accesorios-servicio-de-llantas-es\/accesorios-desmontadoras-es\/placa-de-sujecion-universal-para-llantas-sin-agujero-central-y-llantas-invertidas\/"},{"id":381550,"mpn":"G1000A101","name":"Garra para LT (Light Truck)","description":"","thumbnail":"https:\/\/dev.codekraft.it\/rotary-2024\/wp-content\/uploads\/brb_media\/00506669_g1000a101-150x150.png","url":"https:\/\/dev.codekraft.it\/rotary-2024\/es\/productos\/accesorios-servicio-de-llantas-es\/accesorios-desmontadoras-es\/garra-para-lt-light-truck\/"},{"id":380374,"mpn":"G1000A140","name":"Wulstboy con dispositivo de remolque Est\u00e1ndar","description":"Incluido en el kit WDK","thumbnail":"https:\/\/dev.codekraft.it\/rotary-2024\/wp-content\/uploads\/brb_media\/00506688_g1000a140-150x150.png","url":"https:\/\/dev.codekraft.it\/rotary-2024\/es\/productos\/accesorios-servicio-de-llantas-es\/accesorios-desmontadoras-es\/wulstboy-con-dispositivo-de-remolque-estandar\/"},{"id":381336,"mpn":"G1000A36","name":"Extensi\u00f3n para prensa tal\u00f3n a 28\u2033 | para G1000A32","description":"Incluido en el kit WDK","thumbnail":"https:\/\/dev.codekraft.it\/rotary-2024\/wp-content\/uploads\/brb_media\/00506693_g1000a36-150x150.png","url":"https:\/\/dev.codekraft.it\/rotary-2024\/es\/productos\/accesorios-servicio-de-llantas-es\/accesorios-desmontadoras-es\/extension-para-prensa-talon-a-28%e2%80%b3-para-g1000a32\/"},{"id":380611,"mpn":"G1000A56","name":"WulstBoy con dispositivo de tracci\u00f3n y cadena de rosario de hasta 22\u2033","description":"","thumbnail":"https:\/\/dev.codekraft.it\/rotary-2024\/wp-content\/uploads\/brb_media\/00506698_g1000a56-150x150.png","url":"https:\/\/dev.codekraft.it\/rotary-2024\/es\/productos\/accesorios-servicio-de-llantas-es\/accesorios-desmontadoras-es\/wulstboy-con-dispositivo-de-traccion-y-cadena-de-rosario-de-hasta-22%e2%80%b3\/"},{"id":380605,"mpn":"G1000A67","name":"WulstBoy con dispositivo de tracci\u00f3n y cadena de rosario de hasta 28\u2033","description":"","thumbnail":"https:\/\/dev.codekraft.it\/rotary-2024\/wp-content\/uploads\/brb_media\/00506701_g1000a67-150x150.png","url":"https:\/\/dev.codekraft.it\/rotary-2024\/es\/productos\/accesorios-servicio-de-llantas-es\/accesorios-desmontadoras-es\/wulstboy-con-dispositivo-de-traccion-y-cadena-de-rosario-de-hasta-28%e2%80%b3\/"},{"id":381556,"mpn":"G800A58","name":"Dispositivo de tracci\u00f3n para brazo inactivo","description":"","thumbnail":"https:\/\/dev.codekraft.it\/rotary-2024\/wp-content\/uploads\/brb_media\/00196308_g800a58-150x150.png","url":"https:\/\/dev.codekraft.it\/rotary-2024\/es\/productos\/accesorios-servicio-de-llantas-es\/accesorios-desmontadoras-es\/dispositivo-de-traccion-para-brazo-inactivo\/"},{"id":381514,"mpn":"G800A38","name":"Brocha Pl\u00e1stico","description":"","thumbnail":"https:\/\/dev.codekraft.it\/rotary-2024\/wp-content\/uploads\/brb_media\/00506719_g800a38-150x150.png","url":"https:\/\/dev.codekraft.it\/rotary-2024\/es\/productos\/accesorios-servicio-de-llantas-es\/accesorios-desmontadoras-es\/brocha-plastico\/"},{"id":382108,"mpn":"G800A37","name":"Jab\u00f3n lubricante para montaje\/desmontaje neum\u00e1ticos | 3,5 kg","description":"","thumbnail":"https:\/\/dev.codekraft.it\/rotary-2024\/wp-content\/uploads\/brb_media\/00506743_g800a37-150x150.png","url":"https:\/\/dev.codekraft.it\/rotary-2024\/es\/productos\/accesorios-servicio-de-llantas-es\/accesorios-desmontadoras-es\/jabon-lubricante-para-montaje-desmontaje-neumaticos-35-kg\/"},{"id":381562,"mpn":"G1000A126","name":"Cono con espesor | para eje 40 | \u00d8 69 mm","description":"Necesario G1000A80 - G1000A138","thumbnail":"https:\/\/dev.codekraft.it\/rotary-2024\/wp-content\/uploads\/brb_media\/00471557_tyre-changers-cone-for-40-mm-shaft-di-150x150.png","url":"https:\/\/dev.codekraft.it\/rotary-2024\/es\/productos\/accesorios-servicio-de-llantas-es\/accesorios-desmontadoras-es\/cono-con-espesor-para-eje-40-o-69-mm\/"},{"id":382021,"mpn":"G1000A160","name":"Palanca | en forma de \u201cpl\u00e1tano\u201d","description":"","thumbnail":"https:\/\/dev.codekraft.it\/rotary-2024\/wp-content\/uploads\/brb_media\/00506725_b2440002-150x150.png","url":"https:\/\/dev.codekraft.it\/rotary-2024\/es\/productos\/accesorios-servicio-de-llantas-es\/accesorios-desmontadoras-es\/palanca-en-forma-de-platano\/"},{"id":381458,"mpn":"G800A11","name":"Protecci\u00f3n de pl\u00e1stico para pala destalonadora","description":"1 pieza","thumbnail":"https:\/\/dev.codekraft.it\/rotary-2024\/wp-content\/uploads\/brb_media\/00506714_g800a11-01-150x150.png","url":"https:\/\/dev.codekraft.it\/rotary-2024\/es\/productos\/accesorios-servicio-de-llantas-es\/accesorios-desmontadoras-es\/proteccion-de-plastico-para-pala-destalonadora\/"},{"id":381997,"mpn":"G800A11K","name":"Protecci\u00f3n de pl\u00e1stico para pala destalonadora","description":"5 piezas","thumbnail":"https:\/\/dev.codekraft.it\/rotary-2024\/wp-content\/uploads\/brb_media\/00506714_g800a11-01-150x150.png","url":"https:\/\/dev.codekraft.it\/rotary-2024\/es\/productos\/accesorios-servicio-de-llantas-es\/accesorios-desmontadoras-es\/proteccion-de-plastico-para-pala-destalonadora-2\/"},{"id":382114,"mpn":"G1000A14","name":"Cabezal de montaje de repuesto para turismos | in plastica","description":"","thumbnail":"https:\/\/dev.codekraft.it\/rotary-2024\/wp-content\/uploads\/brb_media\/00506687_g1000a14-150x150.png","url":"https:\/\/dev.codekraft.it\/rotary-2024\/es\/productos\/accesorios-servicio-de-llantas-es\/accesorios-desmontadoras-es\/cabezal-de-montaje-de-repuesto-para-turismos-in-plastica\/"},{"id":381568,"mpn":"G1000A7","name":"Rodillo depresor de talones","description":"","thumbnail":"https:\/\/dev.codekraft.it\/rotary-2024\/wp-content\/uploads\/brb_media\/00506704_g1000a7-150x150.png","url":"https:\/\/dev.codekraft.it\/rotary-2024\/es\/productos\/accesorios-servicio-de-llantas-es\/accesorios-desmontadoras-es\/rodillo-depresor-de-talones\/"},{"id":382015,"mpn":"G1000A100K","name":"Pel\u00edculas de protecci\u00f3n de tal\u00f3n | con homologaci\u00f3n WDK","description":"Incluido en el kit WDK | 1 juego \/ 50 piezas","thumbnail":"https:\/\/dev.codekraft.it\/rotary-2024\/wp-content\/uploads\/brb_media\/00506667_g1000a100k-01-150x150.png","url":"https:\/\/dev.codekraft.it\/rotary-2024\/es\/productos\/accesorios-servicio-de-llantas-es\/accesorios-desmontadoras-es\/peliculas-de-proteccion-de-talon-con-homologacion-wdk\/"},{"id":383598,"mpn":"G1000A66K","name":"Protecci\u00f3n de pl\u00e1stico para cono dispositivo de bloqueo","description":"1 juego \/ 5 piezas","thumbnail":"https:\/\/dev.codekraft.it\/rotary-2024\/wp-content\/uploads\/brb_media\/00192777_g1000a66k-150x150.png","url":"https:\/\/dev.codekraft.it\/rotary-2024\/es\/productos\/accesorios-servicio-de-llantas-es\/accesorios-desmontadoras-es\/proteccion-de-plastico-para-cono-dispositivo-de-bloqueo\/"},{"id":383302,"mpn":"G1000A12K","name":"Protecci\u00f3n de pl\u00e1stico para cabezal de montaje de repuesto G1000A14","description":"Protecci\u00f3n llantas de aleaci\u00f3n para \u00fatil de desmontaje | 50 piezas","thumbnail":"https:\/\/dev.codekraft.it\/rotary-2024\/wp-content\/uploads\/brb_media\/00506677_g1000a12k-01-150x150.png","url":"https:\/\/dev.codekraft.it\/rotary-2024\/es\/productos\/accesorios-servicio-de-llantas-es\/accesorios-desmontadoras-es\/proteccion-de-plastico-para-cabezal-de-montaje-de-repuesto-g1000a14\/"},{"id":383308,"mpn":"G1000A13K","name":"Protecciones palanca levanta talones para palanca | 1 juego \/ 50 piezas","description":"","thumbnail":"https:\/\/dev.codekraft.it\/rotary-2024\/wp-content\/uploads\/brb_media\/00506686_g1000a13k-150x150.png","url":"https:\/\/dev.codekraft.it\/rotary-2024\/es\/productos\/accesorios-servicio-de-llantas-es\/accesorios-desmontadoras-es\/protecciones-palanca-levanta-talones-para-palanca-1-juego-50-piezas\/"},{"id":381991,"mpn":"G800A32","name":"Protecci\u00f3n de pl\u00e1stico para el borde de llanta","description":"Protecci\u00f3n tal\u00f3n para neum\u00e1ticos \u00abRun Flat\u00bb | Incluido en el kit WDK | 1 pieza","thumbnail":"https:\/\/dev.codekraft.it\/rotary-2024\/wp-content\/uploads\/brb_media\/00506718_g800a32-150x150.png","url":"https:\/\/dev.codekraft.it\/rotary-2024\/es\/productos\/accesorios-servicio-de-llantas-es\/accesorios-desmontadoras-es\/proteccion-de-plastico-para-el-borde-de-llanta\/"},{"id":383705,"mpn":"G1000A138","name":"Bloqueo de fijaci\u00f3n r\u00e1pida para llantas","description":"Dispositivo de bloqueo rueda con enganche r\u00e1pido para desmontadoras","thumbnail":"https:\/\/dev.codekraft.it\/rotary-2024\/wp-content\/uploads\/brb_media\/00506684_g1000a138-150x150.png","url":"https:\/\/dev.codekraft.it\/rotary-2024\/es\/productos\/accesorios-servicio-de-llantas-es\/accesorios-desmontadoras-es\/bloqueo-de-fijacion-rapida-para-llantas\/"},{"id":383178,"mpn":"G1000A92","name":"Cono con espesor | para eje 40 | \u00d8 50 mm","description":"","thumbnail":"https:\/\/dev.codekraft.it\/rotary-2024\/wp-content\/uploads\/brb_media\/00506712_g1000a92-150x150.png","url":"https:\/\/dev.codekraft.it\/rotary-2024\/es\/productos\/accesorios-servicio-de-llantas-es\/accesorios-desmontadoras-es\/cono-con-espesor-para-eje-40-o-50-mm\/"},{"id":383289,"mpn":"G1000A132","name":"Multiplicador furza u\u00f1a\/\u00fatil","description":"Accesorio de desmontadoras","thumbnail":"https:\/\/dev.codekraft.it\/rotary-2024\/wp-content\/uploads\/brb_media\/00506679_g1000a132-150x150.png","url":"https:\/\/dev.codekraft.it\/rotary-2024\/es\/productos\/accesorios-servicio-de-llantas-es\/accesorios-desmontadoras-es\/multiplicador-furza-una-util\/"}],"components":[],"related":[],"page_logo_src":"https:\/\/dev.codekraft.it\/rotary-2024\/wp-content\/uploads\/2024\/05\/cropped-rotary-logo-2022.png","lang":"es","translations":{"es":379995,"en":379991,"de":379992,"fr":379993,"it":379994,"ru":379996},"pll_sync_post":[],"_links":{"self":[{"href":"https:\/\/dev.codekraft.it\/rotary-2024\/wp-json\/wp\/v2\/product\/379995","targetHints":{"allow":["GET"]}}],"collection":[{"href":"https:\/\/dev.codekraft.it\/rotary-2024\/wp-json\/wp\/v2\/product"}],"about":[{"href":"https:\/\/dev.codekraft.it\/rotary-2024\/wp-json\/wp\/v2\/types\/product"}],"wp:featuredmedia":[{"embeddable":true,"href":"https:\/\/dev.codekraft.it\/rotary-2024\/wp-json\/wp\/v2\/media\/352091"}],"wp:attachment":[{"href":"https:\/\/dev.codekraft.it\/rotary-2024\/wp-json\/wp\/v2\/media?parent=379995"}],"wp:term":[{"taxonomy":"product_brand","embeddable":true,"href":"https:\/\/dev.codekraft.it\/rotary-2024\/wp-json\/wp\/v2\/product_brand?post=379995"},{"taxonomy":"product_cat","embeddable":true,"href":"https:\/\/dev.codekraft.it\/rotary-2024\/wp-json\/wp\/v2\/product_cat?post=379995"},{"taxonomy":"product_tag","embeddable":true,"href":"https:\/\/dev.codekraft.it\/rotary-2024\/wp-json\/wp\/v2\/product_tag?post=379995"},{"taxonomy":"product_approvals","embeddable":true,"href":"https:\/\/dev.codekraft.it\/rotary-2024\/wp-json\/wp\/v2\/product_approvals?post=379995"},{"taxonomy":"product_application","embeddable":true,"href":"https:\/\/dev.codekraft.it\/rotary-2024\/wp-json\/wp\/v2\/product_application?post=379995"}],"curies":[{"name":"wp","href":"https:\/\/api.w.org\/{rel}","templated":true}]}}