{"id":379987,"date":"2025-12-11T10:10:58","date_gmt":"2025-12-11T10:10:58","guid":{"rendered":"https:\/\/dev.codekraft.it\/rotary-2024\/products\/uncategorized\/demonte-pneu-karacter-tlx-pro-2\/"},"modified":"2025-12-11T10:10:58","modified_gmt":"2025-12-11T10:10:58","slug":"demonte-pneu-karacter-tlx-pro-2","status":"publish","type":"product","link":"https:\/\/dev.codekraft.it\/rotary-2024\/fr\/produits\/service-de-pneus-fr\/demonte-pneus-fr\/demonte-pneu-karacter-tlx-pro-2\/","title":{"rendered":"D\u00e9monte-pneu Karacter.TLX Pro"},"content":{"rendered":"<p>D\u00e9monte pneu professionnel avec verrouillage central pour voitures et camions l\u00e9gers, avec t\u00eate de montage en plastique brevet\u00e9e. Ergonomique et rapide, gr\u00e2ce \u00e0 la combinaison de d\u00e9talonneurs \u00e0 rouleaux et lat\u00e9raux. Adapt\u00e9 \u00e0 toutes les combinaisons de pneus.<\/p>\n<ul>\n<li>\u00c9quip\u00e9 d\u2019un outil de plastique et de 2 d\u00e9talonneurs \u00e0 rouleau de plastique pour un travail puissant et ais\u00e9<\/li>\n<\/ul>\n<ul>\n<li>Outils synth\u00e9tique : Contrairement aux outils m\u00e9talliques, l\u2019outils synth\u00e9tique permet de travailler tr\u00e8s proche de la jante pour permettre une extraction plus ais\u00e9e de la pointe de talon (m\u00eame avec les jantes parfaitement rondes)<\/li>\n<li>Dispositif de serrage extra puissante. Trois hauteurs de travail r\u00e9glables.<\/li>\n<\/ul>\n<ul>\n<li>Pelle lat\u00e9rale<\/li>\n<li>La position du disque permet de d\u00e9monter la seconde pointe de talon sans levier<\/li>\n<li>Correspondance possible sans n\u00e9cessiter de d\u00e9monter le pneu<\/li>\n<li>Vitesse auto-r\u00e9gul\u00e9e gr\u00e2ce \u00e0 la technologie d\u2019inversion qui adapte le nombre de tours par minute \u00e0 l\u2019effort n\u00e9cessaire (TPM 0-14)<\/li>\n<li>Positionnement synchronis\u00e9 des 2 disques de d\u00e9talonneur et positionnement s\u00e9par\u00e9 de l&#8217;outil de montage<\/li>\n<li>Bouton d&#8217;avance de disque pour un d\u00e9talonnage correct et s\u00e9curis\u00e9 sans endommager le flanc du pneu et le capteur de pression<\/li>\n<li>Outil synth\u00e9tique<\/li>\n<li>Serrage des jantes de l\u2019envers possible sans \u00e9tape extra optionnelle requise<\/li>\n<li>Table de tournage \u00e0 hauteur r\u00e9glable<\/li>\n<li>Approuv\u00e9 WDK<\/li>\n<\/ul>\n","protected":false},"excerpt":{"rendered":"<p>Professionnel, avec levier de montage et t\u00eate de montage en plastique brevet\u00e9e, voiture de tourisme, diam\u00e8tre de jante 10 &#8211; 26\u2033 | Gris (RAL 7016)<\/p>\n","protected":false},"featured_media":352098,"template":"","meta":[],"product_brand":[],"product_cat":[1033384],"product_tag":[1034163],"product_approvals":[],"product_application":[],"class_list":{"0":"post-379987","1":"product","2":"type-product","3":"status-publish","4":"has-post-thumbnail","6":"product_cat-demonte-pneus-fr","7":"product_tag-passenger-cars-fr","9":"first","10":"instock","11":"shipping-taxable","12":"product-type-simple"},"approvals":[],"application":[],"brb_media_brochure":"","brb_media_drawing":"","brb_media_manuals":"","brb_media_safety_datasheets":"","brb_media_spare_parts":[],"_cdmm_p_id":"475430","_company":"Elektron","_gtin":"4057612935684","accessories":[{"id":379594,"mpn":"G1000A111","name":"Dispositif de pousse talon WDK","description":"Compris dans le kit WDK","thumbnail":"https:\/\/dev.codekraft.it\/rotary-2024\/wp-content\/uploads\/brb_media\/00506672_g1000a111-150x150.png","url":"https:\/\/dev.codekraft.it\/rotary-2024\/fr\/produits\/accessoires-service-de-pneus-fr\/accessoires-demonte-pneu-fr\/dispositif-de-pousse-talon-wdk\/"},{"id":379969,"mpn":"PLUS99TX","name":"Pousse-d\u00e9talonneur pneumatique","description":"","thumbnail":"https:\/\/dev.codekraft.it\/rotary-2024\/wp-content\/uploads\/brb_media\/00397212_tyre-changers-bead-depressor-di-150x150.png","url":"https:\/\/dev.codekraft.it\/rotary-2024\/fr\/produits\/accessoires-service-de-pneus-fr\/accessoires-demonte-pneu-fr\/pousse-detalonneur-pneumatique\/"},{"id":381524,"mpn":"G1000A81K","name":"Protection en caoutchouc pour plateau appui roue","description":"Jeu de protections pour roues invers\u00e9es | 1 jeu \/ 10 pi\u00e8ces","thumbnail":"https:\/\/dev.codekraft.it\/rotary-2024\/wp-content\/uploads\/brb_media\/00506708_g1000a81k-sp-150x150.png","url":"https:\/\/dev.codekraft.it\/rotary-2024\/fr\/produits\/accessoires-service-de-pneus-fr\/accessoires-demonte-pneu-fr\/protection-en-caoutchouc-pour-plateau-appui-roue\/"},{"id":381530,"mpn":"G1000A84K","name":"Protection plastique pour c\u00f4ne de centrage","description":"Kit protections c\u00f4ne dispositif de blocage avec flasque rapide, pour G1000A138 - G1000A80 | 1 jeu \/ 5 pi\u00e8ces","thumbnail":"https:\/\/dev.codekraft.it\/rotary-2024\/wp-content\/uploads\/brb_media\/00506709_g1000a84k-150x150.png","url":"https:\/\/dev.codekraft.it\/rotary-2024\/fr\/produits\/accessoires-service-de-pneus-fr\/accessoires-demonte-pneu-fr\/protection-plastique-pour-cone-de-centrage\/"},{"id":381536,"mpn":"G1000A70K","name":"Protection plastique pour broche d\u2019entra\u00eenement","description":"Protection pour syst\u00e8me de traction sur table de serrage | 1 jeu \/ 5 pi\u00e8ces","thumbnail":"https:\/\/dev.codekraft.it\/rotary-2024\/wp-content\/uploads\/brb_media\/00506705_g1000a70k-150x150.png","url":"https:\/\/dev.codekraft.it\/rotary-2024\/fr\/produits\/accessoires-service-de-pneus-fr\/accessoires-demonte-pneu-fr\/protection-plastique-pour-broche-dentrainement\/"},{"id":382087,"mpn":"G1000A137","name":"Plaque de serrage de type Universel | pour jantes \u00e0 centre ferm\u00e9 et jantes invers\u00e9es | pour G1000A138","description":"Flasque universelle pour roues \u00e0 jante pleine \/ renvers\u00e9es","thumbnail":"https:\/\/dev.codekraft.it\/rotary-2024\/wp-content\/uploads\/brb_media\/00506682_g1000a137-01-150x150.png","url":"https:\/\/dev.codekraft.it\/rotary-2024\/fr\/produits\/accessoires-service-de-pneus-fr\/accessoires-demonte-pneu-fr\/plaque-de-serrage-de-type-universel-pour-jantes-a-centre-ferme-et-jantes-inversees-pour-g1000a138\/"},{"id":381542,"mpn":"G1000A72","name":"Plaque de serrage de type Universel | pour jantes \u00e0 centre ferm\u00e9 et jantes invers\u00e9es","description":"Flasque universelle pour roues \u00e0 jante pleine \/ renvers\u00e9es","thumbnail":"https:\/\/dev.codekraft.it\/rotary-2024\/wp-content\/uploads\/brb_media\/00506707_g1000a72-150x150.png","url":"https:\/\/dev.codekraft.it\/rotary-2024\/fr\/produits\/accessoires-service-de-pneus-fr\/accessoires-demonte-pneu-fr\/plaque-de-serrage-de-type-universel-pour-jantes-a-centre-ferme-et-jantes-inversees\/"},{"id":381548,"mpn":"G1000A101","name":"Bride pour LT (camion l\u00e9ger)","description":"","thumbnail":"https:\/\/dev.codekraft.it\/rotary-2024\/wp-content\/uploads\/brb_media\/00506669_g1000a101-150x150.png","url":"https:\/\/dev.codekraft.it\/rotary-2024\/fr\/produits\/accessoires-service-de-pneus-fr\/accessoires-demonte-pneu-fr\/bride-pour-lt-camion-leger\/"},{"id":380372,"mpn":"G1000A140","name":"Wulstboy avec dispositif de remorquage Standard","description":"Compris dans le kit WDK","thumbnail":"https:\/\/dev.codekraft.it\/rotary-2024\/wp-content\/uploads\/brb_media\/00506688_g1000a140-150x150.png","url":"https:\/\/dev.codekraft.it\/rotary-2024\/fr\/produits\/accessoires-service-de-pneus-fr\/accessoires-demonte-pneu-fr\/wulstboy-avec-dispositif-de-remorquage-standard\/"},{"id":381334,"mpn":"G1000A36","name":"Rallonge pour pousse talon \u00e0 28\u2033 | pour G1000A32","description":"Compris dans le kit WDK","thumbnail":"https:\/\/dev.codekraft.it\/rotary-2024\/wp-content\/uploads\/brb_media\/00506693_g1000a36-150x150.png","url":"https:\/\/dev.codekraft.it\/rotary-2024\/fr\/produits\/accessoires-service-de-pneus-fr\/accessoires-demonte-pneu-fr\/rallonge-pour-pousse-talon-a-28%e2%80%b3-pour-g1000a32\/"},{"id":380609,"mpn":"G1000A56","name":"WulstBoy avec syst\u00e8me de traction et cha\u00eene de talon jusqu&#039;\u00e0 22\u2033","description":"","thumbnail":"https:\/\/dev.codekraft.it\/rotary-2024\/wp-content\/uploads\/brb_media\/00506698_g1000a56-150x150.png","url":"https:\/\/dev.codekraft.it\/rotary-2024\/fr\/produits\/accessoires-service-de-pneus-fr\/accessoires-demonte-pneu-fr\/wulstboy-avec-systeme-de-traction-et-chaine-de-talon-jusqua-22%e2%80%b3\/"},{"id":380603,"mpn":"G1000A67","name":"WulstBoy avec syst\u00e8me de traction et cha\u00eene de talon jusqu&#039;\u00e0 28\u2033","description":"","thumbnail":"https:\/\/dev.codekraft.it\/rotary-2024\/wp-content\/uploads\/brb_media\/00506701_g1000a67-150x150.png","url":"https:\/\/dev.codekraft.it\/rotary-2024\/fr\/produits\/accessoires-service-de-pneus-fr\/accessoires-demonte-pneu-fr\/wulstboy-avec-systeme-de-traction-et-chaine-de-talon-jusqua-28%e2%80%b3\/"},{"id":381554,"mpn":"G800A58","name":"Syst\u00e8me de traction pour bras de renvoi","description":"","thumbnail":"https:\/\/dev.codekraft.it\/rotary-2024\/wp-content\/uploads\/brb_media\/00196308_g800a58-150x150.png","url":"https:\/\/dev.codekraft.it\/rotary-2024\/fr\/produits\/accessoires-service-de-pneus-fr\/accessoires-demonte-pneu-fr\/systeme-de-traction-pour-bras-de-renvoi\/"},{"id":381512,"mpn":"G800A38","name":"Pinceau Plastique","description":"","thumbnail":"https:\/\/dev.codekraft.it\/rotary-2024\/wp-content\/uploads\/brb_media\/00506719_g800a38-150x150.png","url":"https:\/\/dev.codekraft.it\/rotary-2024\/fr\/produits\/accessoires-service-de-pneus-fr\/accessoires-demonte-pneu-fr\/pinceau-plastique\/"},{"id":382106,"mpn":"G800A37","name":"P\u00e2te de montage\/d\u00e9montage | 3,5 kg","description":"","thumbnail":"https:\/\/dev.codekraft.it\/rotary-2024\/wp-content\/uploads\/brb_media\/00506743_g800a37-150x150.png","url":"https:\/\/dev.codekraft.it\/rotary-2024\/fr\/produits\/accessoires-service-de-pneus-fr\/accessoires-demonte-pneu-fr\/pate-de-montage-demontage-35-kg\/"},{"id":381560,"mpn":"G1000A126","name":"C\u00f4ne avec cale | pour arbre \u00d8 40 | \u00d8 69 mm","description":"Necessaire le G1000A80 - G1000A138","thumbnail":"https:\/\/dev.codekraft.it\/rotary-2024\/wp-content\/uploads\/brb_media\/00471557_tyre-changers-cone-for-40-mm-shaft-di-150x150.png","url":"https:\/\/dev.codekraft.it\/rotary-2024\/fr\/produits\/accessoires-service-de-pneus-fr\/accessoires-demonte-pneu-fr\/cone-avec-cale-pour-arbre-o-40-o-69-mm\/"},{"id":382019,"mpn":"G1000A160","name":"Levier d\u00e9mi-lune","description":"","thumbnail":"https:\/\/dev.codekraft.it\/rotary-2024\/wp-content\/uploads\/brb_media\/00506725_b2440002-150x150.png","url":"https:\/\/dev.codekraft.it\/rotary-2024\/fr\/produits\/accessoires-service-de-pneus-fr\/accessoires-demonte-pneu-fr\/levier-demi-lune\/"},{"id":381456,"mpn":"G800A11","name":"Protection plastique pour pelle d\u00e9talonneuse","description":"Protection pelle d\u00e9talonneuse | 1 pi\u00e8ce","thumbnail":"https:\/\/dev.codekraft.it\/rotary-2024\/wp-content\/uploads\/brb_media\/00506714_g800a11-01-150x150.png","url":"https:\/\/dev.codekraft.it\/rotary-2024\/fr\/produits\/accessoires-service-de-pneus-fr\/accessoires-demonte-pneu-fr\/protection-plastique-pour-pelle-detalonneuse\/"},{"id":381995,"mpn":"G800A11K","name":"Protection plastique pour pelle d\u00e9talonneuse","description":"Protection pelle d\u00e9talonneuse |  5 pi\u00e8ces","thumbnail":"https:\/\/dev.codekraft.it\/rotary-2024\/wp-content\/uploads\/brb_media\/00506714_g800a11-01-150x150.png","url":"https:\/\/dev.codekraft.it\/rotary-2024\/fr\/produits\/accessoires-service-de-pneus-fr\/accessoires-demonte-pneu-fr\/protection-plastique-pour-pelle-detalonneuse-2\/"},{"id":382112,"mpn":"G1000A14","name":"T\u00eate de montage de rechange pour voitures particuli\u00e8res | en mat\u00e9riel synth\u00e9tique VL","description":"","thumbnail":"https:\/\/dev.codekraft.it\/rotary-2024\/wp-content\/uploads\/brb_media\/00506687_g1000a14-150x150.png","url":"https:\/\/dev.codekraft.it\/rotary-2024\/fr\/produits\/accessoires-service-de-pneus-fr\/accessoires-demonte-pneu-fr\/tete-de-montage-de-rechange-pour-voitures-particulieres-en-materiel-synthetique-vl\/"},{"id":381566,"mpn":"G1000A7","name":"Rouleau d\u00e9presseur de talon","description":"","thumbnail":"https:\/\/dev.codekraft.it\/rotary-2024\/wp-content\/uploads\/brb_media\/00506704_g1000a7-150x150.png","url":"https:\/\/dev.codekraft.it\/rotary-2024\/fr\/produits\/accessoires-service-de-pneus-fr\/accessoires-demonte-pneu-fr\/rouleau-depresseur-de-talon\/"},{"id":383991,"mpn":"G1000A146","name":"\u00c8l\u00e9vateur pour roues","description":"","thumbnail":"https:\/\/dev.codekraft.it\/rotary-2024\/wp-content\/uploads\/brb_media\/00535631_tyre-changers-g1000a146-mi-150x150.png","url":"https:\/\/dev.codekraft.it\/rotary-2024\/fr\/produits\/accessoires-service-de-pneus-fr\/accessoires-demonte-pneu-fr\/elevateur-pour-roues\/"},{"id":382013,"mpn":"G1000A100K","name":"Plaques de protection de talon | approuv\u00e9es WDK","description":"Compris dans le kit WDK | 1\u00a0jeu \/ 50\u00a0pi\u00e8ces","thumbnail":"https:\/\/dev.codekraft.it\/rotary-2024\/wp-content\/uploads\/brb_media\/00506667_g1000a100k-01-150x150.png","url":"https:\/\/dev.codekraft.it\/rotary-2024\/fr\/produits\/accessoires-service-de-pneus-fr\/accessoires-demonte-pneu-fr\/plaques-de-protection-de-talon-approuvees-wdk\/"},{"id":383596,"mpn":"G1000A66K","name":"Protection plastique pour c\u00f4ne dispositif de blocage","description":"1 jeu \/ 5 pi\u00e8ces","thumbnail":"https:\/\/dev.codekraft.it\/rotary-2024\/wp-content\/uploads\/brb_media\/00192777_g1000a66k-150x150.png","url":"https:\/\/dev.codekraft.it\/rotary-2024\/fr\/produits\/accessoires-service-de-pneus-fr\/accessoires-demonte-pneu-fr\/protection-plastique-pour-cone-dispositif-de-blocage\/"},{"id":383300,"mpn":"G1000A12K","name":"Protection plastique pour t\u00eate de montage de rechange G1000A14","description":"Protection de roue en alliage | 50 pi\u00e8ces","thumbnail":"https:\/\/dev.codekraft.it\/rotary-2024\/wp-content\/uploads\/brb_media\/00506677_g1000a12k-01-150x150.png","url":"https:\/\/dev.codekraft.it\/rotary-2024\/fr\/produits\/accessoires-service-de-pneus-fr\/accessoires-demonte-pneu-fr\/protection-plastique-pour-tete-de-montage-de-rechange-g1000a14\/"},{"id":383306,"mpn":"G1000A13K","name":"Protections levier pour t\u00eate de montage | 1 jeu \/ 50 pi\u00e8ces","description":"","thumbnail":"https:\/\/dev.codekraft.it\/rotary-2024\/wp-content\/uploads\/brb_media\/00506686_g1000a13k-150x150.png","url":"https:\/\/dev.codekraft.it\/rotary-2024\/fr\/produits\/accessoires-service-de-pneus-fr\/accessoires-demonte-pneu-fr\/protections-levier-pour-tete-de-montage-1-jeu-50-pieces\/"},{"id":381989,"mpn":"G800A32","name":"Protection plastique pour bride de jante","description":"Protection du talon pour pneus \u00ab\u00a0Run Flat\u00a0\u00bb | Compris dans le kit WDK | 1 pi\u00e8ce","thumbnail":"https:\/\/dev.codekraft.it\/rotary-2024\/wp-content\/uploads\/brb_media\/00506718_g800a32-150x150.png","url":"https:\/\/dev.codekraft.it\/rotary-2024\/fr\/produits\/accessoires-service-de-pneus-fr\/accessoires-demonte-pneu-fr\/protection-plastique-pour-bride-de-jante\/"},{"id":383703,"mpn":"G1000A138","name":"\u00c9crou de serrage rapide pour jantes","description":"Dispositif de blocage avec flasque rapide pour d\u00e9monte-pneus","thumbnail":"https:\/\/dev.codekraft.it\/rotary-2024\/wp-content\/uploads\/brb_media\/00506684_g1000a138-150x150.png","url":"https:\/\/dev.codekraft.it\/rotary-2024\/fr\/produits\/accessoires-service-de-pneus-fr\/accessoires-demonte-pneu-fr\/ecrou-de-serrage-rapide-pour-jantes\/"},{"id":383176,"mpn":"G1000A92","name":"C\u00f4ne avec cale | pour arbre \u00d8 40 | \u00d8 50 mm","description":"","thumbnail":"https:\/\/dev.codekraft.it\/rotary-2024\/wp-content\/uploads\/brb_media\/00506712_g1000a92-150x150.png","url":"https:\/\/dev.codekraft.it\/rotary-2024\/fr\/produits\/accessoires-service-de-pneus-fr\/accessoires-demonte-pneu-fr\/cone-avec-cale-pour-arbre-o-40-o-50-mm\/"},{"id":383287,"mpn":"G1000A132","name":"Multiplicateur de force-outil","description":"Accessoire pour d\u00e9monte-pneus","thumbnail":"https:\/\/dev.codekraft.it\/rotary-2024\/wp-content\/uploads\/brb_media\/00506679_g1000a132-150x150.png","url":"https:\/\/dev.codekraft.it\/rotary-2024\/fr\/produits\/accessoires-service-de-pneus-fr\/accessoires-demonte-pneu-fr\/multiplicateur-de-force-outil-2\/"}],"components":[],"related":[],"page_logo_src":"https:\/\/dev.codekraft.it\/rotary-2024\/wp-content\/uploads\/2024\/05\/cropped-rotary-logo-2022.png","lang":"fr","translations":{"fr":379987,"en":379985,"de":379986,"it":379988,"es":379989,"ru":379990},"pll_sync_post":[],"_links":{"self":[{"href":"https:\/\/dev.codekraft.it\/rotary-2024\/wp-json\/wp\/v2\/product\/379987","targetHints":{"allow":["GET"]}}],"collection":[{"href":"https:\/\/dev.codekraft.it\/rotary-2024\/wp-json\/wp\/v2\/product"}],"about":[{"href":"https:\/\/dev.codekraft.it\/rotary-2024\/wp-json\/wp\/v2\/types\/product"}],"wp:featuredmedia":[{"embeddable":true,"href":"https:\/\/dev.codekraft.it\/rotary-2024\/wp-json\/wp\/v2\/media\/352098"}],"wp:attachment":[{"href":"https:\/\/dev.codekraft.it\/rotary-2024\/wp-json\/wp\/v2\/media?parent=379987"}],"wp:term":[{"taxonomy":"product_brand","embeddable":true,"href":"https:\/\/dev.codekraft.it\/rotary-2024\/wp-json\/wp\/v2\/product_brand?post=379987"},{"taxonomy":"product_cat","embeddable":true,"href":"https:\/\/dev.codekraft.it\/rotary-2024\/wp-json\/wp\/v2\/product_cat?post=379987"},{"taxonomy":"product_tag","embeddable":true,"href":"https:\/\/dev.codekraft.it\/rotary-2024\/wp-json\/wp\/v2\/product_tag?post=379987"},{"taxonomy":"product_approvals","embeddable":true,"href":"https:\/\/dev.codekraft.it\/rotary-2024\/wp-json\/wp\/v2\/product_approvals?post=379987"},{"taxonomy":"product_application","embeddable":true,"href":"https:\/\/dev.codekraft.it\/rotary-2024\/wp-json\/wp\/v2\/product_application?post=379987"}],"curies":[{"name":"wp","href":"https:\/\/api.w.org\/{rel}","templated":true}]}}