{"id":379929,"date":"2026-01-23T15:23:29","date_gmt":"2026-01-23T15:23:29","guid":{"rendered":"https:\/\/dev.codekraft.it\/rotary-2024\/products\/uncategorized\/elevador-de-tijera-vertical-exalift-hdvl-25-60-i\/"},"modified":"2026-01-23T15:23:29","modified_gmt":"2026-01-23T15:23:29","slug":"elevador-de-tijera-vertical-exalift-hdvl-25-60-i","status":"publish","type":"product","link":"https:\/\/dev.codekraft.it\/rotary-2024\/es\/productos\/elevadores-es\/elevadores-de-tijeras-es\/elevador-de-tijera-vertical-exalift-hdvl-25-60-i\/","title":{"rendered":"Elevador de tijera vertical ExaLift HDVL 25-60-I"},"content":{"rendered":"<p>Robusto elevador de tijera para camiones con extraordinaria \u00adlibertas de movimientos y extraordinario dise\u00f1o. Sus dimensiones m\u00ednimas con elevador levantado distinguen la plataforma de carga pesada.<\/p>\n<ul>\n<li>La sincronizaci\u00f3n electr\u00f3nica de los dos ra\u00edles de gu\u00eda se realiza independientemente de la distribuci\u00f3n de la carga.<\/li>\n<li>Los cierres de seguridad mec\u00e1nicos con engranaje en grupo garantizan la m\u00e1xima seguridad del veh\u00edculo en estado de elevaci\u00f3n.<\/li>\n<\/ul>\n<ul>\n<li>La instalaci\u00f3n en el suelo es posible. Opcional es un piso de nivelaci\u00f3n disponible.<\/li>\n<li>Opcionalmente los elevadores de carga pesada est\u00e1n disponibles en versiones de t\u00fanel de lavado.<\/li>\n<li>El panel de uso f\u00e1cil de usar puede adaptarse a las condiciones locales.<\/li>\n<\/ul>\n<ul>\n<li>Se accede a los ra\u00edles de acceso verticalmente, ahorrando el espacio siempre necesario adem\u00e1s para un elevador de paralelograma.<\/li>\n<li>Debido a la estructura con ahorro de espacio de las tijeras, el t\u00e9cnico puede moverse de forma \u00f3ptima bajo los ra\u00edles de acceso, dado que las tijeras, columnas o vigas no interfieren.<\/li>\n<li>Las superficies de los ra\u00edles de acceso est\u00e1n fabricados con plancha abombada anti deslizamiento.<\/li>\n<li>Las distintas capacidades y longitudes de ra\u00edl pueden lograrse con la colocaci\u00f3n y tipo de tijeras del elevador.<\/li>\n<li>Todos los elevadores de la gama HDVL est\u00e1n disponibles en versiones sobre suelo o bajo suelo. La soluci\u00f3n \u00f3ptima para un espacio de trabajo racional. Los ra\u00edles de acceso instalados a ras del suelo pueden recorrerse lateralmente. Con el elevador levantado puede instalarse un equilibrio de suelo entre las tijeras. As\u00ed se permite un acceso perfecto, por ejemplo, con un gato de transmisi\u00f3n bajo el centro del veh\u00edculo.<\/li>\n<li>Los soportes de suelo est\u00e1n galvanizados en caliente y por lo tanto protegidos de forma \u00f3ptima contra la corrosi\u00f3n.<\/li>\n<li>F\u00e1cil instalaci\u00f3n, no necesitan instalarse marcos de instalaci\u00f3n.<\/li>\n<li>Las protecciones contra paso y retroceso en los extremos de los ra\u00edles de gu\u00eda protegen al veh\u00edculo contra ca\u00eddas.<\/li>\n<\/ul>\n","protected":false},"excerpt":{"rendered":"<p>25 t, longitud de plataforma 6000 mm, electro-hidr\u00e1ulico, cierre de seguridad, bajo suelo, versi\u00f3n pintada<\/p>\n","protected":false},"featured_media":350986,"template":"","meta":[],"product_brand":[],"product_cat":[1033768],"product_tag":[1034151,1034134,1034203,1034186],"product_approvals":[],"product_application":[],"class_list":{"0":"post-379929","1":"product","2":"type-product","3":"status-publish","4":"has-post-thumbnail","6":"product_cat-elevadores-de-tijeras-es","7":"product_tag-buses-es","8":"product_tag-trucks-es","9":"product_tag-motor-homes-es","10":"product_tag-light-commercial-es","12":"first","13":"instock","14":"shipping-taxable","15":"product-type-simple"},"approvals":[],"application":[],"brb_media_brochure":[{"id":379259,"url":"https:\/\/dev.codekraft.it\/rotary-2024\/wp-content\/uploads\/brb_media\/00557854_scissor-lift-exalift-hdvl-br-de-2026-01-screen.pdf","title":"Scissor Lift ExaLift HDVL BR DE 2026 01 screen","mpn":"","thumbnail":"https:\/\/dev.codekraft.it\/rotary-2024\/wp-content\/uploads\/brb_media\/00557854_scissor-lift-exalift-hdvl-br-de-2026-01-screen-pdf-106x150.png","description":""},{"id":379260,"url":"https:\/\/dev.codekraft.it\/rotary-2024\/wp-content\/uploads\/brb_media\/00557855_scissor-lift-exalift-hdvl-br-en-2026-01-screen-.pdf","title":"Scissor Lift ExaLift HDVL BR EN 2026 01 screen","mpn":"","thumbnail":"https:\/\/dev.codekraft.it\/rotary-2024\/wp-content\/uploads\/brb_media\/00557855_scissor-lift-exalift-hdvl-br-en-2026-01-screen--pdf-106x150.png","description":""}],"brb_media_drawing":"","brb_media_manuals":[{"id":350993,"url":"https:\/\/dev.codekraft.it\/rotary-2024\/wp-content\/uploads\/brb_media\/00512701_scissor-lifts-hdvl_20-25-35_hdvl-20l-25l-35l-im-0596-m004-0-rev4-multi-2023-11.pdf","title":"Scissor Lifts HDVL 20 25 35 HDVL 20l 25l 35l IM 0596 M004 0 rev4 multi 2023 11","mpn":"","thumbnail":"https:\/\/dev.codekraft.it\/rotary-2024\/wp-content\/uploads\/brb_media\/00512701_scissor-lifts-hdvl_20-25-35_hdvl-20l-25l-35l-im-0596-m004-0-rev4-multi-2023-11-pdf-106x150.png","description":""}],"brb_media_safety_datasheets":"","brb_media_spare_parts":[],"_cdmm_p_id":"474670","_company":"Elektron","_gtin":"4057612706949","accessories":[{"id":377375,"mpn":"103505","name":"Elevador para liberar ejes GHUSKTP 14\/14","description":"14\/14 t, 330 mm carrera, neumohidr\u00e1ulico, gato de eje central, telesc\u00f3pico de 2 pliegues, presi\u00f3n de trabajo 10 bar, di\u00e1metro de la clavija 55 mm","thumbnail":"https:\/\/dev.codekraft.it\/rotary-2024\/wp-content\/uploads\/brb_media\/00022493-150x150.png","url":"https:\/\/dev.codekraft.it\/rotary-2024\/es\/productos\/elevadores-es\/gatos-traviesas-es\/elevador-para-liberar-ejes-ghusktp-14-14\/"},{"id":379342,"mpn":"830027","name":"Control de sincronizaci\u00f3n Twin | for Exa Lift HDVL","description":"2 plataformas elevadoras sincronizadas o desplazables individualmente | incl. 2 cajas de control separadas con mandos y cable con clavija","thumbnail":"https:\/\/dev.codekraft.it\/rotary-2024\/wp-content\/uploads\/brb_media\/00437966_scissor-lift-exalift-hdvl-twin-operating-unit-washing-hall-di-150x150.png","url":"https:\/\/dev.codekraft.it\/rotary-2024\/es\/productos\/accesorios-elevadores-es\/accesorios-elevadores-de-tijeras-es\/control-de-sincronizacion-twin-for-exa-lift-hdvl\/"},{"id":379318,"mpn":"VARS800A2","name":"Kit de iluminaci\u00f3n LED para Exa Lift HDVL | 6 v\u00edas","description":"6 v\u00edas | para elevador HDVL con longitud de plataforma de 8, 9 o 10 m | adecuada para t\u00faneles de lavado, montada en el interior de los carriles","thumbnail":"https:\/\/dev.codekraft.it\/rotary-2024\/wp-content\/uploads\/brb_media\/00377958_scissor-lift-exalift-hdsl-with-led-light-di-150x150.png","url":"https:\/\/dev.codekraft.it\/rotary-2024\/es\/productos\/accesorios-elevadores-es\/accesorios-elevadores-de-tijeras-es\/kit-de-iluminacion-led-para-exa-lift-hdvl-6-vias\/"},{"id":379324,"mpn":"830024","name":"Kit de iluminaci\u00f3n LED para Exa Lift HDVL | 8 v\u00edas","description":"8 v\u00edas | para elevador HDVL con longitud de plataforma de 11, 12, 13 o 14,5 m | adecuada para t\u00faneles de lavado, montada en el interior de los carriles","thumbnail":"https:\/\/dev.codekraft.it\/rotary-2024\/wp-content\/uploads\/brb_media\/00377958_scissor-lift-exalift-hdsl-with-led-light-di-150x150.png","url":"https:\/\/dev.codekraft.it\/rotary-2024\/es\/productos\/accesorios-elevadores-es\/accesorios-elevadores-de-tijeras-es\/kit-de-iluminacion-led-para-exa-lift-hdvl-8-vias\/"},{"id":379336,"mpn":"830026","name":"Kit de rampa de acceso para ExaLift HDVL | 3300\u00a0mm | pintadas","description":"3300 mm, versi\u00f3n pintada | ideales para veh\u00edculos de piso bajo, para anclaje en el suelo (material de fijaci\u00f3n no incluido) | para ExaLift HDVL | 1 juego \/ 2 piezas","thumbnail":"https:\/\/dev.codekraft.it\/rotary-2024\/wp-content\/uploads\/brb_media\/00378096_scissor-lift-exalift-hdsl-ramps-di-150x150.png","url":"https:\/\/dev.codekraft.it\/rotary-2024\/es\/productos\/accesorios-elevadores-es\/accesorios-elevadores-de-tijeras-es\/kit-de-rampa-de-acceso-para-exalift-hdvl-3300-mm-pintadas\/"},{"id":381318,"mpn":"VARS800.6A1","name":"Nivelaci\u00f3n de suelo para HDVL 25\/35-60-I","description":"Tapa de seguridad de la abertura de la cimentaci\u00f3n cuando se eleva la plataforma elevadora, capacidad de carga 500 kg | para elevador HDVL con longitud de plataforma de 6 m","thumbnail":"https:\/\/dev.codekraft.it\/rotary-2024\/wp-content\/uploads\/brb_media\/00524412_scissor-lift-vars8009a1-mi-150x150.png","url":"https:\/\/dev.codekraft.it\/rotary-2024\/es\/productos\/accesorios-elevadores-es\/accesorios-elevadores-de-tijeras-es\/nivelacion-de-suelo-para-hdvl-25-35-60-i\/"},{"id":382146,"mpn":"VSG.KP118.901620","name":"Elevador para liberar ejes KP118PY","description":"13,5 t, neumohidr\u00e1ulico, elevador de 2 puntos, incl. 4 extensiones (2x 200\/300 mm) y 2 tacos","thumbnail":"https:\/\/dev.codekraft.it\/rotary-2024\/wp-content\/uploads\/brb_media\/00508592_jacking-beam-kp118-mi-150x150.png","url":"https:\/\/dev.codekraft.it\/rotary-2024\/es\/productos\/elevadores-es\/gatos-traviesas-es\/elevador-para-liberar-ejes-kp118py\/"},{"id":383209,"mpn":"S800A4","name":"Kit de rampa de acceso para ExaLift HDVL | 2510 mm | pintadas","description":"2510 mm, versi\u00f3n pintada | ideales para veh\u00edculos de piso bajo, para anclaje en el suelo (material de fijaci\u00f3n no incluido) | para ExaLift HDVL | 1 juego \/ 2 piezas","thumbnail":"https:\/\/dev.codekraft.it\/rotary-2024\/wp-content\/uploads\/brb_media\/00378096_scissor-lift-exalift-hdsl-ramps-di-150x150.png","url":"https:\/\/dev.codekraft.it\/rotary-2024\/es\/productos\/accesorios-elevadores-es\/accesorios-elevadores-de-tijeras-es\/kit-de-rampa-de-acceso-para-exalift-hdvl-2510-mm-pintadas\/"},{"id":381306,"mpn":"S720A5","name":"Kit de rampa de acceso sobre el suelo | 2950 mm | pintadas","description":"2950 mm, versi\u00f3n pintada | 1 juego \/ 2 piezas","thumbnail":"https:\/\/dev.codekraft.it\/rotary-2024\/wp-content\/uploads\/brb_media\/00506537_s601a4-150x150.png","url":"https:\/\/dev.codekraft.it\/rotary-2024\/es\/productos\/accesorios-elevadores-es\/accesorios-elevadores-de-tijeras-es\/kit-de-rampa-de-acceso-sobre-el-suelo-2950-mm-pintadas\/"},{"id":381312,"mpn":"S720A6","name":"Kit de rampa de acceso sobre el suelo | 3700 mm | pintadas","description":"3700 mm, versi\u00f3n pintada | 1 juego \/ 2 piezas","thumbnail":"https:\/\/dev.codekraft.it\/rotary-2024\/wp-content\/uploads\/brb_media\/00506537_s601a4-150x150.png","url":"https:\/\/dev.codekraft.it\/rotary-2024\/es\/productos\/accesorios-elevadores-es\/accesorios-elevadores-de-tijeras-es\/kit-de-rampa-de-acceso-sobre-el-suelo-3700-mm-pintadas\/"},{"id":381033,"mpn":"830290","name":"Kit de t\u00fanel de lavado para ExaLift HDVL","description":"V\u00e1lvulas estancas, pernos provistos de engrasadores, incl. unidad de potencia hidr\u00e1ulica y caja de control | IP65 (componentes el\u00e9ctricos)","thumbnail":"","url":"https:\/\/dev.codekraft.it\/rotary-2024\/es\/productos\/accesorios-elevadores-es\/accesorios-elevadores-de-tijeras-es\/kit-de-tunel-de-lavado-para-exalift-hdvl\/"},{"id":383233,"mpn":"S800C\/S\/m","name":"Extensi\u00f3n de manguera","description":"Unidad de mando colocada a la izquierda en el sentido de marcha | por metro (se incluyen 2 m de serie - especifique los metros que a\u00fan necesita)","thumbnail":"","url":"https:\/\/dev.codekraft.it\/rotary-2024\/es\/productos\/accesorios-elevadores-es\/accesorios-elevadores-de-tijeras-es\/extension-de-manguera-5\/"},{"id":383396,"mpn":"S800C\/D\/m","name":"Extensi\u00f3n de manguera","description":"Unidad de mando colocada a la derecha en el sentido de marcha | por metro (se incluyen 2 m de serie - especifique los metros que a\u00fan necesita)","thumbnail":"","url":"https:\/\/dev.codekraft.it\/rotary-2024\/es\/productos\/accesorios-elevadores-es\/accesorios-elevadores-de-tijeras-es\/extension-de-manguera-9\/"},{"id":383759,"mpn":"S800\/AIC\/S\/m","name":"Extensi\u00f3n de manguera","description":"Unidad de mando colocada a la derecha en el sentido de marcha | por metro (se incluyen 2 m de serie - especifique los metros que a\u00fan necesita)","thumbnail":"","url":"https:\/\/dev.codekraft.it\/rotary-2024\/es\/productos\/accesorios-elevadores-es\/accesorios-elevadores-de-tijeras-es\/extension-de-manguera-13\/"},{"id":383753,"mpn":"S800\/AIC\/D\/m","name":"Extensi\u00f3n de manguera","description":"Unidad de mando colocada a la izquierda en el sentido de marcha | por metro (se incluyen 2 m de serie - especifique los metros que a\u00fan necesita)","thumbnail":"","url":"https:\/\/dev.codekraft.it\/rotary-2024\/es\/productos\/accesorios-elevadores-es\/accesorios-elevadores-de-tijeras-es\/extension-de-manguera-12\/"}],"components":[],"related":[],"page_logo_src":"https:\/\/dev.codekraft.it\/rotary-2024\/wp-content\/uploads\/2026\/04\/rotary-negative-logo.png","pll_sync_post":{},"lang":"es","translations":{"es":379929,"en":379925,"de":379926,"fr":379927,"it":379928,"ru":379930},"_links":{"self":[{"href":"https:\/\/dev.codekraft.it\/rotary-2024\/wp-json\/wp\/v2\/product\/379929","targetHints":{"allow":["GET"]}}],"collection":[{"href":"https:\/\/dev.codekraft.it\/rotary-2024\/wp-json\/wp\/v2\/product"}],"about":[{"href":"https:\/\/dev.codekraft.it\/rotary-2024\/wp-json\/wp\/v2\/types\/product"}],"wp:featuredmedia":[{"embeddable":true,"href":"https:\/\/dev.codekraft.it\/rotary-2024\/wp-json\/wp\/v2\/media\/350986"}],"wp:attachment":[{"href":"https:\/\/dev.codekraft.it\/rotary-2024\/wp-json\/wp\/v2\/media?parent=379929"}],"wp:term":[{"taxonomy":"product_brand","embeddable":true,"href":"https:\/\/dev.codekraft.it\/rotary-2024\/wp-json\/wp\/v2\/product_brand?post=379929"},{"taxonomy":"product_cat","embeddable":true,"href":"https:\/\/dev.codekraft.it\/rotary-2024\/wp-json\/wp\/v2\/product_cat?post=379929"},{"taxonomy":"product_tag","embeddable":true,"href":"https:\/\/dev.codekraft.it\/rotary-2024\/wp-json\/wp\/v2\/product_tag?post=379929"},{"taxonomy":"product_approvals","embeddable":true,"href":"https:\/\/dev.codekraft.it\/rotary-2024\/wp-json\/wp\/v2\/product_approvals?post=379929"},{"taxonomy":"product_application","embeddable":true,"href":"https:\/\/dev.codekraft.it\/rotary-2024\/wp-json\/wp\/v2\/product_application?post=379929"}],"curies":[{"name":"wp","href":"https:\/\/api.w.org\/{rel}","templated":true}]}}