{"id":379926,"date":"2026-01-23T15:23:29","date_gmt":"2026-01-23T15:23:29","guid":{"rendered":"https:\/\/dev.codekraft.it\/rotary-2024\/products\/uncategorized\/vertikal-scherenhebebuhne-exalift-hdvl-25-60-i\/"},"modified":"2026-01-23T15:23:29","modified_gmt":"2026-01-23T15:23:29","slug":"vertikal-scherenhebebuhne-exalift-hdvl-25-60-i","status":"publish","type":"product","link":"https:\/\/dev.codekraft.it\/rotary-2024\/produkte\/hebebuhnen-de\/scheren-hebebuhnen-de\/vertikal-scherenhebebuhne-exalift-hdvl-25-60-i\/","title":{"rendered":"Vertikal-Scherenhebeb\u00fchne ExaLift HDVL 25-60-I"},"content":{"rendered":"<p>Solido carrello sollevatore a forbice con straordinaria libert\u00e0 di movimento e design. Le dimensioni minime con il sollevatore in alzata contraddistinguono la piattaforma per carichi pesanti.<\/p>\n<ul>\n<li>La sincronizzazione elettronica delle due rampe di guida avviene indipendentemente dalla distribuzione del carico.<\/li>\n<li>Chiusure di sicurezza meccaniche con ruote dentate garantiscono la massima sicurezza del veicolo quando \u00e8 sollevato.<\/li>\n<\/ul>\n<ul>\n<li>Installazione incassata \u00e8 possibile. Opzionale \u00e8 un piano-\u00adlivellamento disponibili.<\/li>\n<li>Opzionalmente, gli ascensori a carico pesante sono disponibili anche come versioni di lavaggio.<\/li>\n<li>Il pannello comandi facile da usare pu\u00f2 essere adattato alle condizioni locali.<\/li>\n<\/ul>\n<ul>\n<li>Le rampe di accesso vengono sollevate verticalmente, per questo lo spazio richiesto viene sempre risparmiato anche grazie all\u2019ausilio di un parallelogramma di sollevamento.<\/li>\n<li>Grazie al design dei ponti \u00adsollevatori a forbice poco \u00adingombranti, il tecnico pu\u00f2 spostarsi in maniera ottimale tra le rampe di accesso, dal momento che non ci sono linee, colonne, forbici o fasci incrociati che interferiscono.<\/li>\n<li>La superficie delle rampe di accesso e costituita da bulbi anti-scivolo.<\/li>\n<li>Diverse capacit\u00e0 e lunghezza delle rampe possono essere realizzate in base alla sistemazione e al tipo dei sollevatori a forbice.<\/li>\n<li>Tutti i ponti sollevatori della serie HDVL sono disponibili nella versione in elevato o incassato. Una soluzione ottimale per un spazio di lavoro ridotto. Le rampe di accesso installate al livello del suolo possono essere percorribili lateralmente. Con il ponte sollevato, pu\u00f2 essere installato un bilanciamento del terreno tra gli elevatori a forbice. Ci\u00f2 permette il perfetto accesso per esempio una cric trasmissione sotto la parte centrale del veicolo.<\/li>\n<li>I supporti per il terreno sono \u00adgalvanizzati a caldo quindi \u00adprotetti in maniera ottimali dalla corrosione.\u00a0<\/li>\n<li>Installazione semplice, non occorre nessun telaio di montaggio.<\/li>\n<li>La protezione anti-ribaltamento e arretramento nelle estremit\u00e0 delle rampe di guida prevengono la caduta del veicolo.<\/li>\n<\/ul>\n","protected":false},"excerpt":{"rendered":"<p>25 t, Plattforml\u00e4nge 6000 mm, elektro-hydraulisch, Sicherheitsklinke, Unterflur, lackierte Ausf\u00fchrung<\/p>\n","protected":false},"featured_media":350986,"template":"","meta":[],"product_cat":[1033756],"product_tag":[1034143,1034126,1034178,1034195],"product_approvals":[],"product_application":[],"class_list":{"0":"post-379926","1":"product","2":"type-product","3":"status-publish","4":"has-post-thumbnail","6":"product_cat-scheren-hebebuhnen-de","7":"product_tag-buses-de","8":"product_tag-trucks-de","9":"product_tag-light-commercial-de","10":"product_tag-motor-homes-de","12":"first","13":"instock","14":"shipping-taxable","15":"product-type-simple"},"approvals":[],"application":[],"brb_media_brochure":[{"id":379259,"url":"https:\/\/dev.codekraft.it\/rotary-2024\/wp-content\/uploads\/brb_media\/00557854_scissor-lift-exalift-hdvl-br-de-2026-01-screen.pdf","title":"Scissor Lift ExaLift HDVL BR DE 2026 01 screen","mpn":"","thumbnail":"https:\/\/dev.codekraft.it\/rotary-2024\/wp-content\/uploads\/brb_media\/00557854_scissor-lift-exalift-hdvl-br-de-2026-01-screen-pdf-106x150.png","description":""},{"id":379260,"url":"https:\/\/dev.codekraft.it\/rotary-2024\/wp-content\/uploads\/brb_media\/00557855_scissor-lift-exalift-hdvl-br-en-2026-01-screen-.pdf","title":"Scissor Lift ExaLift HDVL BR EN 2026 01 screen","mpn":"","thumbnail":"https:\/\/dev.codekraft.it\/rotary-2024\/wp-content\/uploads\/brb_media\/00557855_scissor-lift-exalift-hdvl-br-en-2026-01-screen--pdf-106x150.png","description":""}],"brb_media_drawing":"","brb_media_manuals":[{"id":350993,"url":"https:\/\/dev.codekraft.it\/rotary-2024\/wp-content\/uploads\/brb_media\/00512701_scissor-lifts-hdvl_20-25-35_hdvl-20l-25l-35l-im-0596-m004-0-rev4-multi-2023-11.pdf","title":"Scissor Lifts HDVL 20 25 35 HDVL 20l 25l 35l IM 0596 M004 0 rev4 multi 2023 11","mpn":"","thumbnail":"https:\/\/dev.codekraft.it\/rotary-2024\/wp-content\/uploads\/brb_media\/00512701_scissor-lifts-hdvl_20-25-35_hdvl-20l-25l-35l-im-0596-m004-0-rev4-multi-2023-11-pdf-106x150.png","description":""}],"brb_media_safety_datasheets":"","brb_media_spare_parts":[],"_cdmm_p_id":"474670","_company":"Elektron","_gtin":"4057612706949","accessories":[{"id":377372,"mpn":"103505","name":"Achsfreiheber GHUSKTP 14\/14","description":"14\/14 t, 330 mm Hub, lufthydraulisch, Mittelpunktachsheber, 2-fach teleskopierbar, Betriebsdruck 10 bar, Aufnahmedurchmesser 55 mm","thumbnail":"https:\/\/dev.codekraft.it\/rotary-2024\/wp-content\/uploads\/brb_media\/00022493-150x150.png","url":"https:\/\/dev.codekraft.it\/rotary-2024\/produkte\/hebebuhnen-de\/achsfreiheber-de\/achsfreiheber-ghusktp-14-14\/"},{"id":379339,"mpn":"830027","name":"Gleichlaufsteuerung Twin | f\u00fcr Exa Lift HDVL","description":"2 Hebeb\u00fchnen synchronisiert oder einzeln fahrbar | inkl. 2 separate Bedienk\u00e4sten mit Bedienelementen und Kabel mit Stecker","thumbnail":"https:\/\/dev.codekraft.it\/rotary-2024\/wp-content\/uploads\/brb_media\/00437966_scissor-lift-exalift-hdvl-twin-operating-unit-washing-hall-di-150x150.png","url":"https:\/\/dev.codekraft.it\/rotary-2024\/produkte\/zubehor-hebebuhnen-de\/zubehor-scheren-hebebuhnen-de\/gleichlaufsteuerung-twin-fur-exa-lift-hdvl\/"},{"id":379315,"mpn":"VARS800A2","name":"LED-Beleuchtungs-Kit f\u00fcr Exa Lift HDVL | 6-fach","description":"6-fach LED-Beleuchtung | f\u00fcr HDVL-Hebeb\u00fchnen mit 8, 9 oder 10 m Schienenl\u00e4nge | Waschhallentauglich, an der Innenseite der Schienen montiert","thumbnail":"https:\/\/dev.codekraft.it\/rotary-2024\/wp-content\/uploads\/brb_media\/00377958_scissor-lift-exalift-hdsl-with-led-light-di-150x150.png","url":"https:\/\/dev.codekraft.it\/rotary-2024\/produkte\/zubehor-hebebuhnen-de\/zubehor-scheren-hebebuhnen-de\/led-beleuchtungs-kit-fur-exa-lift-hdvl-6-fach\/"},{"id":379321,"mpn":"830024","name":"LED-Beleuchtungs-Kit f\u00fcr Exa Lift HDVL | 8-fach","description":"8-fach LED-Beleuchtung | f\u00fcr HDVL-Hebeb\u00fchnen mit 11, 12, 13 oder 14,5 m Schienenl\u00e4nge | Waschhallentauglich, an der Innenseite der Schienen montiert","thumbnail":"https:\/\/dev.codekraft.it\/rotary-2024\/wp-content\/uploads\/brb_media\/00377958_scissor-lift-exalift-hdsl-with-led-light-di-150x150.png","url":"https:\/\/dev.codekraft.it\/rotary-2024\/produkte\/zubehor-hebebuhnen-de\/zubehor-scheren-hebebuhnen-de\/led-beleuchtungs-kit-fur-exa-lift-hdvl-8-fach\/"},{"id":379333,"mpn":"830026","name":"Auffahrrampen-Kit f\u00fcr ExaLift HDVL | 3300 mm | lackiert","description":"3300 mm, lackierte Ausf\u00fchrung | ideal f\u00fcr Niederflurfahrzeuge, zum Verd\u00fcbeln auf dem Boden (Befestigungsmaterial exklusive) | f\u00fcr ExaLift HDVL | 1 Satz \/ 2 St\u00fcck","thumbnail":"https:\/\/dev.codekraft.it\/rotary-2024\/wp-content\/uploads\/brb_media\/00378096_scissor-lift-exalift-hdsl-ramps-di-150x150.png","url":"https:\/\/dev.codekraft.it\/rotary-2024\/produkte\/zubehor-hebebuhnen-de\/zubehor-scheren-hebebuhnen-de\/auffahrrampen-kit-fur-exalift-hdvl-3300-mm-lackiert\/"},{"id":381315,"mpn":"VARS800.6A1","name":"Bodenausgleich f\u00fcr HDVL 25\/35-60-I","description":"Sicherheitsabdeckung der Fundament\u00f6ffnung bei angehobener Hebeb\u00fchne, Tragf\u00e4higkeit 500 kg | f\u00fcr HDVL-Hebeb\u00fchne mit 6 m Schienenl\u00e4nge","thumbnail":"https:\/\/dev.codekraft.it\/rotary-2024\/wp-content\/uploads\/brb_media\/00524412_scissor-lift-vars8009a1-mi-150x150.png","url":"https:\/\/dev.codekraft.it\/rotary-2024\/produkte\/zubehor-hebebuhnen-de\/zubehor-scheren-hebebuhnen-de\/bodenausgleich-fur-hdvl-25-35-60-i\/"},{"id":382143,"mpn":"VSG.KP118.901620","name":"Achsfreiheber KP118PY","description":"13,5 t, lufthydraulisch, 2-Punktheber, inkl. 4 Verl\u00e4ngerungen (2x 200\/300 mm) und 2 Aufnahmeadaptern","thumbnail":"https:\/\/dev.codekraft.it\/rotary-2024\/wp-content\/uploads\/brb_media\/00508592_jacking-beam-kp118-mi-150x150.png","url":"https:\/\/dev.codekraft.it\/rotary-2024\/produkte\/hebebuhnen-de\/achsfreiheber-de\/achsfreiheber-kp118py\/"},{"id":383206,"mpn":"S800A4","name":"Auffahrrampen-Kit f\u00fcr ExaLift HDVL | 2510 mm | lackiert","description":"3510 mm, lackierte Ausf\u00fchrung | ideal f\u00fcr Niederflurfahrzeuge, zum Verd\u00fcbeln auf dem Boden (Befestigungsmaterial exklusive) | f\u00fcr ExaLift HDVL | 1 Satz \/ 2 St\u00fcck","thumbnail":"https:\/\/dev.codekraft.it\/rotary-2024\/wp-content\/uploads\/brb_media\/00378096_scissor-lift-exalift-hdsl-ramps-di-150x150.png","url":"https:\/\/dev.codekraft.it\/rotary-2024\/produkte\/zubehor-hebebuhnen-de\/zubehor-scheren-hebebuhnen-de\/auffahrrampen-kit-fur-exalift-hdvl-2510-mm-lackiert\/"},{"id":381303,"mpn":"S720A5","name":"Auffahrrampen-Kit \u00dcberflur | 2950 mm | lackiert","description":"2950 mm, lackierte Ausf\u00fchrung, zum Verd\u00fcbeln auf dem Boden (Befestigungsmaterial exklusive) | inkl. Abdeckbleche f\u00fcr Hydraulikschl\u00e4uche | 1 Satz \/ 2 St\u00fcck","thumbnail":"https:\/\/dev.codekraft.it\/rotary-2024\/wp-content\/uploads\/brb_media\/00506537_s601a4-150x150.png","url":"https:\/\/dev.codekraft.it\/rotary-2024\/produkte\/zubehor-hebebuhnen-de\/zubehor-scheren-hebebuhnen-de\/auffahrrampen-kit-uberflur-2950-mm-lackiert\/"},{"id":381309,"mpn":"S720A6","name":"Auffahrrampen-Kit \u00dcberflur | 3700 mm | lackiert","description":"3700 mm, lackierte Ausf\u00fchrung, zum Verd\u00fcbeln auf dem Boden (Befestigungsmaterial exklusive) | inkl. Abdeckbleche f\u00fcr Hydraulikschl\u00e4uche | 1 Satz \/ 2 St\u00fcck","thumbnail":"https:\/\/dev.codekraft.it\/rotary-2024\/wp-content\/uploads\/brb_media\/00506537_s601a4-150x150.png","url":"https:\/\/dev.codekraft.it\/rotary-2024\/produkte\/zubehor-hebebuhnen-de\/zubehor-scheren-hebebuhnen-de\/auffahrrampen-kit-uberflur-3700-mm-lackiert\/"},{"id":381030,"mpn":"830290","name":"Waschhallen-Kit f\u00fcr ExaLift HDVL","description":"Wasserdichte Ventile, Bolzen mit Schmiernippel ausgestattet, inkl. Hydraulikaggregat und Bedienkasten | IP65 (elektrische Komponenten)","thumbnail":"","url":"https:\/\/dev.codekraft.it\/rotary-2024\/produkte\/zubehor-hebebuhnen-de\/zubehor-scheren-hebebuhnen-de\/waschhallen-kit-fur-exalift-hdvl\/"},{"id":383230,"mpn":"S800C\/S\/m","name":"Schlauchverl\u00e4ngerung","description":"Bedienaggregat in Auffahrrichtung links positioniert | Meterware (Standard-Lieferumfang enth\u00e4lt 2 m - Anzahl zus\u00e4tzlich ben\u00f6tigter Meter bitte angeben)","thumbnail":"","url":"https:\/\/dev.codekraft.it\/rotary-2024\/produkte\/zubehor-hebebuhnen-de\/zubehor-scheren-hebebuhnen-de\/schlauchverlangerung-5\/"},{"id":383393,"mpn":"S800C\/D\/m","name":"Schlauchverl\u00e4ngerung","description":"Bedienaggregat in Auffahrrichtung rechts positioniert | Meterware (Standard-Lieferumfang enth\u00e4lt 2 m - Anzahl zus\u00e4tzlich ben\u00f6tigter Meter bitte angeben)","thumbnail":"","url":"https:\/\/dev.codekraft.it\/rotary-2024\/produkte\/zubehor-hebebuhnen-de\/zubehor-scheren-hebebuhnen-de\/schlauchverlangerung-9\/"},{"id":383756,"mpn":"S800\/AIC\/S\/m","name":"Schlauchverl\u00e4ngerung","description":"Bedienaggregat in Auffahrrichtung rechts positioniert, Version mit Bodenausgleich | Meterware (Standard-Lieferumfang enth\u00e4lt 2 m - Anzahl zus\u00e4tzlich ben\u00f6tigter Meter bitte angeben)","thumbnail":"","url":"https:\/\/dev.codekraft.it\/rotary-2024\/produkte\/zubehor-hebebuhnen-de\/zubehor-scheren-hebebuhnen-de\/schlauchverlangerung-13\/"},{"id":383750,"mpn":"S800\/AIC\/D\/m","name":"Schlauchverl\u00e4ngerung","description":"Bedienaggregat in Auffahrrichtung links positioniert, Version mit Bodenausgleich | Meterware (Standard-Lieferumfang enth\u00e4lt 2 m - Anzahl zus\u00e4tzlich ben\u00f6tigter Meter bitte angeben)","thumbnail":"","url":"https:\/\/dev.codekraft.it\/rotary-2024\/produkte\/zubehor-hebebuhnen-de\/zubehor-scheren-hebebuhnen-de\/schlauchverlangerung-12\/"}],"components":[],"related":[],"page_logo_src":"https:\/\/dev.codekraft.it\/rotary-2024\/wp-content\/uploads\/2024\/05\/cropped-rotary-logo-2022.png","lang":"de","translations":{"de":379926,"en":379925,"fr":379927,"it":379928,"es":379929,"ru":379930},"pll_sync_post":[],"_links":{"self":[{"href":"https:\/\/dev.codekraft.it\/rotary-2024\/wp-json\/wp\/v2\/product\/379926","targetHints":{"allow":["GET"]}}],"collection":[{"href":"https:\/\/dev.codekraft.it\/rotary-2024\/wp-json\/wp\/v2\/product"}],"about":[{"href":"https:\/\/dev.codekraft.it\/rotary-2024\/wp-json\/wp\/v2\/types\/product"}],"wp:featuredmedia":[{"embeddable":true,"href":"https:\/\/dev.codekraft.it\/rotary-2024\/wp-json\/wp\/v2\/media\/350986"}],"wp:attachment":[{"href":"https:\/\/dev.codekraft.it\/rotary-2024\/wp-json\/wp\/v2\/media?parent=379926"}],"wp:term":[{"taxonomy":"product_cat","embeddable":true,"href":"https:\/\/dev.codekraft.it\/rotary-2024\/wp-json\/wp\/v2\/product_cat?post=379926"},{"taxonomy":"product_tag","embeddable":true,"href":"https:\/\/dev.codekraft.it\/rotary-2024\/wp-json\/wp\/v2\/product_tag?post=379926"},{"taxonomy":"product_approvals","embeddable":true,"href":"https:\/\/dev.codekraft.it\/rotary-2024\/wp-json\/wp\/v2\/product_approvals?post=379926"},{"taxonomy":"product_application","embeddable":true,"href":"https:\/\/dev.codekraft.it\/rotary-2024\/wp-json\/wp\/v2\/product_application?post=379926"}],"curies":[{"name":"wp","href":"https:\/\/api.w.org\/{rel}","templated":true}]}}