{"id":379921,"date":"2025-04-01T08:53:24","date_gmt":"2025-04-01T08:53:24","guid":{"rendered":"https:\/\/dev.codekraft.it\/rotary-2024\/products\/uncategorized\/demonte-pneu-vas-741067\/"},"modified":"2025-04-01T08:53:24","modified_gmt":"2025-04-01T08:53:24","slug":"demonte-pneu-vas-741067","status":"publish","type":"product","link":"https:\/\/dev.codekraft.it\/rotary-2024\/fr\/produits\/service-de-pneus-fr\/demonte-pneus-fr\/demonte-pneu-vas-741067\/","title":{"rendered":"D\u00e9monte-pneu VAS 741067"},"content":{"rendered":"<ul>\n<li>Serrage pneumatique \u00e0 4 mors pour des diam\u00e8tres de jante de 10 &#8211; 24\u2033 de serrage ext\u00e9rieur ou 12 &#8211; 26,5\u2033 de serrage int\u00e9rieur<\/li>\n<\/ul>\n<ul>\n<li>Double synchronisation pour une r\u00e9partition parfaite de la charge des forces de serrage<\/li>\n<li>P\u00e9dalier extractible pour une maintenance ais\u00e9e<\/li>\n<li>Moteur \u00e0 variation automatique et limiteur de vitesse pour la protection du pneu contre des forces excessives (0 &#8211; 16 tr\/mn)<\/li>\n<\/ul>\n<ul>\n<li>Potence \u00e0 basculement pneumatique, par p\u00e9dalier<\/li>\n<li>Avec t\u00eate de montage et levier<\/li>\n<li>Fonctionnement par p\u00e9dalier<\/li>\n<li>T\u00eate de montage pneumatiquement bloqu\u00e9 horizontalement et verticalement<\/li>\n<li>Le ch\u00e2ssis \u00e9largi de la machine offre plus de stabilit\u00e9 et de force pendant le travail<\/li>\n<li>Plus d&#8217;espace au d\u00e9talonneur<\/li>\n<li>Vitesse r\u00e9glable par l&#8217;op\u00e9rateur par le p\u00e9dalier<\/li>\n<li>Grandes dimensions de ch\u00e2ssis<\/li>\n<li>Filtre lubrificateur avec jauge<\/li>\n<li>Pousse talon pneumatique<\/li>\n<\/ul>\n","protected":false},"excerpt":{"rendered":"<p>HP641SD.24 Pro | T\u00eate de montage et levier, r\u00e9gulation de vitesse par inverseur, voiture de tourisme, diam\u00e8tre de jante 10 &#8211; 26,5\u2033 | Certifi\u00e9 WDK<\/p>\n","protected":false},"featured_media":351995,"template":"","meta":[],"product_brand":[],"product_cat":[1033384],"product_tag":[1034163],"product_approvals":[1013890,1013873,1013907,1013992,1013924,1013975,1013958,1013941],"product_application":[],"class_list":{"0":"post-379921","1":"product","2":"type-product","3":"status-publish","4":"has-post-thumbnail","6":"product_cat-demonte-pneus-fr","7":"product_tag-passenger-cars-fr","8":"product_approvals-audi-fr","9":"product_approvals-bentley-fr","10":"product_approvals-bugatti-fr","11":"product_approvals-lamborghini-fr","12":"product_approvals-porsche-fr","13":"product_approvals-seat-fr","14":"product_approvals-skoda-fr","15":"product_approvals-vw-fr","17":"first","18":"instock","19":"shipping-taxable","20":"product-type-simple"},"approvals":[{"term_id":1013890,"name":"Audi","slug":"audi-fr","term_group":0,"term_taxonomy_id":1013889,"taxonomy":"product_approvals","description":"","parent":0,"count":26,"filter":"raw"},{"term_id":1013873,"name":"Bentley","slug":"bentley-fr","term_group":0,"term_taxonomy_id":1013872,"taxonomy":"product_approvals","description":"","parent":0,"count":26,"filter":"raw"},{"term_id":1013907,"name":"Bugatti","slug":"bugatti-fr","term_group":0,"term_taxonomy_id":1013906,"taxonomy":"product_approvals","description":"","parent":0,"count":26,"filter":"raw"},{"term_id":1013992,"name":"Lamborghini","slug":"lamborghini-fr","term_group":0,"term_taxonomy_id":1013991,"taxonomy":"product_approvals","description":"","parent":0,"count":26,"filter":"raw"},{"term_id":1013924,"name":"Porsche","slug":"porsche-fr","term_group":0,"term_taxonomy_id":1013923,"taxonomy":"product_approvals","description":"","parent":0,"count":24,"filter":"raw"},{"term_id":1013975,"name":"Seat","slug":"seat-fr","term_group":0,"term_taxonomy_id":1013974,"taxonomy":"product_approvals","description":"","parent":0,"count":26,"filter":"raw"},{"term_id":1013958,"name":"Skoda","slug":"skoda-fr","term_group":0,"term_taxonomy_id":1013957,"taxonomy":"product_approvals","description":"","parent":0,"count":23,"filter":"raw"},{"term_id":1013941,"name":"VW","slug":"vw-fr","term_group":0,"term_taxonomy_id":1013940,"taxonomy":"product_approvals","description":"","parent":0,"count":26,"filter":"raw"}],"application":[],"brb_media_brochure":[{"id":350312,"url":"https:\/\/dev.codekraft.it\/rotary-2024\/wp-content\/uploads\/brb_media\/00409949_vw-approvals-br-127168-de-2019-04-screen.pdf","title":"vw approvals br 127168 de 2019 04 screen","mpn":"","thumbnail":"https:\/\/dev.codekraft.it\/rotary-2024\/wp-content\/uploads\/brb_media\/00409949_vw-approvals-br-127168-de-2019-04-screen-pdf-106x150.png","description":""},{"id":350313,"url":"https:\/\/dev.codekraft.it\/rotary-2024\/wp-content\/uploads\/brb_media\/00409950_vw-approvals-br-127169-en-2019-04-screen.pdf","title":"vw approvals br 127169 en 2019 04 screen","mpn":"","thumbnail":"https:\/\/dev.codekraft.it\/rotary-2024\/wp-content\/uploads\/brb_media\/00409950_vw-approvals-br-127169-en-2019-04-screen-pdf-106x150.png","description":""},{"id":350314,"url":"https:\/\/dev.codekraft.it\/rotary-2024\/wp-content\/uploads\/brb_media\/00409951_vw-approvals-br-127170-fr-2019-04-screen.pdf","title":"vw approvals br 127170 fr 2019 04 screen","mpn":"","thumbnail":"https:\/\/dev.codekraft.it\/rotary-2024\/wp-content\/uploads\/brb_media\/00409951_vw-approvals-br-127170-fr-2019-04-screen-pdf-106x150.png","description":""},{"id":350315,"url":"https:\/\/dev.codekraft.it\/rotary-2024\/wp-content\/uploads\/brb_media\/00409952_vw-approvals-br-127171-it-2019-04-screen.pdf","title":"vw approvals br 127171 it 2019 04 screen","mpn":"","thumbnail":"https:\/\/dev.codekraft.it\/rotary-2024\/wp-content\/uploads\/brb_media\/00409952_vw-approvals-br-127171-it-2019-04-screen-pdf-106x150.png","description":""},{"id":350316,"url":"https:\/\/dev.codekraft.it\/rotary-2024\/wp-content\/uploads\/brb_media\/00409953_vw-approvals-br-127172-es-2019-04-screen.pdf","title":"vw approvals br 127172 es 2019 04 screen","mpn":"","thumbnail":"https:\/\/dev.codekraft.it\/rotary-2024\/wp-content\/uploads\/brb_media\/00409953_vw-approvals-br-127172-es-2019-04-screen-pdf-106x150.png","description":""},{"id":350317,"url":"https:\/\/dev.codekraft.it\/rotary-2024\/wp-content\/uploads\/brb_media\/00409954_vw-approvals-br-127173-ru-2019-04-screen.pdf","title":"vw approvals br 127173 ru 2019 04 screen","mpn":"","thumbnail":"https:\/\/dev.codekraft.it\/rotary-2024\/wp-content\/uploads\/brb_media\/00409954_vw-approvals-br-127173-ru-2019-04-screen-pdf-106x150.png","description":""}],"brb_media_drawing":"","brb_media_manuals":"","brb_media_safety_datasheets":"","brb_media_spare_parts":[],"_cdmm_p_id":"473792","_company":"Elektron","_gtin":"","accessories":[{"id":379582,"mpn":"811069","name":"Pousse talon pneumatique","description":"","thumbnail":"https:\/\/dev.codekraft.it\/rotary-2024\/wp-content\/uploads\/brb_media\/00394179_tyre-changer-bead-pusher-di-150x150.png","url":"https:\/\/dev.codekraft.it\/rotary-2024\/fr\/produits\/accessoires-service-de-pneus-fr\/accessoires-demonte-pneu-fr\/pousse-talon-pneumatique\/"},{"id":381989,"mpn":"G800A32","name":"Protection plastique pour bride de jante","description":"Protection du talon pour pneus \u00ab\u00a0Run Flat\u00a0\u00bb | Compris dans le kit WDK | 1 pi\u00e8ce","thumbnail":"https:\/\/dev.codekraft.it\/rotary-2024\/wp-content\/uploads\/brb_media\/00506718_g800a32-150x150.png","url":"https:\/\/dev.codekraft.it\/rotary-2024\/fr\/produits\/accessoires-service-de-pneus-fr\/accessoires-demonte-pneu-fr\/protection-plastique-pour-bride-de-jante\/"},{"id":381995,"mpn":"G800A11K","name":"Protection plastique pour pelle d\u00e9talonneuse","description":"Protection pelle d\u00e9talonneuse |  5 pi\u00e8ces","thumbnail":"https:\/\/dev.codekraft.it\/rotary-2024\/wp-content\/uploads\/brb_media\/00506714_g800a11-01-150x150.png","url":"https:\/\/dev.codekraft.it\/rotary-2024\/fr\/produits\/accessoires-service-de-pneus-fr\/accessoires-demonte-pneu-fr\/protection-plastique-pour-pelle-detalonneuse-2\/"},{"id":381334,"mpn":"G1000A36","name":"Rallonge pour pousse talon \u00e0 28\u2033 | pour G1000A32","description":"Compris dans le kit WDK","thumbnail":"https:\/\/dev.codekraft.it\/rotary-2024\/wp-content\/uploads\/brb_media\/00506693_g1000a36-150x150.png","url":"https:\/\/dev.codekraft.it\/rotary-2024\/fr\/produits\/accessoires-service-de-pneus-fr\/accessoires-demonte-pneu-fr\/rallonge-pour-pousse-talon-a-28%e2%80%b3-pour-g1000a32\/"},{"id":382019,"mpn":"G1000A160","name":"Levier d\u00e9mi-lune","description":"","thumbnail":"https:\/\/dev.codekraft.it\/rotary-2024\/wp-content\/uploads\/brb_media\/00506725_b2440002-150x150.png","url":"https:\/\/dev.codekraft.it\/rotary-2024\/fr\/produits\/accessoires-service-de-pneus-fr\/accessoires-demonte-pneu-fr\/levier-demi-lune\/"}],"components":[],"related":[],"page_logo_src":"https:\/\/dev.codekraft.it\/rotary-2024\/wp-content\/uploads\/2024\/05\/cropped-rotary-logo-2022.png","lang":"fr","translations":{"fr":379921,"en":379919,"de":379920,"it":379922,"es":379923,"ru":379924},"pll_sync_post":[],"_links":{"self":[{"href":"https:\/\/dev.codekraft.it\/rotary-2024\/wp-json\/wp\/v2\/product\/379921","targetHints":{"allow":["GET"]}}],"collection":[{"href":"https:\/\/dev.codekraft.it\/rotary-2024\/wp-json\/wp\/v2\/product"}],"about":[{"href":"https:\/\/dev.codekraft.it\/rotary-2024\/wp-json\/wp\/v2\/types\/product"}],"wp:featuredmedia":[{"embeddable":true,"href":"https:\/\/dev.codekraft.it\/rotary-2024\/wp-json\/wp\/v2\/media\/351995"}],"wp:attachment":[{"href":"https:\/\/dev.codekraft.it\/rotary-2024\/wp-json\/wp\/v2\/media?parent=379921"}],"wp:term":[{"taxonomy":"product_brand","embeddable":true,"href":"https:\/\/dev.codekraft.it\/rotary-2024\/wp-json\/wp\/v2\/product_brand?post=379921"},{"taxonomy":"product_cat","embeddable":true,"href":"https:\/\/dev.codekraft.it\/rotary-2024\/wp-json\/wp\/v2\/product_cat?post=379921"},{"taxonomy":"product_tag","embeddable":true,"href":"https:\/\/dev.codekraft.it\/rotary-2024\/wp-json\/wp\/v2\/product_tag?post=379921"},{"taxonomy":"product_approvals","embeddable":true,"href":"https:\/\/dev.codekraft.it\/rotary-2024\/wp-json\/wp\/v2\/product_approvals?post=379921"},{"taxonomy":"product_application","embeddable":true,"href":"https:\/\/dev.codekraft.it\/rotary-2024\/wp-json\/wp\/v2\/product_application?post=379921"}],"curies":[{"name":"wp","href":"https:\/\/api.w.org\/{rel}","templated":true}]}}