{"id":379911,"date":"2025-04-01T08:53:24","date_gmt":"2025-04-01T08:53:24","guid":{"rendered":"https:\/\/dev.codekraft.it\/rotary-2024\/products\/uncategorized\/equilibratrice-elettronica-vas-741069-2\/"},"modified":"2025-04-01T08:53:24","modified_gmt":"2025-04-01T08:53:24","slug":"equilibratrice-elettronica-vas-741069-2","status":"publish","type":"product","link":"https:\/\/dev.codekraft.it\/rotary-2024\/es\/productos\/servicio-de-llantas-es\/equilibradoras-de-ruedas-es\/equilibratrice-elettronica-vas-741069-2\/","title":{"rendered":"Equilibratrice elettronica VAS 741069"},"content":{"rendered":"<ul>\n<li>Monitor LCD con pantalla t\u00e1ctil de 19\u2033 con teclado adicional<\/li>\n<\/ul>\n<ul>\n<li>Medici\u00f3n de alabeo de llanta con brazo medidor 2D<\/li>\n<li>Indica el posicionamiento de contrapesas con una l\u00ednea l\u00e1ser a las 6 (para pesos adhesivos)<\/li>\n<li>2 L\u00e1ser a las 12 para indicar la posici\u00f3n exacta de contrapesas clip en programa de equilibrado din\u00e1mico<\/li>\n<li>Luz LED en el \u00e1rea de trabajo<\/li>\n<li>Equilibradora de rueda controlada por ordenador y con dispositivo de bloqueo neum\u00e1tico<\/li>\n<\/ul>\n<ul>\n<li>Adquisici\u00f3n autom\u00e1tica de distancia y di\u00e1metro mediante brazo de medici\u00f3n interno 2D<\/li>\n<li>Lanzamiento autom\u00e1tico bajando el carter de protecci\u00f3n de rueda<\/li>\n<li>Detector ultras\u00f3nico para medir autom\u00e1ticamente el ancho de rueda<\/li>\n<li>Parada autom\u00e1tica de la rueda en la posici\u00f3n de desequilibrio exterior<\/li>\n<li>Pulsando un bot\u00f3n se mueve de la posici\u00f3n de desequilibrio externa a la interna<\/li>\n<li>Luz LED en el \u00e1rea de trabajo<\/li>\n<li>Monitor LCD con pantalla t\u00e1ctil de 19\u2033<\/li>\n<li>Programa ECO-WEIGHT<\/li>\n<li>Programas de equilibrado: din\u00e1mico, est\u00e1tico, ALU y ALU-S, SPLIT y pesos econdidos<\/li>\n<\/ul>\n<p><em><strong>Accesorios gen\u00e9ricos bajo pedido:<\/strong><\/em><\/p>\n<ul>\n<li>Medidor de alabeo ultras\u00f3nico<\/li>\n<li>Elevador de ruedas<\/li>\n<li>Brida de precisi\u00f3n<\/li>\n<\/ul>\n","protected":false},"excerpt":{"rendered":"<p>Librak 380PWS Premium | Pantalla t\u00e1ctil, puntero l\u00e1ser H6 y l\u00e1ser H12, medidor de alabeo ultras\u00f3nico, juego de conos para turismo, cono para SUV, turismo, di\u00e1metro de llanta 10 &#8211; 30\u2033 | Gris (RAL 7040)<\/p>\n","protected":false},"featured_media":351962,"template":"","meta":[],"product_brand":[],"product_cat":[1033536],"product_tag":[1034169],"product_approvals":[],"product_application":[],"class_list":{"0":"post-379911","1":"product","2":"type-product","3":"status-publish","4":"has-post-thumbnail","6":"product_cat-equilibradoras-de-ruedas-es","7":"product_tag-passenger-cars-es","9":"first","10":"instock","11":"shipping-taxable","12":"product-type-simple"},"approvals":[],"application":[],"brb_media_brochure":[{"id":351963,"url":"https:\/\/dev.codekraft.it\/rotary-2024\/wp-content\/uploads\/brb_media\/00392423_wheel-balancers-librak380pws-br-oem-126378-2018-02-de-screen.pdf","title":"wheel balancers librak380pws br oem 126378 2018 02 de screen","mpn":"","thumbnail":"https:\/\/dev.codekraft.it\/rotary-2024\/wp-content\/uploads\/brb_media\/00392423_wheel-balancers-librak380pws-br-oem-126378-2018-02-de-screen-pdf-106x150.png","description":""},{"id":351964,"url":"https:\/\/dev.codekraft.it\/rotary-2024\/wp-content\/uploads\/brb_media\/00392424_wheel-balancers-librak380pws-br-oem-126379-2018-02-en-screen.pdf","title":"wheel balancers librak380pws br oem 126379 2018 02 en screen","mpn":"","thumbnail":"https:\/\/dev.codekraft.it\/rotary-2024\/wp-content\/uploads\/brb_media\/00392424_wheel-balancers-librak380pws-br-oem-126379-2018-02-en-screen-pdf-106x150.png","description":""},{"id":351965,"url":"https:\/\/dev.codekraft.it\/rotary-2024\/wp-content\/uploads\/brb_media\/00393668_wheel-balancers-librak380pws-br-oem-126381-2018-03-it-screen.pdf","title":"wheel balancers librak380pws br oem 126381 2018 03 it screen","mpn":"","thumbnail":"https:\/\/dev.codekraft.it\/rotary-2024\/wp-content\/uploads\/brb_media\/00393668_wheel-balancers-librak380pws-br-oem-126381-2018-03-it-screen-pdf-106x150.png","description":""},{"id":351966,"url":"https:\/\/dev.codekraft.it\/rotary-2024\/wp-content\/uploads\/brb_media\/00393887_wheel-balancers-librak380pws-br-oem-26380-2018-04-fr-screen.pdf","title":"wheel balancers librak380pws br oem 26380 2018 04 fr screen","mpn":"","thumbnail":"https:\/\/dev.codekraft.it\/rotary-2024\/wp-content\/uploads\/brb_media\/00393887_wheel-balancers-librak380pws-br-oem-26380-2018-04-fr-screen-pdf-106x150.png","description":""},{"id":351967,"url":"https:\/\/dev.codekraft.it\/rotary-2024\/wp-content\/uploads\/brb_media\/00394030_wheel-balancers-librak380pws-br-oem-26382-2018-04-es-screen.pdf","title":"wheel balancers librak380pws br oem 26382 2018 04 es screen","mpn":"","thumbnail":"https:\/\/dev.codekraft.it\/rotary-2024\/wp-content\/uploads\/brb_media\/00394030_wheel-balancers-librak380pws-br-oem-26382-2018-04-es-screen-pdf-106x150.png","description":""},{"id":351968,"url":"https:\/\/dev.codekraft.it\/rotary-2024\/wp-content\/uploads\/brb_media\/00393669_wheel-balancers-librak380pws-br-oem-26383-2018-04-ru-screen.pdf","title":"wheel balancers librak380pws br oem 26383 2018 04 ru screen","mpn":"","thumbnail":"https:\/\/dev.codekraft.it\/rotary-2024\/wp-content\/uploads\/brb_media\/00393669_wheel-balancers-librak380pws-br-oem-26383-2018-04-ru-screen-pdf-106x150.png","description":""},{"id":350312,"url":"https:\/\/dev.codekraft.it\/rotary-2024\/wp-content\/uploads\/brb_media\/00409949_vw-approvals-br-127168-de-2019-04-screen.pdf","title":"vw approvals br 127168 de 2019 04 screen","mpn":"","thumbnail":"https:\/\/dev.codekraft.it\/rotary-2024\/wp-content\/uploads\/brb_media\/00409949_vw-approvals-br-127168-de-2019-04-screen-pdf-106x150.png","description":""},{"id":350313,"url":"https:\/\/dev.codekraft.it\/rotary-2024\/wp-content\/uploads\/brb_media\/00409950_vw-approvals-br-127169-en-2019-04-screen.pdf","title":"vw approvals br 127169 en 2019 04 screen","mpn":"","thumbnail":"https:\/\/dev.codekraft.it\/rotary-2024\/wp-content\/uploads\/brb_media\/00409950_vw-approvals-br-127169-en-2019-04-screen-pdf-106x150.png","description":""},{"id":350314,"url":"https:\/\/dev.codekraft.it\/rotary-2024\/wp-content\/uploads\/brb_media\/00409951_vw-approvals-br-127170-fr-2019-04-screen.pdf","title":"vw approvals br 127170 fr 2019 04 screen","mpn":"","thumbnail":"https:\/\/dev.codekraft.it\/rotary-2024\/wp-content\/uploads\/brb_media\/00409951_vw-approvals-br-127170-fr-2019-04-screen-pdf-106x150.png","description":""},{"id":350315,"url":"https:\/\/dev.codekraft.it\/rotary-2024\/wp-content\/uploads\/brb_media\/00409952_vw-approvals-br-127171-it-2019-04-screen.pdf","title":"vw approvals br 127171 it 2019 04 screen","mpn":"","thumbnail":"https:\/\/dev.codekraft.it\/rotary-2024\/wp-content\/uploads\/brb_media\/00409952_vw-approvals-br-127171-it-2019-04-screen-pdf-106x150.png","description":""},{"id":350316,"url":"https:\/\/dev.codekraft.it\/rotary-2024\/wp-content\/uploads\/brb_media\/00409953_vw-approvals-br-127172-es-2019-04-screen.pdf","title":"vw approvals br 127172 es 2019 04 screen","mpn":"","thumbnail":"https:\/\/dev.codekraft.it\/rotary-2024\/wp-content\/uploads\/brb_media\/00409953_vw-approvals-br-127172-es-2019-04-screen-pdf-106x150.png","description":""},{"id":350317,"url":"https:\/\/dev.codekraft.it\/rotary-2024\/wp-content\/uploads\/brb_media\/00409954_vw-approvals-br-127173-ru-2019-04-screen.pdf","title":"vw approvals br 127173 ru 2019 04 screen","mpn":"","thumbnail":"https:\/\/dev.codekraft.it\/rotary-2024\/wp-content\/uploads\/brb_media\/00409954_vw-approvals-br-127173-ru-2019-04-screen-pdf-106x150.png","description":""}],"brb_media_drawing":"","brb_media_manuals":"","brb_media_safety_datasheets":"","brb_media_spare_parts":[],"_cdmm_p_id":"473761","_company":"Elektron","_gtin":"","accessories":[{"id":379658,"mpn":"GAR111","name":"Conos de centrado para turismo","description":"Incluido copa de protecci\u00f3n | \u00d8 44 - 112 mm | 1 juego \/ 3 piezas","thumbnail":"https:\/\/dev.codekraft.it\/rotary-2024\/wp-content\/uploads\/brb_media\/00509259_wheel-balancer-gar111-mi-150x150.png","url":"https:\/\/dev.codekraft.it\/rotary-2024\/es\/productos\/accesorios-servicio-de-llantas-es\/accesorios-equilibradoras-es\/conos-de-centrado-para-turismo\/"},{"id":381343,"mpn":"GAR112","name":"Cono de centrado","description":"Para todo terrenos | \u00d8 95 - 132 mm","thumbnail":"https:\/\/dev.codekraft.it\/rotary-2024\/wp-content\/uploads\/brb_media\/00549107_wheel-balancers-gar112-mi-150x150.png","url":"https:\/\/dev.codekraft.it\/rotary-2024\/es\/productos\/accesorios-servicio-de-llantas-es\/accesorios-equilibradoras-es\/cono-de-centrado\/"},{"id":381349,"mpn":"GAR301","name":"Detector de ancho rueda autom\u00e1tico","description":"","thumbnail":"https:\/\/dev.codekraft.it\/rotary-2024\/wp-content\/uploads\/brb_media\/00506598_gar301-mi-150x150.png","url":"https:\/\/dev.codekraft.it\/rotary-2024\/es\/productos\/accesorios-servicio-de-llantas-es\/accesorios-equilibradoras-es\/detector-de-ancho-rueda-automatico\/"}],"components":[],"related":[],"page_logo_src":"https:\/\/dev.codekraft.it\/rotary-2024\/wp-content\/uploads\/2026\/04\/rotary-negative-logo.png","pll_sync_post":{},"lang":"es","translations":{"es":379911,"en":379907,"de":379908,"fr":379909,"it":379910,"ru":379912},"_links":{"self":[{"href":"https:\/\/dev.codekraft.it\/rotary-2024\/wp-json\/wp\/v2\/product\/379911","targetHints":{"allow":["GET"]}}],"collection":[{"href":"https:\/\/dev.codekraft.it\/rotary-2024\/wp-json\/wp\/v2\/product"}],"about":[{"href":"https:\/\/dev.codekraft.it\/rotary-2024\/wp-json\/wp\/v2\/types\/product"}],"wp:featuredmedia":[{"embeddable":true,"href":"https:\/\/dev.codekraft.it\/rotary-2024\/wp-json\/wp\/v2\/media\/351962"}],"wp:attachment":[{"href":"https:\/\/dev.codekraft.it\/rotary-2024\/wp-json\/wp\/v2\/media?parent=379911"}],"wp:term":[{"taxonomy":"product_brand","embeddable":true,"href":"https:\/\/dev.codekraft.it\/rotary-2024\/wp-json\/wp\/v2\/product_brand?post=379911"},{"taxonomy":"product_cat","embeddable":true,"href":"https:\/\/dev.codekraft.it\/rotary-2024\/wp-json\/wp\/v2\/product_cat?post=379911"},{"taxonomy":"product_tag","embeddable":true,"href":"https:\/\/dev.codekraft.it\/rotary-2024\/wp-json\/wp\/v2\/product_tag?post=379911"},{"taxonomy":"product_approvals","embeddable":true,"href":"https:\/\/dev.codekraft.it\/rotary-2024\/wp-json\/wp\/v2\/product_approvals?post=379911"},{"taxonomy":"product_application","embeddable":true,"href":"https:\/\/dev.codekraft.it\/rotary-2024\/wp-json\/wp\/v2\/product_application?post=379911"}],"curies":[{"name":"wp","href":"https:\/\/api.w.org\/{rel}","templated":true}]}}