{"id":379909,"date":"2025-04-01T08:53:24","date_gmt":"2025-04-01T08:53:24","guid":{"rendered":"https:\/\/dev.codekraft.it\/rotary-2024\/products\/uncategorized\/equilibreuse-electronique-vas-741069\/"},"modified":"2025-04-01T08:53:24","modified_gmt":"2025-04-01T08:53:24","slug":"equilibreuse-electronique-vas-741069","status":"publish","type":"product","link":"https:\/\/dev.codekraft.it\/rotary-2024\/fr\/produits\/service-de-pneus-fr\/equilibreuses-des-roues-fr\/equilibreuse-electronique-vas-741069\/","title":{"rendered":"\u00c9quilibreuse \u00e9lectronique VAS 741069"},"content":{"rendered":"<ul>\n<li>Moniteur \u00e0 \u00e9cran tactile 19\u2033 avec clavier suppl\u00e9mentaire<\/li>\n<\/ul>\n<ul>\n<li>Mesure du voile de jante avec le bras de mesure 2D<\/li>\n<li>Indique le positionnement de la masse avec une ligne laser \u00e0 6 heures (pour les masses adh\u00e9sives)<\/li>\n<li>Indication laser \u00e0 12 heures pour le positionnement de masses \u00e0 agrafe (programme dynamique)<\/li>\n<li>\u00c9clairage LED de la jante<\/li>\n<li>\u00c9quilibreuse \u00e9lectronique informatis\u00e9e avec syst\u00e8me de blocage pneumatique<\/li>\n<\/ul>\n<ul>\n<li>Mesure automatique de la distance et du diam\u00e8tre par le bras de mesure 2D<\/li>\n<li>D\u00e9marrage automatique par l&#8217;abaissement du carter<\/li>\n<li>Sonar pour mesurer automatiquement la largeur de roue<\/li>\n<li>La machine arr\u00eate automatiquement la roue dans la position de pose de la masse ext\u00e9rieure<\/li>\n<li>En appuyant sur un bouton passe de la position de pose de la masse ext\u00e9rieure \u00e0 int\u00e9rieure<\/li>\n<li>\u00c9clairage LED de la jante<\/li>\n<li>Moniteur \u00e0 \u00e9cran tactile 19\u2033<\/li>\n<li>Programme ECO-WEIGHT<\/li>\n<li>Programmes : ALU-S, DYN, STATIC, SPLIT, SPOKE<\/li>\n<\/ul>\n<p><em><strong>Pi\u00e8ces accessoires g\u00e9n\u00e9rales sur demande :<\/strong><\/em><\/p>\n<ul>\n<li>Syst\u00e8me de mesure de voile ultrasonique<\/li>\n<li>L\u00e8ve-roue<\/li>\n<li>Bride de pr\u00e9cision<\/li>\n<\/ul>\n","protected":false},"excerpt":{"rendered":"<p>Librak 380PWS Premium | Voiture de tourisme, kit de c\u00f4nes pour voitures et SUV, \u00c9cran tactile, pointeur laser H6 et H12, syst\u00e8me de mesure de voile ultrasonique, diam\u00e8tre de la jante 10 &#8211; 30\u2033 | Gris (RAL 7040)<\/p>\n","protected":false},"featured_media":351962,"template":"","meta":[],"product_brand":[],"product_cat":[1033500],"product_tag":[1034163],"product_approvals":[1013890,1013873,1013907,1013992,1013924,1013975,1013958,1013941],"product_application":[],"class_list":{"0":"post-379909","1":"product","2":"type-product","3":"status-publish","4":"has-post-thumbnail","6":"product_cat-equilibreuses-des-roues-fr","7":"product_tag-passenger-cars-fr","8":"product_approvals-audi-fr","9":"product_approvals-bentley-fr","10":"product_approvals-bugatti-fr","11":"product_approvals-lamborghini-fr","12":"product_approvals-porsche-fr","13":"product_approvals-seat-fr","14":"product_approvals-skoda-fr","15":"product_approvals-vw-fr","17":"first","18":"instock","19":"shipping-taxable","20":"product-type-simple"},"approvals":[{"term_id":1013890,"name":"Audi","slug":"audi-fr","term_group":0,"term_taxonomy_id":1013889,"taxonomy":"product_approvals","description":"","parent":0,"count":26,"filter":"raw"},{"term_id":1013873,"name":"Bentley","slug":"bentley-fr","term_group":0,"term_taxonomy_id":1013872,"taxonomy":"product_approvals","description":"","parent":0,"count":26,"filter":"raw"},{"term_id":1013907,"name":"Bugatti","slug":"bugatti-fr","term_group":0,"term_taxonomy_id":1013906,"taxonomy":"product_approvals","description":"","parent":0,"count":26,"filter":"raw"},{"term_id":1013992,"name":"Lamborghini","slug":"lamborghini-fr","term_group":0,"term_taxonomy_id":1013991,"taxonomy":"product_approvals","description":"","parent":0,"count":26,"filter":"raw"},{"term_id":1013924,"name":"Porsche","slug":"porsche-fr","term_group":0,"term_taxonomy_id":1013923,"taxonomy":"product_approvals","description":"","parent":0,"count":24,"filter":"raw"},{"term_id":1013975,"name":"Seat","slug":"seat-fr","term_group":0,"term_taxonomy_id":1013974,"taxonomy":"product_approvals","description":"","parent":0,"count":26,"filter":"raw"},{"term_id":1013958,"name":"Skoda","slug":"skoda-fr","term_group":0,"term_taxonomy_id":1013957,"taxonomy":"product_approvals","description":"","parent":0,"count":23,"filter":"raw"},{"term_id":1013941,"name":"VW","slug":"vw-fr","term_group":0,"term_taxonomy_id":1013940,"taxonomy":"product_approvals","description":"","parent":0,"count":26,"filter":"raw"}],"application":[],"brb_media_brochure":[{"id":351963,"url":"https:\/\/dev.codekraft.it\/rotary-2024\/wp-content\/uploads\/brb_media\/00392423_wheel-balancers-librak380pws-br-oem-126378-2018-02-de-screen.pdf","title":"wheel balancers librak380pws br oem 126378 2018 02 de screen","mpn":"","thumbnail":"https:\/\/dev.codekraft.it\/rotary-2024\/wp-content\/uploads\/brb_media\/00392423_wheel-balancers-librak380pws-br-oem-126378-2018-02-de-screen-pdf-106x150.png","description":""},{"id":351964,"url":"https:\/\/dev.codekraft.it\/rotary-2024\/wp-content\/uploads\/brb_media\/00392424_wheel-balancers-librak380pws-br-oem-126379-2018-02-en-screen.pdf","title":"wheel balancers librak380pws br oem 126379 2018 02 en screen","mpn":"","thumbnail":"https:\/\/dev.codekraft.it\/rotary-2024\/wp-content\/uploads\/brb_media\/00392424_wheel-balancers-librak380pws-br-oem-126379-2018-02-en-screen-pdf-106x150.png","description":""},{"id":351965,"url":"https:\/\/dev.codekraft.it\/rotary-2024\/wp-content\/uploads\/brb_media\/00393668_wheel-balancers-librak380pws-br-oem-126381-2018-03-it-screen.pdf","title":"wheel balancers librak380pws br oem 126381 2018 03 it screen","mpn":"","thumbnail":"https:\/\/dev.codekraft.it\/rotary-2024\/wp-content\/uploads\/brb_media\/00393668_wheel-balancers-librak380pws-br-oem-126381-2018-03-it-screen-pdf-106x150.png","description":""},{"id":351966,"url":"https:\/\/dev.codekraft.it\/rotary-2024\/wp-content\/uploads\/brb_media\/00393887_wheel-balancers-librak380pws-br-oem-26380-2018-04-fr-screen.pdf","title":"wheel balancers librak380pws br oem 26380 2018 04 fr screen","mpn":"","thumbnail":"https:\/\/dev.codekraft.it\/rotary-2024\/wp-content\/uploads\/brb_media\/00393887_wheel-balancers-librak380pws-br-oem-26380-2018-04-fr-screen-pdf-106x150.png","description":""},{"id":351967,"url":"https:\/\/dev.codekraft.it\/rotary-2024\/wp-content\/uploads\/brb_media\/00394030_wheel-balancers-librak380pws-br-oem-26382-2018-04-es-screen.pdf","title":"wheel balancers librak380pws br oem 26382 2018 04 es screen","mpn":"","thumbnail":"https:\/\/dev.codekraft.it\/rotary-2024\/wp-content\/uploads\/brb_media\/00394030_wheel-balancers-librak380pws-br-oem-26382-2018-04-es-screen-pdf-106x150.png","description":""},{"id":351968,"url":"https:\/\/dev.codekraft.it\/rotary-2024\/wp-content\/uploads\/brb_media\/00393669_wheel-balancers-librak380pws-br-oem-26383-2018-04-ru-screen.pdf","title":"wheel balancers librak380pws br oem 26383 2018 04 ru screen","mpn":"","thumbnail":"https:\/\/dev.codekraft.it\/rotary-2024\/wp-content\/uploads\/brb_media\/00393669_wheel-balancers-librak380pws-br-oem-26383-2018-04-ru-screen-pdf-106x150.png","description":""},{"id":350312,"url":"https:\/\/dev.codekraft.it\/rotary-2024\/wp-content\/uploads\/brb_media\/00409949_vw-approvals-br-127168-de-2019-04-screen.pdf","title":"vw approvals br 127168 de 2019 04 screen","mpn":"","thumbnail":"https:\/\/dev.codekraft.it\/rotary-2024\/wp-content\/uploads\/brb_media\/00409949_vw-approvals-br-127168-de-2019-04-screen-pdf-106x150.png","description":""},{"id":350313,"url":"https:\/\/dev.codekraft.it\/rotary-2024\/wp-content\/uploads\/brb_media\/00409950_vw-approvals-br-127169-en-2019-04-screen.pdf","title":"vw approvals br 127169 en 2019 04 screen","mpn":"","thumbnail":"https:\/\/dev.codekraft.it\/rotary-2024\/wp-content\/uploads\/brb_media\/00409950_vw-approvals-br-127169-en-2019-04-screen-pdf-106x150.png","description":""},{"id":350314,"url":"https:\/\/dev.codekraft.it\/rotary-2024\/wp-content\/uploads\/brb_media\/00409951_vw-approvals-br-127170-fr-2019-04-screen.pdf","title":"vw approvals br 127170 fr 2019 04 screen","mpn":"","thumbnail":"https:\/\/dev.codekraft.it\/rotary-2024\/wp-content\/uploads\/brb_media\/00409951_vw-approvals-br-127170-fr-2019-04-screen-pdf-106x150.png","description":""},{"id":350315,"url":"https:\/\/dev.codekraft.it\/rotary-2024\/wp-content\/uploads\/brb_media\/00409952_vw-approvals-br-127171-it-2019-04-screen.pdf","title":"vw approvals br 127171 it 2019 04 screen","mpn":"","thumbnail":"https:\/\/dev.codekraft.it\/rotary-2024\/wp-content\/uploads\/brb_media\/00409952_vw-approvals-br-127171-it-2019-04-screen-pdf-106x150.png","description":""},{"id":350316,"url":"https:\/\/dev.codekraft.it\/rotary-2024\/wp-content\/uploads\/brb_media\/00409953_vw-approvals-br-127172-es-2019-04-screen.pdf","title":"vw approvals br 127172 es 2019 04 screen","mpn":"","thumbnail":"https:\/\/dev.codekraft.it\/rotary-2024\/wp-content\/uploads\/brb_media\/00409953_vw-approvals-br-127172-es-2019-04-screen-pdf-106x150.png","description":""},{"id":350317,"url":"https:\/\/dev.codekraft.it\/rotary-2024\/wp-content\/uploads\/brb_media\/00409954_vw-approvals-br-127173-ru-2019-04-screen.pdf","title":"vw approvals br 127173 ru 2019 04 screen","mpn":"","thumbnail":"https:\/\/dev.codekraft.it\/rotary-2024\/wp-content\/uploads\/brb_media\/00409954_vw-approvals-br-127173-ru-2019-04-screen-pdf-106x150.png","description":""}],"brb_media_drawing":"","brb_media_manuals":"","brb_media_safety_datasheets":"","brb_media_spare_parts":[],"_cdmm_p_id":"473761","_company":"Elektron","_gtin":"","accessories":[{"id":379656,"mpn":"GAR111","name":"C\u00f4nes de centrage pour voiture de tourisme","description":"Avec carter de protection | \u00d8 44 - 112 mm | 1 jeu \/ 3 pi\u00e8ces","thumbnail":"https:\/\/dev.codekraft.it\/rotary-2024\/wp-content\/uploads\/brb_media\/00509259_wheel-balancer-gar111-mi-150x150.png","url":"https:\/\/dev.codekraft.it\/rotary-2024\/fr\/produits\/accessoires-service-de-pneus-fr\/accessoires-equilibreuses-de-roue-fr\/cones-de-centrage-pour-voiture-de-tourisme\/"},{"id":381341,"mpn":"GAR112","name":"C\u00f4ne de centrage","description":"Pour v\u00e9hicules tous terrains | \u00d8 95 - 132 mm","thumbnail":"https:\/\/dev.codekraft.it\/rotary-2024\/wp-content\/uploads\/brb_media\/00549107_wheel-balancers-gar112-mi-150x150.png","url":"https:\/\/dev.codekraft.it\/rotary-2024\/fr\/produits\/accessoires-service-de-pneus-fr\/accessoires-equilibreuses-de-roue-fr\/cone-de-centrage\/"},{"id":381347,"mpn":"GAR301","name":"D\u00e9tecteur pour mesure automatique de la largeur de roue","description":"","thumbnail":"https:\/\/dev.codekraft.it\/rotary-2024\/wp-content\/uploads\/brb_media\/00506598_gar301-mi-150x150.png","url":"https:\/\/dev.codekraft.it\/rotary-2024\/fr\/produits\/accessoires-service-de-pneus-fr\/accessoires-equilibreuses-de-roue-fr\/detecteur-pour-mesure-automatique-de-la-largeur-de-roue\/"}],"components":[],"related":[],"page_logo_src":"https:\/\/dev.codekraft.it\/rotary-2024\/wp-content\/uploads\/2024\/05\/cropped-rotary-logo-2022.png","lang":"fr","translations":{"fr":379909,"en":379907,"de":379908,"it":379910,"es":379911,"ru":379912},"pll_sync_post":[],"_links":{"self":[{"href":"https:\/\/dev.codekraft.it\/rotary-2024\/wp-json\/wp\/v2\/product\/379909","targetHints":{"allow":["GET"]}}],"collection":[{"href":"https:\/\/dev.codekraft.it\/rotary-2024\/wp-json\/wp\/v2\/product"}],"about":[{"href":"https:\/\/dev.codekraft.it\/rotary-2024\/wp-json\/wp\/v2\/types\/product"}],"wp:featuredmedia":[{"embeddable":true,"href":"https:\/\/dev.codekraft.it\/rotary-2024\/wp-json\/wp\/v2\/media\/351962"}],"wp:attachment":[{"href":"https:\/\/dev.codekraft.it\/rotary-2024\/wp-json\/wp\/v2\/media?parent=379909"}],"wp:term":[{"taxonomy":"product_brand","embeddable":true,"href":"https:\/\/dev.codekraft.it\/rotary-2024\/wp-json\/wp\/v2\/product_brand?post=379909"},{"taxonomy":"product_cat","embeddable":true,"href":"https:\/\/dev.codekraft.it\/rotary-2024\/wp-json\/wp\/v2\/product_cat?post=379909"},{"taxonomy":"product_tag","embeddable":true,"href":"https:\/\/dev.codekraft.it\/rotary-2024\/wp-json\/wp\/v2\/product_tag?post=379909"},{"taxonomy":"product_approvals","embeddable":true,"href":"https:\/\/dev.codekraft.it\/rotary-2024\/wp-json\/wp\/v2\/product_approvals?post=379909"},{"taxonomy":"product_application","embeddable":true,"href":"https:\/\/dev.codekraft.it\/rotary-2024\/wp-json\/wp\/v2\/product_application?post=379909"}],"curies":[{"name":"wp","href":"https:\/\/api.w.org\/{rel}","templated":true}]}}