{"id":379908,"date":"2025-04-01T08:53:24","date_gmt":"2025-04-01T08:53:24","guid":{"rendered":"https:\/\/dev.codekraft.it\/rotary-2024\/products\/uncategorized\/elektronische-radauswuchtmaschine-vas-741069\/"},"modified":"2025-04-01T08:53:24","modified_gmt":"2025-04-01T08:53:24","slug":"elektronische-radauswuchtmaschine-vas-741069","status":"publish","type":"product","link":"https:\/\/dev.codekraft.it\/rotary-2024\/produkte\/reifenservice-de\/radauswuchtmaschinen-de\/elektronische-radauswuchtmaschine-vas-741069\/","title":{"rendered":"Elektronische Radauswuchtmaschine VAS 741069"},"content":{"rendered":"<ul>\n<li>19\u2033-Touchscreen mit zus\u00e4tzlicher Tastatur<\/li>\n<\/ul>\n<ul>\n<li>Felgenunrundheit-Vermessung mit 2D-Messarm<\/li>\n<li>Zeigt die exakte Gewichtspositionierung mit einem Laserpointer an<\/li>\n<li>Laseranzeige auf 12 Uhr f\u00fcr die Positionierung der Klemmgewichte beim dynamischen Programm<\/li>\n<li>LED-Beleuchtung der Felge<\/li>\n<li>Computergesteuerte Auswuchtmaschine mit pneumatischer Spannvorrichtung<\/li>\n<\/ul>\n<ul>\n<li>Automatische Messung von Distanz und Durchmesser durch internen 2D-Messarm<\/li>\n<li>Automatischer Start bei Absenkung des Radschutzbogens mit automatischem Radbreiten-Sonar zur Messung der Radbreite<\/li>\n<li>Mit externem Felgenmesssonar zur automatische Erfassung der Felgenbreite<\/li>\n<li>Maschine h\u00e4lt automatisch in der Unwuchtposition Radseite au\u00dfen an<\/li>\n<li>Dreht auf Tastendruck zur Unwuchtposition Radseite innen<\/li>\n<li>LED-Beleuchtung der Felge<\/li>\n<li>19\u2033-Touchscreen<\/li>\n<li>Gewichte-Sparprogramm ECO WEIGHT<\/li>\n<li>Programme: ALU-S, DYN, SPLIT, STATIC, SPOKE<\/li>\n<\/ul>\n<p><em><strong>Mitgeliefertes Standardzubeh\u00f6r:<\/strong><\/em><\/p>\n<ul>\n<li>Gel\u00e4ndewagen-Konus \u00d8 95 &#8211; 124 mm<\/li>\n<li>Konen-Satz Pkw \u00d8 44 &#8211; 104 mm<\/li>\n<li>Laserpointer auf 6 Uhr<\/li>\n<li>Laser H12: innerer und \u00e4u\u00dferer Laserstrahl zeigt die genaue 12-Uhr-Position im dynamischen Wuchtvorgang<\/li>\n<\/ul>\n<p><em><strong>Allgemeine Zubeh\u00f6rteile auf Anfrage:<\/strong><\/em><\/p>\n<ul>\n<li>Ultraschall-Unrundheitsmessvorrichtung<\/li>\n<li>Standard-Radheber<\/li>\n<li>Typenflansch<\/li>\n<\/ul>\n","protected":false},"excerpt":{"rendered":"<p>Librak 380PWS Premium | Ultraschall-Unrundheitsmessvorrichtung, Touchscreen, Laserpointer 6 Uhr, Laser 12 Uhr, Konensatz, Pkw und SUV, Felgendurchmesser 10 &#8211; 30\u2033 | Grau (RAL 7040)<\/p>\n","protected":false},"featured_media":351962,"template":"","meta":[],"product_brand":[],"product_cat":[1033482],"product_tag":[1034161],"product_approvals":[1013887,1013870,1013904,1013989,1013921,1013972,1013955,1013938],"product_application":[],"class_list":{"0":"post-379908","1":"product","2":"type-product","3":"status-publish","4":"has-post-thumbnail","6":"product_cat-radauswuchtmaschinen-de","7":"product_tag-passenger-cars-de","8":"product_approvals-audi-de","9":"product_approvals-bentley-de","10":"product_approvals-bugatti-de","11":"product_approvals-lamborghini-de","12":"product_approvals-porsche-de","13":"product_approvals-seat-de","14":"product_approvals-skoda-de","15":"product_approvals-vw-de","17":"first","18":"instock","19":"shipping-taxable","20":"product-type-simple"},"approvals":[{"term_id":1013887,"name":"Audi","slug":"audi-de","term_group":0,"term_taxonomy_id":1013886,"taxonomy":"product_approvals","description":"","parent":0,"count":26,"filter":"raw"},{"term_id":1013870,"name":"Bentley","slug":"bentley-de","term_group":0,"term_taxonomy_id":1013869,"taxonomy":"product_approvals","description":"","parent":0,"count":26,"filter":"raw"},{"term_id":1013904,"name":"Bugatti","slug":"bugatti-de","term_group":0,"term_taxonomy_id":1013903,"taxonomy":"product_approvals","description":"","parent":0,"count":26,"filter":"raw"},{"term_id":1013989,"name":"Lamborghini","slug":"lamborghini-de","term_group":0,"term_taxonomy_id":1013988,"taxonomy":"product_approvals","description":"","parent":0,"count":26,"filter":"raw"},{"term_id":1013921,"name":"Porsche","slug":"porsche-de","term_group":0,"term_taxonomy_id":1013920,"taxonomy":"product_approvals","description":"","parent":0,"count":24,"filter":"raw"},{"term_id":1013972,"name":"Seat","slug":"seat-de","term_group":0,"term_taxonomy_id":1013971,"taxonomy":"product_approvals","description":"","parent":0,"count":26,"filter":"raw"},{"term_id":1013955,"name":"Skoda","slug":"skoda-de","term_group":0,"term_taxonomy_id":1013954,"taxonomy":"product_approvals","description":"","parent":0,"count":23,"filter":"raw"},{"term_id":1013938,"name":"VW","slug":"vw-de","term_group":0,"term_taxonomy_id":1013937,"taxonomy":"product_approvals","description":"","parent":0,"count":26,"filter":"raw"}],"application":[],"brb_media_brochure":[{"id":351963,"url":"https:\/\/dev.codekraft.it\/rotary-2024\/wp-content\/uploads\/brb_media\/00392423_wheel-balancers-librak380pws-br-oem-126378-2018-02-de-screen.pdf","title":"wheel balancers librak380pws br oem 126378 2018 02 de screen","mpn":"","thumbnail":"https:\/\/dev.codekraft.it\/rotary-2024\/wp-content\/uploads\/brb_media\/00392423_wheel-balancers-librak380pws-br-oem-126378-2018-02-de-screen-pdf-106x150.png","description":""},{"id":351964,"url":"https:\/\/dev.codekraft.it\/rotary-2024\/wp-content\/uploads\/brb_media\/00392424_wheel-balancers-librak380pws-br-oem-126379-2018-02-en-screen.pdf","title":"wheel balancers librak380pws br oem 126379 2018 02 en screen","mpn":"","thumbnail":"https:\/\/dev.codekraft.it\/rotary-2024\/wp-content\/uploads\/brb_media\/00392424_wheel-balancers-librak380pws-br-oem-126379-2018-02-en-screen-pdf-106x150.png","description":""},{"id":351965,"url":"https:\/\/dev.codekraft.it\/rotary-2024\/wp-content\/uploads\/brb_media\/00393668_wheel-balancers-librak380pws-br-oem-126381-2018-03-it-screen.pdf","title":"wheel balancers librak380pws br oem 126381 2018 03 it screen","mpn":"","thumbnail":"https:\/\/dev.codekraft.it\/rotary-2024\/wp-content\/uploads\/brb_media\/00393668_wheel-balancers-librak380pws-br-oem-126381-2018-03-it-screen-pdf-106x150.png","description":""},{"id":351966,"url":"https:\/\/dev.codekraft.it\/rotary-2024\/wp-content\/uploads\/brb_media\/00393887_wheel-balancers-librak380pws-br-oem-26380-2018-04-fr-screen.pdf","title":"wheel balancers librak380pws br oem 26380 2018 04 fr screen","mpn":"","thumbnail":"https:\/\/dev.codekraft.it\/rotary-2024\/wp-content\/uploads\/brb_media\/00393887_wheel-balancers-librak380pws-br-oem-26380-2018-04-fr-screen-pdf-106x150.png","description":""},{"id":351967,"url":"https:\/\/dev.codekraft.it\/rotary-2024\/wp-content\/uploads\/brb_media\/00394030_wheel-balancers-librak380pws-br-oem-26382-2018-04-es-screen.pdf","title":"wheel balancers librak380pws br oem 26382 2018 04 es screen","mpn":"","thumbnail":"https:\/\/dev.codekraft.it\/rotary-2024\/wp-content\/uploads\/brb_media\/00394030_wheel-balancers-librak380pws-br-oem-26382-2018-04-es-screen-pdf-106x150.png","description":""},{"id":351968,"url":"https:\/\/dev.codekraft.it\/rotary-2024\/wp-content\/uploads\/brb_media\/00393669_wheel-balancers-librak380pws-br-oem-26383-2018-04-ru-screen.pdf","title":"wheel balancers librak380pws br oem 26383 2018 04 ru screen","mpn":"","thumbnail":"https:\/\/dev.codekraft.it\/rotary-2024\/wp-content\/uploads\/brb_media\/00393669_wheel-balancers-librak380pws-br-oem-26383-2018-04-ru-screen-pdf-106x150.png","description":""},{"id":350312,"url":"https:\/\/dev.codekraft.it\/rotary-2024\/wp-content\/uploads\/brb_media\/00409949_vw-approvals-br-127168-de-2019-04-screen.pdf","title":"vw approvals br 127168 de 2019 04 screen","mpn":"","thumbnail":"https:\/\/dev.codekraft.it\/rotary-2024\/wp-content\/uploads\/brb_media\/00409949_vw-approvals-br-127168-de-2019-04-screen-pdf-106x150.png","description":""},{"id":350313,"url":"https:\/\/dev.codekraft.it\/rotary-2024\/wp-content\/uploads\/brb_media\/00409950_vw-approvals-br-127169-en-2019-04-screen.pdf","title":"vw approvals br 127169 en 2019 04 screen","mpn":"","thumbnail":"https:\/\/dev.codekraft.it\/rotary-2024\/wp-content\/uploads\/brb_media\/00409950_vw-approvals-br-127169-en-2019-04-screen-pdf-106x150.png","description":""},{"id":350314,"url":"https:\/\/dev.codekraft.it\/rotary-2024\/wp-content\/uploads\/brb_media\/00409951_vw-approvals-br-127170-fr-2019-04-screen.pdf","title":"vw approvals br 127170 fr 2019 04 screen","mpn":"","thumbnail":"https:\/\/dev.codekraft.it\/rotary-2024\/wp-content\/uploads\/brb_media\/00409951_vw-approvals-br-127170-fr-2019-04-screen-pdf-106x150.png","description":""},{"id":350315,"url":"https:\/\/dev.codekraft.it\/rotary-2024\/wp-content\/uploads\/brb_media\/00409952_vw-approvals-br-127171-it-2019-04-screen.pdf","title":"vw approvals br 127171 it 2019 04 screen","mpn":"","thumbnail":"https:\/\/dev.codekraft.it\/rotary-2024\/wp-content\/uploads\/brb_media\/00409952_vw-approvals-br-127171-it-2019-04-screen-pdf-106x150.png","description":""},{"id":350316,"url":"https:\/\/dev.codekraft.it\/rotary-2024\/wp-content\/uploads\/brb_media\/00409953_vw-approvals-br-127172-es-2019-04-screen.pdf","title":"vw approvals br 127172 es 2019 04 screen","mpn":"","thumbnail":"https:\/\/dev.codekraft.it\/rotary-2024\/wp-content\/uploads\/brb_media\/00409953_vw-approvals-br-127172-es-2019-04-screen-pdf-106x150.png","description":""},{"id":350317,"url":"https:\/\/dev.codekraft.it\/rotary-2024\/wp-content\/uploads\/brb_media\/00409954_vw-approvals-br-127173-ru-2019-04-screen.pdf","title":"vw approvals br 127173 ru 2019 04 screen","mpn":"","thumbnail":"https:\/\/dev.codekraft.it\/rotary-2024\/wp-content\/uploads\/brb_media\/00409954_vw-approvals-br-127173-ru-2019-04-screen-pdf-106x150.png","description":""}],"brb_media_drawing":"","brb_media_manuals":"","brb_media_safety_datasheets":"","brb_media_spare_parts":[],"_cdmm_p_id":"473761","_company":"Elektron","_gtin":"","accessories":[{"id":379655,"mpn":"GAR111","name":"Zentrierkonen f\u00fcr Pkw","description":"Inkl. Schutzkappe | \u00d8 44 - 112 mm | 1 Satz \/ 3 St\u00fcck","thumbnail":"https:\/\/dev.codekraft.it\/rotary-2024\/wp-content\/uploads\/brb_media\/00509259_wheel-balancer-gar111-mi-150x150.png","url":"https:\/\/dev.codekraft.it\/rotary-2024\/produkte\/zubehor-reifenservice-de\/zubehor-radauswuchtmaschinen-de\/zentrierkonen-fur-pkw\/"},{"id":381340,"mpn":"GAR112","name":"Zentrierkonus","description":"F\u00fcr Gel\u00e4ndewagen | \u00d8 95 - 132 mm","thumbnail":"https:\/\/dev.codekraft.it\/rotary-2024\/wp-content\/uploads\/brb_media\/00549107_wheel-balancers-gar112-mi-150x150.png","url":"https:\/\/dev.codekraft.it\/rotary-2024\/produkte\/zubehor-reifenservice-de\/zubehor-radauswuchtmaschinen-de\/zentrierkonus\/"},{"id":381346,"mpn":"GAR301","name":"Automatischer Felgenbreitentaster","description":"","thumbnail":"https:\/\/dev.codekraft.it\/rotary-2024\/wp-content\/uploads\/brb_media\/00506598_gar301-mi-150x150.png","url":"https:\/\/dev.codekraft.it\/rotary-2024\/produkte\/zubehor-reifenservice-de\/zubehor-radauswuchtmaschinen-de\/automatischer-felgenbreitentaster\/"}],"components":[],"related":[],"page_logo_src":"https:\/\/dev.codekraft.it\/rotary-2024\/wp-content\/uploads\/2024\/05\/cropped-rotary-logo-2022.png","lang":"de","translations":{"de":379908,"en":379907,"fr":379909,"it":379910,"es":379911,"ru":379912},"pll_sync_post":[],"_links":{"self":[{"href":"https:\/\/dev.codekraft.it\/rotary-2024\/wp-json\/wp\/v2\/product\/379908","targetHints":{"allow":["GET"]}}],"collection":[{"href":"https:\/\/dev.codekraft.it\/rotary-2024\/wp-json\/wp\/v2\/product"}],"about":[{"href":"https:\/\/dev.codekraft.it\/rotary-2024\/wp-json\/wp\/v2\/types\/product"}],"wp:featuredmedia":[{"embeddable":true,"href":"https:\/\/dev.codekraft.it\/rotary-2024\/wp-json\/wp\/v2\/media\/351962"}],"wp:attachment":[{"href":"https:\/\/dev.codekraft.it\/rotary-2024\/wp-json\/wp\/v2\/media?parent=379908"}],"wp:term":[{"taxonomy":"product_brand","embeddable":true,"href":"https:\/\/dev.codekraft.it\/rotary-2024\/wp-json\/wp\/v2\/product_brand?post=379908"},{"taxonomy":"product_cat","embeddable":true,"href":"https:\/\/dev.codekraft.it\/rotary-2024\/wp-json\/wp\/v2\/product_cat?post=379908"},{"taxonomy":"product_tag","embeddable":true,"href":"https:\/\/dev.codekraft.it\/rotary-2024\/wp-json\/wp\/v2\/product_tag?post=379908"},{"taxonomy":"product_approvals","embeddable":true,"href":"https:\/\/dev.codekraft.it\/rotary-2024\/wp-json\/wp\/v2\/product_approvals?post=379908"},{"taxonomy":"product_application","embeddable":true,"href":"https:\/\/dev.codekraft.it\/rotary-2024\/wp-json\/wp\/v2\/product_application?post=379908"}],"curies":[{"name":"wp","href":"https:\/\/api.w.org\/{rel}","templated":true}]}}