{"id":379775,"date":"2025-12-11T10:11:29","date_gmt":"2025-12-11T10:11:29","guid":{"rendered":"https:\/\/dev.codekraft.it\/rotary-2024\/products\/uncategorized\/kit-de-energia\/"},"modified":"2025-12-11T10:11:29","modified_gmt":"2025-12-11T10:11:29","slug":"kit-de-energia","status":"publish","type":"product","link":"https:\/\/dev.codekraft.it\/rotary-2024\/es\/productos\/accesorios-compresores-es\/tratamiento-del-aire-comprimido-es\/kit-de-energia\/","title":{"rendered":"Kit de energ\u00eda"},"content":{"rendered":"<ul>\n<li>La unidad protege la unidad de control y el motor neum\u00e1ticos de la suciedad y la condensaci\u00f3n de agua.<\/li>\n<li>El kit de alimentaci\u00f3n incluye dos conexiones adicionales de aire comprimido para herramientas y una manguera de aire corta.<\/li>\n<li>Especialmente recomendado para el modelo Blitz S15 Vario, pero tambi\u00e9n puede utilizarse con todos los elevadores con motor neum\u00e1tico.<\/li>\n<\/ul>\n","protected":false},"excerpt":{"rendered":"<p>Set de potencia neum\u00e1tico con suministro de aire comprimido y separador de condensado, incl. 2 conexiones adicionales de aire comprimido y 1 manguera de aire | espiga \u00d8 35 mm, presi\u00f3n de servicio m\u00e1xima 16 bar | para todos los elevadores con motor neum\u00e1tico &#8211; especialmente recomendado para Blitz S15 Vario<\/p>\n","protected":false},"featured_media":374780,"template":"","meta":[],"product_cat":[1033638],"product_tag":[1034151,1034134,1034203,1034186],"product_approvals":[],"product_application":[],"class_list":{"0":"post-379775","1":"product","2":"type-product","3":"status-publish","4":"has-post-thumbnail","6":"product_cat-tratamiento-del-aire-comprimido-es","7":"product_tag-buses-es","8":"product_tag-trucks-es","9":"product_tag-motor-homes-es","10":"product_tag-light-commercial-es","12":"first","13":"instock","14":"shipping-taxable","15":"product-type-simple"},"approvals":[],"application":[],"brb_media_brochure":"","brb_media_drawing":"","brb_media_manuals":"","brb_media_safety_datasheets":"","brb_media_spare_parts":[],"_cdmm_p_id":"472240","_company":"Elektron","_gtin":"4057612671568","accessories":[],"components":[],"related":[],"similar":[],"lang":"es","translations":{"es":379775,"en":379771,"de":379772,"fr":379773,"it":379774,"ru":379776},"pll_sync_post":[],"_links":{"self":[{"href":"https:\/\/dev.codekraft.it\/rotary-2024\/wp-json\/wp\/v2\/product\/379775","targetHints":{"allow":["GET"]}}],"collection":[{"href":"https:\/\/dev.codekraft.it\/rotary-2024\/wp-json\/wp\/v2\/product"}],"about":[{"href":"https:\/\/dev.codekraft.it\/rotary-2024\/wp-json\/wp\/v2\/types\/product"}],"wp:featuredmedia":[{"embeddable":true,"href":"https:\/\/dev.codekraft.it\/rotary-2024\/wp-json\/wp\/v2\/media\/374780"}],"wp:attachment":[{"href":"https:\/\/dev.codekraft.it\/rotary-2024\/wp-json\/wp\/v2\/media?parent=379775"}],"wp:term":[{"taxonomy":"product_cat","embeddable":true,"href":"https:\/\/dev.codekraft.it\/rotary-2024\/wp-json\/wp\/v2\/product_cat?post=379775"},{"taxonomy":"product_tag","embeddable":true,"href":"https:\/\/dev.codekraft.it\/rotary-2024\/wp-json\/wp\/v2\/product_tag?post=379775"},{"taxonomy":"product_approvals","embeddable":true,"href":"https:\/\/dev.codekraft.it\/rotary-2024\/wp-json\/wp\/v2\/product_approvals?post=379775"},{"taxonomy":"product_application","embeddable":true,"href":"https:\/\/dev.codekraft.it\/rotary-2024\/wp-json\/wp\/v2\/product_application?post=379775"}],"curies":[{"name":"wp","href":"https:\/\/api.w.org\/{rel}","templated":true}]}}