{"id":379773,"date":"2025-12-11T10:10:53","date_gmt":"2025-12-11T10:10:53","guid":{"rendered":"https:\/\/dev.codekraft.it\/rotary-2024\/products\/uncategorized\/kit-denergie\/"},"modified":"2025-12-11T10:10:53","modified_gmt":"2025-12-11T10:10:53","slug":"kit-denergie","status":"publish","type":"product","link":"https:\/\/dev.codekraft.it\/rotary-2024\/fr\/produits\/accessoires-technologie-de-lair-comprime-fr\/traitement-dair-comprime-fr\/kit-denergie\/","title":{"rendered":"Kit d\u2019\u00e9nergie"},"content":{"rendered":"<ul>\n<li>L&#8217;unit\u00e9 prot\u00e8ge la commande pneumatique ainsi que le moteur pneumatique de la salet\u00e9 et de la condensation d&#8217;eau.<\/li>\n<li>Le kit d&#8217;\u00e9nergie comprend deux raccords d&#8217;air comprim\u00e9 suppl\u00e9mentaires pour les outils et un flexible d&#8217;air court.<\/li>\n<li>Particuli\u00e8rement recommand\u00e9 pour le mod\u00e8le Blitz S15 Vario, mais peut \u00e9galement \u00eatre utilis\u00e9 avec tous les ponts \u00e9l\u00e9vateurs \u00e0 moteur pneumatique.<\/li>\n<\/ul>\n","protected":false},"excerpt":{"rendered":"<p>Puissance pneumatique avec alimentation en air comprim\u00e9 et s\u00e9parateur de condensat, incl. 2 raccords d&#8217;air comprim\u00e9 suppl\u00e9mentaires et 1 flexible d&#8217;air court | \u00d8 de goujon 35 mm, pression de fonctionnement max. 16 bar | avec tous les ponts \u00e9l\u00e9vateurs \u00e0 moteur pneumatique &#8211; particuli\u00e8rement recommand\u00e9 pour Blitz S15 Vario<\/p>\n","protected":false},"featured_media":374780,"template":"","meta":[],"product_cat":[1033606],"product_tag":[1034145,1034128,1034197,1034180],"product_approvals":[],"product_application":[],"class_list":{"0":"post-379773","1":"product","2":"type-product","3":"status-publish","4":"has-post-thumbnail","6":"product_cat-traitement-dair-comprime-fr","7":"product_tag-buses-fr","8":"product_tag-trucks-fr","9":"product_tag-motor-homes-fr","10":"product_tag-light-commercial-fr","12":"first","13":"instock","14":"shipping-taxable","15":"product-type-simple"},"approvals":[],"application":[],"brb_media_brochure":"","brb_media_drawing":"","brb_media_manuals":"","brb_media_safety_datasheets":"","brb_media_spare_parts":[],"_cdmm_p_id":"472240","_company":"Elektron","_gtin":"4057612671568","accessories":[],"components":[],"related":[],"similar":[],"lang":"fr","translations":{"fr":379773,"en":379771,"de":379772,"it":379774,"es":379775,"ru":379776},"pll_sync_post":[],"_links":{"self":[{"href":"https:\/\/dev.codekraft.it\/rotary-2024\/wp-json\/wp\/v2\/product\/379773","targetHints":{"allow":["GET"]}}],"collection":[{"href":"https:\/\/dev.codekraft.it\/rotary-2024\/wp-json\/wp\/v2\/product"}],"about":[{"href":"https:\/\/dev.codekraft.it\/rotary-2024\/wp-json\/wp\/v2\/types\/product"}],"wp:featuredmedia":[{"embeddable":true,"href":"https:\/\/dev.codekraft.it\/rotary-2024\/wp-json\/wp\/v2\/media\/374780"}],"wp:attachment":[{"href":"https:\/\/dev.codekraft.it\/rotary-2024\/wp-json\/wp\/v2\/media?parent=379773"}],"wp:term":[{"taxonomy":"product_cat","embeddable":true,"href":"https:\/\/dev.codekraft.it\/rotary-2024\/wp-json\/wp\/v2\/product_cat?post=379773"},{"taxonomy":"product_tag","embeddable":true,"href":"https:\/\/dev.codekraft.it\/rotary-2024\/wp-json\/wp\/v2\/product_tag?post=379773"},{"taxonomy":"product_approvals","embeddable":true,"href":"https:\/\/dev.codekraft.it\/rotary-2024\/wp-json\/wp\/v2\/product_approvals?post=379773"},{"taxonomy":"product_application","embeddable":true,"href":"https:\/\/dev.codekraft.it\/rotary-2024\/wp-json\/wp\/v2\/product_application?post=379773"}],"curies":[{"name":"wp","href":"https:\/\/api.w.org\/{rel}","templated":true}]}}