{"id":379772,"date":"2025-12-11T10:04:37","date_gmt":"2025-12-11T10:04:37","guid":{"rendered":"https:\/\/dev.codekraft.it\/rotary-2024\/products\/uncategorized\/energie-kit\/"},"modified":"2025-12-11T10:04:37","modified_gmt":"2025-12-11T10:04:37","slug":"energie-kit","status":"publish","type":"product","link":"https:\/\/dev.codekraft.it\/rotary-2024\/produkte\/zubehor-drucklufttechnik-de\/druckluftaufbereitung-de\/energie-kit\/","title":{"rendered":"Energie-Kit"},"content":{"rendered":"<ul>\n<li>Die Einheit sch\u00fctzt die pneumatische Steuerung sowie den Luftmotor vor Schmutz und Wasserkondensat.<\/li>\n<li>Das Energieset beinhaltet zwei zus\u00e4tzliche Druckluftanschl\u00fcssen f\u00fcr Werkzeuge und einen kurzen Luftschlauch.<\/li>\n<li>Besonders empfehlenswert f\u00fcr das Modell Blitz S15 Vario, aber auch bei allen Hebern mit Luftmotor einsetzbar.<\/li>\n<\/ul>\n","protected":false},"excerpt":{"rendered":"<p>Pneumatisches Energieset mit Druckluftversorgung und Kondensatabscheider, inkl. 2 zus\u00e4tzlicher Druckluftanschl\u00fcsse und 1 Luftschlauch | Zapfen-\u00d8 35 mm, Betriebsdruck max. 16 bar | f\u00fcr alle Heber mit Luftmotor &#8211; besonders empfehlenswert f\u00fcr Blitz S15 Vario<\/p>\n","protected":false},"featured_media":374780,"template":"","meta":[],"product_cat":[1033590],"product_tag":[1034143,1034126,1034178,1034195],"product_approvals":[],"product_application":[],"class_list":{"0":"post-379772","1":"product","2":"type-product","3":"status-publish","4":"has-post-thumbnail","6":"product_cat-druckluftaufbereitung-de","7":"product_tag-buses-de","8":"product_tag-trucks-de","9":"product_tag-light-commercial-de","10":"product_tag-motor-homes-de","12":"first","13":"instock","14":"shipping-taxable","15":"product-type-simple"},"approvals":[],"application":[],"brb_media_brochure":"","brb_media_drawing":"","brb_media_manuals":"","brb_media_safety_datasheets":"","brb_media_spare_parts":[],"_cdmm_p_id":"472240","_company":"Elektron","_gtin":"4057612671568","accessories":[],"components":[],"related":[],"similar":[],"lang":"de","translations":{"de":379772,"en":379771,"fr":379773,"it":379774,"es":379775,"ru":379776},"pll_sync_post":[],"_links":{"self":[{"href":"https:\/\/dev.codekraft.it\/rotary-2024\/wp-json\/wp\/v2\/product\/379772","targetHints":{"allow":["GET"]}}],"collection":[{"href":"https:\/\/dev.codekraft.it\/rotary-2024\/wp-json\/wp\/v2\/product"}],"about":[{"href":"https:\/\/dev.codekraft.it\/rotary-2024\/wp-json\/wp\/v2\/types\/product"}],"wp:featuredmedia":[{"embeddable":true,"href":"https:\/\/dev.codekraft.it\/rotary-2024\/wp-json\/wp\/v2\/media\/374780"}],"wp:attachment":[{"href":"https:\/\/dev.codekraft.it\/rotary-2024\/wp-json\/wp\/v2\/media?parent=379772"}],"wp:term":[{"taxonomy":"product_cat","embeddable":true,"href":"https:\/\/dev.codekraft.it\/rotary-2024\/wp-json\/wp\/v2\/product_cat?post=379772"},{"taxonomy":"product_tag","embeddable":true,"href":"https:\/\/dev.codekraft.it\/rotary-2024\/wp-json\/wp\/v2\/product_tag?post=379772"},{"taxonomy":"product_approvals","embeddable":true,"href":"https:\/\/dev.codekraft.it\/rotary-2024\/wp-json\/wp\/v2\/product_approvals?post=379772"},{"taxonomy":"product_application","embeddable":true,"href":"https:\/\/dev.codekraft.it\/rotary-2024\/wp-json\/wp\/v2\/product_application?post=379772"}],"curies":[{"name":"wp","href":"https:\/\/api.w.org\/{rel}","templated":true}]}}