{"id":379761,"date":"2025-12-11T10:10:52","date_gmt":"2025-12-11T10:10:52","guid":{"rendered":"https:\/\/dev.codekraft.it\/rotary-2024\/products\/uncategorized\/traverse-dessieu-att-32-c\/"},"modified":"2025-12-11T10:10:52","modified_gmt":"2025-12-11T10:10:52","slug":"traverse-dessieu-att-32-c","status":"publish","type":"product","link":"https:\/\/dev.codekraft.it\/rotary-2024\/fr\/produits\/accessoires-ponts-elevateurs-fr\/systemes-de-soutien-fr\/traverse-dessieu-att-32-c\/","title":{"rendered":"Traverse d&#039;essieu ATT 3,2 C"},"content":{"rendered":"<ul>\n<li>Id\u00e9al pour les camionnettes (VW Crafter, MB Sprinter, etc.)<\/li>\n<li>Traverse d&#8217;essieu plate et stable pour v\u00e9hicules (voitures et camionnettes) avec points de r\u00e9ception de 868\u00a0&#8211; 1660 mm<\/li>\n<li>Gr\u00e2ce \u00e0 l&#8217;utilisation de diff\u00e9rentes pi\u00e8ces de r\u00e9ception, la traverse est utilisable de mani\u00e8re universelle<\/li>\n<li>Plateau central enfichable<\/li>\n<li>Tourillon de 55 mm<\/li>\n<\/ul>\n<p><strong>\u00c9tendue de la prestation :<\/strong><\/p>\n<ul>\n<li>Traverse<\/li>\n<li>1\u00a0tampon \u00ab\u00a0R\u00a0\u00bb<\/li>\n<\/ul>\n","protected":false},"excerpt":{"rendered":"<p>3,2 t, \u00d8 de goujon 55 mm, plage de r\u00e9glage 868 &#8211; 1660 mm, 2 fois t\u00e9lescopique | pour voitures de tourisme et camionnettes | incl. tampon<\/p>\n","protected":false},"featured_media":374766,"template":"","meta":[],"product_cat":[1033972],"product_tag":[1034197,1034180,1034163],"product_approvals":[],"product_application":[],"class_list":{"0":"post-379761","1":"product","2":"type-product","3":"status-publish","4":"has-post-thumbnail","6":"product_cat-systemes-de-soutien-fr","7":"product_tag-motor-homes-fr","8":"product_tag-light-commercial-fr","9":"product_tag-passenger-cars-fr","11":"first","12":"instock","13":"shipping-taxable","14":"product-type-simple"},"approvals":[],"application":[],"brb_media_brochure":"","brb_media_drawing":"","brb_media_manuals":[{"id":377177,"url":"https:\/\/dev.codekraft.it\/rotary-2024\/wp-content\/uploads\/brb_media\/00535454_supporting-device-om-sp-129500-multi-2024-10-revb.pdf","title":"supporting device om sp 129500 multi 2024 10 revb","thumbnail":"https:\/\/dev.codekraft.it\/rotary-2024\/wp-content\/uploads\/brb_media\/00535454_supporting-device-om-sp-129500-multi-2024-10-revb-pdf-106x150.png","description":""}],"brb_media_safety_datasheets":"","brb_media_spare_parts":[],"_cdmm_p_id":"472237","_company":"Elektron","_gtin":"4057612678925","accessories":[{"id":379767,"cdmm_p_id":"472238","name":"Kit de r\u00e9ception pour traverse ATT 3,2 C","description":"Accessoires en option pour la r\u00e9ceptacle pour transporteur, kit de r\u00e9ception enfichable recommand\u00e9 | pour voitures \/ camionnettes \/ MAN \/ Crafter \/ Sprinter","thumbnail":"https:\/\/dev.codekraft.it\/rotary-2024\/wp-content\/uploads\/brb_media\/00397020_125216_att32c_traverse-150x150.png","url":"https:\/\/dev.codekraft.it\/rotary-2024\/fr\/produits\/accessoires-ponts-elevateurs-fr\/systemes-de-transport-prise-de-charge-fr\/kit-de-reception-pour-traverse-att-32-c\/"},{"id":382214,"cdmm_p_id":"500757","name":"Rallonge pour traverse ATT 3,2 C | 80 mm","description":"2 pi\u00e8ces","thumbnail":"","url":"https:\/\/dev.codekraft.it\/rotary-2024\/fr\/produits\/accessoires-ponts-elevateurs-fr\/systemes-de-soutien-fr\/rallonge-pour-traverse-att-32-c-80-mm\/"},{"id":382208,"cdmm_p_id":"500756","name":"Rallonge pour traverse ATT 3,2 C | 127 mm","description":"2 pi\u00e8ces","thumbnail":"","url":"https:\/\/dev.codekraft.it\/rotary-2024\/fr\/produits\/accessoires-ponts-elevateurs-fr\/systemes-de-soutien-fr\/rallonge-pour-traverse-att-32-c-127-mm\/"},{"id":382220,"cdmm_p_id":"500758","name":"Tourillon d&#039;adaptation 55 \u00e0 35 mm | pour traverse ATT 3,2 C \/ cric | 135 mm","description":"R\u00e9duction de 55 \u00e0 35 mm, n\u00e9cessaire en cas d'utilisation de la traverse ATT 3,2 C avec un tourillon de 55 mm sur un cric (par ex. Junior Jack) avec un trou de r\u00e9ception de 35 mm","thumbnail":"","url":"https:\/\/dev.codekraft.it\/rotary-2024\/fr\/produits\/accessoires-ponts-elevateurs-fr\/systemes-de-soutien-fr\/tourillon-dadaptation-55-a-35-mm-pour-traverse-att-32-c-cric-135-mm\/"}],"components":[],"related":[],"similar":[],"lang":"fr","translations":{"fr":379761,"en":379759,"de":379760,"it":379762,"es":379763,"ru":379764},"pll_sync_post":[],"_links":{"self":[{"href":"https:\/\/dev.codekraft.it\/rotary-2024\/wp-json\/wp\/v2\/product\/379761","targetHints":{"allow":["GET"]}}],"collection":[{"href":"https:\/\/dev.codekraft.it\/rotary-2024\/wp-json\/wp\/v2\/product"}],"about":[{"href":"https:\/\/dev.codekraft.it\/rotary-2024\/wp-json\/wp\/v2\/types\/product"}],"wp:featuredmedia":[{"embeddable":true,"href":"https:\/\/dev.codekraft.it\/rotary-2024\/wp-json\/wp\/v2\/media\/374766"}],"wp:attachment":[{"href":"https:\/\/dev.codekraft.it\/rotary-2024\/wp-json\/wp\/v2\/media?parent=379761"}],"wp:term":[{"taxonomy":"product_cat","embeddable":true,"href":"https:\/\/dev.codekraft.it\/rotary-2024\/wp-json\/wp\/v2\/product_cat?post=379761"},{"taxonomy":"product_tag","embeddable":true,"href":"https:\/\/dev.codekraft.it\/rotary-2024\/wp-json\/wp\/v2\/product_tag?post=379761"},{"taxonomy":"product_approvals","embeddable":true,"href":"https:\/\/dev.codekraft.it\/rotary-2024\/wp-json\/wp\/v2\/product_approvals?post=379761"},{"taxonomy":"product_application","embeddable":true,"href":"https:\/\/dev.codekraft.it\/rotary-2024\/wp-json\/wp\/v2\/product_application?post=379761"}],"curies":[{"name":"wp","href":"https:\/\/api.w.org\/{rel}","templated":true}]}}