{"id":379743,"date":"2025-12-11T10:10:51","date_gmt":"2025-12-11T10:10:51","guid":{"rendered":"https:\/\/dev.codekraft.it\/rotary-2024\/products\/uncategorized\/pont-elevateur-a-colonne-mobile-hydrolift-s2-8-82\/"},"modified":"2025-12-11T10:10:51","modified_gmt":"2025-12-11T10:10:51","slug":"pont-elevateur-a-colonne-mobile-hydrolift-s2-8-82","status":"publish","type":"product","link":"https:\/\/dev.codekraft.it\/rotary-2024\/fr\/produits\/ponts-elevateurs-fr\/ponts-elevateurs-a-colonnes-mobiles-fr\/pont-elevateur-a-colonne-mobile-hydrolift-s2-8-82\/","title":{"rendered":"Pont el\u00e9vateur \u00e0 colonne mobile HydroLift S2 8-8,2"},"content":{"rendered":"<p>Les syst\u00e8mes de pince de roue \u00e0 motorisation de Blitz sont la synth\u00e8se parfaite de la flexibilit\u00e9 et de la stabilit\u00e9. Surfaces libres &#8211; ce qui rend l\u2019utilisation optimale, \u00e0 la fois dans l\u2019atelier qu\u2019\u00e0 l\u2019ext\u00e9rieur.<\/p>\n<ul>\n<li>La double protection de charge garantit la s\u00e9curit\u00e9<\/li>\n<li>Commande intuitive<\/li>\n<li>Changement plus rapide de la position rendu possible gr\u00e2ce aux chariots \u00e9l\u00e9vateurs<\/li>\n<\/ul>\n<ul>\n<li>Double protection de charge due au dispositif de s\u00e9curit\u00e9 hydraulique r\u00e9glable en continu (valve d\u2019arr\u00eat) et au m\u00e9canisme de protection autobloquant \u00e0 clavette de s\u00e9curit\u00e9.<\/li>\n<li>Les batteries aux dimensions g\u00e9n\u00e9reuses permettent jusqu\u2019\u00e0 15 mouvements de levage et d\u2019abaissement, avec une charge pleine.<\/li>\n<li>La direction articul\u00e9e avec frein bloquant int\u00e9gr\u00e9 emp\u00eache tout d\u00e9placement inopin\u00e9 du groupe de levage.<\/li>\n<li>Le dispositif de charge int\u00e9gr\u00e9 permet de recharger la batterie pendant l\u2018utilisation de l\u2019HYDROLIFT S2. Une heure de recharge rapide garantit un autre cycle complet de levage et d\u2019abaissement.\u00a0<\/li>\n<li>Flexibles hydrauliques facilement accessibles, mises \u00e0 jour de logiciel via cartes SD.<\/li>\n<li>La construction modulaire permet l\u2019extension ult\u00e9rieure de 2 \u00e0 4, 6 ou 8 groupes de levage.<\/li>\n<\/ul>\n<ul>\n<li>\u00c9quip\u00e9es de passages de fourche amovibles, les pinces de roue peuvent \u00eatre transport\u00e9es de mani\u00e8re s\u00fbre et confortable vers l\u2019atelier.<\/li>\n<li>La fourche VARIO permet d\u2019adapter toutes les dimensions diff\u00e9rentes de roue sans adaptateur de roue suppl\u00e9mentaire : de R10 \u00e0 R22.5 &#8211; \u00e9galement Super Single bien s\u00fbr.<\/li>\n<li>Des symboles compr\u00e9hensibles facilitent l\u2019utilisation de l\u2019HYDROLIFT S2. Et des voyants LED assurent un retour sans \u00e9quivoque sur le statut de fonctionnement actuel.<\/li>\n<li>La production \u00e0 grande \u00e9chelle dans nos sites de production certifi\u00e9s ISO donne une qualit\u00e9 de fabrication toujours \u00e9lev\u00e9e.<\/li>\n<li>Les fonctions sont toutes disponibles avec chaque pince de roue.<\/li>\n<li>L\u2019unique profil\u00e9 FS offre une protection optimale du moyeu de roue.<\/li>\n<li>La communication entre les groupes de levage individuels se fait sans fil sur la base de la norme IEEE 802.15.4.<\/li>\n<li>Hydro-protection : Le cylindre de levage est prot\u00e9g\u00e9 par un tube solide en acier. Le moteur et les distributeurs hydrauliques sont enti\u00e8rement rev\u00eatus.<\/li>\n<li>Chaque groupe de levage est \u00e9quip\u00e9 d\u2019un ARR\u00caT D\u2019URGENCE &#8211; en cas de probl\u00e8me, tous les groupes de levage s\u2019arr\u00eatent simultan\u00e9ment.<\/li>\n<li>D\u00e9placement facile : Des rouleaux l\u00e9gers renforc\u00e9s en fibre de verre rendent l\u2019espace de travail facile et pratique.<\/li>\n<li>La commande de synchronisation garantit une synchronisation absolue de tous les groupes de levage &#8211; m\u00eame en cas de charge in\u00e9gale. Dans ce cas, la d\u00e9viation de l\u2018installation n\u2018est que de 20 mm.<\/li>\n<\/ul>\n","protected":false},"excerpt":{"rendered":"<p>8 x 8,2 t, \u00e9lectrohydraulique, sans fil, fonctionnement \u00e0 batterie<\/p>\n","protected":false},"featured_media":351510,"template":"","meta":[],"product_cat":[1033808],"product_tag":[1034145,1034128,1034197,1034262,1034180],"product_approvals":[],"product_application":[],"class_list":{"0":"post-379743","1":"product","2":"type-product","3":"status-publish","4":"has-post-thumbnail","6":"product_cat-ponts-elevateurs-a-colonnes-mobiles-fr","7":"product_tag-buses-fr","8":"product_tag-trucks-fr","9":"product_tag-motor-homes-fr","10":"product_tag-remorques-fr","11":"product_tag-light-commercial-fr","13":"first","14":"instock","15":"shipping-taxable","16":"product-type-simple"},"approvals":[],"application":[],"brb_media_brochure":[{"id":351511,"url":"https:\/\/dev.codekraft.it\/rotary-2024\/wp-content\/uploads\/brb_media\/00415962_mobile-column-lift-hydrolift-s2-8-2-126443-de-2019-06-screen.pdf","title":"mobile column lift hydrolift s2 8 2 126443 de 2019 06 screen","thumbnail":"https:\/\/dev.codekraft.it\/rotary-2024\/wp-content\/uploads\/brb_media\/00415962_mobile-column-lift-hydrolift-s2-8-2-126443-de-2019-06-screen-pdf-106x150.png","description":""},{"id":351512,"url":"https:\/\/dev.codekraft.it\/rotary-2024\/wp-content\/uploads\/brb_media\/00415963_mobile-column-lift-hydrolift-s2-8-2-126444-en-2019-06-screen.pdf","title":"mobile column lift hydrolift s2 8 2 126444 en 2019 06 screen","thumbnail":"https:\/\/dev.codekraft.it\/rotary-2024\/wp-content\/uploads\/brb_media\/00415963_mobile-column-lift-hydrolift-s2-8-2-126444-en-2019-06-screen-pdf-106x150.png","description":""},{"id":351513,"url":"https:\/\/dev.codekraft.it\/rotary-2024\/wp-content\/uploads\/brb_media\/00415965_mobile-column-lift-hydrolift-s2-8-2-126445-fr-2019-06-screen.pdf","title":"mobile column lift hydrolift s2 8 2 126445 fr 2019 06 screen","thumbnail":"https:\/\/dev.codekraft.it\/rotary-2024\/wp-content\/uploads\/brb_media\/00415965_mobile-column-lift-hydrolift-s2-8-2-126445-fr-2019-06-screen-pdf-106x150.png","description":""},{"id":351514,"url":"https:\/\/dev.codekraft.it\/rotary-2024\/wp-content\/uploads\/brb_media\/00415972_mobile-column-lift-hydrolift-s2-8-2-126446-it-2019-06-screen.pdf","title":"mobile column lift hydrolift s2 8 2 126446 it 2019 06 screen","thumbnail":"https:\/\/dev.codekraft.it\/rotary-2024\/wp-content\/uploads\/brb_media\/00415972_mobile-column-lift-hydrolift-s2-8-2-126446-it-2019-06-screen-pdf-106x150.png","description":""},{"id":351515,"url":"https:\/\/dev.codekraft.it\/rotary-2024\/wp-content\/uploads\/brb_media\/00415973_mobile-column-lift-hydrolift-s2-8-2-126447-es-2019-06-screen.pdf","title":"mobile column lift hydrolift s2 8 2 126447 es 2019 06 screen","thumbnail":"https:\/\/dev.codekraft.it\/rotary-2024\/wp-content\/uploads\/brb_media\/00415973_mobile-column-lift-hydrolift-s2-8-2-126447-es-2019-06-screen-pdf-106x150.png","description":""},{"id":351516,"url":"https:\/\/dev.codekraft.it\/rotary-2024\/wp-content\/uploads\/brb_media\/00415974_mobile-column-lift-hydrolift-s2-8-2-126448-ru-2019-06-screen.pdf","title":"mobile column lift hydrolift s2 8 2 126448 ru 2019 06 screen","thumbnail":"https:\/\/dev.codekraft.it\/rotary-2024\/wp-content\/uploads\/brb_media\/00415974_mobile-column-lift-hydrolift-s2-8-2-126448-ru-2019-06-screen-pdf-106x150.png","description":""}],"brb_media_drawing":"","brb_media_manuals":[{"id":351519,"url":"https:\/\/dev.codekraft.it\/rotary-2024\/wp-content\/uploads\/brb_media\/00510172_mobile-column-lift-hydrolift-62-75-82-om-sp-126746-multi-2022-11-revd.pdf","title":"Mobile column lift HydroLift 6,2 7,5 8,2 OM SP 126746 multi 2022 11 RevD","thumbnail":"https:\/\/dev.codekraft.it\/rotary-2024\/wp-content\/uploads\/brb_media\/00510172_mobile-column-lift-hydrolift-62-75-82-om-sp-126746-multi-2022-11-revd-pdf-106x150.png","description":""},{"id":351520,"url":"https:\/\/dev.codekraft.it\/rotary-2024\/wp-content\/uploads\/brb_media\/00406390_mobile-column-lift-hydrolift-s2-8-2c2-om-sp-no-2018-08-rev-e.pdf","title":"mobile column lift hydrolift s2 8 2c2 om sp no 2018 08 rev e","thumbnail":"https:\/\/dev.codekraft.it\/rotary-2024\/wp-content\/uploads\/brb_media\/00406390_mobile-column-lift-hydrolift-s2-8-2c2-om-sp-no-2018-08-rev-e-pdf-116x150.png","description":""}],"brb_media_safety_datasheets":"","brb_media_spare_parts":[],"_cdmm_p_id":"472100","_company":"Elektron","_gtin":"4057612734416","accessories":[{"id":378863,"cdmm_p_id":"395110","name":"Traverse pour HydroLift S3 7,5\/8,2","description":"16,4 t","thumbnail":"https:\/\/dev.codekraft.it\/rotary-2024\/wp-content\/uploads\/brb_media\/00263258-150x150.png","url":"https:\/\/dev.codekraft.it\/rotary-2024\/fr\/produits\/accessoires-ponts-elevateurs-fr\/accessoires-ponts-elevateurs-a-colonnes-mobiles-fr\/traverse-pour-hydrolift-s3-75-82\/"},{"id":378875,"cdmm_p_id":"395170","name":"Traverse pour HydroLift S3 7,5\/8,2","description":"Capacit\u00e9 de charge max. 16,4 t, traverse de pivot de fus\u00e9e | uniquement en combinaison avec traverse (N\u00b0 article 119777)","thumbnail":"https:\/\/dev.codekraft.it\/rotary-2024\/wp-content\/uploads\/brb_media\/00263259_hydrolift-s2-mounting-agrar-150x150.png","url":"https:\/\/dev.codekraft.it\/rotary-2024\/fr\/produits\/accessoires-ponts-elevateurs-fr\/accessoires-ponts-elevateurs-a-colonnes-mobiles-fr\/traverse-pour-hydrolift-s3-75-82-2\/"},{"id":379879,"cdmm_p_id":"472545","name":"Adaptateurs avant et arri\u00e8re pour HydroLift","description":"16,4 t | pour le levage de diff\u00e9rents types de tracteurs, incl. adaptateurs agricoles","thumbnail":"https:\/\/dev.codekraft.it\/rotary-2024\/wp-content\/uploads\/brb_media\/00398680_hydrolift_122510_front_adapter_di-150x150.png","url":"https:\/\/dev.codekraft.it\/rotary-2024\/fr\/produits\/accessoires-ponts-elevateurs-fr\/accessoires-ponts-elevateurs-a-colonnes-mobiles-fr\/adaptateurs-avant-et-arriere-pour-hydrolift\/"},{"id":380090,"cdmm_p_id":"476579","name":"Capot de protection pour HydroLift 8,2","description":"Capot de protection flexible et stable avec aimants contre les projections d'eau | Uniquement pour les colonnes mobiles fonctionnant sur batterie | 1 pi\u00e8ce","thumbnail":"https:\/\/dev.codekraft.it\/rotary-2024\/wp-content\/uploads\/brb_media\/00409842_hydrolift-with-coverage-for-car-wash-facility-usage-diagonal-ral7016-di-150x150.png","url":"https:\/\/dev.codekraft.it\/rotary-2024\/fr\/produits\/accessoires-ponts-elevateurs-fr\/accessoires-ponts-elevateurs-a-colonnes-mobiles-fr\/capot-de-protection-pour-hydrolift-82\/"},{"id":381043,"cdmm_p_id":"497202","name":"Prolongateur de fourche de roue pour HydroLift 8,2","description":"Id\u00e9al p. ex. pour loger des maisons mobiles sur lesquels les roues se trouvent derri\u00e8re la carrosserie, incl. fourches de roues et extensions de cadre de base | r\u00e9duction de la capacit\u00e9 de charge \u00e0 6,5 t | 1 jeu (pour 1 colonne mobile)","thumbnail":"https:\/\/dev.codekraft.it\/rotary-2024\/wp-content\/uploads\/brb_media\/00489149_m140041yl-mi-150x150.jpg","url":"https:\/\/dev.codekraft.it\/rotary-2024\/fr\/produits\/accessoires-ponts-elevateurs-fr\/accessoires-ponts-elevateurs-a-colonnes-mobiles-fr\/prolongateur-de-fourche-de-roue-pour-hydrolift-82\/"},{"id":381049,"cdmm_p_id":"497203","name":"Kit de rampes d&#039;acc\u00e8s","description":"Rampes pour chariot \u00e9l\u00e9vateur, acc\u00e8s d'un seul c\u00f4t\u00e9 | Gris (RAL 7012)","thumbnail":"https:\/\/dev.codekraft.it\/rotary-2024\/wp-content\/uploads\/brb_media\/00507162_m140124_002-150x150.jpg","url":"https:\/\/dev.codekraft.it\/rotary-2024\/fr\/produits\/accessoires-ponts-elevateurs-fr\/accessoires-ponts-elevateurs-a-colonnes-mobiles-fr\/kit-de-rampes-dacces-3\/"},{"id":381055,"cdmm_p_id":"497204","name":"Kit de rampes d&#039;acc\u00e8s","description":"Rampes pour chariot \u00e9l\u00e9vateur, passage des deux c\u00f4t\u00e9s | Gris (RAL 7012)","thumbnail":"https:\/\/dev.codekraft.it\/rotary-2024\/wp-content\/uploads\/brb_media\/00507164_m140yyy_001-150x150.jpg","url":"https:\/\/dev.codekraft.it\/rotary-2024\/fr\/produits\/accessoires-ponts-elevateurs-fr\/accessoires-ponts-elevateurs-a-colonnes-mobiles-fr\/kit-de-rampes-dacces-4\/"},{"id":381061,"cdmm_p_id":"497205","name":"Kit de rampes d&#039;acc\u00e8s","description":"Rampes pour chariot \u00e9l\u00e9vateur \u00e0 trois roues, acc\u00e8s d'un seul c\u00f4t\u00e9| Gris (RAL 7012)","thumbnail":"https:\/\/dev.codekraft.it\/rotary-2024\/wp-content\/uploads\/brb_media\/00507163_m140xxx_001-150x150.jpg","url":"https:\/\/dev.codekraft.it\/rotary-2024\/fr\/produits\/accessoires-ponts-elevateurs-fr\/accessoires-ponts-elevateurs-a-colonnes-mobiles-fr\/kit-de-rampes-dacces-5\/"},{"id":381037,"cdmm_p_id":"497201","name":"V\u00e9hicule de transport pour jeu de rampes","description":"Chariot pour kit de rampes d'acc\u00e8s pour chariot \u00e9l\u00e9vateur M140124BG \/ M140127BG","thumbnail":"https:\/\/dev.codekraft.it\/rotary-2024\/wp-content\/uploads\/brb_media\/00489148_m110175bg-mi-150x150.jpg","url":"https:\/\/dev.codekraft.it\/rotary-2024\/fr\/produits\/accessoires-ponts-elevateurs-fr\/accessoires-ponts-elevateurs-a-colonnes-mobiles-fr\/vehicule-de-transport-pour-jeu-de-rampes\/"},{"id":381001,"cdmm_p_id":"497191","name":"SmartCart Agrar","description":"Chariot de transport et de rangement pour le kit adaptateur agricole - Bien rang\u00e9s, les adaptateurs et les \u00e9l\u00e9ments de logement trouvent leur place dans l'atelier","thumbnail":"https:\/\/dev.codekraft.it\/rotary-2024\/wp-content\/uploads\/brb_media\/00414017_smartcart-agrar-mi-150x150.png","url":"https:\/\/dev.codekraft.it\/rotary-2024\/fr\/produits\/accessoires-ponts-elevateurs-fr\/accessoires-ponts-elevateurs-a-colonnes-mobiles-fr\/smartcart-agrar-3\/"},{"id":380096,"cdmm_p_id":"476580","name":"Kit d&#039;\u00e9clairage LED Standard | pour HydroLift 6,2\/7,5\/8,2","description":"Incl. jeu de c\u00e2bles, support et instructions de montage | 2 pi\u00e8ces","thumbnail":"https:\/\/dev.codekraft.it\/rotary-2024\/wp-content\/uploads\/brb_media\/00414016_hydrolift-s3-with-led-new-mi-150x150.png","url":"https:\/\/dev.codekraft.it\/rotary-2024\/fr\/produits\/accessoires-ponts-elevateurs-fr\/accessoires-ponts-elevateurs-a-colonnes-mobiles-fr\/kit-declairage-led-standard-pour-hydrolift-62-75-82\/"},{"id":382949,"cdmm_p_id":"501929","name":"Chevalet d&#039;appui","description":"10000 kg, 1235 - 2040 mm, r\u00e9glable en hauteur par pas de 6 x 100 mm, avec en plus partie sup\u00e9rieure r\u00e9glable en continu (115 mm), 3 roues r\u00e9tractables, support en U et support en prisme (interchangeables), pr\u00eat \u00e0 l'emploi | Gris (RAL 7040)","thumbnail":"https:\/\/dev.codekraft.it\/rotary-2024\/wp-content\/uploads\/brb_media\/00535520_mobile-columns-s270a2-mi-150x150.png","url":"https:\/\/dev.codekraft.it\/rotary-2024\/fr\/produits\/accessoires-ponts-elevateurs-fr\/accessoires-ponts-elevateurs-a-colonnes-mobiles-fr\/chevalet-dappui-2\/"},{"id":382722,"cdmm_p_id":"501897","name":"Chevalet d&#039;appui","description":"10000 kg, 1235 - 2040 mm, r\u00e9glable en hauteur par pas de 6 x 100 mm, avec en plus partie sup\u00e9rieure r\u00e9glable en continu (115 mm), 2 roulettes, support en U et support en prisme (interchangeables) | Gris (RAL 7040)","thumbnail":"https:\/\/dev.codekraft.it\/rotary-2024\/wp-content\/uploads\/brb_media\/00535519_mobile-columns-s270a1-mi-150x150.png","url":"https:\/\/dev.codekraft.it\/rotary-2024\/fr\/produits\/accessoires-ponts-elevateurs-fr\/accessoires-ponts-elevateurs-a-colonnes-mobiles-fr\/chevalet-dappui\/"}],"components":[],"related":[],"similar":[],"lang":"fr","translations":{"fr":379743,"en":379741,"de":379742,"it":379744,"es":379745,"ru":379746},"pll_sync_post":[],"_links":{"self":[{"href":"https:\/\/dev.codekraft.it\/rotary-2024\/wp-json\/wp\/v2\/product\/379743","targetHints":{"allow":["GET"]}}],"collection":[{"href":"https:\/\/dev.codekraft.it\/rotary-2024\/wp-json\/wp\/v2\/product"}],"about":[{"href":"https:\/\/dev.codekraft.it\/rotary-2024\/wp-json\/wp\/v2\/types\/product"}],"wp:featuredmedia":[{"embeddable":true,"href":"https:\/\/dev.codekraft.it\/rotary-2024\/wp-json\/wp\/v2\/media\/351510"}],"wp:attachment":[{"href":"https:\/\/dev.codekraft.it\/rotary-2024\/wp-json\/wp\/v2\/media?parent=379743"}],"wp:term":[{"taxonomy":"product_cat","embeddable":true,"href":"https:\/\/dev.codekraft.it\/rotary-2024\/wp-json\/wp\/v2\/product_cat?post=379743"},{"taxonomy":"product_tag","embeddable":true,"href":"https:\/\/dev.codekraft.it\/rotary-2024\/wp-json\/wp\/v2\/product_tag?post=379743"},{"taxonomy":"product_approvals","embeddable":true,"href":"https:\/\/dev.codekraft.it\/rotary-2024\/wp-json\/wp\/v2\/product_approvals?post=379743"},{"taxonomy":"product_application","embeddable":true,"href":"https:\/\/dev.codekraft.it\/rotary-2024\/wp-json\/wp\/v2\/product_application?post=379743"}],"curies":[{"name":"wp","href":"https:\/\/api.w.org\/{rel}","templated":true}]}}