{"id":379738,"date":"2025-12-11T10:11:10","date_gmt":"2025-12-11T10:11:10","guid":{"rendered":"https:\/\/dev.codekraft.it\/rotary-2024\/products\/uncategorized\/ponte-sollevatore-a-colonne-mobili-hydrolift-s2-6-82\/"},"modified":"2025-12-11T10:11:10","modified_gmt":"2025-12-11T10:11:10","slug":"ponte-sollevatore-a-colonne-mobili-hydrolift-s2-6-82","status":"publish","type":"product","link":"https:\/\/dev.codekraft.it\/rotary-2024\/it\/prodotti\/ponti-sollevatori-it\/ponti-sollevatori-a-colonne-mobili-it\/ponte-sollevatore-a-colonne-mobili-hydrolift-s2-6-82\/","title":{"rendered":"Ponte sollevatore a colonne mobili HydroLift S2 6-8,2"},"content":{"rendered":"<p>I sistemi a pinza di presa mobile Blitz sono una perfetta sintesi di flessibilit\u00e0 e stabilit\u00e0. Utilizzabile in tutte le aree libere disponibili &#8211; ottimizzare l\u2019utilizzo, sia in officina che all\u2019esterno<\/p>\n<ul>\n<li>La doppia protezione da sovraccarico garantisce la sicurezza<\/li>\n<li>Controllo intuitivo<\/li>\n<li>Cambio di posizionamento pi\u00f9 rapido grazie ai sollevatori a forche<\/li>\n<\/ul>\n<ul>\n<li>Doppia protezione da sovraccarico grazie al dispositivo di sicurezza idraulico regolabile in continuo (valvola di interruzione) e al fermo meccanico di sicurezza autobloccante.<\/li>\n<li>Le batterie di grandi dimensioni consentono fino a 15 movimenti di sollevamento e abbassamento a pieno carico.<\/li>\n<li>Il dispositivo di sterzatura auto-deflettente con freno di stazionamento integrato impedisce lo spostamento accidentale dell&#8217;unit\u00e0 di sollevamento.<\/li>\n<li>Il dispositivo di carica integrato consente di caricare l&#8217;HYDROLIFT S2 durante il funzionamento.. Un&#8217;ora di ricarica rapida consente un ulteriore ciclo completo di sollevamento\/abbassamento.\u00a0<\/li>\n<li>Tubi idraulici facilmente accessibili, aggiornamenti software tramite schede SD.<\/li>\n<li>Il design modulare consente l&#8217;espansione aggiuntiva da 2 a 4, 6 o 8 unit\u00e0 di sollevamento.<\/li>\n<\/ul>\n<ul>\n<li>Grazie ai porta-forche rimovibili, le pinze di presa possono essere trasportate in modo sicuro e confortevole in officina.<\/li>\n<li>La forca VARIO garantisce l&#8217;alloggiamento di ruote di diverse dimensioni senza adattatori aggiuntivi: dall&#8217;R10 all&#8217;R22.5 &#8211; naturalmente anche le Super Single.<\/li>\n<li>I simboli di facile comprensione rendono l&#8217;HYDROLIFT S2 facile da usare. Inoltre, i LED forniscono un feedback inequivocabile sullo stato di funzionamento corrente.<\/li>\n<li>La produzione su larga scala nei nostri stabilimenti di produzione certificati ISO garantisce una qualit\u00e0 di produzione costantemente elevata.<br \/>Tutte le funzioni sono disponibili con qualsiasi pinza di presa.<\/li>\n<li>Lo speciale profilo FS offre una protezione ideale del mozzo della ruota.<\/li>\n<li>La comunicazione wireless delle singole unit\u00e0 di sollevamento avviene sulla base della normativa IEEE 802.15.4.<\/li>\n<li>Hydro-protect (Idro-protetto): Il cilindro di sollevamento \u00e8 protetto da un robusto tubo di acciaio. Il motore e l\u2019alimentazione idraulica sono anch\u2019essi totalmente protetti.<\/li>\n<li>Ogni unit\u00e0 di sollevamento \u00e8 dotata di un ARRESTO DI EMERGENZA &#8211; in caso di problemi, tutte le unit\u00e0 di sollevamento si fermano simultaneamente.<\/li>\n<li>Facilit\u00e0 di Guida: I rulli a basso attrito rinforzati con fibra di vetro rendono letteralmente l&#8217;allestimento della postazione di lavoro un gioco da ragazzi.<\/li>\n<li>Il controllo di sincronizzazione garantisce la sincronizzazione assoluta di tutte le unit\u00e0 di sollevamento, anche nel caso di distribuzione irregolare del carico. La deviazione del sistema in questo caso \u00e8 di soli 20 mm.<\/li>\n<\/ul>\n","protected":false},"excerpt":{"rendered":"<p>6 x 8,2 t, elettroidraulico, wireless, alimentato a batteria<\/p>\n","protected":false},"featured_media":351510,"template":"","meta":[],"product_cat":[1033812],"product_tag":[1034148,1034131,1034200,1034183,1034251],"product_approvals":[],"product_application":[],"class_list":{"0":"post-379738","1":"product","2":"type-product","3":"status-publish","4":"has-post-thumbnail","6":"product_cat-ponti-sollevatori-a-colonne-mobili-it","7":"product_tag-buses-it","8":"product_tag-trucks-it","9":"product_tag-motor-homes-it","10":"product_tag-light-commercial-it","11":"product_tag-trailer-it","13":"first","14":"instock","15":"shipping-taxable","16":"product-type-simple"},"approvals":[],"application":[],"brb_media_brochure":[{"id":351511,"url":"https:\/\/dev.codekraft.it\/rotary-2024\/wp-content\/uploads\/brb_media\/00415962_mobile-column-lift-hydrolift-s2-8-2-126443-de-2019-06-screen.pdf","title":"mobile column lift hydrolift s2 8 2 126443 de 2019 06 screen","thumbnail":"https:\/\/dev.codekraft.it\/rotary-2024\/wp-content\/uploads\/brb_media\/00415962_mobile-column-lift-hydrolift-s2-8-2-126443-de-2019-06-screen-pdf-106x150.png","description":""},{"id":351512,"url":"https:\/\/dev.codekraft.it\/rotary-2024\/wp-content\/uploads\/brb_media\/00415963_mobile-column-lift-hydrolift-s2-8-2-126444-en-2019-06-screen.pdf","title":"mobile column lift hydrolift s2 8 2 126444 en 2019 06 screen","thumbnail":"https:\/\/dev.codekraft.it\/rotary-2024\/wp-content\/uploads\/brb_media\/00415963_mobile-column-lift-hydrolift-s2-8-2-126444-en-2019-06-screen-pdf-106x150.png","description":""},{"id":351513,"url":"https:\/\/dev.codekraft.it\/rotary-2024\/wp-content\/uploads\/brb_media\/00415965_mobile-column-lift-hydrolift-s2-8-2-126445-fr-2019-06-screen.pdf","title":"mobile column lift hydrolift s2 8 2 126445 fr 2019 06 screen","thumbnail":"https:\/\/dev.codekraft.it\/rotary-2024\/wp-content\/uploads\/brb_media\/00415965_mobile-column-lift-hydrolift-s2-8-2-126445-fr-2019-06-screen-pdf-106x150.png","description":""},{"id":351514,"url":"https:\/\/dev.codekraft.it\/rotary-2024\/wp-content\/uploads\/brb_media\/00415972_mobile-column-lift-hydrolift-s2-8-2-126446-it-2019-06-screen.pdf","title":"mobile column lift hydrolift s2 8 2 126446 it 2019 06 screen","thumbnail":"https:\/\/dev.codekraft.it\/rotary-2024\/wp-content\/uploads\/brb_media\/00415972_mobile-column-lift-hydrolift-s2-8-2-126446-it-2019-06-screen-pdf-106x150.png","description":""},{"id":351515,"url":"https:\/\/dev.codekraft.it\/rotary-2024\/wp-content\/uploads\/brb_media\/00415973_mobile-column-lift-hydrolift-s2-8-2-126447-es-2019-06-screen.pdf","title":"mobile column lift hydrolift s2 8 2 126447 es 2019 06 screen","thumbnail":"https:\/\/dev.codekraft.it\/rotary-2024\/wp-content\/uploads\/brb_media\/00415973_mobile-column-lift-hydrolift-s2-8-2-126447-es-2019-06-screen-pdf-106x150.png","description":""},{"id":351516,"url":"https:\/\/dev.codekraft.it\/rotary-2024\/wp-content\/uploads\/brb_media\/00415974_mobile-column-lift-hydrolift-s2-8-2-126448-ru-2019-06-screen.pdf","title":"mobile column lift hydrolift s2 8 2 126448 ru 2019 06 screen","thumbnail":"https:\/\/dev.codekraft.it\/rotary-2024\/wp-content\/uploads\/brb_media\/00415974_mobile-column-lift-hydrolift-s2-8-2-126448-ru-2019-06-screen-pdf-106x150.png","description":""}],"brb_media_drawing":"","brb_media_manuals":[{"id":351519,"url":"https:\/\/dev.codekraft.it\/rotary-2024\/wp-content\/uploads\/brb_media\/00510172_mobile-column-lift-hydrolift-62-75-82-om-sp-126746-multi-2022-11-revd.pdf","title":"Mobile column lift HydroLift 6,2 7,5 8,2 OM SP 126746 multi 2022 11 RevD","thumbnail":"https:\/\/dev.codekraft.it\/rotary-2024\/wp-content\/uploads\/brb_media\/00510172_mobile-column-lift-hydrolift-62-75-82-om-sp-126746-multi-2022-11-revd-pdf-106x150.png","description":""},{"id":351520,"url":"https:\/\/dev.codekraft.it\/rotary-2024\/wp-content\/uploads\/brb_media\/00406390_mobile-column-lift-hydrolift-s2-8-2c2-om-sp-no-2018-08-rev-e.pdf","title":"mobile column lift hydrolift s2 8 2c2 om sp no 2018 08 rev e","thumbnail":"https:\/\/dev.codekraft.it\/rotary-2024\/wp-content\/uploads\/brb_media\/00406390_mobile-column-lift-hydrolift-s2-8-2c2-om-sp-no-2018-08-rev-e-pdf-116x150.png","description":""}],"brb_media_safety_datasheets":"","brb_media_spare_parts":[],"_cdmm_p_id":"472094","_company":"Elektron","_gtin":"4057612734409","accessories":[{"id":378864,"cdmm_p_id":"395110","name":"Traverse per HydroLift S3 7,5\/8,2","description":"16,4 t","thumbnail":"https:\/\/dev.codekraft.it\/rotary-2024\/wp-content\/uploads\/brb_media\/00263258-150x150.png","url":"https:\/\/dev.codekraft.it\/rotary-2024\/it\/prodotti\/accessori-ponti-sollevatori-it\/accessori-ponti-sollevatori-a-colonne-mobili-it\/traverse-per-hydrolift-s3-75-82\/"},{"id":378876,"cdmm_p_id":"395170","name":"Traversa per HydroLift S3 7,5\/8,2","description":"Portata max. 16,4 t, ricevitore perno fuso | solo in combinazione con traversa (N. articolo 119777)","thumbnail":"https:\/\/dev.codekraft.it\/rotary-2024\/wp-content\/uploads\/brb_media\/00263259_hydrolift-s2-mounting-agrar-150x150.png","url":"https:\/\/dev.codekraft.it\/rotary-2024\/it\/prodotti\/accessori-ponti-sollevatori-it\/accessori-ponti-sollevatori-a-colonne-mobili-it\/traversa-per-hydrolift-s3-75-82\/"},{"id":379880,"cdmm_p_id":"472545","name":"Adattatori anteriori e posteriori per HydroLift","description":"16,4 t | per il sollevamento di diverse trattrici, incl. adattatori agricoli","thumbnail":"https:\/\/dev.codekraft.it\/rotary-2024\/wp-content\/uploads\/brb_media\/00398680_hydrolift_122510_front_adapter_di-150x150.png","url":"https:\/\/dev.codekraft.it\/rotary-2024\/it\/prodotti\/accessori-ponti-sollevatori-it\/accessori-ponti-sollevatori-a-colonne-mobili-it\/adattatori-anteriori-e-posteriori-per-hydrolift\/"},{"id":380091,"cdmm_p_id":"476579","name":"Copertura protettiva per HydroLift 6,2\/7,5","description":"Protezione flessibile e stabile contro gli spruzzi d'acqua con magneti | Solo per griffe per ruote a batteria | 1 pezzo","thumbnail":"https:\/\/dev.codekraft.it\/rotary-2024\/wp-content\/uploads\/brb_media\/00409842_hydrolift-with-coverage-for-car-wash-facility-usage-diagonal-ral7016-di-150x150.png","url":"https:\/\/dev.codekraft.it\/rotary-2024\/it\/prodotti\/accessori-ponti-sollevatori-it\/accessori-ponti-sollevatori-a-colonne-mobili-it\/copertura-protettiva-per-hydrolift-62-75\/"},{"id":381044,"cdmm_p_id":"497202","name":"Prolunga per forcella ruota per HydroLift 8,2","description":"Ideale per alloggiare ad es. camper con le ruote dietro la carrozzeria, incl. forcelle ruote e prolunghe per telaio base | riduzione della portata a 6,5 t | 1 set (per 1 griffa ruota)","thumbnail":"https:\/\/dev.codekraft.it\/rotary-2024\/wp-content\/uploads\/brb_media\/00489149_m140041yl-mi-150x150.jpg","url":"https:\/\/dev.codekraft.it\/rotary-2024\/it\/prodotti\/accessori-ponti-sollevatori-it\/accessori-ponti-sollevatori-a-colonne-mobili-it\/prolunga-per-forcella-ruota-per-hydrolift-82\/"},{"id":381050,"cdmm_p_id":"497203","name":"Kit di rampe di salita","description":"Rampe per carrelli elevatori a forche, transitabile su un lato | Grigio (RAL 7012)","thumbnail":"https:\/\/dev.codekraft.it\/rotary-2024\/wp-content\/uploads\/brb_media\/00507162_m140124_002-150x150.jpg","url":"https:\/\/dev.codekraft.it\/rotary-2024\/it\/prodotti\/accessori-ponti-sollevatori-it\/accessori-ponti-sollevatori-a-colonne-mobili-it\/kit-di-rampe-di-salita-3\/"},{"id":381056,"cdmm_p_id":"497204","name":"Kit di rampe di salita","description":"Rampe per carrelli elevatori a forche, transitabile su entrambi i lati | Grigio (RAL 7012)","thumbnail":"https:\/\/dev.codekraft.it\/rotary-2024\/wp-content\/uploads\/brb_media\/00507164_m140yyy_001-150x150.jpg","url":"https:\/\/dev.codekraft.it\/rotary-2024\/it\/prodotti\/accessori-ponti-sollevatori-it\/accessori-ponti-sollevatori-a-colonne-mobili-it\/kit-di-rampe-di-salita-4\/"},{"id":381062,"cdmm_p_id":"497205","name":"Kit di rampe di salita","description":"Rampe per carrelli elevatori a forche a tre ruote, transitabile su un lato | Grigio (RAL 7012)","thumbnail":"https:\/\/dev.codekraft.it\/rotary-2024\/wp-content\/uploads\/brb_media\/00507163_m140xxx_001-150x150.jpg","url":"https:\/\/dev.codekraft.it\/rotary-2024\/it\/prodotti\/accessori-ponti-sollevatori-it\/accessori-ponti-sollevatori-a-colonne-mobili-it\/kit-di-rampe-di-salita-5\/"},{"id":381038,"cdmm_p_id":"497201","name":"Carrello di trasporto per set di rampe","description":"Trolley per kit di rampe di salita per carrelli elevatori a forche M140124BG \/ M140127BG","thumbnail":"https:\/\/dev.codekraft.it\/rotary-2024\/wp-content\/uploads\/brb_media\/00489148_m110175bg-mi-150x150.jpg","url":"https:\/\/dev.codekraft.it\/rotary-2024\/it\/prodotti\/accessori-ponti-sollevatori-it\/accessori-ponti-sollevatori-a-colonne-mobili-it\/carrello-di-trasporto-per-set-di-rampe\/"},{"id":381002,"cdmm_p_id":"497191","name":"SmartCart Agrar","description":"Carrello di trasporto e appoggio del set di adattatori Agrar - Gli adattatori e i supporti sono riposti in officina ben ordinati","thumbnail":"https:\/\/dev.codekraft.it\/rotary-2024\/wp-content\/uploads\/brb_media\/00414017_smartcart-agrar-mi-150x150.png","url":"https:\/\/dev.codekraft.it\/rotary-2024\/it\/prodotti\/accessori-ponti-sollevatori-it\/accessori-ponti-sollevatori-a-colonne-mobili-it\/smartcart-agrar-4\/"},{"id":380097,"cdmm_p_id":"476580","name":"Kit di illuminazione a LED Standard | per HydroLift 6,2\/7,5\/8,2","description":"Incl. set di cavi, supporto e istruzioni di montaggio | 2 pezzi","thumbnail":"https:\/\/dev.codekraft.it\/rotary-2024\/wp-content\/uploads\/brb_media\/00414016_hydrolift-s3-with-led-new-mi-150x150.png","url":"https:\/\/dev.codekraft.it\/rotary-2024\/it\/prodotti\/accessori-ponti-sollevatori-it\/accessori-ponti-sollevatori-a-colonne-mobili-it\/kit-di-illuminazione-a-led-standard-per-hydrolift-62-75-82\/"},{"id":382950,"cdmm_p_id":"501929","name":"Cavalletto di sostegno","description":"10000 kg, 1235 - 2040 mm, ltezza regolabile in 6 passi da 100 mm, inoltre con parte superiore regolabile in continuo (115 mm), 3 ruote con molla sotto carico, supporto a U e supporto per prisma (intercambiabili), pronto per il montaggio | Grigio (RAL 7040)","thumbnail":"https:\/\/dev.codekraft.it\/rotary-2024\/wp-content\/uploads\/brb_media\/00535520_mobile-columns-s270a2-mi-150x150.png","url":"https:\/\/dev.codekraft.it\/rotary-2024\/it\/prodotti\/accessori-ponti-sollevatori-it\/accessori-ponti-sollevatori-a-colonne-mobili-it\/cavalletto-di-sostegno-2\/"},{"id":382723,"cdmm_p_id":"501897","name":"Cavalletto di sostegno","description":"10000 kg, 1235 - 2040 mm, ltezza regolabile in 6 passi da 100 mm, inoltre con parte superiore regolabile in continuo (115 mm), 2 ruote, supporto a U e supporto per prisma (intercambiabili) | Grigio (RAL 7040)","thumbnail":"https:\/\/dev.codekraft.it\/rotary-2024\/wp-content\/uploads\/brb_media\/00535519_mobile-columns-s270a1-mi-150x150.png","url":"https:\/\/dev.codekraft.it\/rotary-2024\/it\/prodotti\/accessori-ponti-sollevatori-it\/accessori-ponti-sollevatori-a-colonne-mobili-it\/cavalletto-di-sostegno\/"}],"components":[],"related":[],"similar":[{"id":379726,"cdmm_p_id":"472091","name":"Ponte sollevatore a colonne mobili HydroLift S2 2-8,2","description":"2 x 8,2 t, elettroidraulico, wireless, alimentato a batteria","thumbnail":"https:\/\/dev.codekraft.it\/rotary-2024\/wp-content\/uploads\/brb_media\/00409823_mobile-column-lift-hydrolift-s2-4er-ral7016-mi-150x150.png","url":"https:\/\/dev.codekraft.it\/rotary-2024\/it\/prodotti\/ponti-sollevatori-it\/ponti-sollevatori-a-colonne-mobili-it\/ponte-sollevatore-a-colonne-mobili-hydrolift-s2-2-82\/"},{"id":379732,"cdmm_p_id":"472092","name":"Ponte sollevatore a colonne mobili HydroLift S2 4-8,2","description":"4 x 8,2 t, elettroidraulico, wireless, alimentato a batteria","thumbnail":"https:\/\/dev.codekraft.it\/rotary-2024\/wp-content\/uploads\/brb_media\/00409823_mobile-column-lift-hydrolift-s2-4er-ral7016-mi-150x150.png","url":"https:\/\/dev.codekraft.it\/rotary-2024\/it\/prodotti\/ponti-sollevatori-it\/ponti-sollevatori-a-colonne-mobili-it\/ponte-sollevatore-a-colonne-mobili-hydrolift-s2-4-82\/"}],"lang":"it","translations":{"it":379738,"en":379735,"de":379736,"fr":379737,"es":379739,"ru":379740},"pll_sync_post":[],"_links":{"self":[{"href":"https:\/\/dev.codekraft.it\/rotary-2024\/wp-json\/wp\/v2\/product\/379738","targetHints":{"allow":["GET"]}}],"collection":[{"href":"https:\/\/dev.codekraft.it\/rotary-2024\/wp-json\/wp\/v2\/product"}],"about":[{"href":"https:\/\/dev.codekraft.it\/rotary-2024\/wp-json\/wp\/v2\/types\/product"}],"wp:featuredmedia":[{"embeddable":true,"href":"https:\/\/dev.codekraft.it\/rotary-2024\/wp-json\/wp\/v2\/media\/351510"}],"wp:attachment":[{"href":"https:\/\/dev.codekraft.it\/rotary-2024\/wp-json\/wp\/v2\/media?parent=379738"}],"wp:term":[{"taxonomy":"product_cat","embeddable":true,"href":"https:\/\/dev.codekraft.it\/rotary-2024\/wp-json\/wp\/v2\/product_cat?post=379738"},{"taxonomy":"product_tag","embeddable":true,"href":"https:\/\/dev.codekraft.it\/rotary-2024\/wp-json\/wp\/v2\/product_tag?post=379738"},{"taxonomy":"product_approvals","embeddable":true,"href":"https:\/\/dev.codekraft.it\/rotary-2024\/wp-json\/wp\/v2\/product_approvals?post=379738"},{"taxonomy":"product_application","embeddable":true,"href":"https:\/\/dev.codekraft.it\/rotary-2024\/wp-json\/wp\/v2\/product_application?post=379738"}],"curies":[{"name":"wp","href":"https:\/\/api.w.org\/{rel}","templated":true}]}}