{"id":379730,"date":"2025-12-11T10:04:37","date_gmt":"2025-12-11T10:04:37","guid":{"rendered":"https:\/\/dev.codekraft.it\/rotary-2024\/products\/uncategorized\/radgreifanlage-hydrolift-s2-4-82\/"},"modified":"2025-12-11T10:04:37","modified_gmt":"2025-12-11T10:04:37","slug":"radgreifanlage-hydrolift-s2-4-82","status":"publish","type":"product","link":"https:\/\/dev.codekraft.it\/rotary-2024\/produkte\/hebebuhnen-de\/radgreifanlagen-de\/radgreifanlage-hydrolift-s2-4-82\/","title":{"rendered":"Radgreifanlage HydroLift S2 4-8,2"},"content":{"rendered":"<p>Flexibilit\u00e4t und Stabilit\u00e4t bilden bei den mobilen Radgreiferanlagen von Blitz eine perfekte Einheit. Freie Bereiche &#8211; sowohl in der Werkstatt als auch im Freien k\u00f6nnen so optimal genutzt werden.\u00a0<\/p>\n<ul>\n<li>Doppelte Lastsicherung sorgt f\u00fcr Sicherheit<\/li>\n<li>Intuitive Bedienung<\/li>\n<li>Schneller Positionswechsel durch Gabelstapler m\u00f6glich<\/li>\n<\/ul>\n<ul>\n<li>Doppelte Lastsicherung durch stufenlose hydraulische Sicherung (Sperrventil) und selbsthemmender mechanischer Sicherheitsklinke.<\/li>\n<li>Gro\u00dfz\u00fcgig dimensionierte Akkus erm\u00f6glichen bis zu 15 Hub- und Senkbewegungen bei Volllast.<\/li>\n<li>Selbst\u00e4ndig einfederndes Lenkfahrwerk mit integrierter Feststellbremse verhindert ein unbeabsichtigtes Wegrollen der Hubeinheit.<\/li>\n<li>Integriertes Ladeger\u00e4t erm\u00f6glicht den Ladevorgang w\u00e4hrend der Verwendung des HYDROLIFT S2. Eine Stunde Schnelladung erm\u00f6glicht einen weiteren vollst\u00e4ndigen Hub-\/Senk-Zyklus.\u00a0<\/li>\n<li>Leicht zug\u00e4ngliche Hydraulikschl\u00e4uche, Softwareupdates \u00fcber SD-Karte.<\/li>\n<li>Modulare Bauweise erm\u00f6glicht die nachtr\u00e4gliche Erweiterung von 2 auf 4, 6 oder 8 Hubeinheiten.<\/li>\n<\/ul>\n<ul>\n<li>Mit abnehmbaren Gabelstableraufnahmen lassen sich die Radgreifer sicher und bequem in der Werkstatt transportieren.<\/li>\n<li>Die VARIO-Gabel gew\u00e4hrleistet die Aufnahme unterschiedlicher Reifengr\u00f6\u00dfen ohne zus\u00e4tzlichen Radadapter: von R10 bis R22.5 &#8211; nat\u00fcrlich auch Super Single.<\/li>\n<li>Leicht verst\u00e4ndliche Symbole helfen den HYDROLIFT S2 sicher zu bedienen. Und LEDs geben eindeutiges Feedback \u00fcber den aktuellen Betriebszustand.<\/li>\n<li>Gro\u00dfserienproduktion in unseren ISO-zertifizierten Produktionsst\u00e4tten erm\u00f6glicht eine konstant hohe Fertigungsqualit\u00e4t.<\/li>\n<li>Alle Funktionen stehen an jedem Radgreifer zur Verf\u00fcgung.<\/li>\n<li>Das einzigartige FS-Profil bietet optimalen Schutz der Radnabe.<\/li>\n<li>Die Kommunikation der einzelnen Hubeinheiten erfolgt drahtlos auf Basis des IEEE 802.15.4 Standards.<\/li>\n<li>Hydro-Protect: Der Hubzylinder ist von einem robusten Stahlrohr umschlossen. Auch der Motor und die Hydraulikaggregate sind komplett abgedeckt.<\/li>\n<li>NOTAUS an jeder Hubeinheit &#8211; im Fall der F\u00e4lle stoppen alle Hubeinheiten gleichzeitig.<\/li>\n<li>Easy Drive: Fiberglas-verst\u00e4rkte Leichtlaufrollen machen das Einrichten des Arbeitsplatzes buchst\u00e4blich zum Kinderspiel.<\/li>\n<li>Gleichlaufregelung garantiert absoluten Synchronlauf aller Hubeinheiten &#8211; auch bei ungleicher Lastverteilung. Die Regeldifferenz betr\u00e4gt dabei nur 20 mm.<\/li>\n<\/ul>\n","protected":false},"excerpt":{"rendered":"<p>4 x 8,2 t, elektrohydraulisch, kabellos, akkubetrieben<\/p>\n","protected":false},"featured_media":351510,"template":"","meta":[],"product_cat":[1033804],"product_tag":[1034260,1034143,1034126,1034178,1034195],"product_approvals":[],"product_application":[],"class_list":{"0":"post-379730","1":"product","2":"type-product","3":"status-publish","4":"has-post-thumbnail","6":"product_cat-radgreifanlagen-de","7":"product_tag-anhanger-de","8":"product_tag-buses-de","9":"product_tag-trucks-de","10":"product_tag-light-commercial-de","11":"product_tag-motor-homes-de","13":"first","14":"instock","15":"shipping-taxable","16":"product-type-simple"},"approvals":[],"application":[],"brb_media_brochure":[{"id":351511,"url":"https:\/\/dev.codekraft.it\/rotary-2024\/wp-content\/uploads\/brb_media\/00415962_mobile-column-lift-hydrolift-s2-8-2-126443-de-2019-06-screen.pdf","title":"mobile column lift hydrolift s2 8 2 126443 de 2019 06 screen","thumbnail":"https:\/\/dev.codekraft.it\/rotary-2024\/wp-content\/uploads\/brb_media\/00415962_mobile-column-lift-hydrolift-s2-8-2-126443-de-2019-06-screen-pdf-106x150.png","description":""},{"id":351512,"url":"https:\/\/dev.codekraft.it\/rotary-2024\/wp-content\/uploads\/brb_media\/00415963_mobile-column-lift-hydrolift-s2-8-2-126444-en-2019-06-screen.pdf","title":"mobile column lift hydrolift s2 8 2 126444 en 2019 06 screen","thumbnail":"https:\/\/dev.codekraft.it\/rotary-2024\/wp-content\/uploads\/brb_media\/00415963_mobile-column-lift-hydrolift-s2-8-2-126444-en-2019-06-screen-pdf-106x150.png","description":""},{"id":351513,"url":"https:\/\/dev.codekraft.it\/rotary-2024\/wp-content\/uploads\/brb_media\/00415965_mobile-column-lift-hydrolift-s2-8-2-126445-fr-2019-06-screen.pdf","title":"mobile column lift hydrolift s2 8 2 126445 fr 2019 06 screen","thumbnail":"https:\/\/dev.codekraft.it\/rotary-2024\/wp-content\/uploads\/brb_media\/00415965_mobile-column-lift-hydrolift-s2-8-2-126445-fr-2019-06-screen-pdf-106x150.png","description":""},{"id":351514,"url":"https:\/\/dev.codekraft.it\/rotary-2024\/wp-content\/uploads\/brb_media\/00415972_mobile-column-lift-hydrolift-s2-8-2-126446-it-2019-06-screen.pdf","title":"mobile column lift hydrolift s2 8 2 126446 it 2019 06 screen","thumbnail":"https:\/\/dev.codekraft.it\/rotary-2024\/wp-content\/uploads\/brb_media\/00415972_mobile-column-lift-hydrolift-s2-8-2-126446-it-2019-06-screen-pdf-106x150.png","description":""},{"id":351515,"url":"https:\/\/dev.codekraft.it\/rotary-2024\/wp-content\/uploads\/brb_media\/00415973_mobile-column-lift-hydrolift-s2-8-2-126447-es-2019-06-screen.pdf","title":"mobile column lift hydrolift s2 8 2 126447 es 2019 06 screen","thumbnail":"https:\/\/dev.codekraft.it\/rotary-2024\/wp-content\/uploads\/brb_media\/00415973_mobile-column-lift-hydrolift-s2-8-2-126447-es-2019-06-screen-pdf-106x150.png","description":""},{"id":351516,"url":"https:\/\/dev.codekraft.it\/rotary-2024\/wp-content\/uploads\/brb_media\/00415974_mobile-column-lift-hydrolift-s2-8-2-126448-ru-2019-06-screen.pdf","title":"mobile column lift hydrolift s2 8 2 126448 ru 2019 06 screen","thumbnail":"https:\/\/dev.codekraft.it\/rotary-2024\/wp-content\/uploads\/brb_media\/00415974_mobile-column-lift-hydrolift-s2-8-2-126448-ru-2019-06-screen-pdf-106x150.png","description":""}],"brb_media_drawing":"","brb_media_manuals":[{"id":351519,"url":"https:\/\/dev.codekraft.it\/rotary-2024\/wp-content\/uploads\/brb_media\/00510172_mobile-column-lift-hydrolift-62-75-82-om-sp-126746-multi-2022-11-revd.pdf","title":"Mobile column lift HydroLift 6,2 7,5 8,2 OM SP 126746 multi 2022 11 RevD","thumbnail":"https:\/\/dev.codekraft.it\/rotary-2024\/wp-content\/uploads\/brb_media\/00510172_mobile-column-lift-hydrolift-62-75-82-om-sp-126746-multi-2022-11-revd-pdf-106x150.png","description":""},{"id":351520,"url":"https:\/\/dev.codekraft.it\/rotary-2024\/wp-content\/uploads\/brb_media\/00406390_mobile-column-lift-hydrolift-s2-8-2c2-om-sp-no-2018-08-rev-e.pdf","title":"mobile column lift hydrolift s2 8 2c2 om sp no 2018 08 rev e","thumbnail":"https:\/\/dev.codekraft.it\/rotary-2024\/wp-content\/uploads\/brb_media\/00406390_mobile-column-lift-hydrolift-s2-8-2c2-om-sp-no-2018-08-rev-e-pdf-116x150.png","description":""}],"brb_media_safety_datasheets":"","brb_media_spare_parts":[],"_cdmm_p_id":"472092","_company":"Elektron","_gtin":"4057612734393","accessories":[{"id":378862,"cdmm_p_id":"395110","name":"Traverse f\u00fcr HydroLift S3 7,5\/8,2","description":"16,4 t, inkl. verschiebbarer Aufsatzst\u00fccke","thumbnail":"https:\/\/dev.codekraft.it\/rotary-2024\/wp-content\/uploads\/brb_media\/00263258-150x150.png","url":"https:\/\/dev.codekraft.it\/rotary-2024\/produkte\/zubehor-hebebuhnen-de\/zubehor-radgreifanlagen-de\/traverse-fur-hydrolift-s3-75-82\/"},{"id":378874,"cdmm_p_id":"395170","name":"Traverse f\u00fcr HydroLift S3 7,5\/8,2","description":"Tragf\u00e4higkeit max. 16,4 t, K\u00f6nigszapfenaufnahme | nur in Verbindung mit der Traverse HydroLift (Art.-Nr. 119777) m\u00f6glich","thumbnail":"https:\/\/dev.codekraft.it\/rotary-2024\/wp-content\/uploads\/brb_media\/00263259_hydrolift-s2-mounting-agrar-150x150.png","url":"https:\/\/dev.codekraft.it\/rotary-2024\/produkte\/zubehor-hebebuhnen-de\/zubehor-radgreifanlagen-de\/traverse-fur-hydrolift-s3-75-82-2\/"},{"id":379878,"cdmm_p_id":"472545","name":"Front\u00ad und Heckadapter f\u00fcr HydroLift","description":"16,4 t | zum Anheben von verschiedenen Traktoren, inkl. diverser Agraraufnahmen","thumbnail":"https:\/\/dev.codekraft.it\/rotary-2024\/wp-content\/uploads\/brb_media\/00398680_hydrolift_122510_front_adapter_di-150x150.png","url":"https:\/\/dev.codekraft.it\/rotary-2024\/produkte\/zubehor-hebebuhnen-de\/zubehor-radgreifanlagen-de\/front-und-heckadapter-fur-hydrolift\/"},{"id":380089,"cdmm_p_id":"476579","name":"Schutzhaube f\u00fcr HydroLift 8,2","description":"Flexible, stabile Schutzhaube mit Magneten gegen Spritzwasser | Nur f\u00fcr akkubetriebene Radgreifer | 1 St\u00fcck","thumbnail":"https:\/\/dev.codekraft.it\/rotary-2024\/wp-content\/uploads\/brb_media\/00409842_hydrolift-with-coverage-for-car-wash-facility-usage-diagonal-ral7016-di-150x150.png","url":"https:\/\/dev.codekraft.it\/rotary-2024\/produkte\/zubehor-hebebuhnen-de\/zubehor-radgreifanlagen-de\/schutzhaube-fur-hydrolift-82\/"},{"id":381042,"cdmm_p_id":"497202","name":"Radgabelverl\u00e4ngerung f\u00fcr HydroLift 8,2","description":"Ideal zur Aufnahme von z.B. Wohnmobilen, bei denen sich die R\u00e4der hinter der Karosserie befinden, inkl. Radgabeln und Grundrahmenverl\u00e4ngerungen | Reduzierung der Tragf\u00e4higkeit auf 6,5 t | 1 Satz (f\u00fcr 1 Radgreifers\u00e4ule)","thumbnail":"https:\/\/dev.codekraft.it\/rotary-2024\/wp-content\/uploads\/brb_media\/00489149_m140041yl-mi-150x150.jpg","url":"https:\/\/dev.codekraft.it\/rotary-2024\/produkte\/zubehor-hebebuhnen-de\/zubehor-radgreifanlagen-de\/radgabelverlangerung-fur-hydrolift-82\/"},{"id":381048,"cdmm_p_id":"497203","name":"Auffahrrampen-Kit","description":"Gabelstaplerrampen, einseitig auffahrbar | Grau (RAL 7012)","thumbnail":"https:\/\/dev.codekraft.it\/rotary-2024\/wp-content\/uploads\/brb_media\/00507162_m140124_002-150x150.jpg","url":"https:\/\/dev.codekraft.it\/rotary-2024\/produkte\/zubehor-hebebuhnen-de\/zubehor-radgreifanlagen-de\/auffahrrampen-kit-3\/"},{"id":381054,"cdmm_p_id":"497204","name":"Auffahrrampen-Kit","description":"Gabelstaplerrampen, beidseitig \u00fcberfahrbar | Grau (RAL 7012)","thumbnail":"https:\/\/dev.codekraft.it\/rotary-2024\/wp-content\/uploads\/brb_media\/00507164_m140yyy_001-150x150.jpg","url":"https:\/\/dev.codekraft.it\/rotary-2024\/produkte\/zubehor-hebebuhnen-de\/zubehor-radgreifanlagen-de\/auffahrrampen-kit-4\/"},{"id":381060,"cdmm_p_id":"497205","name":"Auffahrrampen-Kit","description":"Dreiradgabelstapler-Rampen, einseitig befahrbar | Grau (RAL 7012)","thumbnail":"https:\/\/dev.codekraft.it\/rotary-2024\/wp-content\/uploads\/brb_media\/00507163_m140xxx_001-150x150.jpg","url":"https:\/\/dev.codekraft.it\/rotary-2024\/produkte\/zubehor-hebebuhnen-de\/zubehor-radgreifanlagen-de\/auffahrrampen-kit-5\/"},{"id":381036,"cdmm_p_id":"497201","name":"Transportwagen f\u00fcr Rampensatz","description":"Trolley f\u00fcr Auffahrrampen-Kit f\u00fcr Gabelstapler M140124BG \/ M140127BG","thumbnail":"https:\/\/dev.codekraft.it\/rotary-2024\/wp-content\/uploads\/brb_media\/00489148_m110175bg-mi-150x150.jpg","url":"https:\/\/dev.codekraft.it\/rotary-2024\/produkte\/zubehor-hebebuhnen-de\/zubehor-radgreifanlagen-de\/transportwagen-fur-rampensatz\/"},{"id":381000,"cdmm_p_id":"497191","name":"SmartCart Agrar","description":"Transport- und Ablagewagen f\u00fcr das Agraradapter-Set - Aufger\u00e4umt finden die Adapter und Aufnahmest\u00fccke ihren Platz in der Werkstatt","thumbnail":"https:\/\/dev.codekraft.it\/rotary-2024\/wp-content\/uploads\/brb_media\/00414017_smartcart-agrar-mi-150x150.png","url":"https:\/\/dev.codekraft.it\/rotary-2024\/produkte\/zubehor-hebebuhnen-de\/zubehor-radgreifanlagen-de\/smartcart-agrar-2\/"},{"id":380095,"cdmm_p_id":"476580","name":"LED-Beleuchtungs-Kit Standard | f\u00fcr HydroLift 6,2\/7,5\/8,2","description":"Inkl. Kabelsatz, Halterung und Montageanleitung | 2 St\u00fcck","thumbnail":"https:\/\/dev.codekraft.it\/rotary-2024\/wp-content\/uploads\/brb_media\/00414016_hydrolift-s3-with-led-new-mi-150x150.png","url":"https:\/\/dev.codekraft.it\/rotary-2024\/produkte\/zubehor-hebebuhnen-de\/zubehor-radgreifanlagen-de\/led-beleuchtungs-kit-standard-fur-hydrolift-62-75-82\/"},{"id":382948,"cdmm_p_id":"501929","name":"Abst\u00fctzbock","description":"10000 kg, 1235 - 2040 mm, in 6 x 100-mm-Schritten h\u00f6henverstellbar, stufenlos verstellbares Oberteil (115 mm), 3 federnde Rollen, U-Aufnahme und Prisma-Aufnahme (wechselbar), fertig montiert | Grau (RAL 7040)","thumbnail":"https:\/\/dev.codekraft.it\/rotary-2024\/wp-content\/uploads\/brb_media\/00535520_mobile-columns-s270a2-mi-150x150.png","url":"https:\/\/dev.codekraft.it\/rotary-2024\/produkte\/zubehor-hebebuhnen-de\/zubehor-radgreifanlagen-de\/abstutzbock-2\/"},{"id":382721,"cdmm_p_id":"501897","name":"Abst\u00fctzbock","description":"10000 kg, 1235 - 2040 mm, in 6 x 100-mm-Schritten h\u00f6henverstellbar, stufenlos verstellbares Oberteil (115 mm), 2 Rollen, U-Aufnahme und Prisma-Aufnahme (wechselbar) | Grau (RAL 7040)","thumbnail":"https:\/\/dev.codekraft.it\/rotary-2024\/wp-content\/uploads\/brb_media\/00535519_mobile-columns-s270a1-mi-150x150.png","url":"https:\/\/dev.codekraft.it\/rotary-2024\/produkte\/zubehor-hebebuhnen-de\/zubehor-radgreifanlagen-de\/abstutzbock\/"}],"components":[],"related":[],"similar":[{"id":379724,"cdmm_p_id":"472091","name":"Radgreifanlage HydroLift S2 2-8,2","description":"2 x 8,2 t, elektrohydraulisch, kabellos, akkubetrieben","thumbnail":"https:\/\/dev.codekraft.it\/rotary-2024\/wp-content\/uploads\/brb_media\/00409823_mobile-column-lift-hydrolift-s2-4er-ral7016-mi-150x150.png","url":"https:\/\/dev.codekraft.it\/rotary-2024\/produkte\/hebebuhnen-de\/radgreifanlagen-de\/radgreifanlage-hydrolift-s2-2-82\/"},{"id":379736,"cdmm_p_id":"472094","name":"Radgreifanlage HydroLift S2 6-8,2","description":"6 x 8,2 t, elektrohydraulisch, kabellos, akkubetrieben","thumbnail":"https:\/\/dev.codekraft.it\/rotary-2024\/wp-content\/uploads\/brb_media\/00409823_mobile-column-lift-hydrolift-s2-4er-ral7016-mi-150x150.png","url":"https:\/\/dev.codekraft.it\/rotary-2024\/produkte\/hebebuhnen-de\/radgreifanlagen-de\/radgreifanlage-hydrolift-s2-6-82\/"},{"id":379742,"cdmm_p_id":"472100","name":"Radgreifanlage HydroLift S2 8-8,2","description":"8 x 8,2 t, elektrohydraulisch, kabellos, akkubetrieben","thumbnail":"https:\/\/dev.codekraft.it\/rotary-2024\/wp-content\/uploads\/brb_media\/00409823_mobile-column-lift-hydrolift-s2-4er-ral7016-mi-150x150.png","url":"https:\/\/dev.codekraft.it\/rotary-2024\/produkte\/hebebuhnen-de\/radgreifanlagen-de\/radgreifanlage-hydrolift-s2-8-82\/"}],"lang":"de","translations":{"de":379730,"en":379729,"fr":379731,"it":379732,"es":379733,"ru":379734},"pll_sync_post":[],"_links":{"self":[{"href":"https:\/\/dev.codekraft.it\/rotary-2024\/wp-json\/wp\/v2\/product\/379730","targetHints":{"allow":["GET"]}}],"collection":[{"href":"https:\/\/dev.codekraft.it\/rotary-2024\/wp-json\/wp\/v2\/product"}],"about":[{"href":"https:\/\/dev.codekraft.it\/rotary-2024\/wp-json\/wp\/v2\/types\/product"}],"wp:featuredmedia":[{"embeddable":true,"href":"https:\/\/dev.codekraft.it\/rotary-2024\/wp-json\/wp\/v2\/media\/351510"}],"wp:attachment":[{"href":"https:\/\/dev.codekraft.it\/rotary-2024\/wp-json\/wp\/v2\/media?parent=379730"}],"wp:term":[{"taxonomy":"product_cat","embeddable":true,"href":"https:\/\/dev.codekraft.it\/rotary-2024\/wp-json\/wp\/v2\/product_cat?post=379730"},{"taxonomy":"product_tag","embeddable":true,"href":"https:\/\/dev.codekraft.it\/rotary-2024\/wp-json\/wp\/v2\/product_tag?post=379730"},{"taxonomy":"product_approvals","embeddable":true,"href":"https:\/\/dev.codekraft.it\/rotary-2024\/wp-json\/wp\/v2\/product_approvals?post=379730"},{"taxonomy":"product_application","embeddable":true,"href":"https:\/\/dev.codekraft.it\/rotary-2024\/wp-json\/wp\/v2\/product_application?post=379730"}],"curies":[{"name":"wp","href":"https:\/\/api.w.org\/{rel}","templated":true}]}}