{"id":379699,"date":"2025-12-11T10:04:39","date_gmt":"2025-12-11T10:04:39","guid":{"rendered":"https:\/\/dev.codekraft.it\/rotary-2024\/products\/uncategorized\/reifenmontiermaschine-nav26hw-2\/"},"modified":"2025-12-11T10:04:39","modified_gmt":"2025-12-11T10:04:39","slug":"reifenmontiermaschine-nav26hw-2","status":"publish","type":"product","link":"https:\/\/dev.codekraft.it\/rotary-2024\/produkte\/reifenservice-de\/reifenmontiermaschinen-de\/reifenmontiermaschine-nav26hw-2\/","title":{"rendered":"Reifenmontiermaschine NAV26HW"},"content":{"rendered":"","protected":false},"excerpt":{"rendered":"<p>Montagekopf und Montiereisen, hydraulische Bedieneinheit auf fixer Stands\u00e4ule f\u00fcr Anh\u00e4nger, Lkw, Felgendurchmesser 11 &#8211; 27\u2033, max. Felgenbreite 950 mm | Grau (RAL 7016)<\/p>\n","protected":false},"featured_media":351477,"template":"","meta":[],"product_cat":[1033364],"product_tag":[1034126],"product_approvals":[],"product_application":[],"class_list":{"0":"post-379699","1":"product","2":"type-product","3":"status-publish","4":"has-post-thumbnail","6":"product_cat-reifenmontiermaschinen-de","7":"product_tag-trucks-de","9":"first","10":"instock","11":"shipping-taxable","12":"product-type-simple"},"approvals":[],"application":[],"brb_media_brochure":"","brb_media_drawing":"","brb_media_manuals":[{"id":379599,"url":"https:\/\/dev.codekraft.it\/rotary-2024\/wp-content\/uploads\/brb_media\/00548720_tyre-changer-rotn26hw\u2013ravgr926-spagr926-im-7503-m006-00_vsg_rev01-de-2025-01.pdf","title":"Tyre changer ROTN26HW\u2013RAVGR926 SPAGR926 IM 7503 M006 00 VSG rev01 de 2025 01","mpn":"","thumbnail":"https:\/\/dev.codekraft.it\/rotary-2024\/wp-content\/uploads\/brb_media\/00548720_tyre-changer-rotn26hw\u2013ravgr926-spagr926-im-7503-m006-00_vsg_rev01-de-2025-01-pdf-106x150.png","description":""},{"id":379600,"url":"https:\/\/dev.codekraft.it\/rotary-2024\/wp-content\/uploads\/brb_media\/00548721_tyre-changer-rotn26hw\u2013ravgr926-spagr926-im-7503-m006-00_vsg_rev01-en-2025-01.pdf","title":"Tyre changer ROTN26HW\u2013RAVGR926 SPAGR926 IM 7503 M006 00 VSG rev01 en 2025 01","mpn":"","thumbnail":"https:\/\/dev.codekraft.it\/rotary-2024\/wp-content\/uploads\/brb_media\/00548721_tyre-changer-rotn26hw\u2013ravgr926-spagr926-im-7503-m006-00_vsg_rev01-en-2025-01-pdf-106x150.png","description":""},{"id":379601,"url":"https:\/\/dev.codekraft.it\/rotary-2024\/wp-content\/uploads\/brb_media\/00548722_tyre-changer-rotn26hw\u2013ravgr926-spagr926-im-7503-m006-00_vsg_rev01-fr-2025-01.pdf","title":"Tyre changer ROTN26HW\u2013RAVGR926 SPAGR926 IM 7503 M006 00 VSG rev01 fr 2025 01","mpn":"","thumbnail":"https:\/\/dev.codekraft.it\/rotary-2024\/wp-content\/uploads\/brb_media\/00548722_tyre-changer-rotn26hw\u2013ravgr926-spagr926-im-7503-m006-00_vsg_rev01-fr-2025-01-pdf-106x150.png","description":""},{"id":379602,"url":"https:\/\/dev.codekraft.it\/rotary-2024\/wp-content\/uploads\/brb_media\/00548723_tyre-changer-rotn26hw\u2013ravgr926-spagr926-im-7503-m006-00_vsg_rev01-it-2025-01.pdf","title":"Tyre changer ROTN26HW\u2013RAVGR926 SPAGR926 IM 7503 M006 00 VSG rev01 it 2025 01","mpn":"","thumbnail":"https:\/\/dev.codekraft.it\/rotary-2024\/wp-content\/uploads\/brb_media\/00548723_tyre-changer-rotn26hw\u2013ravgr926-spagr926-im-7503-m006-00_vsg_rev01-it-2025-01-pdf-106x150.png","description":""},{"id":379603,"url":"https:\/\/dev.codekraft.it\/rotary-2024\/wp-content\/uploads\/brb_media\/00548724_tyre-changer-rotn26hw\u2013ravgr926-spagr926-im-7503-m006-00_vsg_rev01-es-2025-01.pdf","title":"Tyre changer ROTN26HW\u2013RAVGR926 SPAGR926 IM 7503 M006 00 VSG rev01 es 2025 01","mpn":"","thumbnail":"https:\/\/dev.codekraft.it\/rotary-2024\/wp-content\/uploads\/brb_media\/00548724_tyre-changer-rotn26hw\u2013ravgr926-spagr926-im-7503-m006-00_vsg_rev01-es-2025-01-pdf-106x150.png","description":""}],"brb_media_safety_datasheets":"","brb_media_spare_parts":[],"_cdmm_p_id":"471897","_company":"Elektron","_gtin":"4057612935738","accessories":[{"id":382043,"mpn":"G108A12","name":"Spannbereichserweiterungen bis Felgen-\u00d8 56\u2033","description":"Adapter zur Verl\u00e4ngerung des Spannbereichs | 1 Satz \/ 4 St\u00fcck","thumbnail":"https:\/\/dev.codekraft.it\/rotary-2024\/wp-content\/uploads\/brb_media\/00506729_g108a12-150x150.png","url":"https:\/\/dev.codekraft.it\/rotary-2024\/produkte\/zubehor-reifenservice-de\/zubehor-reifenmontiermaschinen-de\/spannbereichserweiterungen-bis-felgen-o-56%e2%80%b3\/"},{"id":382056,"mpn":"G108A34","name":"Pneumatischer Wulstdr\u00fccker f\u00fcr EM-Reifen","description":"","thumbnail":"https:\/\/dev.codekraft.it\/rotary-2024\/wp-content\/uploads\/brb_media\/00506738_g108a34-02-150x150.png","url":"https:\/\/dev.codekraft.it\/rotary-2024\/produkte\/zubehor-reifenservice-de\/zubehor-reifenmontiermaschinen-de\/pneumatischer-wulstdrucker-fur-em-reifen\/"},{"id":382049,"mpn":"G108A1","name":"Klauenschutz f\u00fcr Leichtmetallfelgen","description":"1 Satz \/ 4 St\u00fcck","thumbnail":"https:\/\/dev.codekraft.it\/rotary-2024\/wp-content\/uploads\/brb_media\/00506728_g108a1-150x150.png","url":"https:\/\/dev.codekraft.it\/rotary-2024\/produkte\/zubehor-reifenservice-de\/zubehor-reifenmontiermaschinen-de\/klauenschutz-fur-leichtmetallfelgen\/"},{"id":382037,"mpn":"G108A2","name":"Klauenschutz f\u00fcr Leichtmetallfelgen | 1 Satz \/ 4 St\u00fcck","description":"","thumbnail":"https:\/\/dev.codekraft.it\/rotary-2024\/wp-content\/uploads\/brb_media\/00539654_tyre-changers-g108a2-mi-150x150.png","url":"https:\/\/dev.codekraft.it\/rotary-2024\/produkte\/zubehor-reifenservice-de\/zubehor-reifenmontiermaschinen-de\/klauenschutz-fur-leichtmetallfelgen-1-satz-4-stuck\/"},{"id":382099,"mpn":"G108A13","name":"Montierhebel Lkw","description":"","thumbnail":"https:\/\/dev.codekraft.it\/rotary-2024\/wp-content\/uploads\/brb_media\/00506730_g108a13-150x150.png","url":"https:\/\/dev.codekraft.it\/rotary-2024\/produkte\/zubehor-reifenservice-de\/zubehor-reifenmontiermaschinen-de\/montierhebel-lkw\/"},{"id":382024,"mpn":"G108A25","name":"Wulstklemme f\u00fcr Erdbewegungsmaschinen","description":"","thumbnail":"https:\/\/dev.codekraft.it\/rotary-2024\/wp-content\/uploads\/brb_media\/00506735_g108a25-150x150.png","url":"https:\/\/dev.codekraft.it\/rotary-2024\/produkte\/zubehor-reifenservice-de\/zubehor-reifenmontiermaschinen-de\/wulstklemme-fur-erdbewegungsmaschinen\/"},{"id":382030,"mpn":"G90A6","name":"Wulstklemme f\u00fcr Leichtmetallfelgen","description":"Alufelgen-Klemme","thumbnail":"https:\/\/dev.codekraft.it\/rotary-2024\/wp-content\/uploads\/brb_media\/00506745_g90a6-150x150.png","url":"https:\/\/dev.codekraft.it\/rotary-2024\/produkte\/zubehor-reifenservice-de\/zubehor-reifenmontiermaschinen-de\/wulstklemme-fur-leichtmetallfelgen\/"},{"id":380232,"mpn":"G108A36","name":"Abdr\u00fcckrolle","description":"F\u00fcr schlauchlose Reifen","thumbnail":"https:\/\/dev.codekraft.it\/rotary-2024\/wp-content\/uploads\/brb_media\/00506744_g90a2-150x150.png","url":"https:\/\/dev.codekraft.it\/rotary-2024\/produkte\/zubehor-reifenservice-de\/zubehor-reifenmontiermaschinen-de\/abdruckrolle\/"},{"id":382105,"mpn":"G800A37","name":"Montagepaste | 3,5 kg","description":"","thumbnail":"https:\/\/dev.codekraft.it\/rotary-2024\/wp-content\/uploads\/brb_media\/00506743_g800a37-150x150.png","url":"https:\/\/dev.codekraft.it\/rotary-2024\/produkte\/zubehor-reifenservice-de\/zubehor-reifenmontiermaschinen-de\/montagepaste-35-kg\/"},{"id":380226,"mpn":"G108A16","name":"Pinsel Holz, abgewinkelt","description":"F\u00fcr Radmontagemaschinen","thumbnail":"https:\/\/dev.codekraft.it\/rotary-2024\/wp-content\/uploads\/brb_media\/00506731_g108a16-150x114.png","url":"https:\/\/dev.codekraft.it\/rotary-2024\/produkte\/zubehor-reifenservice-de\/zubehor-reifenmontiermaschinen-de\/pinsel-holz-abgewinkelt\/"},{"id":382916,"mpn":"G108A22","name":"Abdr\u00fccker f\u00fcr Springringe","description":"","thumbnail":"https:\/\/dev.codekraft.it\/rotary-2024\/wp-content\/uploads\/brb_media\/00506733_g108a22-150x150.png","url":"https:\/\/dev.codekraft.it\/rotary-2024\/produkte\/zubehor-reifenservice-de\/zubehor-reifenmontiermaschinen-de\/abdrucker-fur-springringe\/"},{"id":382923,"mpn":"G108A24","name":"Abdr\u00fccker f\u00fcr Springringe","description":"","thumbnail":"https:\/\/dev.codekraft.it\/rotary-2024\/wp-content\/uploads\/brb_media\/00535690_tyre-changer-g108a24-di-150x150.png","url":"https:\/\/dev.codekraft.it\/rotary-2024\/produkte\/zubehor-reifenservice-de\/zubehor-reifenmontiermaschinen-de\/abdrucker-fur-springringe-2\/"},{"id":382960,"mpn":"G108A5","name":"Adapter mit erh\u00f6hter Haftung","description":"","thumbnail":"https:\/\/dev.codekraft.it\/rotary-2024\/wp-content\/uploads\/brb_media\/00506740_g108a5-01-150x150.png","url":"https:\/\/dev.codekraft.it\/rotary-2024\/produkte\/zubehor-reifenservice-de\/zubehor-reifenmontiermaschinen-de\/adapter-mit-erhohter-haftung\/"},{"id":384880,"mpn":"G108A29","name":"Steuerungs-Umr\u00fcstungs-Kit","description":"Set f\u00fcr Kabel- oder Bluetooth-Betrieb | inkl. Kabel","thumbnail":"","url":"https:\/\/dev.codekraft.it\/rotary-2024\/produkte\/zubehor-reifenservice-de\/zubehor-reifenmontiermaschinen-de\/steuerungs-umrustungs-kit\/"},{"id":383293,"mpn":"G108A9","name":"Kunststoffschutz f\u00fcr Montagekopf","description":"Montagekopf-Plastikschutz | 1 St\u00fcck","thumbnail":"https:\/\/dev.codekraft.it\/rotary-2024\/wp-content\/uploads\/brb_media\/00535691_tyre-changer-g108a9-di-150x150.png","url":"https:\/\/dev.codekraft.it\/rotary-2024\/produkte\/zubehor-reifenservice-de\/zubehor-reifenmontiermaschinen-de\/kunststoffschutz-fur-montagekopf-2\/"},{"id":383126,"mpn":"G108A42","name":"Hebel zur Tragarmpositionierung","description":"Zubeh\u00f6r f\u00fcr Lkw-Reifenmontiermaschinen","thumbnail":"","url":"https:\/\/dev.codekraft.it\/rotary-2024\/produkte\/zubehor-reifenservice-de\/zubehor-reifenmontiermaschinen-de\/hebel-zur-tragarmpositionierung\/"},{"id":383881,"mpn":"G108A40","name":"Wellenpositionblockierung","description":"","thumbnail":"https:\/\/dev.codekraft.it\/rotary-2024\/wp-content\/uploads\/brb_media\/00539655_tyre-changers-g108a40-mi-150x150.png","url":"https:\/\/dev.codekraft.it\/rotary-2024\/produkte\/zubehor-reifenservice-de\/zubehor-reifenmontiermaschinen-de\/wellenpositionblockierung\/"}],"components":[],"related":[],"page_logo_src":"https:\/\/dev.codekraft.it\/rotary-2024\/wp-content\/uploads\/2024\/05\/cropped-rotary-logo-2022.png","lang":"de","translations":{"de":379699,"en":379698,"fr":379700,"it":379701,"es":379702,"ru":379703},"pll_sync_post":[],"_links":{"self":[{"href":"https:\/\/dev.codekraft.it\/rotary-2024\/wp-json\/wp\/v2\/product\/379699","targetHints":{"allow":["GET"]}}],"collection":[{"href":"https:\/\/dev.codekraft.it\/rotary-2024\/wp-json\/wp\/v2\/product"}],"about":[{"href":"https:\/\/dev.codekraft.it\/rotary-2024\/wp-json\/wp\/v2\/types\/product"}],"wp:featuredmedia":[{"embeddable":true,"href":"https:\/\/dev.codekraft.it\/rotary-2024\/wp-json\/wp\/v2\/media\/351477"}],"wp:attachment":[{"href":"https:\/\/dev.codekraft.it\/rotary-2024\/wp-json\/wp\/v2\/media?parent=379699"}],"wp:term":[{"taxonomy":"product_cat","embeddable":true,"href":"https:\/\/dev.codekraft.it\/rotary-2024\/wp-json\/wp\/v2\/product_cat?post=379699"},{"taxonomy":"product_tag","embeddable":true,"href":"https:\/\/dev.codekraft.it\/rotary-2024\/wp-json\/wp\/v2\/product_tag?post=379699"},{"taxonomy":"product_approvals","embeddable":true,"href":"https:\/\/dev.codekraft.it\/rotary-2024\/wp-json\/wp\/v2\/product_approvals?post=379699"},{"taxonomy":"product_application","embeddable":true,"href":"https:\/\/dev.codekraft.it\/rotary-2024\/wp-json\/wp\/v2\/product_application?post=379699"}],"curies":[{"name":"wp","href":"https:\/\/api.w.org\/{rel}","templated":true}]}}