{"id":379640,"date":"2025-09-08T09:01:08","date_gmt":"2025-09-08T09:01:08","guid":{"rendered":"https:\/\/dev.codekraft.it\/rotary-2024\/products\/uncategorized\/desmontadora-de-neumaticos-nav41-13ei-400-v-3-ph-50-hz\/"},"modified":"2025-09-08T09:01:08","modified_gmt":"2025-09-08T09:01:08","slug":"desmontadora-de-neumaticos-nav41-13ei-400-v-3-ph-50-hz","status":"publish","type":"product","link":"https:\/\/dev.codekraft.it\/rotary-2024\/es\/productos\/servicio-de-llantas-es\/desmontadoras-es\/desmontadora-de-neumaticos-nav41-13ei-400-v-3-ph-50-hz\/","title":{"rendered":"Desmontadora de neum\u00e1ticos NAV41.13EI 400 V &#8211; 3 Ph &#8211; 50 Hz"},"content":{"rendered":"","protected":false},"excerpt":{"rendered":"<p>\u00datil de montaje y palanca de montaje, herramienta de montaje del sistema Quick-Fit, doble velocidad en movimiento rotaci\u00f3n del plato, unidad operativa por cable, cami\u00f3n, di\u00e1metro de llanta 11 &#8211; 43\u2033 (56\u2033 con juego extensor), ancho m\u00e1ximo de llanta 1100 mm | Rojo (RAL 3002)<\/p>\n","protected":false},"featured_media":350906,"template":"","meta":[],"product_cat":[1033424],"product_tag":[1034134],"product_approvals":[],"product_application":[],"class_list":{"0":"post-379640","1":"product","2":"type-product","3":"status-publish","4":"has-post-thumbnail","6":"product_cat-desmontadoras-es","7":"product_tag-trucks-es","9":"first","10":"instock","11":"shipping-taxable","12":"product-type-simple"},"approvals":[],"application":[],"brb_media_brochure":"","brb_media_drawing":"","brb_media_manuals":[{"id":379624,"url":"https:\/\/dev.codekraft.it\/rotary-2024\/wp-content\/uploads\/brb_media\/00548737_tyre-changer-rotn4111-n4113\u2013ravg9156-spag0156-im-7505-m007-00_vsg_rev00-de-2024-04.pdf","title":"Tyre changer ROTN4111 N4113\u2013RAVG9156 SPAG0156 IM 7505 M007 00 VSG rev00 de 2024 04","thumbnail":"https:\/\/dev.codekraft.it\/rotary-2024\/wp-content\/uploads\/brb_media\/00548737_tyre-changer-rotn4111-n4113\u2013ravg9156-spag0156-im-7505-m007-00_vsg_rev00-de-2024-04-pdf-106x150.png","description":""},{"id":379625,"url":"https:\/\/dev.codekraft.it\/rotary-2024\/wp-content\/uploads\/brb_media\/00548739_tyre-changer-rotn4111-n4113\u2013ravg9156-spag0156-im-7505-m007-00_vsg_rev00-en-2024-04.pdf","title":"Tyre changer ROTN4111 N4113\u2013RAVG9156 SPAG0156 IM 7505 M007 00 VSG rev00 en 2024 04","thumbnail":"https:\/\/dev.codekraft.it\/rotary-2024\/wp-content\/uploads\/brb_media\/00548739_tyre-changer-rotn4111-n4113\u2013ravg9156-spag0156-im-7505-m007-00_vsg_rev00-en-2024-04-pdf-106x150.png","description":""},{"id":379626,"url":"https:\/\/dev.codekraft.it\/rotary-2024\/wp-content\/uploads\/brb_media\/00548740_tyre-changer-rotn4111-n4113\u2013ravg9156-spag0156-im-7505-m007-00_vsg_rev00-fr-2024-04.pdf","title":"Tyre changer ROTN4111 N4113\u2013RAVG9156 SPAG0156 IM 7505 M007 00 VSG rev00 fr 2024 04","thumbnail":"https:\/\/dev.codekraft.it\/rotary-2024\/wp-content\/uploads\/brb_media\/00548740_tyre-changer-rotn4111-n4113\u2013ravg9156-spag0156-im-7505-m007-00_vsg_rev00-fr-2024-04-pdf-106x150.png","description":""},{"id":379627,"url":"https:\/\/dev.codekraft.it\/rotary-2024\/wp-content\/uploads\/brb_media\/00548741_tyre-changer-rotn4111-n4113\u2013ravg9156-spag0156-im-7505-m007-00_vsg_rev00-it-2024-04.pdf","title":"Tyre changer ROTN4111 N4113\u2013RAVG9156 SPAG0156 IM 7505 M007 00 VSG rev00 it 2024 04","thumbnail":"https:\/\/dev.codekraft.it\/rotary-2024\/wp-content\/uploads\/brb_media\/00548741_tyre-changer-rotn4111-n4113\u2013ravg9156-spag0156-im-7505-m007-00_vsg_rev00-it-2024-04-pdf-106x150.png","description":""},{"id":379628,"url":"https:\/\/dev.codekraft.it\/rotary-2024\/wp-content\/uploads\/brb_media\/00548742_tyre-changer-rotn4111-n4113\u2013ravg9156-spag0156-im-7505-m007-00_vsg_rev00-es-2024-04.pdf","title":"Tyre changer ROTN4111 N4113\u2013RAVG9156 SPAG0156 IM 7505 M007 00 VSG rev00 es 2024 04","thumbnail":"https:\/\/dev.codekraft.it\/rotary-2024\/wp-content\/uploads\/brb_media\/00548742_tyre-changer-rotn4111-n4113\u2013ravg9156-spag0156-im-7505-m007-00_vsg_rev00-es-2024-04-pdf-106x150.png","description":""},{"id":379629,"url":"https:\/\/dev.codekraft.it\/rotary-2024\/wp-content\/uploads\/brb_media\/00548743_tyre-changer-rotn4111-n4113\u2013ravg9156-spag0156-im-7505-m007-00_vsg_rev00-pl-2024-04.pdf","title":"Tyre changer ROTN4111 N4113\u2013RAVG9156 SPAG0156 IM 7505 M007 00 VSG rev00 pl 2024 04","thumbnail":"https:\/\/dev.codekraft.it\/rotary-2024\/wp-content\/uploads\/brb_media\/00548743_tyre-changer-rotn4111-n4113\u2013ravg9156-spag0156-im-7505-m007-00_vsg_rev00-pl-2024-04-pdf-106x150.png","description":""}],"brb_media_safety_datasheets":"","brb_media_spare_parts":[],"_cdmm_p_id":"467066","_company":"Elektron","_gtin":"5063084201805","accessories":[{"id":382033,"cdmm_p_id":"499806","name":"Mordaza de bloqueo tal\u00f3n para llantas de aleaci\u00f3n","description":"Protecci\u00f3n para llantas de aleaci\u00f3n","thumbnail":"https:\/\/dev.codekraft.it\/rotary-2024\/wp-content\/uploads\/brb_media\/00506745_g90a6-150x150.png","url":"https:\/\/dev.codekraft.it\/rotary-2024\/es\/productos\/accesorios-servicio-de-llantas-es\/accesorios-desmontadoras-es\/mordaza-de-bloqueo-talon-para-llantas-de-aleacion\/"},{"id":380223,"cdmm_p_id":"482252","name":"Palanca","description":"Corta, patentada","thumbnail":"https:\/\/dev.codekraft.it\/rotary-2024\/wp-content\/uploads\/brb_media\/00506736_g108a3-150x150.png","url":"https:\/\/dev.codekraft.it\/rotary-2024\/es\/productos\/accesorios-servicio-de-llantas-es\/accesorios-desmontadoras-es\/palanca\/"},{"id":382102,"cdmm_p_id":"499818","name":"Palanca para anillos para cami\u00f3n","description":"","thumbnail":"https:\/\/dev.codekraft.it\/rotary-2024\/wp-content\/uploads\/brb_media\/00506730_g108a13-150x150.png","url":"https:\/\/dev.codekraft.it\/rotary-2024\/es\/productos\/accesorios-servicio-de-llantas-es\/accesorios-desmontadoras-es\/palanca-para-anillos-para-camion\/"},{"id":380229,"cdmm_p_id":"482259","name":"Brocha madera, en \u00e1ngulo","description":"Para m\u00e1quinas de montaje de ruedas","thumbnail":"https:\/\/dev.codekraft.it\/rotary-2024\/wp-content\/uploads\/brb_media\/00506731_g108a16-150x114.png","url":"https:\/\/dev.codekraft.it\/rotary-2024\/es\/productos\/accesorios-servicio-de-llantas-es\/accesorios-desmontadoras-es\/brocha-madera-en-angulo\/"},{"id":382108,"cdmm_p_id":"499819","name":"Jab\u00f3n lubricante para montaje\/desmontaje neum\u00e1ticos | 3,5 kg","description":"","thumbnail":"https:\/\/dev.codekraft.it\/rotary-2024\/wp-content\/uploads\/brb_media\/00506743_g800a37-150x150.png","url":"https:\/\/dev.codekraft.it\/rotary-2024\/es\/productos\/accesorios-servicio-de-llantas-es\/accesorios-desmontadoras-es\/jabon-lubricante-para-montaje-desmontaje-neumaticos-35-kg\/"},{"id":382052,"cdmm_p_id":"499810","name":"Protecci\u00f3n garras para llantas de aleaci\u00f3n","description":"1 juego \/ 4 piezas","thumbnail":"https:\/\/dev.codekraft.it\/rotary-2024\/wp-content\/uploads\/brb_media\/00506728_g108a1-150x150.png","url":"https:\/\/dev.codekraft.it\/rotary-2024\/es\/productos\/accesorios-servicio-de-llantas-es\/accesorios-desmontadoras-es\/proteccion-garras-para-llantas-de-aleacion\/"},{"id":382046,"cdmm_p_id":"499809","name":"Extensiones agarre plato para llanta \u00d8 hasta 56\u2033","description":"Adaptadores para ampliar el rango de sujeci\u00f3n | 1 juego \/ 4 piezas","thumbnail":"https:\/\/dev.codekraft.it\/rotary-2024\/wp-content\/uploads\/brb_media\/00506729_g108a12-150x150.png","url":"https:\/\/dev.codekraft.it\/rotary-2024\/es\/productos\/accesorios-servicio-de-llantas-es\/accesorios-desmontadoras-es\/extensiones-agarre-plato-para-llanta-o-hasta-56%e2%80%b3\/"},{"id":382963,"cdmm_p_id":"501934","name":"Adaptadores con adherencia suplementar","description":"Con adherencia suplementar","thumbnail":"https:\/\/dev.codekraft.it\/rotary-2024\/wp-content\/uploads\/brb_media\/00506740_g108a5-01-150x150.png","url":"https:\/\/dev.codekraft.it\/rotary-2024\/es\/productos\/accesorios-servicio-de-llantas-es\/accesorios-desmontadoras-es\/adaptadores-con-adherencia-suplementar\/"},{"id":382059,"cdmm_p_id":"499811","name":"Presiona tal\u00f3n neum\u00e1tico para ruedas agr\u00edcolas","description":"","thumbnail":"https:\/\/dev.codekraft.it\/rotary-2024\/wp-content\/uploads\/brb_media\/00506738_g108a34-02-150x150.png","url":"https:\/\/dev.codekraft.it\/rotary-2024\/es\/productos\/accesorios-servicio-de-llantas-es\/accesorios-desmontadoras-es\/presiona-talon-neumatico-para-ruedas-agricolas\/"}],"components":[],"related":[],"similar":[{"id":379634,"cdmm_p_id":"467040","name":"Desmontadora de neum\u00e1ticos NAV41.11N","description":"\u00datil de montaje y palanca de montaje, herramienta de montaje del sistema Quick-Fit, doble velocidad en movimiento rotaci\u00f3n del plato, unidad de control hidraulico, cami\u00f3n, di\u00e1metro de llanta 11 - 43\u2033 (56\u2033 con juego extensor), ancho m\u00e1ximo de llanta 1100 mm | Rojo (RAL 3002)","thumbnail":"https:\/\/dev.codekraft.it\/rotary-2024\/wp-content\/uploads\/brb_media\/00523863_tyre-changer-nav4111n-mi-150x150.png","url":"https:\/\/dev.codekraft.it\/rotary-2024\/es\/productos\/servicio-de-llantas-es\/desmontadoras-es\/desmontadora-de-neumaticos-nav41-11n\/"},{"id":384859,"cdmm_p_id":"504057","name":"Desmontadora de neum\u00e1ticos NAV41.13EI 220 V &#8211; 3 Ph &#8211; 60 Hz","description":"\u00datil de montaje y palanca de montaje, herramienta de montaje del sistema Quick-Fit, doble velocidad en movimiento rotaci\u00f3n del plato, unidad operativa por cable, cami\u00f3n, di\u00e1metro de llanta 11 - 43\u2033 (56\u2033 con juego extensor), ancho m\u00e1ximo de llanta 1100 mm | Rojo (RAL 3002)","thumbnail":"https:\/\/dev.codekraft.it\/rotary-2024\/wp-content\/uploads\/brb_media\/00523864_tyre-changer-nav4113ei-mi-150x150.png","url":"https:\/\/dev.codekraft.it\/rotary-2024\/es\/productos\/servicio-de-llantas-es\/desmontadoras-es\/desmontadora-de-neumaticos-nav41-13ei-220-v-3-ph-60-hz\/"}],"lang":"es","translations":{"es":379640,"en":379636,"de":379637,"fr":379638,"it":379639,"ru":379641},"pll_sync_post":[],"_links":{"self":[{"href":"https:\/\/dev.codekraft.it\/rotary-2024\/wp-json\/wp\/v2\/product\/379640","targetHints":{"allow":["GET"]}}],"collection":[{"href":"https:\/\/dev.codekraft.it\/rotary-2024\/wp-json\/wp\/v2\/product"}],"about":[{"href":"https:\/\/dev.codekraft.it\/rotary-2024\/wp-json\/wp\/v2\/types\/product"}],"wp:featuredmedia":[{"embeddable":true,"href":"https:\/\/dev.codekraft.it\/rotary-2024\/wp-json\/wp\/v2\/media\/350906"}],"wp:attachment":[{"href":"https:\/\/dev.codekraft.it\/rotary-2024\/wp-json\/wp\/v2\/media?parent=379640"}],"wp:term":[{"taxonomy":"product_cat","embeddable":true,"href":"https:\/\/dev.codekraft.it\/rotary-2024\/wp-json\/wp\/v2\/product_cat?post=379640"},{"taxonomy":"product_tag","embeddable":true,"href":"https:\/\/dev.codekraft.it\/rotary-2024\/wp-json\/wp\/v2\/product_tag?post=379640"},{"taxonomy":"product_approvals","embeddable":true,"href":"https:\/\/dev.codekraft.it\/rotary-2024\/wp-json\/wp\/v2\/product_approvals?post=379640"},{"taxonomy":"product_application","embeddable":true,"href":"https:\/\/dev.codekraft.it\/rotary-2024\/wp-json\/wp\/v2\/product_application?post=379640"}],"curies":[{"name":"wp","href":"https:\/\/api.w.org\/{rel}","templated":true}]}}