{"id":379619,"date":"2025-09-08T08:59:54","date_gmt":"2025-09-08T08:59:54","guid":{"rendered":"https:\/\/dev.codekraft.it\/rotary-2024\/products\/uncategorized\/demonte-pneu-nav11n-400-v-3-ph-50-hz\/"},"modified":"2025-09-08T08:59:54","modified_gmt":"2025-09-08T08:59:54","slug":"demonte-pneu-nav11n-400-v-3-ph-50-hz","status":"publish","type":"product","link":"https:\/\/dev.codekraft.it\/rotary-2024\/fr\/produits\/service-de-pneus-fr\/demonte-pneus-fr\/demonte-pneu-nav11n-400-v-3-ph-50-hz\/","title":{"rendered":"D\u00e9monte-pneu NAV11N 400 V &#8211; 3 Ph &#8211; 50 Hz"},"content":{"rendered":"<ul>\n<li>D\u00e9monte pneu \u00e9lectro-hydraulique 11 &#8211; 27\u2033 pour pneus de camion et d&#8217;autobus<\/li>\n<li>Id\u00e9al aussi pour l&#8217;entretien mobile<\/li>\n<\/ul>\n<ul>\n<li>Unit\u00e9 de commande hydraulique<\/li>\n<li>Moteur du mandrin \u00e9quip\u00e9 avec 1 vitesse de rotation<\/li>\n<li>Levier de montage court, brevet\u00e9<\/li>\n<\/ul>\n<ul>\n<li>D\u00e9placement manuel du bras porte outil<\/li>\n<li>Rotation de l&#8217;outil avec v\u00e9rrouillage rapide<\/li>\n<li>Hauteur de serrage minimum \u00e0 370 mm (14,5\u2033) &#8211; id\u00e9al pour une prise sans effort du sol des jantes de 22,5\u2033<\/li>\n<li>Diam\u00e8tre de serrage minimum de 90 mm (3,5\u2033) &#8211; le mors, avec plusier zone de prise, permet un serrage de 90 mm sans utiliser d&#8217;accessoires<\/li>\n<li>L unit\u00e9 de commande peut pivoter de 120\u00b0<\/li>\n<\/ul>\n<p><em><strong>Disponible en option (ne peut pas \u00eatre install\u00e9 apr\u00e8s vente) :<\/strong><\/em><\/p>\n<ul>\n<li>Moteur \u00e0 variation de vitesse (1 \/ 5 \/ 10 tr\/mn), id\u00e9al pour le resculptage de pneus<\/li>\n<li>Kit sans levier, l&#8217;outil s&#8217;ins\u00e8re entre le talon et la jante, soul\u00e8ve le talon et enl\u00e8ve le pneu<\/li>\n<\/ul>\n","protected":false},"excerpt":{"rendered":"<p>T\u00eate de montage et levier de montage, t\u00eate de montage du syst\u00e8me Quick-Fit, unit\u00e9 de commande hydraulique, camion, diam\u00e8tre de jante 11 &#8211; 27\u2033, largeur max de roue 925 mm | Rouge (RAL 3002)<\/p>\n","protected":false},"featured_media":351287,"template":"","meta":[],"product_cat":[1033384],"product_tag":[1034128],"product_approvals":[],"product_application":[],"class_list":{"0":"post-379619","1":"product","2":"type-product","3":"status-publish","4":"has-post-thumbnail","6":"product_cat-demonte-pneus-fr","7":"product_tag-trucks-fr","9":"first","10":"instock","11":"shipping-taxable","12":"product-type-simple"},"approvals":[],"application":[],"brb_media_brochure":"","brb_media_drawing":"","brb_media_manuals":[{"id":379611,"url":"https:\/\/dev.codekraft.it\/rotary-2024\/wp-content\/uploads\/brb_media\/00549961_tyre-changer-rotnv11n\u2013ravg96nx-spag526n-im-7505-m008-00_vsg_rev02-de-2025-05.pdf","title":"Tyre changer ROTNV11N\u2013RAVG96NX SPAG526N IM 7505 M008 00 VSG rev02 de 2025 05","thumbnail":"https:\/\/dev.codekraft.it\/rotary-2024\/wp-content\/uploads\/brb_media\/00549961_tyre-changer-rotnv11n\u2013ravg96nx-spag526n-im-7505-m008-00_vsg_rev02-de-2025-05-pdf-106x150.png","description":""},{"id":379612,"url":"https:\/\/dev.codekraft.it\/rotary-2024\/wp-content\/uploads\/brb_media\/00549962_tyre-changer-rotnv11n\u2013ravg96nx-spag526n-im-7505-m008-00_vsg_rev02-en-2025-05.pdf","title":"Tyre changer ROTNV11N\u2013RAVG96NX SPAG526N IM 7505 M008 00 VSG rev02 en 2025 05","thumbnail":"https:\/\/dev.codekraft.it\/rotary-2024\/wp-content\/uploads\/brb_media\/00549962_tyre-changer-rotnv11n\u2013ravg96nx-spag526n-im-7505-m008-00_vsg_rev02-en-2025-05-pdf-106x150.png","description":""},{"id":379613,"url":"https:\/\/dev.codekraft.it\/rotary-2024\/wp-content\/uploads\/brb_media\/00549963_tyre-changer-rotnv11n\u2013ravg96nx-spag526n-im-7505-m008-00_vsg_rev02-fr-2025-05.pdf","title":"Tyre changer ROTNV11N\u2013RAVG96NX SPAG526N IM 7505 M008 00 VSG rev02 fr 2025 05","thumbnail":"https:\/\/dev.codekraft.it\/rotary-2024\/wp-content\/uploads\/brb_media\/00549963_tyre-changer-rotnv11n\u2013ravg96nx-spag526n-im-7505-m008-00_vsg_rev02-fr-2025-05-pdf-106x150.png","description":""},{"id":379614,"url":"https:\/\/dev.codekraft.it\/rotary-2024\/wp-content\/uploads\/brb_media\/00549965_tyre-changer-rotnv11n\u2013ravg96nx-spag526n-im-7505-m008-00_vsg_rev02-it-2025-05.pdf","title":"Tyre changer ROTNV11N\u2013RAVG96NX SPAG526N IM 7505 M008 00 VSG rev02 it 2025 05","thumbnail":"https:\/\/dev.codekraft.it\/rotary-2024\/wp-content\/uploads\/brb_media\/00549965_tyre-changer-rotnv11n\u2013ravg96nx-spag526n-im-7505-m008-00_vsg_rev02-it-2025-05-pdf-106x150.png","description":""},{"id":379615,"url":"https:\/\/dev.codekraft.it\/rotary-2024\/wp-content\/uploads\/brb_media\/00549966_tyre-changer-rotnv11n\u2013ravg96nx-spag526n-im-7505-m008-00_vsg_rev02-es-2025-05.pdf","title":"Tyre changer ROTNV11N\u2013RAVG96NX SPAG526N IM 7505 M008 00 VSG rev02 es 2025 05","thumbnail":"https:\/\/dev.codekraft.it\/rotary-2024\/wp-content\/uploads\/brb_media\/00549966_tyre-changer-rotnv11n\u2013ravg96nx-spag526n-im-7505-m008-00_vsg_rev02-es-2025-05-pdf-106x150.png","description":""},{"id":379616,"url":"https:\/\/dev.codekraft.it\/rotary-2024\/wp-content\/uploads\/brb_media\/00549967_tyre-changer-rotnv11n\u2013ravg96nx-spag526n-im-7505-m008-00_vsg_rev02-pl-2025-05.pdf","title":"Tyre changer ROTNV11N\u2013RAVG96NX SPAG526N IM 7505 M008 00 VSG rev02 pl 2025 05","thumbnail":"https:\/\/dev.codekraft.it\/rotary-2024\/wp-content\/uploads\/brb_media\/00549967_tyre-changer-rotnv11n\u2013ravg96nx-spag526n-im-7505-m008-00_vsg_rev02-pl-2025-05-pdf-106x150.png","description":""}],"brb_media_safety_datasheets":"","brb_media_spare_parts":[],"_cdmm_p_id":"468297","_company":"Elektron","_gtin":"5063084201782","accessories":[{"id":382044,"cdmm_p_id":"499809","name":"Rallonges prise mandrin pour \u00d8 de jante jusqu&#039;\u00e0 56\u2033","description":"Adaptateurs pour augmenter la capacit\u00e9 de serrage  | 1 jeu \/ 4 pi\u00e8ces","thumbnail":"https:\/\/dev.codekraft.it\/rotary-2024\/wp-content\/uploads\/brb_media\/00506729_g108a12-150x150.png","url":"https:\/\/dev.codekraft.it\/rotary-2024\/fr\/produits\/accessoires-service-de-pneus-fr\/accessoires-demonte-pneu-fr\/rallonges-prise-mandrin-pour-o-de-jante-jusqua-56%e2%80%b3\/"},{"id":382057,"cdmm_p_id":"499811","name":"Pousse-talon pour roues agricoles","description":"","thumbnail":"https:\/\/dev.codekraft.it\/rotary-2024\/wp-content\/uploads\/brb_media\/00506738_g108a34-02-150x150.png","url":"https:\/\/dev.codekraft.it\/rotary-2024\/fr\/produits\/accessoires-service-de-pneus-fr\/accessoires-demonte-pneu-fr\/pousse-talon-pour-roues-agricoles\/"},{"id":382050,"cdmm_p_id":"499810","name":"Protection des griffes pour jantes en alliage","description":"1 jeu \/ 4 pi\u00e8ces","thumbnail":"https:\/\/dev.codekraft.it\/rotary-2024\/wp-content\/uploads\/brb_media\/00506728_g108a1-150x150.png","url":"https:\/\/dev.codekraft.it\/rotary-2024\/fr\/produits\/accessoires-service-de-pneus-fr\/accessoires-demonte-pneu-fr\/protection-des-griffes-pour-jantes-en-alliage\/"},{"id":382038,"cdmm_p_id":"499807","name":"Protection des griffes pour jantes en alliage | 1 jeu \/ 4 pi\u00e8ces","description":"","thumbnail":"https:\/\/dev.codekraft.it\/rotary-2024\/wp-content\/uploads\/brb_media\/00539654_tyre-changers-g108a2-mi-150x150.png","url":"https:\/\/dev.codekraft.it\/rotary-2024\/fr\/produits\/accessoires-service-de-pneus-fr\/accessoires-demonte-pneu-fr\/protection-des-griffes-pour-jantes-en-alliage-1-jeu-4-pieces\/"},{"id":382100,"cdmm_p_id":"499818","name":"Levier pour valves de gonflage pour camion","description":"","thumbnail":"https:\/\/dev.codekraft.it\/rotary-2024\/wp-content\/uploads\/brb_media\/00506730_g108a13-150x150.png","url":"https:\/\/dev.codekraft.it\/rotary-2024\/fr\/produits\/accessoires-service-de-pneus-fr\/accessoires-demonte-pneu-fr\/levier-pour-valves-de-gonflage-pour-camion\/"},{"id":382025,"cdmm_p_id":"499804","name":"Mors bloque-talon pour jantes GC","description":"","thumbnail":"https:\/\/dev.codekraft.it\/rotary-2024\/wp-content\/uploads\/brb_media\/00506735_g108a25-150x150.png","url":"https:\/\/dev.codekraft.it\/rotary-2024\/fr\/produits\/accessoires-service-de-pneus-fr\/accessoires-demonte-pneu-fr\/mors-bloque-talon-pour-jantes-gc\/"},{"id":382031,"cdmm_p_id":"499806","name":"Mors bloque-talon pour jantes en alliage","description":"Protection pour jantes en alliage","thumbnail":"https:\/\/dev.codekraft.it\/rotary-2024\/wp-content\/uploads\/brb_media\/00506745_g90a6-150x150.png","url":"https:\/\/dev.codekraft.it\/rotary-2024\/fr\/produits\/accessoires-service-de-pneus-fr\/accessoires-demonte-pneu-fr\/mors-bloque-talon-pour-jantes-en-alliage\/"},{"id":380233,"cdmm_p_id":"482425","name":"Rouleau casseur de talon","description":"Pour pneus sans chambre \u00e0 air","thumbnail":"https:\/\/dev.codekraft.it\/rotary-2024\/wp-content\/uploads\/brb_media\/00506744_g90a2-150x150.png","url":"https:\/\/dev.codekraft.it\/rotary-2024\/fr\/produits\/accessoires-service-de-pneus-fr\/accessoires-demonte-pneu-fr\/rouleau-casseur-de-talon\/"},{"id":382106,"cdmm_p_id":"499819","name":"P\u00e2te de montage\/d\u00e9montage | 3,5 kg","description":"","thumbnail":"https:\/\/dev.codekraft.it\/rotary-2024\/wp-content\/uploads\/brb_media\/00506743_g800a37-150x150.png","url":"https:\/\/dev.codekraft.it\/rotary-2024\/fr\/produits\/accessoires-service-de-pneus-fr\/accessoires-demonte-pneu-fr\/pate-de-montage-demontage-35-kg\/"},{"id":380227,"cdmm_p_id":"482259","name":"Pinceau bois, coud\u00e9","description":"Pour machines d'assemblage de roues","thumbnail":"https:\/\/dev.codekraft.it\/rotary-2024\/wp-content\/uploads\/brb_media\/00506731_g108a16-150x114.png","url":"https:\/\/dev.codekraft.it\/rotary-2024\/fr\/produits\/accessoires-service-de-pneus-fr\/accessoires-demonte-pneu-fr\/pinceau-bois-coude\/"},{"id":382917,"cdmm_p_id":"501920","name":"Disque detallonneur pour jantes a cercle","description":"","thumbnail":"https:\/\/dev.codekraft.it\/rotary-2024\/wp-content\/uploads\/brb_media\/00506733_g108a22-150x150.png","url":"https:\/\/dev.codekraft.it\/rotary-2024\/fr\/produits\/accessoires-service-de-pneus-fr\/accessoires-demonte-pneu-fr\/disque-detallonneur-pour-jantes-a-cercle\/"},{"id":382924,"cdmm_p_id":"501921","name":"Disque detallonneur pour jantes a cercle","description":"","thumbnail":"https:\/\/dev.codekraft.it\/rotary-2024\/wp-content\/uploads\/brb_media\/00535690_tyre-changer-g108a24-di-150x150.png","url":"https:\/\/dev.codekraft.it\/rotary-2024\/fr\/produits\/accessoires-service-de-pneus-fr\/accessoires-demonte-pneu-fr\/disque-detallonneur-pour-jantes-a-cercle-2\/"},{"id":382961,"cdmm_p_id":"501934","name":"Adaptateurs adh\u00e9rence majeure","description":"Adh\u00e9rence majeure","thumbnail":"https:\/\/dev.codekraft.it\/rotary-2024\/wp-content\/uploads\/brb_media\/00506740_g108a5-01-150x150.png","url":"https:\/\/dev.codekraft.it\/rotary-2024\/fr\/produits\/accessoires-service-de-pneus-fr\/accessoires-demonte-pneu-fr\/adaptateurs-adherence-majeure\/"},{"id":384881,"cdmm_p_id":"504062","name":"Kit de conversion de contr\u00f4le","description":"Kit pour fonctionnement avec c\u00e2ble ou Bluetooth | incl. c\u00e2ble","thumbnail":"","url":"https:\/\/dev.codekraft.it\/rotary-2024\/fr\/produits\/accessoires-service-de-pneus-fr\/accessoires-demonte-pneu-fr\/kit-de-conversion-de-controle\/"},{"id":383294,"cdmm_p_id":"502058","name":"Protection plastique pour t\u00eate de montage","description":"Protection outil en plastique pour t\u00eate de montage | 1 pi\u00e8ce","thumbnail":"https:\/\/dev.codekraft.it\/rotary-2024\/wp-content\/uploads\/brb_media\/00535691_tyre-changer-g108a9-di-150x150.png","url":"https:\/\/dev.codekraft.it\/rotary-2024\/fr\/produits\/accessoires-service-de-pneus-fr\/accessoires-demonte-pneu-fr\/protection-plastique-pour-tete-de-montage-2\/"},{"id":383127,"cdmm_p_id":"501996","name":"Kit pour positionnement des bras","description":"Accessoire pour d\u00e9monte-pneus pour vehicules industriels\/engins de terrassement","thumbnail":"","url":"https:\/\/dev.codekraft.it\/rotary-2024\/fr\/produits\/accessoires-service-de-pneus-fr\/accessoires-demonte-pneu-fr\/kit-pour-positionnement-des-bras\/"},{"id":383882,"cdmm_p_id":"502329","name":"Syst\u00e8me de verrouillage de la position des bras","description":"","thumbnail":"https:\/\/dev.codekraft.it\/rotary-2024\/wp-content\/uploads\/brb_media\/00539655_tyre-changers-g108a40-mi-150x150.png","url":"https:\/\/dev.codekraft.it\/rotary-2024\/fr\/produits\/accessoires-service-de-pneus-fr\/accessoires-demonte-pneu-fr\/systeme-de-verrouillage-de-la-position-des-bras\/"}],"components":[],"related":[],"similar":[{"id":379706,"cdmm_p_id":"471898","name":"D\u00e9monte-pneu NAV11N","description":"T\u00eate de montage et levier de montage, t\u00eate de montage du syst\u00e8me Quick-Fit, unit\u00e9 de commande hydraulique, camion, diam\u00e8tre de jante 11 - 27\u2033, largeur max de roue 925 mm | Gris (RAL 7016)","thumbnail":"https:\/\/dev.codekraft.it\/rotary-2024\/wp-content\/uploads\/brb_media\/00524003_tyre-changer-nav11-ral7016-mi-150x150.png","url":"https:\/\/dev.codekraft.it\/rotary-2024\/fr\/produits\/service-de-pneus-fr\/demonte-pneus-fr\/demonte-pneu-nav11n\/"},{"id":384851,"cdmm_p_id":"504056","name":"D\u00e9monte-pneu NAV11N 230 V &#8211; 1 Ph &#8211; 50 Hz","description":"T\u00eate de montage et levier de montage, t\u00eate de montage du syst\u00e8me Quick-Fit, unit\u00e9 de commande hydraulique, camion, diam\u00e8tre de jante 11 - 27\u2033, largeur max de roue 925 mm | Rouge (RAL 3002)","thumbnail":"https:\/\/dev.codekraft.it\/rotary-2024\/wp-content\/uploads\/brb_media\/00523862_tyre-changer-nav11n-mi-150x150.png","url":"https:\/\/dev.codekraft.it\/rotary-2024\/fr\/produits\/service-de-pneus-fr\/demonte-pneus-fr\/demonte-pneu-nav11n-230-v-1-ph-50-hz\/"}],"lang":"fr","translations":{"fr":379619,"en":379610,"de":379618,"it":379620,"es":379621,"ru":379622},"pll_sync_post":[],"_links":{"self":[{"href":"https:\/\/dev.codekraft.it\/rotary-2024\/wp-json\/wp\/v2\/product\/379619","targetHints":{"allow":["GET"]}}],"collection":[{"href":"https:\/\/dev.codekraft.it\/rotary-2024\/wp-json\/wp\/v2\/product"}],"about":[{"href":"https:\/\/dev.codekraft.it\/rotary-2024\/wp-json\/wp\/v2\/types\/product"}],"wp:featuredmedia":[{"embeddable":true,"href":"https:\/\/dev.codekraft.it\/rotary-2024\/wp-json\/wp\/v2\/media\/351287"}],"wp:attachment":[{"href":"https:\/\/dev.codekraft.it\/rotary-2024\/wp-json\/wp\/v2\/media?parent=379619"}],"wp:term":[{"taxonomy":"product_cat","embeddable":true,"href":"https:\/\/dev.codekraft.it\/rotary-2024\/wp-json\/wp\/v2\/product_cat?post=379619"},{"taxonomy":"product_tag","embeddable":true,"href":"https:\/\/dev.codekraft.it\/rotary-2024\/wp-json\/wp\/v2\/product_tag?post=379619"},{"taxonomy":"product_approvals","embeddable":true,"href":"https:\/\/dev.codekraft.it\/rotary-2024\/wp-json\/wp\/v2\/product_approvals?post=379619"},{"taxonomy":"product_application","embeddable":true,"href":"https:\/\/dev.codekraft.it\/rotary-2024\/wp-json\/wp\/v2\/product_application?post=379619"}],"curies":[{"name":"wp","href":"https:\/\/api.w.org\/{rel}","templated":true}]}}