{"id":379564,"date":"2025-09-08T08:59:54","date_gmt":"2025-09-08T08:59:54","guid":{"rendered":"https:\/\/dev.codekraft.it\/rotary-2024\/products\/uncategorized\/demonte-pneu-hp641sd-24-pro\/"},"modified":"2025-09-08T08:59:54","modified_gmt":"2025-09-08T08:59:54","slug":"demonte-pneu-hp641sd-24-pro","status":"publish","type":"product","link":"https:\/\/dev.codekraft.it\/rotary-2024\/fr\/produits\/service-de-pneus-fr\/demonte-pneus-fr\/demonte-pneu-hp641sd-24-pro\/","title":{"rendered":"D\u00e9monte-pneu HP641SD.24 Pro"},"content":{"rendered":"","protected":false},"excerpt":{"rendered":"<p>T\u00eate de montage et levier, automatique, plateau carr\u00e9 standard, incl. presse-talon pneumatique et protecteurs en plastique pour jantes en alliage, voiture de tourisme, diam\u00e8tre de jante 10 &#8211; 26,5\u2033, largeur de jante max. 15\u2033 | Rouge (RAL 3002) | pour tous les types de pneus de diam\u00e8tre de roue max. 43\u2033 (1092 mm) | Certifi\u00e9 wdk<\/p>\n","protected":false},"featured_media":350926,"template":"","meta":[],"product_brand":[],"product_cat":[1033384],"product_tag":[1034197,1034180,1034163],"product_approvals":[],"product_application":[],"class_list":{"0":"post-379564","1":"product","2":"type-product","3":"status-publish","4":"has-post-thumbnail","6":"product_cat-demonte-pneus-fr","7":"product_tag-motor-homes-fr","8":"product_tag-light-commercial-fr","9":"product_tag-passenger-cars-fr","11":"first","12":"instock","13":"shipping-taxable","14":"product-type-simple"},"approvals":[],"application":[],"brb_media_brochure":"","brb_media_drawing":"","brb_media_manuals":[{"id":379561,"url":"https:\/\/dev.codekraft.it\/rotary-2024\/wp-content\/uploads\/brb_media\/00536837_tyre-changer-hp441-hp641-tc624-hp643-g7441-tc630-g7641-t2210-2-pro-g7645-g8645-ga2441-ga2641-ga2645-im-7300-m053-01_vsg_rev01_5l-multi-2024-07.pdf","title":"tyre changer hp441 hp641 tc624 hp643 g7441 tc630 g7641 t2210 2 pro g7645 g8645 ga2441 ga2641 ga2645 im 7300 m053 01 vsg rev01 5l multi 2024 07","mpn":"","thumbnail":"https:\/\/dev.codekraft.it\/rotary-2024\/wp-content\/uploads\/brb_media\/00536837_tyre-changer-hp441-hp641-tc624-hp643-g7441-tc630-g7641-t2210-2-pro-g7645-g8645-ga2441-ga2641-ga2645-im-7300-m053-01_vsg_rev01_5l-multi-2024-07-pdf-106x150.png","description":""}],"brb_media_safety_datasheets":"","brb_media_spare_parts":[],"_cdmm_p_id":"467366","_company":"Elektron","_gtin":"5063084200891","accessories":[{"id":382991,"mpn":"G800A82","name":"Kit de transformation vers un montage sans levier","description":"Pour mise les d\u00e9monte-pneus traditionnels en mod\u00e8les sans levier","thumbnail":"https:\/\/dev.codekraft.it\/rotary-2024\/wp-content\/uploads\/brb_media\/00506650_g800a81-01-150x150.png","url":"https:\/\/dev.codekraft.it\/rotary-2024\/fr\/produits\/accessoires-service-de-pneus-fr\/accessoires-demonte-pneu-fr\/kit-de-transformation-vers-un-montage-sans-levier\/"},{"id":381995,"mpn":"G800A11K","name":"Protection plastique pour pelle d\u00e9talonneuse","description":"Protection pelle d\u00e9talonneuse |  5 pi\u00e8ces","thumbnail":"https:\/\/dev.codekraft.it\/rotary-2024\/wp-content\/uploads\/brb_media\/00506714_g800a11-01-150x150.png","url":"https:\/\/dev.codekraft.it\/rotary-2024\/fr\/produits\/accessoires-service-de-pneus-fr\/accessoires-demonte-pneu-fr\/protection-plastique-pour-pelle-detalonneuse-2\/"},{"id":380427,"mpn":"G800A131","name":"M\u00e2choires de serrage Protection en plastique","description":"","thumbnail":"https:\/\/dev.codekraft.it\/rotary-2024\/wp-content\/uploads\/brb_media\/00437954_08-g800a5-150x150.jpg","url":"https:\/\/dev.codekraft.it\/rotary-2024\/fr\/produits\/accessoires-service-de-pneus-fr\/accessoires-demonte-pneu-fr\/machoires-de-serrage-protection-en-plastique\/"},{"id":380433,"mpn":"G800A132K","name":"Protection plastique pour t\u00eate de montage","description":"Kit de protection t\u00eate pour jantes en alliage | 1 jeu","thumbnail":"https:\/\/dev.codekraft.it\/rotary-2024\/wp-content\/uploads\/brb_media\/00437955_10-g800a8-150x150.jpg","url":"https:\/\/dev.codekraft.it\/rotary-2024\/fr\/produits\/accessoires-service-de-pneus-fr\/accessoires-demonte-pneu-fr\/protection-plastique-pour-tete-de-montage\/"},{"id":380179,"mpn":"G800A117K","name":"Protection plastique pour t\u00eate de montage | Quick insert","description":"Kit de protection \u00e0 gorge pour outil, enfichable, pour jantes en alliage | 10 jeux","thumbnail":"https:\/\/dev.codekraft.it\/rotary-2024\/wp-content\/uploads\/brb_media\/00506624_g800a117-150x150.png","url":"https:\/\/dev.codekraft.it\/rotary-2024\/fr\/produits\/accessoires-service-de-pneus-fr\/accessoires-demonte-pneu-fr\/protection-plastique-pour-tete-de-montage-quick-insert\/"},{"id":383306,"mpn":"G1000A13K","name":"Protections levier pour t\u00eate de montage | 1 jeu \/ 50 pi\u00e8ces","description":"","thumbnail":"https:\/\/dev.codekraft.it\/rotary-2024\/wp-content\/uploads\/brb_media\/00506686_g1000a13k-150x150.png","url":"https:\/\/dev.codekraft.it\/rotary-2024\/fr\/produits\/accessoires-service-de-pneus-fr\/accessoires-demonte-pneu-fr\/protections-levier-pour-tete-de-montage-1-jeu-50-pieces\/"},{"id":383900,"mpn":"G84A13","name":"Etau bloque-talon","description":"","thumbnail":"https:\/\/dev.codekraft.it\/rotary-2024\/wp-content\/uploads\/brb_media\/00506659_g84a13-150x150.png","url":"https:\/\/dev.codekraft.it\/rotary-2024\/fr\/produits\/accessoires-service-de-pneus-fr\/accessoires-demonte-pneu-fr\/etau-bloque-talon\/"},{"id":383857,"mpn":"G800A98K","name":"Protection plastique pour mors de serrage 20 &#8211; 22\u2033","description":"Protections pour jantes en alliage | 10 jeux \/ 40 pi\u00e8ces","thumbnail":"https:\/\/dev.codekraft.it\/rotary-2024\/wp-content\/uploads\/brb_media\/00539671_tyre-changers-g800a98-mi-150x150.png","url":"https:\/\/dev.codekraft.it\/rotary-2024\/fr\/produits\/accessoires-service-de-pneus-fr\/accessoires-demonte-pneu-fr\/protection-plastique-pour-mors-de-serrage-20-22%e2%80%b3-2\/"},{"id":383894,"mpn":"G1000A32","name":"WulstBoy avec syst\u00e8me de traction et cha\u00eene de talon jusqu&#039;\u00e0 24\u2033","description":"","thumbnail":"https:\/\/dev.codekraft.it\/rotary-2024\/wp-content\/uploads\/brb_media\/00506619_g1000a32-150x150.png","url":"https:\/\/dev.codekraft.it\/rotary-2024\/fr\/produits\/accessoires-service-de-pneus-fr\/accessoires-demonte-pneu-fr\/wulstboy-avec-systeme-de-traction-et-chaine-de-talon-jusqua-24%e2%80%b3\/"},{"id":383833,"mpn":"G800A114","name":"Rallonge pour pousse-roues RFT","description":"","thumbnail":"https:\/\/dev.codekraft.it\/rotary-2024\/wp-content\/uploads\/brb_media\/00506622_g800a114-150x150.png","url":"https:\/\/dev.codekraft.it\/rotary-2024\/fr\/produits\/accessoires-service-de-pneus-fr\/accessoires-demonte-pneu-fr\/rallonge-pour-pousse-roues-rft\/"},{"id":383412,"mpn":"G84A1","name":"Pistolet de gonflage sans soupape de limitation de pression","description":"Dispositif de gonflage pour d\u00e9monte-pneus","thumbnail":"https:\/\/dev.codekraft.it\/rotary-2024\/wp-content\/uploads\/brb_media\/00506655_g84a1-150x150.png","url":"https:\/\/dev.codekraft.it\/rotary-2024\/fr\/produits\/accessoires-service-de-pneus-fr\/accessoires-demonte-pneu-fr\/pistolet-de-gonflage-sans-soupape-de-limitation-de-pression\/"},{"id":381518,"mpn":"G800A35","name":"\u00c8l\u00e9vateur de roue pneumatique","description":"","thumbnail":"https:\/\/dev.codekraft.it\/rotary-2024\/wp-content\/uploads\/brb_media\/00506634_g800a35-150x150.png","url":"https:\/\/dev.codekraft.it\/rotary-2024\/fr\/produits\/accessoires-service-de-pneus-fr\/accessoires-demonte-pneu-fr\/elevateur-de-roue-pneumatique\/"},{"id":382001,"mpn":"G800A77","name":"Bac pour valves\/accessoires | avec tuyau de fixation","description":"","thumbnail":"https:\/\/dev.codekraft.it\/rotary-2024\/wp-content\/uploads\/brb_media\/00506646_g800a77-02-150x150.png","url":"https:\/\/dev.codekraft.it\/rotary-2024\/fr\/produits\/accessoires-service-de-pneus-fr\/accessoires-demonte-pneu-fr\/bac-pour-valves-accessoires-avec-tuyau-de-fixation\/"},{"id":381463,"mpn":"G800A70","name":"Kit raccord rapide | sans outil","description":"El juego G800A70 reduce la altura m\u00e1xima de rueda de 2\u2033","thumbnail":"https:\/\/dev.codekraft.it\/rotary-2024\/wp-content\/uploads\/brb_media\/00506641_g800a70-150x150.png","url":"https:\/\/dev.codekraft.it\/rotary-2024\/fr\/produits\/accessoires-service-de-pneus-fr\/accessoires-demonte-pneu-fr\/kit-raccord-rapide-sans-outil\/"},{"id":381475,"mpn":"G800A72","name":"T\u00eate de montage pour voitures particuli\u00e8res | en mat\u00e9riel synth\u00e9tique VL","description":"Pour les mod\u00e9les equip\u00e9s avec raccord rapide | complet de moyeu pour raccord rapide","thumbnail":"","url":"https:\/\/dev.codekraft.it\/rotary-2024\/fr\/produits\/accessoires-service-de-pneus-fr\/accessoires-demonte-pneu-fr\/tete-de-montage-pour-voitures-particulieres-en-materiel-synthetique-vl\/"},{"id":383195,"mpn":"G800A126","name":"T\u00eate de montage pour voitures particuli\u00e8res | en mat\u00e9riel synth\u00e9tique VL","description":"NON montage rapide | pour tous les mod\u00e8les | complet de moyeu pour raccord direct \u00e0 l'arbre","thumbnail":"","url":"https:\/\/dev.codekraft.it\/rotary-2024\/fr\/produits\/accessoires-service-de-pneus-fr\/accessoires-demonte-pneu-fr\/tete-de-montage-pour-voitures-particulieres-en-materiel-synthetique-vl-2\/"},{"id":383189,"mpn":"G800A73","name":"T\u00eate de montage pour voitures particuli\u00e8res | basculante | en mat\u00e9riel synth\u00e9tique VL","description":"Pour les mod\u00e9les equip\u00e9s avec raccord rapide | complet de moyeu pour raccord rapide","thumbnail":"https:\/\/dev.codekraft.it\/rotary-2024\/wp-content\/uploads\/brb_media\/00506642_g800a73-150x150.png","url":"https:\/\/dev.codekraft.it\/rotary-2024\/fr\/produits\/accessoires-service-de-pneus-fr\/accessoires-demonte-pneu-fr\/tete-de-montage-pour-voitures-particulieres-basculante-en-materiel-synthetique-vl\/"},{"id":381487,"mpn":"G800A74","name":"T\u00eate de montage pour motos | en mat\u00e9riel synth\u00e9tique VL","description":"Pour tous les mod\u00e8les de raccords rapides | complet de moyeu pour raccord rapide","thumbnail":"https:\/\/dev.codekraft.it\/rotary-2024\/wp-content\/uploads\/brb_media\/00506643_g800a74-150x150.png","url":"https:\/\/dev.codekraft.it\/rotary-2024\/fr\/produits\/accessoires-service-de-pneus-fr\/accessoires-demonte-pneu-fr\/tete-de-montage-pour-motos-en-materiel-synthetique-vl\/"},{"id":381481,"mpn":"G800A76","name":"T\u00eate de montage pour roues ATV","description":"Pour tous les mod\u00e8les de raccords rapides | avec moyeu \u00e0 serrage rapide","thumbnail":"https:\/\/dev.codekraft.it\/rotary-2024\/wp-content\/uploads\/brb_media\/00506645_g800a76-150x150.png","url":"https:\/\/dev.codekraft.it\/rotary-2024\/fr\/produits\/accessoires-service-de-pneus-fr\/accessoires-demonte-pneu-fr\/tete-de-montage-pour-roues-atv\/"},{"id":381469,"mpn":"G800A75","name":"Terminal arbre outil pour raccord rapide","description":"Pour tous les mod\u00e8les de raccords rapides","thumbnail":"https:\/\/dev.codekraft.it\/rotary-2024\/wp-content\/uploads\/brb_media\/00506644_g800a75-150x150.png","url":"https:\/\/dev.codekraft.it\/rotary-2024\/fr\/produits\/accessoires-service-de-pneus-fr\/accessoires-demonte-pneu-fr\/terminal-arbre-outil-pour-raccord-rapide\/"},{"id":383572,"mpn":"G800A122","name":"Pointes pour griffes","description":"Rempla\u00e7ables | pour d\u00e9monte-pneus | 1 jeu \/ 8 pi\u00e8ces","thumbnail":"https:\/\/dev.codekraft.it\/rotary-2024\/wp-content\/uploads\/brb_media\/00506626_g800a122-150x150.png","url":"https:\/\/dev.codekraft.it\/rotary-2024\/fr\/produits\/accessoires-service-de-pneus-fr\/accessoires-demonte-pneu-fr\/pointes-pour-griffes\/"}],"components":[],"related":[],"page_logo_src":"https:\/\/dev.codekraft.it\/rotary-2024\/wp-content\/uploads\/2024\/05\/cropped-rotary-logo-2022.png","lang":"fr","translations":{"fr":379564,"en":379560,"de":379563,"it":379565,"es":379566,"ru":379567},"pll_sync_post":[],"_links":{"self":[{"href":"https:\/\/dev.codekraft.it\/rotary-2024\/wp-json\/wp\/v2\/product\/379564","targetHints":{"allow":["GET"]}}],"collection":[{"href":"https:\/\/dev.codekraft.it\/rotary-2024\/wp-json\/wp\/v2\/product"}],"about":[{"href":"https:\/\/dev.codekraft.it\/rotary-2024\/wp-json\/wp\/v2\/types\/product"}],"wp:featuredmedia":[{"embeddable":true,"href":"https:\/\/dev.codekraft.it\/rotary-2024\/wp-json\/wp\/v2\/media\/350926"}],"wp:attachment":[{"href":"https:\/\/dev.codekraft.it\/rotary-2024\/wp-json\/wp\/v2\/media?parent=379564"}],"wp:term":[{"taxonomy":"product_brand","embeddable":true,"href":"https:\/\/dev.codekraft.it\/rotary-2024\/wp-json\/wp\/v2\/product_brand?post=379564"},{"taxonomy":"product_cat","embeddable":true,"href":"https:\/\/dev.codekraft.it\/rotary-2024\/wp-json\/wp\/v2\/product_cat?post=379564"},{"taxonomy":"product_tag","embeddable":true,"href":"https:\/\/dev.codekraft.it\/rotary-2024\/wp-json\/wp\/v2\/product_tag?post=379564"},{"taxonomy":"product_approvals","embeddable":true,"href":"https:\/\/dev.codekraft.it\/rotary-2024\/wp-json\/wp\/v2\/product_approvals?post=379564"},{"taxonomy":"product_application","embeddable":true,"href":"https:\/\/dev.codekraft.it\/rotary-2024\/wp-json\/wp\/v2\/product_application?post=379564"}],"curies":[{"name":"wp","href":"https:\/\/api.w.org\/{rel}","templated":true}]}}