{"id":379526,"date":"2025-12-11T10:10:47","date_gmt":"2025-12-11T10:10:47","guid":{"rendered":"https:\/\/dev.codekraft.it\/rotary-2024\/products\/uncategorized\/tampons-en-caoutchouc-pyramide-tronquee\/"},"modified":"2025-12-11T10:10:47","modified_gmt":"2025-12-11T10:10:47","slug":"tampons-en-caoutchouc-pyramide-tronquee","status":"publish","type":"product","link":"https:\/\/dev.codekraft.it\/rotary-2024\/fr\/produits\/accessoires-ponts-elevateurs-fr\/accessoires-ponts-a-doubles-ciseaux-fr\/tampons-en-caoutchouc-pyramide-tronquee\/","title":{"rendered":"Tampons en caoutchouc Pyramide tronqu\u00e9e"},"content":{"rendered":"","protected":false},"excerpt":{"rendered":"<p>30 mm, avec rev\u00eatements antid\u00e9rapants | 1 jeu \/ 4 pi\u00e8ces<\/p>\n","protected":false},"featured_media":351429,"template":"","meta":[],"product_cat":[1033696],"product_tag":[],"product_approvals":[],"product_application":[],"class_list":{"0":"post-379526","1":"product","2":"type-product","3":"status-publish","4":"has-post-thumbnail","6":"product_cat-accessoires-ponts-a-doubles-ciseaux-fr","8":"first","9":"instock","10":"shipping-taxable","11":"product-type-simple"},"approvals":[],"application":[],"brb_media_brochure":"","brb_media_drawing":"","brb_media_manuals":"","brb_media_safety_datasheets":"","brb_media_spare_parts":[],"_cdmm_p_id":"471109","_company":"Elektron","_gtin":"4057612645392","accessories":[],"components":[],"related":[],"similar":[],"lang":"fr","translations":{"fr":379526,"en":379524,"de":379525,"it":379527,"es":379528,"ru":379529},"pll_sync_post":[],"_links":{"self":[{"href":"https:\/\/dev.codekraft.it\/rotary-2024\/wp-json\/wp\/v2\/product\/379526","targetHints":{"allow":["GET"]}}],"collection":[{"href":"https:\/\/dev.codekraft.it\/rotary-2024\/wp-json\/wp\/v2\/product"}],"about":[{"href":"https:\/\/dev.codekraft.it\/rotary-2024\/wp-json\/wp\/v2\/types\/product"}],"wp:featuredmedia":[{"embeddable":true,"href":"https:\/\/dev.codekraft.it\/rotary-2024\/wp-json\/wp\/v2\/media\/351429"}],"wp:attachment":[{"href":"https:\/\/dev.codekraft.it\/rotary-2024\/wp-json\/wp\/v2\/media?parent=379526"}],"wp:term":[{"taxonomy":"product_cat","embeddable":true,"href":"https:\/\/dev.codekraft.it\/rotary-2024\/wp-json\/wp\/v2\/product_cat?post=379526"},{"taxonomy":"product_tag","embeddable":true,"href":"https:\/\/dev.codekraft.it\/rotary-2024\/wp-json\/wp\/v2\/product_tag?post=379526"},{"taxonomy":"product_approvals","embeddable":true,"href":"https:\/\/dev.codekraft.it\/rotary-2024\/wp-json\/wp\/v2\/product_approvals?post=379526"},{"taxonomy":"product_application","embeddable":true,"href":"https:\/\/dev.codekraft.it\/rotary-2024\/wp-json\/wp\/v2\/product_application?post=379526"}],"curies":[{"name":"wp","href":"https:\/\/api.w.org\/{rel}","templated":true}]}}