{"id":379520,"date":"2025-12-11T10:10:47","date_gmt":"2025-12-11T10:10:47","guid":{"rendered":"https:\/\/dev.codekraft.it\/rotary-2024\/products\/uncategorized\/kit-de-rampes-dacces-pour-ds32-35-cat\/"},"modified":"2025-12-11T10:10:47","modified_gmt":"2025-12-11T10:10:47","slug":"kit-de-rampes-dacces-pour-ds32-35-cat","status":"publish","type":"product","link":"https:\/\/dev.codekraft.it\/rotary-2024\/fr\/produits\/accessoires-ponts-elevateurs-fr\/accessoires-ponts-a-doubles-ciseaux-fr\/kit-de-rampes-dacces-pour-ds32-35-cat\/","title":{"rendered":"Kit de rampes d&#039;acc\u00e8s pour DS32\/35 CAT"},"content":{"rendered":"","protected":false},"excerpt":{"rendered":"<p>Longues, 860 mm, galvanis\u00e9 \u00e0 chaud et rev\u00eatement en poudre | pour voitures de sport | 1 jeu \/ 4 pi\u00e8ces<\/p>\n","protected":false},"featured_media":350746,"template":"","meta":[],"product_cat":[1033696],"product_tag":[],"product_approvals":[],"product_application":[],"class_list":{"0":"post-379520","1":"product","2":"type-product","3":"status-publish","4":"has-post-thumbnail","6":"product_cat-accessoires-ponts-a-doubles-ciseaux-fr","8":"first","9":"instock","10":"shipping-taxable","11":"product-type-simple"},"approvals":[],"application":[],"brb_media_brochure":"","brb_media_drawing":"","brb_media_manuals":"","brb_media_safety_datasheets":"","brb_media_spare_parts":[],"_cdmm_p_id":"471105","_company":"Elektron","_gtin":"4057612754551","accessories":[],"components":[],"related":[],"similar":[],"lang":"fr","translations":{"fr":379520,"en":379518,"de":379519,"it":379521,"es":379522,"ru":379523},"pll_sync_post":[],"_links":{"self":[{"href":"https:\/\/dev.codekraft.it\/rotary-2024\/wp-json\/wp\/v2\/product\/379520","targetHints":{"allow":["GET"]}}],"collection":[{"href":"https:\/\/dev.codekraft.it\/rotary-2024\/wp-json\/wp\/v2\/product"}],"about":[{"href":"https:\/\/dev.codekraft.it\/rotary-2024\/wp-json\/wp\/v2\/types\/product"}],"wp:featuredmedia":[{"embeddable":true,"href":"https:\/\/dev.codekraft.it\/rotary-2024\/wp-json\/wp\/v2\/media\/350746"}],"wp:attachment":[{"href":"https:\/\/dev.codekraft.it\/rotary-2024\/wp-json\/wp\/v2\/media?parent=379520"}],"wp:term":[{"taxonomy":"product_cat","embeddable":true,"href":"https:\/\/dev.codekraft.it\/rotary-2024\/wp-json\/wp\/v2\/product_cat?post=379520"},{"taxonomy":"product_tag","embeddable":true,"href":"https:\/\/dev.codekraft.it\/rotary-2024\/wp-json\/wp\/v2\/product_tag?post=379520"},{"taxonomy":"product_approvals","embeddable":true,"href":"https:\/\/dev.codekraft.it\/rotary-2024\/wp-json\/wp\/v2\/product_approvals?post=379520"},{"taxonomy":"product_application","embeddable":true,"href":"https:\/\/dev.codekraft.it\/rotary-2024\/wp-json\/wp\/v2\/product_application?post=379520"}],"curies":[{"name":"wp","href":"https:\/\/api.w.org\/{rel}","templated":true}]}}