{"id":379496,"date":"2025-12-11T10:10:47","date_gmt":"2025-12-11T10:10:47","guid":{"rendered":"https:\/\/dev.codekraft.it\/rotary-2024\/products\/uncategorized\/kit-de-rampes-dacces-2\/"},"modified":"2025-12-11T10:10:47","modified_gmt":"2025-12-11T10:10:47","slug":"kit-de-rampes-dacces-2","status":"publish","type":"product","link":"https:\/\/dev.codekraft.it\/rotary-2024\/fr\/produits\/accessoires-ponts-elevateurs-fr\/accessoires-ponts-elevateurs-a-4-colonnes-fr\/kit-de-rampes-dacces-2\/","title":{"rendered":"Kit de rampes d&#039;acc\u00e8s"},"content":{"rendered":"","protected":false},"excerpt":{"rendered":"<p>1200 mm, rampes suppl\u00e9mentaires pour passer au-dessus du pont \u00e9l\u00e9vateur &#8211; pas possible en combinaison avec 820051 | 1 jeu \/ 2 pi\u00e8ces<\/p>\n","protected":false},"featured_media":350613,"template":"","meta":[],"product_cat":[1033502],"product_tag":[],"product_approvals":[],"product_application":[],"class_list":{"0":"post-379496","1":"product","2":"type-product","3":"status-publish","4":"has-post-thumbnail","6":"product_cat-accessoires-ponts-elevateurs-a-4-colonnes-fr","8":"first","9":"instock","10":"shipping-taxable","11":"product-type-simple"},"approvals":[],"application":[],"brb_media_brochure":"","brb_media_drawing":"","brb_media_manuals":"","brb_media_safety_datasheets":"","brb_media_spare_parts":[],"_cdmm_p_id":"470137","_company":"Elektron","_gtin":"4057612681888","accessories":[],"components":[],"related":[],"similar":[],"lang":"fr","translations":{"fr":379496,"en":379494,"de":379495,"it":379497,"es":379498,"ru":379499},"pll_sync_post":[],"_links":{"self":[{"href":"https:\/\/dev.codekraft.it\/rotary-2024\/wp-json\/wp\/v2\/product\/379496","targetHints":{"allow":["GET"]}}],"collection":[{"href":"https:\/\/dev.codekraft.it\/rotary-2024\/wp-json\/wp\/v2\/product"}],"about":[{"href":"https:\/\/dev.codekraft.it\/rotary-2024\/wp-json\/wp\/v2\/types\/product"}],"wp:featuredmedia":[{"embeddable":true,"href":"https:\/\/dev.codekraft.it\/rotary-2024\/wp-json\/wp\/v2\/media\/350613"}],"wp:attachment":[{"href":"https:\/\/dev.codekraft.it\/rotary-2024\/wp-json\/wp\/v2\/media?parent=379496"}],"wp:term":[{"taxonomy":"product_cat","embeddable":true,"href":"https:\/\/dev.codekraft.it\/rotary-2024\/wp-json\/wp\/v2\/product_cat?post=379496"},{"taxonomy":"product_tag","embeddable":true,"href":"https:\/\/dev.codekraft.it\/rotary-2024\/wp-json\/wp\/v2\/product_tag?post=379496"},{"taxonomy":"product_approvals","embeddable":true,"href":"https:\/\/dev.codekraft.it\/rotary-2024\/wp-json\/wp\/v2\/product_approvals?post=379496"},{"taxonomy":"product_application","embeddable":true,"href":"https:\/\/dev.codekraft.it\/rotary-2024\/wp-json\/wp\/v2\/product_application?post=379496"}],"curies":[{"name":"wp","href":"https:\/\/api.w.org\/{rel}","templated":true}]}}