{"id":379490,"date":"2025-12-11T10:10:47","date_gmt":"2025-12-11T10:10:47","guid":{"rendered":"https:\/\/dev.codekraft.it\/rotary-2024\/products\/uncategorized\/pont-elevateur-a-4-colonnes-sm80-60-i\/"},"modified":"2025-12-11T10:10:47","modified_gmt":"2025-12-11T10:10:47","slug":"pont-elevateur-a-4-colonnes-sm80-60-i","status":"publish","type":"product","link":"https:\/\/dev.codekraft.it\/rotary-2024\/fr\/produits\/ponts-elevateurs-fr\/ponts-elevateurs-a-4-colonnes-fr\/pont-elevateur-a-4-colonnes-sm80-60-i\/","title":{"rendered":"Pont \u00e9l\u00e9vateur \u00e0 4 colonnes SM80-60 I"},"content":{"rendered":"<p>Le pont \u00e9l\u00e9vateur \u00e0 4 colonnes \u00e9lectrohydraulique SM80 d\u2019une capacit\u00e9 de levage de 8 t est con\u00e7u pour une utilisation flexible dans les ateliers de v\u00e9hicules utilitaires.<\/p>\n<ul>\n<li>Plateforme suspendue stable<\/li>\n<li>Capacit\u00e9 de chargement de 8 t, longueur de voie de 6 m<\/li>\n<li>Largeur de voie r\u00e9glable<\/li>\n<\/ul>\n<ul>\n<li>Le pont \u00e9l\u00e9vateur \u00e0 4 colonnes est \u00e9quip\u00e9 d\u2019un dispositif d\u2019abaissement avec d\u00e9verrouillage pneumatique (tous les 100 mm). De cette fa\u00e7on, les c\u00e2bles et le circuit hydraulique sont rel\u00e2ch\u00e9s. Les barres \u00e0 cliquets r\u00e9glables dans les colonnes \u00e9l\u00e9vatrices permettent un positionnement enti\u00e8rement horizontal du pont \u00e9l\u00e9vateur.<\/li>\n<\/ul>\n<ul>\n<li>Les c\u00e2bles de traction sont galvanis\u00e9s assurant une plus longue durabilit\u00e9, et tir\u00e9s vers l\u2019avant.<\/li>\n<li>La surface de conduite form\u00e9e \u00e0 froid avec rails de guidage int\u00e9gr\u00e9s augmente la rigidit\u00e9 non seulement lors de l\u2019utilisation de v\u00e9rins mais \u00e9galement dans toutes les autres situations.<\/li>\n<li>Les fonctions de levage, d\u2019abaissement et d\u2019abaissement complet sont faciles \u00e0 contr\u00f4ler gr\u00e2ce au poste de commande.<\/li>\n<li>Un grand passage de roues entre les colonnes permet de monter de grandes camion\u00adnettes, des camping-cars et des voitures particuli\u00e8res.<\/li>\n<li>Les chemins de roulement r\u00e9glables offrent une flexibilit\u00e9 pour un acc\u00e8s optimal au soubassement de carrosserie et la possibilit\u00e9 de conduire des v\u00e9hicules plus \u00e9troits.<\/li>\n<li>Prot\u00e9g\u00e9 des influences ext\u00e9rieures, le cylindre de levage ne n\u00e9cessitant aucune maintenance est positionn\u00e9 sous la surface de roulement.<\/li>\n<li>Les poulies sont de grandes dimensions et \u00e9quip\u00e9es de douilles auto-lubrifiantes ne n\u00e9cessitant aucun entretien.<\/li>\n<\/ul>\n","protected":false},"excerpt":{"rendered":"<p>8,0 t, \u00e9lectrohydraulique, avec voies de niveau, sous le sol<\/p>\n","protected":false},"featured_media":351368,"template":"","meta":[],"product_brand":[],"product_cat":[1033496],"product_tag":[1034197,1034180,1034163],"product_approvals":[],"product_application":[],"class_list":{"0":"post-379490","1":"product","2":"type-product","3":"status-publish","4":"has-post-thumbnail","6":"product_cat-ponts-elevateurs-a-4-colonnes-fr","7":"product_tag-motor-homes-fr","8":"product_tag-light-commercial-fr","9":"product_tag-passenger-cars-fr","11":"first","12":"instock","13":"shipping-taxable","14":"product-type-simple"},"approvals":[],"application":[],"brb_media_brochure":[{"id":351369,"url":"https:\/\/dev.codekraft.it\/rotary-2024\/wp-content\/uploads\/brb_media\/00479842_4-post-lift-sm80-br-125573-de-2021-11-screen.pdf","title":"4 Post Lift SM80 BR 125573 de 2021 11 screen","mpn":"","thumbnail":"https:\/\/dev.codekraft.it\/rotary-2024\/wp-content\/uploads\/brb_media\/00479842_4-post-lift-sm80-br-125573-de-2021-11-screen-pdf-106x150.png","description":""},{"id":351370,"url":"https:\/\/dev.codekraft.it\/rotary-2024\/wp-content\/uploads\/brb_media\/00479843_4-post-lift-sm80-br-125574-en-2021-11-screen.pdf","title":"4 Post Lift SM80 BR 125574 en 2021 11 screen","mpn":"","thumbnail":"https:\/\/dev.codekraft.it\/rotary-2024\/wp-content\/uploads\/brb_media\/00479843_4-post-lift-sm80-br-125574-en-2021-11-screen-pdf-106x150.png","description":""},{"id":351371,"url":"https:\/\/dev.codekraft.it\/rotary-2024\/wp-content\/uploads\/brb_media\/00479844_4-post-lift-sm80-br-125575-fr-2021-11-screen.pdf","title":"4 Post Lift SM80 BR 125575 fr 2021 11 screen","mpn":"","thumbnail":"https:\/\/dev.codekraft.it\/rotary-2024\/wp-content\/uploads\/brb_media\/00479844_4-post-lift-sm80-br-125575-fr-2021-11-screen-pdf-106x150.png","description":""},{"id":351372,"url":"https:\/\/dev.codekraft.it\/rotary-2024\/wp-content\/uploads\/brb_media\/00479845_4-post-lift-sm80-br-125577-it-2021-11-screen.pdf","title":"4 Post Lift SM80 BR 125577 it 2021 11 screen","mpn":"","thumbnail":"https:\/\/dev.codekraft.it\/rotary-2024\/wp-content\/uploads\/brb_media\/00479845_4-post-lift-sm80-br-125577-it-2021-11-screen-pdf-106x150.png","description":""},{"id":351373,"url":"https:\/\/dev.codekraft.it\/rotary-2024\/wp-content\/uploads\/brb_media\/00479846_4-post-lift-sm80-br-125576-es-2021-11-screen.pdf","title":"4 Post Lift SM80 BR 125576 es 2021 11 screen","mpn":"","thumbnail":"https:\/\/dev.codekraft.it\/rotary-2024\/wp-content\/uploads\/brb_media\/00479846_4-post-lift-sm80-br-125576-es-2021-11-screen-pdf-106x150.png","description":""},{"id":351374,"url":"https:\/\/dev.codekraft.it\/rotary-2024\/wp-content\/uploads\/brb_media\/00479847_4-post-lift-sm80-br-125578-ru-2021-11-screen.pdf","title":"4 Post Lift SM80 BR 125578 ru 2021 11 screen","mpn":"","thumbnail":"https:\/\/dev.codekraft.it\/rotary-2024\/wp-content\/uploads\/brb_media\/00479847_4-post-lift-sm80-br-125578-ru-2021-11-screen-pdf-106x150.png","description":""}],"brb_media_drawing":[{"id":351375,"url":"https:\/\/dev.codekraft.it\/rotary-2024\/wp-content\/uploads\/brb_media\/00407462_4-post-lift-da-sm80-60_8705.pdf","title":"4 post lift da sm80 60 8705","mpn":"","thumbnail":"https:\/\/dev.codekraft.it\/rotary-2024\/wp-content\/uploads\/brb_media\/00407462_4-post-lift-da-sm80-60_8705-pdf-150x105.png","description":""},{"id":351376,"url":"https:\/\/dev.codekraft.it\/rotary-2024\/wp-content\/uploads\/brb_media\/00407463_4-post-lift-da-sm80-60_8714.pdf","title":"4 post lift da sm80 60 8714","mpn":"","thumbnail":"https:\/\/dev.codekraft.it\/rotary-2024\/wp-content\/uploads\/brb_media\/00407463_4-post-lift-da-sm80-60_8714-pdf-150x105.png","description":""},{"id":351377,"url":"https:\/\/dev.codekraft.it\/rotary-2024\/wp-content\/uploads\/brb_media\/00407464_4-post-lift-rfp-sm80-60_8706.pdf","title":"4 post lift rfp sm80 60 8706","mpn":"","thumbnail":"https:\/\/dev.codekraft.it\/rotary-2024\/wp-content\/uploads\/brb_media\/00407464_4-post-lift-rfp-sm80-60_8706-pdf-150x105.png","description":""},{"id":351378,"url":"https:\/\/dev.codekraft.it\/rotary-2024\/wp-content\/uploads\/brb_media\/00407465_4-post-lift-rfp-sm80-60_8715.pdf","title":"4 post lift rfp sm80 60 8715","mpn":"","thumbnail":"https:\/\/dev.codekraft.it\/rotary-2024\/wp-content\/uploads\/brb_media\/00407465_4-post-lift-rfp-sm80-60_8715-pdf-150x105.png","description":""}],"brb_media_manuals":"","brb_media_safety_datasheets":"","brb_media_spare_parts":[],"_cdmm_p_id":"470083","_company":"Elektron","_gtin":"4057612682045","accessories":[{"id":378959,"mpn":"AIRKIT-RJ01","name":"Kit de mise \u00e0 niveau Air supply","description":"Pour traverse de levage","thumbnail":"https:\/\/dev.codekraft.it\/rotary-2024\/wp-content\/uploads\/brb_media\/00312549_4-post-lift-air-supply-di-150x150.png","url":"https:\/\/dev.codekraft.it\/rotary-2024\/fr\/produits\/accessoires-ponts-elevateurs-fr\/accessoires-ponts-elevateurs-a-4-colonnes-fr\/kit-de-mise-a-niveau-air-supply\/"},{"id":378947,"mpn":"LED-KIT-480","name":"Kit d&#039;\u00e9clairage LED 4 fois, 24 V, 4800 mm","description":"","thumbnail":"https:\/\/dev.codekraft.it\/rotary-2024\/wp-content\/uploads\/brb_media\/00287577_s-40-50-lighting-set-mi-150x150.png","url":"https:\/\/dev.codekraft.it\/rotary-2024\/fr\/produits\/accessoires-ponts-elevateurs-fr\/accessoires-ponts-elevateurs-a-4-colonnes-fr\/kit-declairage-led-4-fois-24-v-4800-mm\/"},{"id":378917,"mpn":"T4B","name":"Tampons en caoutchouc","description":"160 x 120 x 40 mm | 1 jeu \/ 4 pi\u00e8ces","thumbnail":"https:\/\/dev.codekraft.it\/rotary-2024\/wp-content\/uploads\/brb_media\/00393013_4-post-lift-rubber-pads-40mm-150x150.png","url":"https:\/\/dev.codekraft.it\/rotary-2024\/fr\/produits\/accessoires-ponts-elevateurs-fr\/accessoires-ponts-elevateurs-basse-levee-fr\/tampons-en-caoutchouc-2\/"},{"id":378466,"mpn":"T4","name":"Tampons en caoutchouc","description":"160 x 120 x 80 mm | 1 jeu \/ 4 pi\u00e8ces","thumbnail":"https:\/\/dev.codekraft.it\/rotary-2024\/wp-content\/uploads\/brb_media\/00287553-150x150.png","url":"https:\/\/dev.codekraft.it\/rotary-2024\/fr\/produits\/accessoires-ponts-elevateurs-fr\/accessoires-ponts-a-doubles-ciseaux-fr\/tampons-en-caoutchouc\/"},{"id":379496,"mpn":"820072","name":"Kit de rampes d&#039;acc\u00e8s","description":"1200 mm, rampes suppl\u00e9mentaires pour passer au-dessus du pont \u00e9l\u00e9vateur - pas possible en combinaison avec 820051 | 1 jeu \/ 2 pi\u00e8ces","thumbnail":"https:\/\/dev.codekraft.it\/rotary-2024\/wp-content\/uploads\/brb_media\/00309599-150x150.png","url":"https:\/\/dev.codekraft.it\/rotary-2024\/fr\/produits\/accessoires-ponts-elevateurs-fr\/accessoires-ponts-elevateurs-a-4-colonnes-fr\/kit-de-rampes-dacces-2\/"},{"id":379502,"mpn":"820075","name":"Creus\u00e9e kit 4 rampes courtes","description":"Kit de montage sous le plancher compos\u00e9 de 4 rampes courtes (1 jeu \/ 4 pi\u00e8ces) pour une transformation ult\u00e9rieure de l'espace au-dessus du sol et de l'espace sous le sol","thumbnail":"https:\/\/dev.codekraft.it\/rotary-2024\/wp-content\/uploads\/brb_media\/00311049_england-4-post-lift-porsche-pi-2015-11-150x150.png","url":"https:\/\/dev.codekraft.it\/rotary-2024\/fr\/produits\/accessoires-ponts-elevateurs-fr\/accessoires-ponts-elevateurs-a-4-colonnes-fr\/creusee-kit-4-rampes-courtes\/"},{"id":379508,"mpn":"820079","name":"Creus\u00e9e kit 4 rampes courtes avec version de mesure des essieux","description":"4 rampes courtes avec \u00adparall\u00e9lisme de roues","thumbnail":"https:\/\/dev.codekraft.it\/rotary-2024\/wp-content\/uploads\/brb_media\/00331730_4-post-lift-inground-kit-di-150x150.png","url":"https:\/\/dev.codekraft.it\/rotary-2024\/fr\/produits\/accessoires-ponts-elevateurs-fr\/accessoires-ponts-elevateurs-a-4-colonnes-fr\/creusee-kit-4-rampes-courtes-avec-version-de-mesure-des-essieux\/"},{"id":381166,"mpn":"820051","name":"Jeu prolongateur de rail SM80, \u00e0 l&#039;avant, 225 mm","description":"Jeu prolongateur de rail \u00e0 l'avant 225 mm, uniquement en combinaison avec des plateformes de levage au-dessus du sol (1 jeu \/ 2 pi\u00e8ces)","thumbnail":"","url":"https:\/\/dev.codekraft.it\/rotary-2024\/fr\/produits\/accessoires-ponts-elevateurs-fr\/accessoires-ponts-elevateurs-a-4-colonnes-fr\/jeu-prolongateur-de-rail-sm80-a-lavant-225-mm\/"},{"id":381172,"mpn":"820081","name":"Jeu prolongateur de rail SM80, \u00e0 l&#039;arri\u00e8re, 275 mm","description":"Jeu de rallonges de plate-forme arri\u00e8re 275 mm, Utilisable en combinaison avec les plateformes de levage en sous-sol, \u00e0 l'avant et \u00e0 l'arri\u00e8re (1 jeu \/ 2 pi\u00e8ces)","thumbnail":"","url":"https:\/\/dev.codekraft.it\/rotary-2024\/fr\/produits\/accessoires-ponts-elevateurs-fr\/accessoires-ponts-elevateurs-a-4-colonnes-fr\/jeu-prolongateur-de-rail-sm80-a-larriere-275-mm\/"},{"id":382196,"mpn":"RJ-X40-5","name":"Traverse de levage pour SM80 | 4,0 t","description":"4,0 t, 250 mm course, incl. traverse d'essieu","thumbnail":"https:\/\/dev.codekraft.it\/rotary-2024\/wp-content\/uploads\/brb_media\/00309601_jacking-beam-rj-x40-1-mi-150x150.png","url":"https:\/\/dev.codekraft.it\/rotary-2024\/fr\/produits\/accessoires-ponts-elevateurs-fr\/accessoires-ponts-elevateurs-a-4-colonnes-fr\/traverse-de-levage-pour-sm80-40-t\/"}],"components":[],"related":[],"page_logo_src":"https:\/\/dev.codekraft.it\/rotary-2024\/wp-content\/uploads\/2024\/05\/cropped-rotary-logo-2022.png","lang":"fr","translations":{"fr":379490,"en":379488,"de":379489,"it":379491,"es":379492,"ru":379493},"pll_sync_post":[],"_links":{"self":[{"href":"https:\/\/dev.codekraft.it\/rotary-2024\/wp-json\/wp\/v2\/product\/379490","targetHints":{"allow":["GET"]}}],"collection":[{"href":"https:\/\/dev.codekraft.it\/rotary-2024\/wp-json\/wp\/v2\/product"}],"about":[{"href":"https:\/\/dev.codekraft.it\/rotary-2024\/wp-json\/wp\/v2\/types\/product"}],"wp:featuredmedia":[{"embeddable":true,"href":"https:\/\/dev.codekraft.it\/rotary-2024\/wp-json\/wp\/v2\/media\/351368"}],"wp:attachment":[{"href":"https:\/\/dev.codekraft.it\/rotary-2024\/wp-json\/wp\/v2\/media?parent=379490"}],"wp:term":[{"taxonomy":"product_brand","embeddable":true,"href":"https:\/\/dev.codekraft.it\/rotary-2024\/wp-json\/wp\/v2\/product_brand?post=379490"},{"taxonomy":"product_cat","embeddable":true,"href":"https:\/\/dev.codekraft.it\/rotary-2024\/wp-json\/wp\/v2\/product_cat?post=379490"},{"taxonomy":"product_tag","embeddable":true,"href":"https:\/\/dev.codekraft.it\/rotary-2024\/wp-json\/wp\/v2\/product_tag?post=379490"},{"taxonomy":"product_approvals","embeddable":true,"href":"https:\/\/dev.codekraft.it\/rotary-2024\/wp-json\/wp\/v2\/product_approvals?post=379490"},{"taxonomy":"product_application","embeddable":true,"href":"https:\/\/dev.codekraft.it\/rotary-2024\/wp-json\/wp\/v2\/product_application?post=379490"}],"curies":[{"name":"wp","href":"https:\/\/api.w.org\/{rel}","templated":true}]}}