{"id":379484,"date":"2025-12-11T10:10:52","date_gmt":"2025-12-11T10:10:52","guid":{"rendered":"https:\/\/dev.codekraft.it\/rotary-2024\/products\/uncategorized\/pont-elevateur-a-colonne-mobile-artislift-mrg-55-8\/"},"modified":"2025-12-11T10:10:52","modified_gmt":"2025-12-11T10:10:52","slug":"pont-elevateur-a-colonne-mobile-artislift-mrg-55-8","status":"publish","type":"product","link":"https:\/\/dev.codekraft.it\/rotary-2024\/fr\/produits\/ponts-elevateurs-fr\/ponts-elevateurs-a-colonnes-mobiles-fr\/pont-elevateur-a-colonne-mobile-artislift-mrg-55-8\/","title":{"rendered":"Pont \u00e9l\u00e9vateur \u00e0 colonne mobile ArtisLift MRG-55-8"},"content":{"rendered":"<p>Pr\u00e9henseurs de roue mobiles \u00e9lectrom\u00e9caniques pour camions et bus. Utilisation possible en atelier ou \u00e0 l\u2019ext\u00e9rieur en fonction de la version.<\/p>\n<ul>\n<li>Commande de synchronisation \u00e9lectronique avec dispositif d\u2019arr\u00eat d\u2019urgence automatique<\/li>\n<li>Chaque pr\u00e9henseur de roue est \u00e9quip\u00e9 d\u2019un dispositif de s\u00e9curit\u00e9 en cas d\u2019usure de l\u2019\u00e9crou de levage<\/li>\n<\/ul>\n<ul>\n<li>Colonnes configurables disponibles en lots de 4, 6 ou 8 (extensible ult\u00e9rieurement).<\/li>\n<li>Le large ch\u00e2ssis sur la colonne de levage offre une stabilit\u00e9 maximale.<\/li>\n<li>Sur tous les pr\u00e9henseurs de roue, l\u2019installation peut \u00eatre lev\u00e9e ou abaiss\u00e9e par l\u2019interm\u00e9diaire des boutons-poussoirs. Chaque pr\u00e9henseur de roue est \u00e9quip\u00e9 d\u2019une commande homme mort et d\u2019un bouton-poussoir d\u2019arr\u00eat d\u2019urgence.<\/li>\n<li>Un timon m\u00e9canique par serre-roues.<\/li>\n<\/ul>\n<ul>\n<li>La broche avec rouleau de manutention en acier inoxydable et reli\u00e9e \u00e0 un \u00e9crou en bronze toujours lubrifi\u00e9 assure une s\u00e9curit\u00e9 maximale et une dur\u00e9e de service longue.<\/li>\n<li>Les glisseurs Ertalon absolument prot\u00e9g\u00e9s contre l\u2019usure et plac\u00e9s sur chaque chariot \u00e9l\u00e9vateur garantissent une stabilit\u00e9 \u00a0maximale \u00e0 chaque positionnement de la charge.<\/li>\n<li>Diff\u00e9rents modes de fonction\u00adne\u00adment comme le fonctionnement total, le fonctionnement unique ou le fonctionnement associ\u00e9 peuvent \u00eatre facilement s\u00e9lectionn\u00e9s sur le pr\u00e9henseur de roue principal. \u00adSeulement MRG-55 \/ MRG-70<\/li>\n<li>Tous les moteurs sont munis d\u2019une protection thermique. Fabriqu\u00e9s selon la norme EN1493. sur la d\u00e9termination automatique des phases.<\/li>\n<li>Il n\u2019y a aucune conduite g\u00eanant la zone de travail sous le v\u00e9hicule.<\/li>\n<li>Fourche de roue r\u00e9glable en \u00adoption ou adaptateurs de support de roue faciles \u00e0 fixer disponibles.<\/li>\n<li>La prise de connexion avec c\u00e2ble \u00e9lectrique du pr\u00e9henseur de roue au pr\u00e9henseur de roue permet de r\u00e9duire les temps de pr\u00e9paration.<\/li>\n<li>Moteur \u00e0 engrenages auto\u00adbloquant directement reli\u00e9 \u00e0 la broche de levage.<\/li>\n<li>Les rouleaux en acier du chariot \u00ad\u00e9l\u00e9vateur sont \u00e9quip\u00e9s de paliers autolubrifiants et sans entretien.<\/li>\n<\/ul>\n","protected":false},"excerpt":{"rendered":"<p>8 x 5,5 t, \u00e9lectrom\u00e9canique, filaire, \u00e0 broche de levage, mobiles, t\u00e9l\u00e9porteurs et camions<\/p>\n","protected":false},"featured_media":351333,"template":"","meta":[],"product_cat":[1033808],"product_tag":[1034145,1034128,1034197,1034262,1034180],"product_approvals":[],"product_application":[],"class_list":{"0":"post-379484","1":"product","2":"type-product","3":"status-publish","4":"has-post-thumbnail","6":"product_cat-ponts-elevateurs-a-colonnes-mobiles-fr","7":"product_tag-buses-fr","8":"product_tag-trucks-fr","9":"product_tag-motor-homes-fr","10":"product_tag-remorques-fr","11":"product_tag-light-commercial-fr","13":"first","14":"instock","15":"shipping-taxable","16":"product-type-simple"},"approvals":[],"application":[],"brb_media_brochure":[{"id":351334,"url":"https:\/\/dev.codekraft.it\/rotary-2024\/wp-content\/uploads\/brb_media\/00481635_mobile-column-lift-artislift-br-124552-de-2021-12-screen.pdf","title":"Mobile column lift ArtisLift BR 124552 de 2021 12 screen","thumbnail":"https:\/\/dev.codekraft.it\/rotary-2024\/wp-content\/uploads\/brb_media\/00481635_mobile-column-lift-artislift-br-124552-de-2021-12-screen-pdf-106x150.png","description":""},{"id":351335,"url":"https:\/\/dev.codekraft.it\/rotary-2024\/wp-content\/uploads\/brb_media\/00481636_mobile-column-lift-artislift-br-124553-en-2021-12-screen.pdf","title":"Mobile column lift ArtisLift BR 124553 en 2021 12 screen","thumbnail":"https:\/\/dev.codekraft.it\/rotary-2024\/wp-content\/uploads\/brb_media\/00481636_mobile-column-lift-artislift-br-124553-en-2021-12-screen-pdf-106x150.png","description":""},{"id":351336,"url":"https:\/\/dev.codekraft.it\/rotary-2024\/wp-content\/uploads\/brb_media\/00481637_mobile-column-lift-artislift-br-124554-fr-2021-12-screen.pdf","title":"Mobile column lift ArtisLift BR 124554 fr 2021 12 screen","thumbnail":"https:\/\/dev.codekraft.it\/rotary-2024\/wp-content\/uploads\/brb_media\/00481637_mobile-column-lift-artislift-br-124554-fr-2021-12-screen-pdf-106x150.png","description":""},{"id":351337,"url":"https:\/\/dev.codekraft.it\/rotary-2024\/wp-content\/uploads\/brb_media\/00481638_mobile-column-lift-artislift-br-124555-it-2021-12-screen.pdf","title":"Mobile column lift ArtisLift BR 124555 it 2021 12 screen","thumbnail":"https:\/\/dev.codekraft.it\/rotary-2024\/wp-content\/uploads\/brb_media\/00481638_mobile-column-lift-artislift-br-124555-it-2021-12-screen-pdf-106x150.png","description":""},{"id":351338,"url":"https:\/\/dev.codekraft.it\/rotary-2024\/wp-content\/uploads\/brb_media\/00481639_mobile-column-lift-artislift-br-124556-es-2021-12-screen.pdf","title":"Mobile column lift ArtisLift BR 124556 es 2021 12 screen","thumbnail":"https:\/\/dev.codekraft.it\/rotary-2024\/wp-content\/uploads\/brb_media\/00481639_mobile-column-lift-artislift-br-124556-es-2021-12-screen-pdf-106x150.png","description":""},{"id":351339,"url":"https:\/\/dev.codekraft.it\/rotary-2024\/wp-content\/uploads\/brb_media\/00481640_mobile-column-lift-artislift-br-124557-ru-2021-12-screen.pdf","title":"Mobile column lift ArtisLift BR 124557 ru 2021 12 screen","thumbnail":"https:\/\/dev.codekraft.it\/rotary-2024\/wp-content\/uploads\/brb_media\/00481640_mobile-column-lift-artislift-br-124557-ru-2021-12-screen-pdf-106x150.png","description":""}],"brb_media_drawing":"","brb_media_manuals":[{"id":379469,"url":"https:\/\/dev.codekraft.it\/rotary-2024\/wp-content\/uploads\/brb_media\/00536833_mobile-column-lift-mrg-55-4-6-8-om-0525-m024-1-rev1-multi-2025-02.pdf","title":"mobile column lift mrg 55 4 6 8 om 0525 m024 1 rev1 multi 2025 02","thumbnail":"https:\/\/dev.codekraft.it\/rotary-2024\/wp-content\/uploads\/brb_media\/00536833_mobile-column-lift-mrg-55-4-6-8-om-0525-m024-1-rev1-multi-2025-02-pdf-106x150.png","description":""}],"brb_media_safety_datasheets":"","brb_media_spare_parts":[],"_cdmm_p_id":"468561","_company":"Elektron","_gtin":"4057612666878","accessories":[{"id":382151,"cdmm_p_id":"499827","name":"Prolongateur de fourche de roue pour ArtisLift MRG55","description":"Longueur env. 123 mm | r\u00e9duction de la capacit\u00e9 de charge \u00e0 5 t | 1 jeu (pour 1 colonne mobile)","thumbnail":"https:\/\/dev.codekraft.it\/rotary-2024\/wp-content\/uploads\/brb_media\/00535685_mobile-columns-s270a5-mi-150x150.png","url":"https:\/\/dev.codekraft.it\/rotary-2024\/fr\/produits\/accessoires-ponts-elevateurs-fr\/accessoires-ponts-elevateurs-a-colonnes-mobiles-fr\/prolongateur-de-fourche-de-roue-pour-artislift-mrg55\/"},{"id":382740,"cdmm_p_id":"501900","name":"Traverse pour ArtisLift MRG55","description":"15 t","thumbnail":"https:\/\/dev.codekraft.it\/rotary-2024\/wp-content\/uploads\/brb_media\/00507074_s260a5-150x150.png","url":"https:\/\/dev.codekraft.it\/rotary-2024\/fr\/produits\/accessoires-ponts-elevateurs-fr\/accessoires-ponts-elevateurs-a-colonnes-mobiles-fr\/traverse-pour-artislift-mrg55\/"},{"id":382157,"cdmm_p_id":"499829","name":"Fourche de roue f\u00fcr ArtisLift MRG55","description":"R\u00e9glable, roues \u00d8 500 - 1200 mm | assembl\u00e9 en usine - ne peut pas \u00eatre install\u00e9 ult\u00e9rieurement | 1 piece","thumbnail":"https:\/\/dev.codekraft.it\/rotary-2024\/wp-content\/uploads\/brb_media\/00507072_var210-220-f-150x150.png","url":"https:\/\/dev.codekraft.it\/rotary-2024\/fr\/produits\/accessoires-ponts-elevateurs-fr\/accessoires-ponts-elevateurs-a-colonnes-mobiles-fr\/fourche-de-roue-fur-artislift-mrg55\/"},{"id":382137,"cdmm_p_id":"499828","name":"R\u00e9duction de fourche de roue pour ponts \u00e9l\u00e9vateurs \u00e0 colonnes mobiles | pneus \u00d8 800 &#8211; 700 mm","description":"R\u00e9duction de la fourche de roue pour pneus de \u00d8 800 mm \u00e0 \u00d8 700 mm | 1 pi\u00e8ce\/par colonne","thumbnail":"https:\/\/dev.codekraft.it\/rotary-2024\/wp-content\/uploads\/brb_media\/00535683_mobile-columns-s270a4-s270a8-mi-150x150.png","url":"https:\/\/dev.codekraft.it\/rotary-2024\/fr\/produits\/accessoires-ponts-elevateurs-fr\/accessoires-ponts-elevateurs-a-colonnes-mobiles-fr\/reduction-de-fourche-de-roue-pour-ponts-elevateurs-a-colonnes-mobiles-pneus-o-800-700-mm\/"},{"id":383499,"cdmm_p_id":"502177","name":"R\u00e9duction de fourche de roue pour ponts \u00e9l\u00e9vateurs \u00e0 colonnes mobiles | pneus \u00d8 700 &#8211; 500 mm","description":"R\u00e9duction de la fourche de roue pour pneus de \u00d8 700 mm \u00e0 \u00d8 500 mm | 1 pi\u00e8ce\/par colonne","thumbnail":"https:\/\/dev.codekraft.it\/rotary-2024\/wp-content\/uploads\/brb_media\/00535683_mobile-columns-s270a4-s270a8-mi-150x150.png","url":"https:\/\/dev.codekraft.it\/rotary-2024\/fr\/produits\/accessoires-ponts-elevateurs-fr\/accessoires-ponts-elevateurs-a-colonnes-mobiles-fr\/reduction-de-fourche-de-roue-pour-ponts-elevateurs-a-colonnes-mobiles-pneus-o-700-500-mm\/"},{"id":383506,"cdmm_p_id":"502179","name":"R\u00e9duction de fourche de roue pour ponts \u00e9l\u00e9vateurs \u00e0 colonnes mobiles | pneus \u00d8 900 &#8211; 800 mm","description":"R\u00e9duction de la fourche de roue pour pneus de \u00d8 900 mm \u00e0 \u00d8 800 mm | 1 pi\u00e8ce\/par colonne","thumbnail":"https:\/\/dev.codekraft.it\/rotary-2024\/wp-content\/uploads\/brb_media\/00535684_mobile-columns-s270a3-mi-150x150.png","url":"https:\/\/dev.codekraft.it\/rotary-2024\/fr\/produits\/accessoires-ponts-elevateurs-fr\/accessoires-ponts-elevateurs-a-colonnes-mobiles-fr\/reduction-de-fourche-de-roue-pour-ponts-elevateurs-a-colonnes-mobiles-pneus-o-900-800-mm\/"},{"id":383782,"cdmm_p_id":"502295","name":"Barre de traction de levage hydraulique pour ArtisLift MRG-55","description":"Timon avec \u00e9l\u00e9vateur hydraulique, mont\u00e9 en usine \u00e0 la place du timon m\u00e9canique de s\u00e9rie | 1 pi\u00e8ce","thumbnail":"https:\/\/dev.codekraft.it\/rotary-2024\/wp-content\/uploads\/brb_media\/00380370_mobile-column-lift-artislift-hydraulic-drawbar-di-150x150.png","url":"https:\/\/dev.codekraft.it\/rotary-2024\/fr\/produits\/accessoires-ponts-elevateurs-fr\/accessoires-ponts-elevateurs-a-colonnes-mobiles-fr\/barre-de-traction-de-levage-hydraulique-pour-artislift-mrg-55\/"},{"id":380384,"cdmm_p_id":"483488","name":"Kit MRG pour MRG-55","description":"C\u00e2ble d'alimentation de 10 m avec fiche CEE et 1 litre d'huile de broche | 1 jeu - valable uniquement pour ArtisLift MRG-55 avec 4 unit\u00e9s de levage, en cas d'extension \u00e0 un ensemble de 6 ou 8, 2 pi\u00e8ces doivent \u00eatre command\u00e9es","thumbnail":"https:\/\/dev.codekraft.it\/rotary-2024\/wp-content\/uploads\/brb_media\/00436997_artislift-mrg55-kit-cable-plug-di-150x150.png","url":"https:\/\/dev.codekraft.it\/rotary-2024\/fr\/produits\/accessoires-ponts-elevateurs-fr\/accessoires-ponts-elevateurs-a-colonnes-mobiles-fr\/kit-mrg-pour-mrg-55\/"},{"id":384011,"cdmm_p_id":"501896","name":"Chevalet d&#039;appui","description":"7500 kg, 1330 - 2030 mm, r\u00e9glable en hauteur par paliers de 7 x 100 mm, 2 roulettes, support en U | Gris (RAL 7040)","thumbnail":"https:\/\/dev.codekraft.it\/rotary-2024\/wp-content\/uploads\/brb_media\/00535518_mobile-columns-s260a1-mi-150x150.png","url":"https:\/\/dev.codekraft.it\/rotary-2024\/fr\/produits\/accessoires-ponts-elevateurs-fr\/accessoires-ponts-elevateurs-a-colonnes-mobiles-fr\/chevalet-dappui-3\/"},{"id":382722,"cdmm_p_id":"501897","name":"Chevalet d&#039;appui","description":"10000 kg, 1235 - 2040 mm, r\u00e9glable en hauteur par pas de 6 x 100 mm, avec en plus partie sup\u00e9rieure r\u00e9glable en continu (115 mm), 2 roulettes, support en U et support en prisme (interchangeables) | Gris (RAL 7040)","thumbnail":"https:\/\/dev.codekraft.it\/rotary-2024\/wp-content\/uploads\/brb_media\/00535519_mobile-columns-s270a1-mi-150x150.png","url":"https:\/\/dev.codekraft.it\/rotary-2024\/fr\/produits\/accessoires-ponts-elevateurs-fr\/accessoires-ponts-elevateurs-a-colonnes-mobiles-fr\/chevalet-dappui\/"},{"id":382949,"cdmm_p_id":"501929","name":"Chevalet d&#039;appui","description":"10000 kg, 1235 - 2040 mm, r\u00e9glable en hauteur par pas de 6 x 100 mm, avec en plus partie sup\u00e9rieure r\u00e9glable en continu (115 mm), 3 roues r\u00e9tractables, support en U et support en prisme (interchangeables), pr\u00eat \u00e0 l'emploi | Gris (RAL 7040)","thumbnail":"https:\/\/dev.codekraft.it\/rotary-2024\/wp-content\/uploads\/brb_media\/00535520_mobile-columns-s270a2-mi-150x150.png","url":"https:\/\/dev.codekraft.it\/rotary-2024\/fr\/produits\/accessoires-ponts-elevateurs-fr\/accessoires-ponts-elevateurs-a-colonnes-mobiles-fr\/chevalet-dappui-2\/"}],"components":[],"related":[],"similar":[{"id":379472,"cdmm_p_id":"468556","name":"Pont \u00e9l\u00e9vateur \u00e0 colonne mobile ArtisLift MRG-55-4","description":"4 x 5,5 t, \u00e9lectrom\u00e9canique, filaire, \u00e0 broche de levage, mobiles, t\u00e9l\u00e9porteurs et camions","thumbnail":"https:\/\/dev.codekraft.it\/rotary-2024\/wp-content\/uploads\/brb_media\/00371202_mobile-column-lift-artislift-mrg25-4-camper-mi-150x150.png","url":"https:\/\/dev.codekraft.it\/rotary-2024\/fr\/produits\/ponts-elevateurs-fr\/ponts-elevateurs-a-colonnes-mobiles-fr\/pont-elevateur-a-colonne-mobile-artislift-mrg-55-4\/"},{"id":379478,"cdmm_p_id":"468560","name":"Pont \u00e9l\u00e9vateur \u00e0 colonne mobile ArtisLift MRG-55-6","description":"6 x 5,5 t, \u00e9lectrom\u00e9canique, filaire, \u00e0 broche de levage, mobiles, t\u00e9l\u00e9porteurs et camions","thumbnail":"https:\/\/dev.codekraft.it\/rotary-2024\/wp-content\/uploads\/brb_media\/00371202_mobile-column-lift-artislift-mrg25-4-camper-mi-150x150.png","url":"https:\/\/dev.codekraft.it\/rotary-2024\/fr\/produits\/ponts-elevateurs-fr\/ponts-elevateurs-a-colonnes-mobiles-fr\/pont-elevateur-a-colonne-mobile-artislift-mrg-55-6\/"}],"lang":"fr","translations":{"fr":379484,"en":379482,"de":379483,"it":379485,"es":379486,"ru":379487},"pll_sync_post":[],"_links":{"self":[{"href":"https:\/\/dev.codekraft.it\/rotary-2024\/wp-json\/wp\/v2\/product\/379484","targetHints":{"allow":["GET"]}}],"collection":[{"href":"https:\/\/dev.codekraft.it\/rotary-2024\/wp-json\/wp\/v2\/product"}],"about":[{"href":"https:\/\/dev.codekraft.it\/rotary-2024\/wp-json\/wp\/v2\/types\/product"}],"wp:featuredmedia":[{"embeddable":true,"href":"https:\/\/dev.codekraft.it\/rotary-2024\/wp-json\/wp\/v2\/media\/351333"}],"wp:attachment":[{"href":"https:\/\/dev.codekraft.it\/rotary-2024\/wp-json\/wp\/v2\/media?parent=379484"}],"wp:term":[{"taxonomy":"product_cat","embeddable":true,"href":"https:\/\/dev.codekraft.it\/rotary-2024\/wp-json\/wp\/v2\/product_cat?post=379484"},{"taxonomy":"product_tag","embeddable":true,"href":"https:\/\/dev.codekraft.it\/rotary-2024\/wp-json\/wp\/v2\/product_tag?post=379484"},{"taxonomy":"product_approvals","embeddable":true,"href":"https:\/\/dev.codekraft.it\/rotary-2024\/wp-json\/wp\/v2\/product_approvals?post=379484"},{"taxonomy":"product_application","embeddable":true,"href":"https:\/\/dev.codekraft.it\/rotary-2024\/wp-json\/wp\/v2\/product_application?post=379484"}],"curies":[{"name":"wp","href":"https:\/\/api.w.org\/{rel}","templated":true}]}}