{"id":379479,"date":"2025-12-11T10:11:11","date_gmt":"2025-12-11T10:11:11","guid":{"rendered":"https:\/\/dev.codekraft.it\/rotary-2024\/products\/uncategorized\/ponte-sollevatore-a-colonne-mobili-artislift-mrg-55-6\/"},"modified":"2025-12-11T10:11:11","modified_gmt":"2025-12-11T10:11:11","slug":"ponte-sollevatore-a-colonne-mobili-artislift-mrg-55-6","status":"publish","type":"product","link":"https:\/\/dev.codekraft.it\/rotary-2024\/it\/prodotti\/ponti-sollevatori-it\/ponti-sollevatori-a-colonne-mobili-it\/ponte-sollevatore-a-colonne-mobili-artislift-mrg-55-6\/","title":{"rendered":"Ponte sollevatore a colonne mobili ArtisLift MRG-55-6"},"content":{"rendered":"<p>Pinze di presa mobili elettromeccaniche per ruote per camion, bus. A seconda della versione, \u00e8 possibile l\u2019utilizzo in officina o all\u2019aperto.<\/p>\n<ul>\n<li>Controllo di sincronizzazione elettronico con dispositivo di arresto automatico di emergenza<\/li>\n<li>Ogni pinza di presa \u00e8 dotata di un dispo\u00ad\u00adsitivo di sicurezza in caso di usuramento della madrevite di sollevamento<\/li>\n<\/ul>\n<ul>\n<li>Disponili in set da 4, 6 o 8 colonne configurabili (successivamente espandibile).<\/li>\n<li>L\u2019ampia struttura alla base della colonna di \u00adsollevamento offre la massima stabilit\u00e0.<\/li>\n<li>Su tutte le pinze di presa, l\u2019installazione pu\u00f2 essere sollevata o abbassata tramite pulsanti. Ogni pinza di presa \u00e8 dotata di controllo a uomo presente a un \u00adpulsante di arresto di emergenza.<\/li>\n<li>Un timone meccanico per pinza di presa.<\/li>\n<\/ul>\n<ul>\n<li>Il mandrino gestibile manualmente in \u00adacciaio inox insieme ad un \u00admadrevite in bronzo permanentemente lubrificato garantisce il massimo della sicurezza e lunga durata.<\/li>\n<li>Cursori in Ertalon in ogni carrello \u00adelevatore del tutto a prova d\u2019usura, garantiscono la massima stabilit\u00e0 in ogni posizione di carico.<\/li>\n<li>Differenti modalit\u00e0 di funzionamento tra cui il funzionamento totale, singolo o a coppie possono essere facilmente selezionabili sulla pinza di presa principale. Solo per MRG-55 \/ MRG-70<\/li>\n<li>Tutti i motori sono dotati di protezione termica. Realizzato in base a EN1493. Determinazione automatica delle fasi.<\/li>\n<li>Non ci sono linee di \u00adinterferenza nell\u2019area di lavoro al di sotto del veicolo.<\/li>\n<li>Forcella per ruote opzionale regolabile o adattatori disponibili per il supporto ruote facilmente montabili.<\/li>\n<li>Il collegamento a spina con cavo elettrico da una pinza di presa ad un\u2019altra permette brevi tempi di \u00adinstallazione.<\/li>\n<li>Il motoriduttore auto\u00adfrenante \u00e8 collegato direttamente alla madrevite di \u00adsollevamento.<\/li>\n<li>Le rotelle dei carrelli sollevatori sono dotate di cuscinetti autolubbrificanti che non necessitano manutenzione.<\/li>\n<\/ul>\n","protected":false},"excerpt":{"rendered":"<p>6 x 5,5 t, elettromeccanico, cablato, mandrino di sollevamento, mobile, trasportatori e camion<\/p>\n","protected":false},"featured_media":351333,"template":"","meta":[],"product_cat":[1033812],"product_tag":[1034148,1034131,1034200,1034183,1034251],"product_approvals":[],"product_application":[],"class_list":{"0":"post-379479","1":"product","2":"type-product","3":"status-publish","4":"has-post-thumbnail","6":"product_cat-ponti-sollevatori-a-colonne-mobili-it","7":"product_tag-buses-it","8":"product_tag-trucks-it","9":"product_tag-motor-homes-it","10":"product_tag-light-commercial-it","11":"product_tag-trailer-it","13":"first","14":"instock","15":"shipping-taxable","16":"product-type-simple"},"approvals":[],"application":[],"brb_media_brochure":[{"id":351334,"url":"https:\/\/dev.codekraft.it\/rotary-2024\/wp-content\/uploads\/brb_media\/00481635_mobile-column-lift-artislift-br-124552-de-2021-12-screen.pdf","title":"Mobile column lift ArtisLift BR 124552 de 2021 12 screen","thumbnail":"https:\/\/dev.codekraft.it\/rotary-2024\/wp-content\/uploads\/brb_media\/00481635_mobile-column-lift-artislift-br-124552-de-2021-12-screen-pdf-106x150.png","description":""},{"id":351335,"url":"https:\/\/dev.codekraft.it\/rotary-2024\/wp-content\/uploads\/brb_media\/00481636_mobile-column-lift-artislift-br-124553-en-2021-12-screen.pdf","title":"Mobile column lift ArtisLift BR 124553 en 2021 12 screen","thumbnail":"https:\/\/dev.codekraft.it\/rotary-2024\/wp-content\/uploads\/brb_media\/00481636_mobile-column-lift-artislift-br-124553-en-2021-12-screen-pdf-106x150.png","description":""},{"id":351336,"url":"https:\/\/dev.codekraft.it\/rotary-2024\/wp-content\/uploads\/brb_media\/00481637_mobile-column-lift-artislift-br-124554-fr-2021-12-screen.pdf","title":"Mobile column lift ArtisLift BR 124554 fr 2021 12 screen","thumbnail":"https:\/\/dev.codekraft.it\/rotary-2024\/wp-content\/uploads\/brb_media\/00481637_mobile-column-lift-artislift-br-124554-fr-2021-12-screen-pdf-106x150.png","description":""},{"id":351337,"url":"https:\/\/dev.codekraft.it\/rotary-2024\/wp-content\/uploads\/brb_media\/00481638_mobile-column-lift-artislift-br-124555-it-2021-12-screen.pdf","title":"Mobile column lift ArtisLift BR 124555 it 2021 12 screen","thumbnail":"https:\/\/dev.codekraft.it\/rotary-2024\/wp-content\/uploads\/brb_media\/00481638_mobile-column-lift-artislift-br-124555-it-2021-12-screen-pdf-106x150.png","description":""},{"id":351338,"url":"https:\/\/dev.codekraft.it\/rotary-2024\/wp-content\/uploads\/brb_media\/00481639_mobile-column-lift-artislift-br-124556-es-2021-12-screen.pdf","title":"Mobile column lift ArtisLift BR 124556 es 2021 12 screen","thumbnail":"https:\/\/dev.codekraft.it\/rotary-2024\/wp-content\/uploads\/brb_media\/00481639_mobile-column-lift-artislift-br-124556-es-2021-12-screen-pdf-106x150.png","description":""},{"id":351339,"url":"https:\/\/dev.codekraft.it\/rotary-2024\/wp-content\/uploads\/brb_media\/00481640_mobile-column-lift-artislift-br-124557-ru-2021-12-screen.pdf","title":"Mobile column lift ArtisLift BR 124557 ru 2021 12 screen","thumbnail":"https:\/\/dev.codekraft.it\/rotary-2024\/wp-content\/uploads\/brb_media\/00481640_mobile-column-lift-artislift-br-124557-ru-2021-12-screen-pdf-106x150.png","description":""}],"brb_media_drawing":"","brb_media_manuals":[{"id":379469,"url":"https:\/\/dev.codekraft.it\/rotary-2024\/wp-content\/uploads\/brb_media\/00536833_mobile-column-lift-mrg-55-4-6-8-om-0525-m024-1-rev1-multi-2025-02.pdf","title":"mobile column lift mrg 55 4 6 8 om 0525 m024 1 rev1 multi 2025 02","thumbnail":"https:\/\/dev.codekraft.it\/rotary-2024\/wp-content\/uploads\/brb_media\/00536833_mobile-column-lift-mrg-55-4-6-8-om-0525-m024-1-rev1-multi-2025-02-pdf-106x150.png","description":""}],"brb_media_safety_datasheets":"","brb_media_spare_parts":[],"_cdmm_p_id":"468560","_company":"Elektron","_gtin":"4057612666854","accessories":[{"id":382152,"cdmm_p_id":"499827","name":"Prolunga per forcella ruota per ArtisLift MRG55","description":"Lunghezza ca. 123 mm | riduzione della portata a 5 t | 1 set (per 1 griffa ruota)","thumbnail":"https:\/\/dev.codekraft.it\/rotary-2024\/wp-content\/uploads\/brb_media\/00535685_mobile-columns-s270a5-mi-150x150.png","url":"https:\/\/dev.codekraft.it\/rotary-2024\/it\/prodotti\/accessori-ponti-sollevatori-it\/accessori-ponti-sollevatori-a-colonne-mobili-it\/prolunga-per-forcella-ruota-per-artislift-mrg55\/"},{"id":382741,"cdmm_p_id":"501900","name":"Traversa per ArtisLift MRG55","description":"15 t","thumbnail":"https:\/\/dev.codekraft.it\/rotary-2024\/wp-content\/uploads\/brb_media\/00507074_s260a5-150x150.png","url":"https:\/\/dev.codekraft.it\/rotary-2024\/it\/prodotti\/accessori-ponti-sollevatori-it\/accessori-ponti-sollevatori-a-colonne-mobili-it\/traversa-per-artislift-mrg55\/"},{"id":382158,"cdmm_p_id":"499829","name":"Forcella ruota f\u00fcr ArtisLift MRG55","description":"Regolabile, ruota \u00d8 500 - 1200 mm | assemblato in fabbrica - non pu\u00f2 essere adattato | 1 pezzo","thumbnail":"https:\/\/dev.codekraft.it\/rotary-2024\/wp-content\/uploads\/brb_media\/00507072_var210-220-f-150x150.png","url":"https:\/\/dev.codekraft.it\/rotary-2024\/it\/prodotti\/accessori-ponti-sollevatori-it\/accessori-ponti-sollevatori-a-colonne-mobili-it\/forcella-ruota-fur-artislift-mrg55\/"},{"id":382138,"cdmm_p_id":"499828","name":"Riduzione forcella ruota per ponti sollevatori a colonne mobili | pneumatici \u00d8 800 &#8211; 700 mm","description":"Riduzione della forcella della ruota per pneumatici da \u00d8 800 mm a \u00d8 700 mm | 1 pezzo\/per colonna","thumbnail":"https:\/\/dev.codekraft.it\/rotary-2024\/wp-content\/uploads\/brb_media\/00535683_mobile-columns-s270a4-s270a8-mi-150x150.png","url":"https:\/\/dev.codekraft.it\/rotary-2024\/it\/prodotti\/accessori-ponti-sollevatori-it\/accessori-ponti-sollevatori-a-colonne-mobili-it\/riduzione-forcella-ruota-per-ponti-sollevatori-a-colonne-mobili-pneumatici-o-800-700-mm\/"},{"id":383500,"cdmm_p_id":"502177","name":"Riduzione forcella ruota per ponti sollevatori a colonne mobili | pneumatici \u00d8 700 &#8211; 500 mm","description":"Riduzione della forcella della ruota per pneumatici da \u00d8 700 mm a \u00d8 500 mm | 1 pezzo\/per colonna","thumbnail":"https:\/\/dev.codekraft.it\/rotary-2024\/wp-content\/uploads\/brb_media\/00535683_mobile-columns-s270a4-s270a8-mi-150x150.png","url":"https:\/\/dev.codekraft.it\/rotary-2024\/it\/prodotti\/accessori-ponti-sollevatori-it\/accessori-ponti-sollevatori-a-colonne-mobili-it\/riduzione-forcella-ruota-per-ponti-sollevatori-a-colonne-mobili-pneumatici-o-700-500-mm\/"},{"id":383507,"cdmm_p_id":"502179","name":"Riduzione forcella ruota per ponti sollevatori a colonne mobili | pneumatici \u00d8 900 &#8211; 800 mm","description":"Riduzione della forcella della ruota per pneumatici da \u00d8 900 mm a \u00d8 800 mm | 1 pezzo\/per colonna","thumbnail":"https:\/\/dev.codekraft.it\/rotary-2024\/wp-content\/uploads\/brb_media\/00535684_mobile-columns-s270a3-mi-150x150.png","url":"https:\/\/dev.codekraft.it\/rotary-2024\/it\/prodotti\/accessori-ponti-sollevatori-it\/accessori-ponti-sollevatori-a-colonne-mobili-it\/riduzione-forcella-ruota-per-ponti-sollevatori-a-colonne-mobili-pneumatici-o-900-800-mm\/"},{"id":383783,"cdmm_p_id":"502295","name":"Barra di trazione idraulica di sollevamento per ArtisLift MRG-55","description":"Sollevatore idraulico, montato in fabbrica al posto della timone meccanico per pinza di presa standard | 1 pezzo","thumbnail":"https:\/\/dev.codekraft.it\/rotary-2024\/wp-content\/uploads\/brb_media\/00380370_mobile-column-lift-artislift-hydraulic-drawbar-di-150x150.png","url":"https:\/\/dev.codekraft.it\/rotary-2024\/it\/prodotti\/accessori-ponti-sollevatori-it\/accessori-ponti-sollevatori-a-colonne-mobili-it\/barra-di-trazione-idraulica-di-sollevamento-per-artislift-mrg-55\/"},{"id":380385,"cdmm_p_id":"483488","name":"Kit MRG per MRG-55","description":"Cavo di alimentazione da 10 m con spina CEE e 1 litro di olio per mandrino | 1 set - valido solo per ArtisLift MRG-55 con 4 unit\u00e0 di sollevamento, in caso di espansione a un set da 6 o 8 \u00e8 necessario ordinare 2 pezzi","thumbnail":"https:\/\/dev.codekraft.it\/rotary-2024\/wp-content\/uploads\/brb_media\/00436997_artislift-mrg55-kit-cable-plug-di-150x150.png","url":"https:\/\/dev.codekraft.it\/rotary-2024\/it\/prodotti\/accessori-ponti-sollevatori-it\/accessori-ponti-sollevatori-a-colonne-mobili-it\/kit-mrg-per-mrg-55\/"},{"id":384012,"cdmm_p_id":"501896","name":"Cavalletto di sostegno","description":"7500 kg, 1330 - 2030 mm, altezza regolabile in 7 passi da 100 mm, 2 ruote, supporto a U | Grigio (RAL 7040)","thumbnail":"https:\/\/dev.codekraft.it\/rotary-2024\/wp-content\/uploads\/brb_media\/00535518_mobile-columns-s260a1-mi-150x150.png","url":"https:\/\/dev.codekraft.it\/rotary-2024\/it\/prodotti\/accessori-ponti-sollevatori-it\/accessori-ponti-sollevatori-a-colonne-mobili-it\/cavalletto-di-sostegno-3\/"},{"id":382950,"cdmm_p_id":"501929","name":"Cavalletto di sostegno","description":"10000 kg, 1235 - 2040 mm, ltezza regolabile in 6 passi da 100 mm, inoltre con parte superiore regolabile in continuo (115 mm), 3 ruote con molla sotto carico, supporto a U e supporto per prisma (intercambiabili), pronto per il montaggio | Grigio (RAL 7040)","thumbnail":"https:\/\/dev.codekraft.it\/rotary-2024\/wp-content\/uploads\/brb_media\/00535520_mobile-columns-s270a2-mi-150x150.png","url":"https:\/\/dev.codekraft.it\/rotary-2024\/it\/prodotti\/accessori-ponti-sollevatori-it\/accessori-ponti-sollevatori-a-colonne-mobili-it\/cavalletto-di-sostegno-2\/"},{"id":382723,"cdmm_p_id":"501897","name":"Cavalletto di sostegno","description":"10000 kg, 1235 - 2040 mm, ltezza regolabile in 6 passi da 100 mm, inoltre con parte superiore regolabile in continuo (115 mm), 2 ruote, supporto a U e supporto per prisma (intercambiabili) | Grigio (RAL 7040)","thumbnail":"https:\/\/dev.codekraft.it\/rotary-2024\/wp-content\/uploads\/brb_media\/00535519_mobile-columns-s270a1-mi-150x150.png","url":"https:\/\/dev.codekraft.it\/rotary-2024\/it\/prodotti\/accessori-ponti-sollevatori-it\/accessori-ponti-sollevatori-a-colonne-mobili-it\/cavalletto-di-sostegno\/"}],"components":[],"related":[],"similar":[{"id":379473,"cdmm_p_id":"468556","name":"Ponte sollevatore a colonne mobili ArtisLift MRG-55-4","description":"4 x 5,5 t, elettromeccanico, cablato, mandrino di sollevamento, mobile, trasportatori e camion","thumbnail":"https:\/\/dev.codekraft.it\/rotary-2024\/wp-content\/uploads\/brb_media\/00371202_mobile-column-lift-artislift-mrg25-4-camper-mi-150x150.png","url":"https:\/\/dev.codekraft.it\/rotary-2024\/it\/prodotti\/ponti-sollevatori-it\/ponti-sollevatori-a-colonne-mobili-it\/ponte-sollevatore-a-colonne-mobili-artislift-mrg-55-4\/"},{"id":379485,"cdmm_p_id":"468561","name":"Ponte sollevatore a colonne mobili ArtisLift MRG-55-8","description":"8 x 5,5 t, elettromeccanico, cablato, mandrino di sollevamento, mobile, trasportatori e camion","thumbnail":"https:\/\/dev.codekraft.it\/rotary-2024\/wp-content\/uploads\/brb_media\/00371202_mobile-column-lift-artislift-mrg25-4-camper-mi-150x150.png","url":"https:\/\/dev.codekraft.it\/rotary-2024\/it\/prodotti\/ponti-sollevatori-it\/ponti-sollevatori-a-colonne-mobili-it\/ponte-sollevatore-a-colonne-mobili-artislift-mrg-55-8\/"}],"lang":"it","translations":{"it":379479,"en":379476,"de":379477,"fr":379478,"es":379480,"ru":379481},"pll_sync_post":[],"_links":{"self":[{"href":"https:\/\/dev.codekraft.it\/rotary-2024\/wp-json\/wp\/v2\/product\/379479","targetHints":{"allow":["GET"]}}],"collection":[{"href":"https:\/\/dev.codekraft.it\/rotary-2024\/wp-json\/wp\/v2\/product"}],"about":[{"href":"https:\/\/dev.codekraft.it\/rotary-2024\/wp-json\/wp\/v2\/types\/product"}],"wp:featuredmedia":[{"embeddable":true,"href":"https:\/\/dev.codekraft.it\/rotary-2024\/wp-json\/wp\/v2\/media\/351333"}],"wp:attachment":[{"href":"https:\/\/dev.codekraft.it\/rotary-2024\/wp-json\/wp\/v2\/media?parent=379479"}],"wp:term":[{"taxonomy":"product_cat","embeddable":true,"href":"https:\/\/dev.codekraft.it\/rotary-2024\/wp-json\/wp\/v2\/product_cat?post=379479"},{"taxonomy":"product_tag","embeddable":true,"href":"https:\/\/dev.codekraft.it\/rotary-2024\/wp-json\/wp\/v2\/product_tag?post=379479"},{"taxonomy":"product_approvals","embeddable":true,"href":"https:\/\/dev.codekraft.it\/rotary-2024\/wp-json\/wp\/v2\/product_approvals?post=379479"},{"taxonomy":"product_application","embeddable":true,"href":"https:\/\/dev.codekraft.it\/rotary-2024\/wp-json\/wp\/v2\/product_application?post=379479"}],"curies":[{"name":"wp","href":"https:\/\/api.w.org\/{rel}","templated":true}]}}