{"id":379464,"date":"2025-12-11T10:10:52","date_gmt":"2025-12-11T10:10:52","guid":{"rendered":"https:\/\/dev.codekraft.it\/rotary-2024\/products\/uncategorized\/pont-elevateur-a-colonne-mobile-artislift-mrg-25-4\/"},"modified":"2025-12-11T10:10:52","modified_gmt":"2025-12-11T10:10:52","slug":"pont-elevateur-a-colonne-mobile-artislift-mrg-25-4","status":"publish","type":"product","link":"https:\/\/dev.codekraft.it\/rotary-2024\/fr\/produits\/ponts-elevateurs-fr\/ponts-elevateurs-a-colonnes-mobiles-fr\/pont-elevateur-a-colonne-mobile-artislift-mrg-25-4\/","title":{"rendered":"Pont \u00e9l\u00e9vateur \u00e0 colonne mobile ArtisLift MRG-25-4"},"content":{"rendered":"<p>Pr\u00e9henseurs de roue mobiles \u00e9lectrom\u00e9caniques pour camions et bus. Utilisation possible en atelier ou \u00e0 l\u2019ext\u00e9rieur en fonction de la version.<\/p>\n<ul>\n<li>Commande de synchronisation \u00e9lectronique avec dispositif d\u2019arr\u00eat d\u2019urgence automatique<\/li>\n<li>Chaque pr\u00e9henseur de roue est \u00e9quip\u00e9 d\u2019un dispositif de s\u00e9curit\u00e9 en cas d\u2019usure de l\u2019\u00e9crou de levage<\/li>\n<\/ul>\n<ul>\n<li>Le large ch\u00e2ssis sur la colonne de levage offre une stabilit\u00e9 maximale.<\/li>\n<li>Sur tous les pr\u00e9henseurs de roue, l\u2019installation peut \u00eatre lev\u00e9e ou abaiss\u00e9e par l\u2019interm\u00e9diaire des boutons-poussoirs. Chaque pr\u00e9henseur de roue est \u00e9quip\u00e9 d\u2019une commande homme mort et d\u2019un bouton-poussoir d\u2019arr\u00eat d\u2019urgence.<\/li>\n<li>Une barre d\u2019attelage mobile par pr\u00e9henseur de roue.<\/li>\n<\/ul>\n<ul>\n<li>La broche avec rouleau de manutention en acier inoxydable et reli\u00e9e \u00e0 un \u00e9crou en bronze toujours lubrifi\u00e9 assure une s\u00e9curit\u00e9 maximale et une dur\u00e9e de service longue.<\/li>\n<li>Les glisseurs Ertalon absolument prot\u00e9g\u00e9s contre l\u2019usure et plac\u00e9s sur chaque chariot \u00e9l\u00e9vateur garantissent une stabilit\u00e9 maximale \u00e0 chaque positionnement de la charge.<\/li>\n<li>Diff\u00e9rents modes de fonction\u00adne\u00adment comme le fonctionnement total, le fonctionnement unique ou le fonctionnement associ\u00e9 peuvent \u00eatre facilement s\u00e9lectionn\u00e9s sur le pr\u00e9henseur de roue principal. \u00adSeulement MRG-55 \/ MRG-70<\/li>\n<li>Tous les moteurs sont munis d\u2019une protection thermique. Fabriqu\u00e9s selon la norme EN1493. sur la d\u00e9termination automatique des phases.<\/li>\n<li>Il n\u2019y a aucune conduite g\u00eanant la zone de travail sous le v\u00e9hicule.<\/li>\n<li>Fourche de roue r\u00e9glable en \u00adoption ou adaptateurs de support de roue faciles \u00e0 fixer disponibles.<\/li>\n<li>La prise de connexion avec c\u00e2ble \u00e9lectrique du pr\u00e9henseur de roue au pr\u00e9henseur de roue permet de r\u00e9duire les temps de pr\u00e9paration.<\/li>\n<li>Moteur \u00e0 engrenages auto\u00adbloquant directement reli\u00e9 \u00e0 la broche de levage.<\/li>\n<li>Les rouleaux en acier du chariot \u00ad\u00e9l\u00e9vateur sont \u00e9quip\u00e9s de paliers autolubrifiants et sans entretien.<\/li>\n<\/ul>\n","protected":false},"excerpt":{"rendered":"<p>4 x 2,5 t, \u00e9lectrom\u00e9canique, filaire, vis de levage, mobile, id\u00e9al pour voitures, camionnettes et maisons mobiles<\/p>\n","protected":false},"featured_media":351333,"template":"","meta":[],"product_cat":[1033808],"product_tag":[1034197,1034262,1034180],"product_approvals":[],"product_application":[],"class_list":{"0":"post-379464","1":"product","2":"type-product","3":"status-publish","4":"has-post-thumbnail","6":"product_cat-ponts-elevateurs-a-colonnes-mobiles-fr","7":"product_tag-motor-homes-fr","8":"product_tag-remorques-fr","9":"product_tag-light-commercial-fr","11":"first","12":"instock","13":"shipping-taxable","14":"product-type-simple"},"approvals":[],"application":[],"brb_media_brochure":[{"id":351334,"url":"https:\/\/dev.codekraft.it\/rotary-2024\/wp-content\/uploads\/brb_media\/00481635_mobile-column-lift-artislift-br-124552-de-2021-12-screen.pdf","title":"Mobile column lift ArtisLift BR 124552 de 2021 12 screen","thumbnail":"https:\/\/dev.codekraft.it\/rotary-2024\/wp-content\/uploads\/brb_media\/00481635_mobile-column-lift-artislift-br-124552-de-2021-12-screen-pdf-106x150.png","description":""},{"id":351335,"url":"https:\/\/dev.codekraft.it\/rotary-2024\/wp-content\/uploads\/brb_media\/00481636_mobile-column-lift-artislift-br-124553-en-2021-12-screen.pdf","title":"Mobile column lift ArtisLift BR 124553 en 2021 12 screen","thumbnail":"https:\/\/dev.codekraft.it\/rotary-2024\/wp-content\/uploads\/brb_media\/00481636_mobile-column-lift-artislift-br-124553-en-2021-12-screen-pdf-106x150.png","description":""},{"id":351336,"url":"https:\/\/dev.codekraft.it\/rotary-2024\/wp-content\/uploads\/brb_media\/00481637_mobile-column-lift-artislift-br-124554-fr-2021-12-screen.pdf","title":"Mobile column lift ArtisLift BR 124554 fr 2021 12 screen","thumbnail":"https:\/\/dev.codekraft.it\/rotary-2024\/wp-content\/uploads\/brb_media\/00481637_mobile-column-lift-artislift-br-124554-fr-2021-12-screen-pdf-106x150.png","description":""},{"id":351337,"url":"https:\/\/dev.codekraft.it\/rotary-2024\/wp-content\/uploads\/brb_media\/00481638_mobile-column-lift-artislift-br-124555-it-2021-12-screen.pdf","title":"Mobile column lift ArtisLift BR 124555 it 2021 12 screen","thumbnail":"https:\/\/dev.codekraft.it\/rotary-2024\/wp-content\/uploads\/brb_media\/00481638_mobile-column-lift-artislift-br-124555-it-2021-12-screen-pdf-106x150.png","description":""},{"id":351338,"url":"https:\/\/dev.codekraft.it\/rotary-2024\/wp-content\/uploads\/brb_media\/00481639_mobile-column-lift-artislift-br-124556-es-2021-12-screen.pdf","title":"Mobile column lift ArtisLift BR 124556 es 2021 12 screen","thumbnail":"https:\/\/dev.codekraft.it\/rotary-2024\/wp-content\/uploads\/brb_media\/00481639_mobile-column-lift-artislift-br-124556-es-2021-12-screen-pdf-106x150.png","description":""},{"id":351339,"url":"https:\/\/dev.codekraft.it\/rotary-2024\/wp-content\/uploads\/brb_media\/00481640_mobile-column-lift-artislift-br-124557-ru-2021-12-screen.pdf","title":"Mobile column lift ArtisLift BR 124557 ru 2021 12 screen","thumbnail":"https:\/\/dev.codekraft.it\/rotary-2024\/wp-content\/uploads\/brb_media\/00481640_mobile-column-lift-artislift-br-124557-ru-2021-12-screen-pdf-106x150.png","description":""}],"brb_media_drawing":"","brb_media_manuals":[{"id":379461,"url":"https:\/\/dev.codekraft.it\/rotary-2024\/wp-content\/uploads\/brb_media\/00528241_mobile-column-lift-mrg-25-4-om-0525-m023-0-multi-2017-06.pdf","title":"mobile column lift mrg 25 4 om 0525 m023 0 multi 2017 06","thumbnail":"https:\/\/dev.codekraft.it\/rotary-2024\/wp-content\/uploads\/brb_media\/00528241_mobile-column-lift-mrg-25-4-om-0525-m023-0-multi-2017-06-pdf-106x150.png","description":""}],"brb_media_safety_datasheets":"","brb_media_spare_parts":[],"_cdmm_p_id":"468545","_company":"Elektron","_gtin":"4057612666823","accessories":[{"id":380378,"cdmm_p_id":"483485","name":"Kit MRG pour ArtisLift MRG-25-4","description":"C\u00e2ble d'alimentation de 10 m avec fiche CEE, incl. 1 litre d'huile de broche | 1 jeu - valable uniquement pour ArtisLift MRG-25 avec 4 unit\u00e9s de levage","thumbnail":"https:\/\/dev.codekraft.it\/rotary-2024\/wp-content\/uploads\/brb_media\/00436997_artislift-mrg55-kit-cable-plug-di-150x150.png","url":"https:\/\/dev.codekraft.it\/rotary-2024\/fr\/produits\/accessoires-ponts-elevateurs-fr\/accessoires-ponts-elevateurs-a-colonnes-mobiles-fr\/kit-mrg-pour-artislift-mrg-25-4-2\/"},{"id":384011,"cdmm_p_id":"501896","name":"Chevalet d&#039;appui","description":"7500 kg, 1330 - 2030 mm, r\u00e9glable en hauteur par paliers de 7 x 100 mm, 2 roulettes, support en U | Gris (RAL 7040)","thumbnail":"https:\/\/dev.codekraft.it\/rotary-2024\/wp-content\/uploads\/brb_media\/00535518_mobile-columns-s260a1-mi-150x150.png","url":"https:\/\/dev.codekraft.it\/rotary-2024\/fr\/produits\/accessoires-ponts-elevateurs-fr\/accessoires-ponts-elevateurs-a-colonnes-mobiles-fr\/chevalet-dappui-3\/"},{"id":382722,"cdmm_p_id":"501897","name":"Chevalet d&#039;appui","description":"10000 kg, 1235 - 2040 mm, r\u00e9glable en hauteur par pas de 6 x 100 mm, avec en plus partie sup\u00e9rieure r\u00e9glable en continu (115 mm), 2 roulettes, support en U et support en prisme (interchangeables) | Gris (RAL 7040)","thumbnail":"https:\/\/dev.codekraft.it\/rotary-2024\/wp-content\/uploads\/brb_media\/00535519_mobile-columns-s270a1-mi-150x150.png","url":"https:\/\/dev.codekraft.it\/rotary-2024\/fr\/produits\/accessoires-ponts-elevateurs-fr\/accessoires-ponts-elevateurs-a-colonnes-mobiles-fr\/chevalet-dappui\/"},{"id":382949,"cdmm_p_id":"501929","name":"Chevalet d&#039;appui","description":"10000 kg, 1235 - 2040 mm, r\u00e9glable en hauteur par pas de 6 x 100 mm, avec en plus partie sup\u00e9rieure r\u00e9glable en continu (115 mm), 3 roues r\u00e9tractables, support en U et support en prisme (interchangeables), pr\u00eat \u00e0 l'emploi | Gris (RAL 7040)","thumbnail":"https:\/\/dev.codekraft.it\/rotary-2024\/wp-content\/uploads\/brb_media\/00535520_mobile-columns-s270a2-mi-150x150.png","url":"https:\/\/dev.codekraft.it\/rotary-2024\/fr\/produits\/accessoires-ponts-elevateurs-fr\/accessoires-ponts-elevateurs-a-colonnes-mobiles-fr\/chevalet-dappui-2\/"}],"components":[],"related":[],"similar":[{"id":379472,"cdmm_p_id":"468556","name":"Pont \u00e9l\u00e9vateur \u00e0 colonne mobile ArtisLift MRG-55-4","description":"4 x 5,5 t, \u00e9lectrom\u00e9canique, filaire, \u00e0 broche de levage, mobiles, t\u00e9l\u00e9porteurs et camions","thumbnail":"https:\/\/dev.codekraft.it\/rotary-2024\/wp-content\/uploads\/brb_media\/00371202_mobile-column-lift-artislift-mrg25-4-camper-mi-150x150.png","url":"https:\/\/dev.codekraft.it\/rotary-2024\/fr\/produits\/ponts-elevateurs-fr\/ponts-elevateurs-a-colonnes-mobiles-fr\/pont-elevateur-a-colonne-mobile-artislift-mrg-55-4\/"}],"lang":"fr","translations":{"fr":379464,"en":379460,"de":379463,"it":379465,"es":379466,"ru":379467},"pll_sync_post":[],"_links":{"self":[{"href":"https:\/\/dev.codekraft.it\/rotary-2024\/wp-json\/wp\/v2\/product\/379464","targetHints":{"allow":["GET"]}}],"collection":[{"href":"https:\/\/dev.codekraft.it\/rotary-2024\/wp-json\/wp\/v2\/product"}],"about":[{"href":"https:\/\/dev.codekraft.it\/rotary-2024\/wp-json\/wp\/v2\/types\/product"}],"wp:featuredmedia":[{"embeddable":true,"href":"https:\/\/dev.codekraft.it\/rotary-2024\/wp-json\/wp\/v2\/media\/351333"}],"wp:attachment":[{"href":"https:\/\/dev.codekraft.it\/rotary-2024\/wp-json\/wp\/v2\/media?parent=379464"}],"wp:term":[{"taxonomy":"product_cat","embeddable":true,"href":"https:\/\/dev.codekraft.it\/rotary-2024\/wp-json\/wp\/v2\/product_cat?post=379464"},{"taxonomy":"product_tag","embeddable":true,"href":"https:\/\/dev.codekraft.it\/rotary-2024\/wp-json\/wp\/v2\/product_tag?post=379464"},{"taxonomy":"product_approvals","embeddable":true,"href":"https:\/\/dev.codekraft.it\/rotary-2024\/wp-json\/wp\/v2\/product_approvals?post=379464"},{"taxonomy":"product_application","embeddable":true,"href":"https:\/\/dev.codekraft.it\/rotary-2024\/wp-json\/wp\/v2\/product_application?post=379464"}],"curies":[{"name":"wp","href":"https:\/\/api.w.org\/{rel}","templated":true}]}}