{"id":379463,"date":"2025-12-11T10:04:37","date_gmt":"2025-12-11T10:04:37","guid":{"rendered":"https:\/\/dev.codekraft.it\/rotary-2024\/products\/uncategorized\/radgreifanlage-artislift-mrg-25-4\/"},"modified":"2025-12-11T10:04:37","modified_gmt":"2025-12-11T10:04:37","slug":"radgreifanlage-artislift-mrg-25-4","status":"publish","type":"product","link":"https:\/\/dev.codekraft.it\/rotary-2024\/produkte\/hebebuhnen-de\/radgreifanlagen-de\/radgreifanlage-artislift-mrg-25-4\/","title":{"rendered":"Radgreifanlage ArtisLift MRG-25-4"},"content":{"rendered":"<p>Elektromechanische, mobile Radgreifer f\u00fcr Lkws und Busse. Je nach Ausf\u00fchrung f\u00fcr den Einsatz in der Werkstatt oder im Freien m\u00f6glich.<\/p>\n<ul>\n<li>Elektronische Gleichlaufregelung mit automatischer Not-Halt-Einrichtung<\/li>\n<li>Sicherheitseinrichtung sch\u00fctzt jeden Radgreifer bei Hubmutterverschlei\u00df<\/li>\n<\/ul>\n<ul>\n<li>Der gro\u00dfe Grundrahmen an der Hubs\u00e4ule bietet maximale Standfestigkeit.\u00a0\u00a0<\/li>\n<li>An allen Radgreifern l\u00e4sst sich die Anlage mittels Drucktaster anheben oder absenken. Jeder Radgreifer ist mit einer Totmannsteuerung und mit Not-Halt-Taster ausgestattet.<\/li>\n<li>Eine mechanische Deichsel pro Radgreifer Satz.<\/li>\n<\/ul>\n<ul>\n<li>Eine rollgeh\u00e4rtete Spindel aus Spezial\u00adstahl, in Verbindung mit einer dauergeschmierten Bronze\u00admutter, garantiert ein H\u00f6chstma\u00df an \u00adSicherheit und eine lange \u00adLebensdauer.<\/li>\n<li>Absolut verschlei\u00dffeste Ertalon-Gleitst\u00fccke in jedem Hubwagen gew\u00e4hrleisten max. Stabilit\u00e4t bei jeder Lage der Last.<\/li>\n<li>Am Hauptradgreifer lassen sich verschiedene Betriebsarten wie Gesamtfahrt, Singlebetrieb oder Paarweise einfach anw\u00e4hlen (f\u00fcr MRG-55\u00a0\/\u00a0MRG-70).<\/li>\n<li>Alle Motoren verf\u00fcgen \u00fcber einen Thermoschutz. Gefertigt nach EN1493. Automatische Bestimmung der Phasen.<\/li>\n<li>Im Arbeitsbereich unter dem Fahrzeug liegen keine st\u00f6renden Leitungen.<\/li>\n<li>Optionale justierbare Radgabel oder leicht aufsetzbare Radaufnahmeadapter verf\u00fcgbar.<\/li>\n<li>Steckverbindung mit Elektro\u00adkabel von Radgreifer zu Radgreifer erm\u00f6glicht kurze R\u00fcstzeiten.<\/li>\n<li>Selbstbremsender, direkt mit der Hubspindel verbundener, Getriebemotor.<\/li>\n<li>Die Hubwagen-Stahlrollen sind mit selbstschmierenden, wartungsfreien Lagern ausgestattet.<\/li>\n<\/ul>\n","protected":false},"excerpt":{"rendered":"<p>4 x 2,5 t, elektromechanisch, kabelgebunden, Hubspindel, mobil, ideal f\u00fcr Pkw, Transporter und Wohnmobile<\/p>\n","protected":false},"featured_media":351333,"template":"","meta":[],"product_cat":[1033804],"product_tag":[1034260,1034178,1034195],"product_approvals":[],"product_application":[],"class_list":{"0":"post-379463","1":"product","2":"type-product","3":"status-publish","4":"has-post-thumbnail","6":"product_cat-radgreifanlagen-de","7":"product_tag-anhanger-de","8":"product_tag-light-commercial-de","9":"product_tag-motor-homes-de","11":"first","12":"instock","13":"shipping-taxable","14":"product-type-simple"},"approvals":[],"application":[],"brb_media_brochure":[{"id":351334,"url":"https:\/\/dev.codekraft.it\/rotary-2024\/wp-content\/uploads\/brb_media\/00481635_mobile-column-lift-artislift-br-124552-de-2021-12-screen.pdf","title":"Mobile column lift ArtisLift BR 124552 de 2021 12 screen","thumbnail":"https:\/\/dev.codekraft.it\/rotary-2024\/wp-content\/uploads\/brb_media\/00481635_mobile-column-lift-artislift-br-124552-de-2021-12-screen-pdf-106x150.png","description":""},{"id":351335,"url":"https:\/\/dev.codekraft.it\/rotary-2024\/wp-content\/uploads\/brb_media\/00481636_mobile-column-lift-artislift-br-124553-en-2021-12-screen.pdf","title":"Mobile column lift ArtisLift BR 124553 en 2021 12 screen","thumbnail":"https:\/\/dev.codekraft.it\/rotary-2024\/wp-content\/uploads\/brb_media\/00481636_mobile-column-lift-artislift-br-124553-en-2021-12-screen-pdf-106x150.png","description":""},{"id":351336,"url":"https:\/\/dev.codekraft.it\/rotary-2024\/wp-content\/uploads\/brb_media\/00481637_mobile-column-lift-artislift-br-124554-fr-2021-12-screen.pdf","title":"Mobile column lift ArtisLift BR 124554 fr 2021 12 screen","thumbnail":"https:\/\/dev.codekraft.it\/rotary-2024\/wp-content\/uploads\/brb_media\/00481637_mobile-column-lift-artislift-br-124554-fr-2021-12-screen-pdf-106x150.png","description":""},{"id":351337,"url":"https:\/\/dev.codekraft.it\/rotary-2024\/wp-content\/uploads\/brb_media\/00481638_mobile-column-lift-artislift-br-124555-it-2021-12-screen.pdf","title":"Mobile column lift ArtisLift BR 124555 it 2021 12 screen","thumbnail":"https:\/\/dev.codekraft.it\/rotary-2024\/wp-content\/uploads\/brb_media\/00481638_mobile-column-lift-artislift-br-124555-it-2021-12-screen-pdf-106x150.png","description":""},{"id":351338,"url":"https:\/\/dev.codekraft.it\/rotary-2024\/wp-content\/uploads\/brb_media\/00481639_mobile-column-lift-artislift-br-124556-es-2021-12-screen.pdf","title":"Mobile column lift ArtisLift BR 124556 es 2021 12 screen","thumbnail":"https:\/\/dev.codekraft.it\/rotary-2024\/wp-content\/uploads\/brb_media\/00481639_mobile-column-lift-artislift-br-124556-es-2021-12-screen-pdf-106x150.png","description":""},{"id":351339,"url":"https:\/\/dev.codekraft.it\/rotary-2024\/wp-content\/uploads\/brb_media\/00481640_mobile-column-lift-artislift-br-124557-ru-2021-12-screen.pdf","title":"Mobile column lift ArtisLift BR 124557 ru 2021 12 screen","thumbnail":"https:\/\/dev.codekraft.it\/rotary-2024\/wp-content\/uploads\/brb_media\/00481640_mobile-column-lift-artislift-br-124557-ru-2021-12-screen-pdf-106x150.png","description":""}],"brb_media_drawing":"","brb_media_manuals":[{"id":379461,"url":"https:\/\/dev.codekraft.it\/rotary-2024\/wp-content\/uploads\/brb_media\/00528241_mobile-column-lift-mrg-25-4-om-0525-m023-0-multi-2017-06.pdf","title":"mobile column lift mrg 25 4 om 0525 m023 0 multi 2017 06","thumbnail":"https:\/\/dev.codekraft.it\/rotary-2024\/wp-content\/uploads\/brb_media\/00528241_mobile-column-lift-mrg-25-4-om-0525-m023-0-multi-2017-06-pdf-106x150.png","description":""}],"brb_media_safety_datasheets":"","brb_media_spare_parts":[],"_cdmm_p_id":"468545","_company":"Elektron","_gtin":"4057612666823","accessories":[{"id":380377,"cdmm_p_id":"483485","name":"MRG-Kit f\u00fcr ArtisLift MRG-25-4","description":"10 m Netzzuleitungskabel mit CEE-Stecker, inkl. 1 l Spindel\u00f6l | 1 Satz - nur g\u00fcltig f\u00fcr ArtisLift MRG-25 mit 4 Hubeinheiten","thumbnail":"https:\/\/dev.codekraft.it\/rotary-2024\/wp-content\/uploads\/brb_media\/00436997_artislift-mrg55-kit-cable-plug-di-150x150.png","url":"https:\/\/dev.codekraft.it\/rotary-2024\/produkte\/zubehor-hebebuhnen-de\/zubehor-radgreifanlagen-de\/mrg-kit-fur-artislift-mrg-25-4\/"},{"id":384010,"cdmm_p_id":"501896","name":"Abst\u00fctzbock","description":"7500 kg, 1330 - 2030 mm, in 7 x 100-mm-Schritten h\u00f6henverstellbar, 2 Rollen, U-Aufnahme | Grau (RAL 7040)","thumbnail":"https:\/\/dev.codekraft.it\/rotary-2024\/wp-content\/uploads\/brb_media\/00535518_mobile-columns-s260a1-mi-150x150.png","url":"https:\/\/dev.codekraft.it\/rotary-2024\/produkte\/zubehor-hebebuhnen-de\/zubehor-radgreifanlagen-de\/abstutzbock-3\/"},{"id":382721,"cdmm_p_id":"501897","name":"Abst\u00fctzbock","description":"10000 kg, 1235 - 2040 mm, in 6 x 100-mm-Schritten h\u00f6henverstellbar, stufenlos verstellbares Oberteil (115 mm), 2 Rollen, U-Aufnahme und Prisma-Aufnahme (wechselbar) | Grau (RAL 7040)","thumbnail":"https:\/\/dev.codekraft.it\/rotary-2024\/wp-content\/uploads\/brb_media\/00535519_mobile-columns-s270a1-mi-150x150.png","url":"https:\/\/dev.codekraft.it\/rotary-2024\/produkte\/zubehor-hebebuhnen-de\/zubehor-radgreifanlagen-de\/abstutzbock\/"},{"id":382948,"cdmm_p_id":"501929","name":"Abst\u00fctzbock","description":"10000 kg, 1235 - 2040 mm, in 6 x 100-mm-Schritten h\u00f6henverstellbar, stufenlos verstellbares Oberteil (115 mm), 3 federnde Rollen, U-Aufnahme und Prisma-Aufnahme (wechselbar), fertig montiert | Grau (RAL 7040)","thumbnail":"https:\/\/dev.codekraft.it\/rotary-2024\/wp-content\/uploads\/brb_media\/00535520_mobile-columns-s270a2-mi-150x150.png","url":"https:\/\/dev.codekraft.it\/rotary-2024\/produkte\/zubehor-hebebuhnen-de\/zubehor-radgreifanlagen-de\/abstutzbock-2\/"}],"components":[],"related":[],"similar":[{"id":379471,"cdmm_p_id":"468556","name":"Radgreifanlage ArtisLift MRG-55-4","description":"4 x 5,5 t, elektromechanisch, kabelgebunden, Hubspindel, mobil, f\u00fcr Transporter und Lkw","thumbnail":"https:\/\/dev.codekraft.it\/rotary-2024\/wp-content\/uploads\/brb_media\/00371202_mobile-column-lift-artislift-mrg25-4-camper-mi-150x150.png","url":"https:\/\/dev.codekraft.it\/rotary-2024\/produkte\/hebebuhnen-de\/radgreifanlagen-de\/radgreifanlage-artislift-mrg-55-4\/"}],"lang":"de","translations":{"de":379463,"en":379460,"fr":379464,"it":379465,"es":379466,"ru":379467},"pll_sync_post":[],"_links":{"self":[{"href":"https:\/\/dev.codekraft.it\/rotary-2024\/wp-json\/wp\/v2\/product\/379463","targetHints":{"allow":["GET"]}}],"collection":[{"href":"https:\/\/dev.codekraft.it\/rotary-2024\/wp-json\/wp\/v2\/product"}],"about":[{"href":"https:\/\/dev.codekraft.it\/rotary-2024\/wp-json\/wp\/v2\/types\/product"}],"wp:featuredmedia":[{"embeddable":true,"href":"https:\/\/dev.codekraft.it\/rotary-2024\/wp-json\/wp\/v2\/media\/351333"}],"wp:attachment":[{"href":"https:\/\/dev.codekraft.it\/rotary-2024\/wp-json\/wp\/v2\/media?parent=379463"}],"wp:term":[{"taxonomy":"product_cat","embeddable":true,"href":"https:\/\/dev.codekraft.it\/rotary-2024\/wp-json\/wp\/v2\/product_cat?post=379463"},{"taxonomy":"product_tag","embeddable":true,"href":"https:\/\/dev.codekraft.it\/rotary-2024\/wp-json\/wp\/v2\/product_tag?post=379463"},{"taxonomy":"product_approvals","embeddable":true,"href":"https:\/\/dev.codekraft.it\/rotary-2024\/wp-json\/wp\/v2\/product_approvals?post=379463"},{"taxonomy":"product_application","embeddable":true,"href":"https:\/\/dev.codekraft.it\/rotary-2024\/wp-json\/wp\/v2\/product_application?post=379463"}],"curies":[{"name":"wp","href":"https:\/\/api.w.org\/{rel}","templated":true}]}}