{"id":379444,"date":"2026-01-23T15:45:16","date_gmt":"2026-01-23T15:45:16","guid":{"rendered":"https:\/\/dev.codekraft.it\/rotary-2024\/products\/uncategorized\/ponte-sollevatore-a-forbice-verticale-exalift-hdvl-35-100-i-hg\/"},"modified":"2026-01-23T15:45:16","modified_gmt":"2026-01-23T15:45:16","slug":"ponte-sollevatore-a-forbice-verticale-exalift-hdvl-35-100-i-hg","status":"publish","type":"product","link":"https:\/\/dev.codekraft.it\/rotary-2024\/fr\/produits\/ponts-elevateurs-fr\/ponts-elevateurs-a-ciseaux-fr\/ponte-sollevatore-a-forbice-verticale-exalift-hdvl-35-100-i-hg\/","title":{"rendered":"Ponte sollevatore a forbice verticale ExaLift HDVL 35-100-I-HG"},"content":{"rendered":"<p>Solido carrello sollevatore a forbice con straordinaria libert\u00e0 di movimento e design. Le dimensioni minime con il sollevatore in alzata contraddistinguono la piattaforma per carichi pesanti.<\/p>\n<ul>\n<li>Lunghezze speciali delle guide su richiesta<\/li>\n<li>La sincronizzazione elettronica delle due rampe di guida avviene indipendentemente dalla distribuzione del carico.<\/li>\n<li>Chiusure di sicurezza meccaniche con ruote dentate garantiscono la massima sicurezza del veicolo quando \u00e8 sollevato.<\/li>\n<\/ul>\n<ul>\n<li>Installazione incassata \u00e8 possibile. Opzionale \u00e8 un piano-\u00adlivellamento disponibili.<\/li>\n<li>Opzionalmente, gli ascensori a carico pesante sono disponibili anche come versioni di lavaggio.<\/li>\n<li>Il pannello comandi facile da usare pu\u00f2 essere adattato alle condizioni locali.<\/li>\n<\/ul>\n<ul>\n<li>Le rampe di accesso vengono sollevate verticalmente, per questo lo spazio richiesto viene sempre risparmiato anche grazie all\u2019ausilio di un parallelogramma di sollevamento.<\/li>\n<li>Grazie al design dei ponti \u00adsollevatori a forbice poco \u00adingombranti, il tecnico pu\u00f2 spostarsi in maniera ottimale tra le rampe di accesso, dal momento che non ci sono linee, colonne, forbici o fasci incrociati che interferiscono.<\/li>\n<li>La superficie delle rampe di accesso e costituita da bulbi anti-scivolo.<\/li>\n<li>Diverse capacit\u00e0 e lunghezza delle rampe possono essere realizzate in base alla sistemazione e al tipo dei sollevatori a forbice.<\/li>\n<li>Tutti i ponti sollevatori della serie HDVL sono disponibili nella versione in elevato o incassato. Una soluzione ottimale per un spazio di lavoro ridotto. Le rampe di accesso installate al livello del suolo possono essere percorribili lateralmente. Con il ponte sollevato, pu\u00f2 essere installato un bilanciamento del terreno tra gli elevatori a forbice. Ci\u00f2 permette il perfetto accesso per esempio una cric trasmissione sotto la parte centrale del veicolo.<\/li>\n<li>I supporti per il terreno sono \u00adgalvanizzati a caldo quindi \u00adprotetti in maniera ottimali dalla corrosione.\u00a0<\/li>\n<li>Installazione semplice, non occorre nessun telaio di montaggio.<\/li>\n<li>La protezione anti-ribaltamento e arretramento nelle estremit\u00e0 delle rampe di guida prevengono la caduta del veicolo.<\/li>\n<\/ul>\n","protected":false},"excerpt":{"rendered":"<p>35 t, lunghezza piattaforma 10000 mm, elettroidraulica, chiusura di sicurezza, incassata, version galvanis\u00e9e \u00e0 chaud, pupitre de commande peinte<\/p>\n","protected":false},"featured_media":350986,"template":"","meta":[],"product_cat":[1033760],"product_tag":[1034145,1034128,1034197,1034180],"product_approvals":[],"product_application":[],"class_list":{"0":"post-379444","1":"product","2":"type-product","3":"status-publish","4":"has-post-thumbnail","6":"product_cat-ponts-elevateurs-a-ciseaux-fr","7":"product_tag-buses-fr","8":"product_tag-trucks-fr","9":"product_tag-motor-homes-fr","10":"product_tag-light-commercial-fr","12":"first","13":"instock","14":"shipping-taxable","15":"product-type-simple"},"approvals":[],"application":[],"brb_media_brochure":[{"id":379259,"url":"https:\/\/dev.codekraft.it\/rotary-2024\/wp-content\/uploads\/brb_media\/00557854_scissor-lift-exalift-hdvl-br-de-2026-01-screen.pdf","title":"Scissor Lift ExaLift HDVL BR DE 2026 01 screen","thumbnail":"https:\/\/dev.codekraft.it\/rotary-2024\/wp-content\/uploads\/brb_media\/00557854_scissor-lift-exalift-hdvl-br-de-2026-01-screen-pdf-106x150.png","description":""},{"id":379260,"url":"https:\/\/dev.codekraft.it\/rotary-2024\/wp-content\/uploads\/brb_media\/00557855_scissor-lift-exalift-hdvl-br-en-2026-01-screen-.pdf","title":"Scissor Lift ExaLift HDVL BR EN 2026 01 screen","thumbnail":"https:\/\/dev.codekraft.it\/rotary-2024\/wp-content\/uploads\/brb_media\/00557855_scissor-lift-exalift-hdvl-br-en-2026-01-screen--pdf-106x150.png","description":""}],"brb_media_drawing":[{"id":351208,"url":"https:\/\/dev.codekraft.it\/rotary-2024\/wp-content\/uploads\/brb_media\/00407686_exa-lift_rfp_hdvl35-100-i_8604.pdf","title":"exa lift rfp hdvl35 100 i 8604","thumbnail":"https:\/\/dev.codekraft.it\/rotary-2024\/wp-content\/uploads\/brb_media\/00407686_exa-lift_rfp_hdvl35-100-i_8604-pdf-150x106.png","description":""},{"id":351209,"url":"https:\/\/dev.codekraft.it\/rotary-2024\/wp-content\/uploads\/brb_media\/00407677_exa-lift_sfp_hdvl35-100-i_8585.pdf","title":"exa lift sfp hdvl35 100 i 8585","thumbnail":"https:\/\/dev.codekraft.it\/rotary-2024\/wp-content\/uploads\/brb_media\/00407677_exa-lift_sfp_hdvl35-100-i_8585-pdf-150x106.png","description":""}],"brb_media_manuals":[{"id":350993,"url":"https:\/\/dev.codekraft.it\/rotary-2024\/wp-content\/uploads\/brb_media\/00512701_scissor-lifts-hdvl_20-25-35_hdvl-20l-25l-35l-im-0596-m004-0-rev4-multi-2023-11.pdf","title":"Scissor Lifts HDVL 20 25 35 HDVL 20l 25l 35l IM 0596 M004 0 rev4 multi 2023 11","thumbnail":"https:\/\/dev.codekraft.it\/rotary-2024\/wp-content\/uploads\/brb_media\/00512701_scissor-lifts-hdvl_20-25-35_hdvl-20l-25l-35l-im-0596-m004-0-rev4-multi-2023-11-pdf-106x150.png","description":""}],"brb_media_safety_datasheets":"","brb_media_spare_parts":[],"_cdmm_p_id":"467511","_company":"Elektron","_gtin":"4057612669060","accessories":[{"id":379406,"cdmm_p_id":"467504","name":"Mise \u00e0 niveau du sol pour HDVL 25\/35-100-I | galvanis\u00e9","description":"Couvercle de s\u00e9curit\u00e9 de l'ouverture de fondation lorsque la plate-forme \u00e9l\u00e9vatrice est lev\u00e9e, capacit\u00e9 de charge 500 kg, version galvanis\u00e9e \u00e0 chaud | pour \u00e9l\u00e9vateur HDVL avec longueur de plateforme\u00a0de 10 m","thumbnail":"https:\/\/dev.codekraft.it\/rotary-2024\/wp-content\/uploads\/brb_media\/00377921_scissor-lift-exalift-hdsl-in-ground-01-mi-no-vehicle--150x150.png","url":"https:\/\/dev.codekraft.it\/rotary-2024\/fr\/produits\/accessoires-ponts-elevateurs-fr\/accessoires-ponts-elevateurs-a-ciseaux-fr\/mise-a-niveau-du-sol-pour-hdvl-25-35-100-i-galvanise\/"},{"id":377373,"cdmm_p_id":"12","name":"Traverse de levage GHUSKTP 14\/14","description":"14\/14 t, 330 mm course, hydropneumatique, v\u00e9rin d'essieu \u00e0 point de levage central, 2 fois t\u00e9lescopique, pression de service 10 bar, diam\u00e8tre d'ergot 55 mm","thumbnail":"https:\/\/dev.codekraft.it\/rotary-2024\/wp-content\/uploads\/brb_media\/00022493-150x150.png","url":"https:\/\/dev.codekraft.it\/rotary-2024\/fr\/produits\/ponts-elevateurs-fr\/traverses-fr\/traverse-de-levage-ghusktp-14-14\/"},{"id":379340,"cdmm_p_id":"467471","name":"Commande jumel\u00e9e Twin | pour Exa Lift HDVL","description":"2 \u00e9l\u00e9vateurs \u00e0 mouvements synchronis\u00e9s ou ind\u00e9pendants | incl. 2 bo\u00eetiers de commande s\u00e9par\u00e9s avec \u00e9l\u00e9ments de commande et c\u00e2ble avec connecteur","thumbnail":"https:\/\/dev.codekraft.it\/rotary-2024\/wp-content\/uploads\/brb_media\/00437966_scissor-lift-exalift-hdvl-twin-operating-unit-washing-hall-di-150x150.png","url":"https:\/\/dev.codekraft.it\/rotary-2024\/fr\/produits\/accessoires-ponts-elevateurs-fr\/accessoires-ponts-elevateurs-a-ciseaux-fr\/commande-jumelee-twin-pour-exa-lift-hdvl\/"},{"id":379316,"cdmm_p_id":"467447","name":"Kit d&#039;\u00e9clairage LED pour Exa Lift HDVL | 6 voies","description":"6 voies | pour pont \u00e9l\u00e9vateur HDVL avec longueur de plateforme\u00a0de 8, 9 ou 10 m | adapt\u00e9 les stations de lavage, mont\u00e9 sur la face int\u00e9rieure des rails","thumbnail":"https:\/\/dev.codekraft.it\/rotary-2024\/wp-content\/uploads\/brb_media\/00377958_scissor-lift-exalift-hdsl-with-led-light-di-150x150.png","url":"https:\/\/dev.codekraft.it\/rotary-2024\/fr\/produits\/accessoires-ponts-elevateurs-fr\/accessoires-ponts-elevateurs-a-ciseaux-fr\/kit-declairage-led-pour-exa-lift-hdvl-6-voies\/"},{"id":379322,"cdmm_p_id":"467448","name":"Kit d&#039;\u00e9clairage LED pour Exa Lift HDVL | 8 voies","description":"8 voies | pour pont \u00e9l\u00e9vateur HDVL avec longueur de plateforme\u00a0de 11, 12, 13 ou 14,5 m | adapt\u00e9 les stations de lavage, mont\u00e9 sur la face int\u00e9rieure des rails","thumbnail":"https:\/\/dev.codekraft.it\/rotary-2024\/wp-content\/uploads\/brb_media\/00377958_scissor-lift-exalift-hdsl-with-led-light-di-150x150.png","url":"https:\/\/dev.codekraft.it\/rotary-2024\/fr\/produits\/accessoires-ponts-elevateurs-fr\/accessoires-ponts-elevateurs-a-ciseaux-fr\/kit-declairage-led-pour-exa-lift-hdvl-8-voies\/"},{"id":379358,"cdmm_p_id":"467492","name":"Kit de rampes d&#039;acc\u00e8s pour ExaLift HDVL | 2510 mm | galvanis\u00e9","description":"2510 mm, version galvanis\u00e9e \u00e0 chaud | id\u00e9ales pour les v\u00e9hicules surbaiss\u00e9s, \u00e0 cheviller au sol (mat\u00e9riel de fixation non compris) | pour ExaLift HDVL | 1 jeu \/ 2 pi\u00e8ces","thumbnail":"https:\/\/dev.codekraft.it\/rotary-2024\/wp-content\/uploads\/brb_media\/00378096_scissor-lift-exalift-hdsl-ramps-di-150x150.png","url":"https:\/\/dev.codekraft.it\/rotary-2024\/fr\/produits\/accessoires-ponts-elevateurs-fr\/accessoires-ponts-elevateurs-a-ciseaux-fr\/kit-de-rampes-dacces-pour-exalift-hdvl-2510-mm-galvanise\/"},{"id":379364,"cdmm_p_id":"467493","name":"Kit de rampes d&#039;acc\u00e8s pour ExaLift HDVL | 3300 mm | galvanis\u00e9","description":"3300 mm, version galvanis\u00e9e \u00e0 chaud | id\u00e9ales pour les v\u00e9hicules surbaiss\u00e9s, \u00e0 cheviller au sol (mat\u00e9riel de fixation non compris) | pour ExaLift HDVL | 1 jeu \/ 2 pi\u00e8ces","thumbnail":"https:\/\/dev.codekraft.it\/rotary-2024\/wp-content\/uploads\/brb_media\/00378096_scissor-lift-exalift-hdsl-ramps-di-150x150.png","url":"https:\/\/dev.codekraft.it\/rotary-2024\/fr\/produits\/accessoires-ponts-elevateurs-fr\/accessoires-ponts-elevateurs-a-ciseaux-fr\/kit-de-rampes-dacces-pour-exalift-hdvl-3300-mm-galvanise\/"},{"id":382144,"cdmm_p_id":"499826","name":"Traverse de levage KP118PY","description":"13,5 t, hydropneumatique, v\u00e9rin 2 points de levage, incl. 4 rallonges (2x 200\/300 mm) et 2 tampons","thumbnail":"https:\/\/dev.codekraft.it\/rotary-2024\/wp-content\/uploads\/brb_media\/00508592_jacking-beam-kp118-mi-150x150.png","url":"https:\/\/dev.codekraft.it\/rotary-2024\/fr\/produits\/ponts-elevateurs-fr\/traverses-fr\/traverse-de-levage-kp118py\/"},{"id":381031,"cdmm_p_id":"497200","name":"Kit station de lavage pour ExaLift HDVL","description":"Vannes \u00e9tanches, boulons \u00e9quip\u00e9s de graisseurs, incl. unit\u00e9 de commande hydraulique et pupitre de commande | IP65 (composants \u00e9lectriques)","thumbnail":"","url":"https:\/\/dev.codekraft.it\/rotary-2024\/fr\/produits\/accessoires-ponts-elevateurs-fr\/accessoires-ponts-elevateurs-a-ciseaux-fr\/kit-station-de-lavage-pour-exalift-hdvl\/"},{"id":383231,"cdmm_p_id":"502034","name":"Rallonge de tuyau","description":"Groupe de commande positionn\u00e9 \u00e0 gauche dans le sens de la mont\u00e9e | vendu au m\u00e8tre (2 m fournis en standard dans la livraison - veuillez indiquer le nombre de m\u00e8tres suppl\u00e9mentaires n\u00e9cessaires)","thumbnail":"","url":"https:\/\/dev.codekraft.it\/rotary-2024\/fr\/produits\/accessoires-ponts-elevateurs-fr\/accessoires-ponts-elevateurs-a-ciseaux-fr\/rallonge-de-tuyau-5\/"},{"id":383394,"cdmm_p_id":"502131","name":"Rallonge de tuyau","description":"Groupe de commande positionn\u00e9 \u00e0 droite dans le sens de la mont\u00e9e | vendu au m\u00e8tre (2 m fournis en standard dans la livraison - veuillez indiquer le nombre de m\u00e8tres suppl\u00e9mentaires n\u00e9cessaires)","thumbnail":"","url":"https:\/\/dev.codekraft.it\/rotary-2024\/fr\/produits\/accessoires-ponts-elevateurs-fr\/accessoires-ponts-elevateurs-a-ciseaux-fr\/rallonge-de-tuyau-9\/"},{"id":383757,"cdmm_p_id":"502286","name":"Rallonge de tuyau","description":"Groupe de commande positionn\u00e9 \u00e0 droite dans le sens de la mont\u00e9e | vendu au m\u00e8tre (2 m fournis en standard dans la livraison - veuillez indiquer le nombre de m\u00e8tres suppl\u00e9mentaires n\u00e9cessaires)","thumbnail":"","url":"https:\/\/dev.codekraft.it\/rotary-2024\/fr\/produits\/accessoires-ponts-elevateurs-fr\/accessoires-ponts-elevateurs-a-ciseaux-fr\/rallonge-de-tuyau-13\/"},{"id":383751,"cdmm_p_id":"502285","name":"Rallonge de tuyau","description":"Groupe de commande positionn\u00e9 \u00e0 gauche dans le sens de la mont\u00e9e | vendu au m\u00e8tre (2 m fournis en standard dans la livraison - veuillez indiquer le nombre de m\u00e8tres suppl\u00e9mentaires n\u00e9cessaires)","thumbnail":"","url":"https:\/\/dev.codekraft.it\/rotary-2024\/fr\/produits\/accessoires-ponts-elevateurs-fr\/accessoires-ponts-elevateurs-a-ciseaux-fr\/rallonge-de-tuyau-12\/"}],"components":[],"related":[],"similar":[],"page_logo_src":"https:\/\/dev.codekraft.it\/rotary-2024\/wp-content\/uploads\/2024\/05\/cropped-rotary-logo-2022.png","lang":"fr","translations":{"fr":379444,"en":379442,"de":379443,"it":379445,"es":379446,"ru":379447},"pll_sync_post":[],"_links":{"self":[{"href":"https:\/\/dev.codekraft.it\/rotary-2024\/wp-json\/wp\/v2\/product\/379444","targetHints":{"allow":["GET"]}}],"collection":[{"href":"https:\/\/dev.codekraft.it\/rotary-2024\/wp-json\/wp\/v2\/product"}],"about":[{"href":"https:\/\/dev.codekraft.it\/rotary-2024\/wp-json\/wp\/v2\/types\/product"}],"wp:featuredmedia":[{"embeddable":true,"href":"https:\/\/dev.codekraft.it\/rotary-2024\/wp-json\/wp\/v2\/media\/350986"}],"wp:attachment":[{"href":"https:\/\/dev.codekraft.it\/rotary-2024\/wp-json\/wp\/v2\/media?parent=379444"}],"wp:term":[{"taxonomy":"product_cat","embeddable":true,"href":"https:\/\/dev.codekraft.it\/rotary-2024\/wp-json\/wp\/v2\/product_cat?post=379444"},{"taxonomy":"product_tag","embeddable":true,"href":"https:\/\/dev.codekraft.it\/rotary-2024\/wp-json\/wp\/v2\/product_tag?post=379444"},{"taxonomy":"product_approvals","embeddable":true,"href":"https:\/\/dev.codekraft.it\/rotary-2024\/wp-json\/wp\/v2\/product_approvals?post=379444"},{"taxonomy":"product_application","embeddable":true,"href":"https:\/\/dev.codekraft.it\/rotary-2024\/wp-json\/wp\/v2\/product_application?post=379444"}],"curies":[{"name":"wp","href":"https:\/\/api.w.org\/{rel}","templated":true}]}}