{"id":379376,"date":"2026-01-23T14:56:12","date_gmt":"2026-01-23T14:56:12","guid":{"rendered":"https:\/\/dev.codekraft.it\/rotary-2024\/products\/uncategorized\/pont-elevateur-a-ciseaux-vertical-exalift-hdvl-25-80-i-hg\/"},"modified":"2026-01-23T14:56:12","modified_gmt":"2026-01-23T14:56:12","slug":"pont-elevateur-a-ciseaux-vertical-exalift-hdvl-25-80-i-hg","status":"publish","type":"product","link":"https:\/\/dev.codekraft.it\/rotary-2024\/fr\/produits\/ponts-elevateurs-fr\/ponts-elevateurs-a-ciseaux-fr\/pont-elevateur-a-ciseaux-vertical-exalift-hdvl-25-80-i-hg\/","title":{"rendered":"Pont \u00e9l\u00e9vateur \u00e0 ciseaux vertical ExaLift HDVL 25-80-I-HG"},"content":{"rendered":"<p>Pont \u00e9l\u00e9vateur \u00e0 ciseaux robuste pour camions avec libert\u00e9 de mouvement et design extraordinaires. Les dimensions minimales avec pont lev\u00e9 se d\u00e9marquent avec la plateforme pour charge lourde.<\/p>\n<ul>\n<li>Longueurs de rails sp\u00e9ciales sur demande<\/li>\n<li>La synchronisation \u00e9lectronique des deux rails de guidage s\u2019effectue ind\u00e9pendamment de la distribution de charge.<\/li>\n<li>Les clavettes de s\u00e9curit\u00e9 m\u00e9caniques avec les trains d\u2019engrenage assurent une s\u00e9curit\u00e9 maximale du v\u00e9hicule en position lev\u00e9e.<\/li>\n<\/ul>\n<ul>\n<li>L\u2019installation dans le sol est possible. En option, un nivellement au sol est disponible.<\/li>\n<li>En option, les ponts \u00e9l\u00e9vateurs pour charge lourde sont \u00e9galement disponibles en version station de lavage (galvanis\u00e9e).<\/li>\n<li>Le panneau de commande convivial peut s\u2019adapter aux \u00adconditions locales.<\/li>\n<\/ul>\n<ul>\n<li>Les rails d\u2019acc\u00e8s sont relev\u00e9s \u00e0 la verticale, \u00e9conomisant ainsi l\u2019espace suppl\u00e9mentaire toujours n\u00e9cessaire avec un pont \u00e9l\u00e9vateur \u00e0 parall\u00e9logramme.<\/li>\n<li>Comme le pont \u00e9l\u00e9vateur \u00e0 ciseaux est peu encombrant, le technicien peut parfaitement se d\u00e9placer sous les rails d\u2019acc\u00e8s, car il ne g\u00eane pas les ciseaux, les colonnes ou les poutres transversales.<\/li>\n<li>Les surfaces des rails d\u2019acc\u00e8s sont faites en t\u00f4le larm\u00e9e antid\u00e9rapante.<\/li>\n<li>Diff\u00e9rentes capacit\u00e9s et longueurs de rail peuvent \u00eatre r\u00e9alis\u00e9es selon la disposition et le type de ponts \u00e9l\u00e9vateurs \u00e0 ciseaux.<\/li>\n<li>Tous les ponts \u00e9l\u00e9vateurs de la s\u00e9rie HDVL sont disponibles en version au-dessus du sol ou sous le sol. Une solution optimale pour un espace de travail rationnel. Les rails d\u2019acc\u00e8s install\u00e9s au niveau du sol peuvent \u00eatre travers\u00e9s de mani\u00e8re lat\u00e9rale. Avec le pont \u00e9l\u00e9vateur lev\u00e9, un \u00e9quilibre au sol optionnel peut \u00eatre install\u00e9 entre deux ponts \u00e9l\u00e9vateurs \u00e0 ciseaux. Cela permet de parfaitement acc\u00e9der, par exemple, avec un connecteur de transmission sous le centre du v\u00e9hicule.<\/li>\n<li>Les supports de plancher sont galvanis\u00e9s \u00e0 chaud et ainsi prot\u00e9g\u00e9s de fa\u00e7on optimale contre la corrosion.<\/li>\n<li>Montage facile en raison de l\u2019absence de ch\u00e2ssis de montage.<\/li>\n<li>Des dispositifs de s\u00e9curit\u00e9 en cas de renversement et de retournement aux extr\u00e9mit\u00e9s des rails prot\u00e8gent le v\u00e9hicule contre les chutes.<\/li>\n<\/ul>\n","protected":false},"excerpt":{"rendered":"<p>25 t, longueur de plateforme 8000 mm, \u00e9lectro-hydraulique, clavette de s\u00e9curit\u00e9, sous le sol, version galvanis\u00e9e \u00e0 chaud, pupitre de commande peinte<\/p>\n","protected":false},"featured_media":350986,"template":"","meta":[],"product_cat":[1033760],"product_tag":[1034145,1034128,1034197,1034180],"product_approvals":[],"product_application":[],"class_list":{"0":"post-379376","1":"product","2":"type-product","3":"status-publish","4":"has-post-thumbnail","6":"product_cat-ponts-elevateurs-a-ciseaux-fr","7":"product_tag-buses-fr","8":"product_tag-trucks-fr","9":"product_tag-motor-homes-fr","10":"product_tag-light-commercial-fr","12":"first","13":"instock","14":"shipping-taxable","15":"product-type-simple"},"approvals":[],"application":[],"brb_media_brochure":[{"id":379259,"url":"https:\/\/dev.codekraft.it\/rotary-2024\/wp-content\/uploads\/brb_media\/00557854_scissor-lift-exalift-hdvl-br-de-2026-01-screen.pdf","title":"Scissor Lift ExaLift HDVL BR DE 2026 01 screen","thumbnail":"https:\/\/dev.codekraft.it\/rotary-2024\/wp-content\/uploads\/brb_media\/00557854_scissor-lift-exalift-hdvl-br-de-2026-01-screen-pdf-106x150.png","description":""},{"id":379260,"url":"https:\/\/dev.codekraft.it\/rotary-2024\/wp-content\/uploads\/brb_media\/00557855_scissor-lift-exalift-hdvl-br-en-2026-01-screen-.pdf","title":"Scissor Lift ExaLift HDVL BR EN 2026 01 screen","thumbnail":"https:\/\/dev.codekraft.it\/rotary-2024\/wp-content\/uploads\/brb_media\/00557855_scissor-lift-exalift-hdvl-br-en-2026-01-screen--pdf-106x150.png","description":""}],"brb_media_drawing":[{"id":351005,"url":"https:\/\/dev.codekraft.it\/rotary-2024\/wp-content\/uploads\/brb_media\/00407673_exa-lift_sfp_hdvl25-80-i_8582.pdf","title":"exa lift sfp hdvl25 80 i 8582","thumbnail":"https:\/\/dev.codekraft.it\/rotary-2024\/wp-content\/uploads\/brb_media\/00407673_exa-lift_sfp_hdvl25-80-i_8582-pdf-150x106.png","description":""},{"id":351006,"url":"https:\/\/dev.codekraft.it\/rotary-2024\/wp-content\/uploads\/brb_media\/00407675_exa-lift_sfpf_hdvl25-80-i_8888.pdf","title":"exa lift sfpf hdvl25 80 i 8888","thumbnail":"https:\/\/dev.codekraft.it\/rotary-2024\/wp-content\/uploads\/brb_media\/00407675_exa-lift_sfpf_hdvl25-80-i_8888-pdf-150x106.png","description":""},{"id":351007,"url":"https:\/\/dev.codekraft.it\/rotary-2024\/wp-content\/uploads\/brb_media\/00407683_exa-lift_rfp_hdvl25-80-i_8601.pdf","title":"exa lift rfp hdvl25 80 i 8601","thumbnail":"https:\/\/dev.codekraft.it\/rotary-2024\/wp-content\/uploads\/brb_media\/00407683_exa-lift_rfp_hdvl25-80-i_8601-pdf-150x106.png","description":""},{"id":351008,"url":"https:\/\/dev.codekraft.it\/rotary-2024\/wp-content\/uploads\/brb_media\/00421656_exa-lift_sfpj_hdvl25-80-i_8877.pdf","title":"exa lift sfpj hdvl25 80 i 8877","thumbnail":"https:\/\/dev.codekraft.it\/rotary-2024\/wp-content\/uploads\/brb_media\/00421656_exa-lift_sfpj_hdvl25-80-i_8877-pdf-150x106.png","description":""}],"brb_media_manuals":[{"id":350993,"url":"https:\/\/dev.codekraft.it\/rotary-2024\/wp-content\/uploads\/brb_media\/00512701_scissor-lifts-hdvl_20-25-35_hdvl-20l-25l-35l-im-0596-m004-0-rev4-multi-2023-11.pdf","title":"Scissor Lifts HDVL 20 25 35 HDVL 20l 25l 35l IM 0596 M004 0 rev4 multi 2023 11","thumbnail":"https:\/\/dev.codekraft.it\/rotary-2024\/wp-content\/uploads\/brb_media\/00512701_scissor-lifts-hdvl_20-25-35_hdvl-20l-25l-35l-im-0596-m004-0-rev4-multi-2023-11-pdf-106x150.png","description":""}],"brb_media_safety_datasheets":"","brb_media_spare_parts":[],"_cdmm_p_id":"467498","_company":"Elektron","_gtin":"4057612669008","accessories":[{"id":377373,"cdmm_p_id":"12","name":"Traverse de levage GHUSKTP 14\/14","description":"14\/14 t, 330 mm course, hydropneumatique, v\u00e9rin d'essieu \u00e0 point de levage central, 2 fois t\u00e9lescopique, pression de service 10 bar, diam\u00e8tre d'ergot 55 mm","thumbnail":"https:\/\/dev.codekraft.it\/rotary-2024\/wp-content\/uploads\/brb_media\/00022493-150x150.png","url":"https:\/\/dev.codekraft.it\/rotary-2024\/fr\/produits\/ponts-elevateurs-fr\/traverses-fr\/traverse-de-levage-ghusktp-14-14\/"},{"id":379340,"cdmm_p_id":"467471","name":"Commande jumel\u00e9e Twin | pour Exa Lift HDVL","description":"2 \u00e9l\u00e9vateurs \u00e0 mouvements synchronis\u00e9s ou ind\u00e9pendants | incl. 2 bo\u00eetiers de commande s\u00e9par\u00e9s avec \u00e9l\u00e9ments de commande et c\u00e2ble avec connecteur","thumbnail":"https:\/\/dev.codekraft.it\/rotary-2024\/wp-content\/uploads\/brb_media\/00437966_scissor-lift-exalift-hdvl-twin-operating-unit-washing-hall-di-150x150.png","url":"https:\/\/dev.codekraft.it\/rotary-2024\/fr\/produits\/accessoires-ponts-elevateurs-fr\/accessoires-ponts-elevateurs-a-ciseaux-fr\/commande-jumelee-twin-pour-exa-lift-hdvl\/"},{"id":379316,"cdmm_p_id":"467447","name":"Kit d&#039;\u00e9clairage LED pour Exa Lift HDVL | 6 voies","description":"6 voies | pour pont \u00e9l\u00e9vateur HDVL avec longueur de plateforme\u00a0de 8, 9 ou 10 m | adapt\u00e9 les stations de lavage, mont\u00e9 sur la face int\u00e9rieure des rails","thumbnail":"https:\/\/dev.codekraft.it\/rotary-2024\/wp-content\/uploads\/brb_media\/00377958_scissor-lift-exalift-hdsl-with-led-light-di-150x150.png","url":"https:\/\/dev.codekraft.it\/rotary-2024\/fr\/produits\/accessoires-ponts-elevateurs-fr\/accessoires-ponts-elevateurs-a-ciseaux-fr\/kit-declairage-led-pour-exa-lift-hdvl-6-voies\/"},{"id":379322,"cdmm_p_id":"467448","name":"Kit d&#039;\u00e9clairage LED pour Exa Lift HDVL | 8 voies","description":"8 voies | pour pont \u00e9l\u00e9vateur HDVL avec longueur de plateforme\u00a0de 11, 12, 13 ou 14,5 m | adapt\u00e9 les stations de lavage, mont\u00e9 sur la face int\u00e9rieure des rails","thumbnail":"https:\/\/dev.codekraft.it\/rotary-2024\/wp-content\/uploads\/brb_media\/00377958_scissor-lift-exalift-hdsl-with-led-light-di-150x150.png","url":"https:\/\/dev.codekraft.it\/rotary-2024\/fr\/produits\/accessoires-ponts-elevateurs-fr\/accessoires-ponts-elevateurs-a-ciseaux-fr\/kit-declairage-led-pour-exa-lift-hdvl-8-voies\/"},{"id":379358,"cdmm_p_id":"467492","name":"Kit de rampes d&#039;acc\u00e8s pour ExaLift HDVL | 2510 mm | galvanis\u00e9","description":"2510 mm, version galvanis\u00e9e \u00e0 chaud | id\u00e9ales pour les v\u00e9hicules surbaiss\u00e9s, \u00e0 cheviller au sol (mat\u00e9riel de fixation non compris) | pour ExaLift HDVL | 1 jeu \/ 2 pi\u00e8ces","thumbnail":"https:\/\/dev.codekraft.it\/rotary-2024\/wp-content\/uploads\/brb_media\/00378096_scissor-lift-exalift-hdsl-ramps-di-150x150.png","url":"https:\/\/dev.codekraft.it\/rotary-2024\/fr\/produits\/accessoires-ponts-elevateurs-fr\/accessoires-ponts-elevateurs-a-ciseaux-fr\/kit-de-rampes-dacces-pour-exalift-hdvl-2510-mm-galvanise\/"},{"id":379364,"cdmm_p_id":"467493","name":"Kit de rampes d&#039;acc\u00e8s pour ExaLift HDVL | 3300 mm | galvanis\u00e9","description":"3300 mm, version galvanis\u00e9e \u00e0 chaud | id\u00e9ales pour les v\u00e9hicules surbaiss\u00e9s, \u00e0 cheviller au sol (mat\u00e9riel de fixation non compris) | pour ExaLift HDVL | 1 jeu \/ 2 pi\u00e8ces","thumbnail":"https:\/\/dev.codekraft.it\/rotary-2024\/wp-content\/uploads\/brb_media\/00378096_scissor-lift-exalift-hdsl-ramps-di-150x150.png","url":"https:\/\/dev.codekraft.it\/rotary-2024\/fr\/produits\/accessoires-ponts-elevateurs-fr\/accessoires-ponts-elevateurs-a-ciseaux-fr\/kit-de-rampes-dacces-pour-exalift-hdvl-3300-mm-galvanise\/"},{"id":379394,"cdmm_p_id":"467502","name":"Mise \u00e0 niveau du sol pour HDVL 25\/35-80-I | galvanis\u00e9","description":"Couvercle de s\u00e9curit\u00e9 de l'ouverture de fondation lorsque la plate-forme \u00e9l\u00e9vatrice est lev\u00e9e, capacit\u00e9 de charge 500 kg, version galvanis\u00e9e \u00e0 chaud | pour \u00e9l\u00e9vateur HDVL avec longueur de plateforme\u00a0de 8 m","thumbnail":"https:\/\/dev.codekraft.it\/rotary-2024\/wp-content\/uploads\/brb_media\/00377921_scissor-lift-exalift-hdsl-in-ground-01-mi-no-vehicle--150x150.png","url":"https:\/\/dev.codekraft.it\/rotary-2024\/fr\/produits\/accessoires-ponts-elevateurs-fr\/accessoires-ponts-elevateurs-a-ciseaux-fr\/mise-a-niveau-du-sol-pour-hdvl-25-35-80-i-galvanise\/"},{"id":382144,"cdmm_p_id":"499826","name":"Traverse de levage KP118PY","description":"13,5 t, hydropneumatique, v\u00e9rin 2 points de levage, incl. 4 rallonges (2x 200\/300 mm) et 2 tampons","thumbnail":"https:\/\/dev.codekraft.it\/rotary-2024\/wp-content\/uploads\/brb_media\/00508592_jacking-beam-kp118-mi-150x150.png","url":"https:\/\/dev.codekraft.it\/rotary-2024\/fr\/produits\/ponts-elevateurs-fr\/traverses-fr\/traverse-de-levage-kp118py\/"},{"id":381031,"cdmm_p_id":"497200","name":"Kit station de lavage pour ExaLift HDVL","description":"Vannes \u00e9tanches, boulons \u00e9quip\u00e9s de graisseurs, incl. unit\u00e9 de commande hydraulique et pupitre de commande | IP65 (composants \u00e9lectriques)","thumbnail":"","url":"https:\/\/dev.codekraft.it\/rotary-2024\/fr\/produits\/accessoires-ponts-elevateurs-fr\/accessoires-ponts-elevateurs-a-ciseaux-fr\/kit-station-de-lavage-pour-exalift-hdvl\/"},{"id":383231,"cdmm_p_id":"502034","name":"Rallonge de tuyau","description":"Groupe de commande positionn\u00e9 \u00e0 gauche dans le sens de la mont\u00e9e | vendu au m\u00e8tre (2 m fournis en standard dans la livraison - veuillez indiquer le nombre de m\u00e8tres suppl\u00e9mentaires n\u00e9cessaires)","thumbnail":"","url":"https:\/\/dev.codekraft.it\/rotary-2024\/fr\/produits\/accessoires-ponts-elevateurs-fr\/accessoires-ponts-elevateurs-a-ciseaux-fr\/rallonge-de-tuyau-5\/"},{"id":383394,"cdmm_p_id":"502131","name":"Rallonge de tuyau","description":"Groupe de commande positionn\u00e9 \u00e0 droite dans le sens de la mont\u00e9e | vendu au m\u00e8tre (2 m fournis en standard dans la livraison - veuillez indiquer le nombre de m\u00e8tres suppl\u00e9mentaires n\u00e9cessaires)","thumbnail":"","url":"https:\/\/dev.codekraft.it\/rotary-2024\/fr\/produits\/accessoires-ponts-elevateurs-fr\/accessoires-ponts-elevateurs-a-ciseaux-fr\/rallonge-de-tuyau-9\/"},{"id":383757,"cdmm_p_id":"502286","name":"Rallonge de tuyau","description":"Groupe de commande positionn\u00e9 \u00e0 droite dans le sens de la mont\u00e9e | vendu au m\u00e8tre (2 m fournis en standard dans la livraison - veuillez indiquer le nombre de m\u00e8tres suppl\u00e9mentaires n\u00e9cessaires)","thumbnail":"","url":"https:\/\/dev.codekraft.it\/rotary-2024\/fr\/produits\/accessoires-ponts-elevateurs-fr\/accessoires-ponts-elevateurs-a-ciseaux-fr\/rallonge-de-tuyau-13\/"},{"id":383751,"cdmm_p_id":"502285","name":"Rallonge de tuyau","description":"Groupe de commande positionn\u00e9 \u00e0 gauche dans le sens de la mont\u00e9e | vendu au m\u00e8tre (2 m fournis en standard dans la livraison - veuillez indiquer le nombre de m\u00e8tres suppl\u00e9mentaires n\u00e9cessaires)","thumbnail":"","url":"https:\/\/dev.codekraft.it\/rotary-2024\/fr\/produits\/accessoires-ponts-elevateurs-fr\/accessoires-ponts-elevateurs-a-ciseaux-fr\/rallonge-de-tuyau-12\/"}],"components":[],"related":[],"similar":[],"lang":"fr","translations":{"fr":379376,"en":379374,"de":379375,"it":379377,"es":379378,"ru":379379},"pll_sync_post":[],"_links":{"self":[{"href":"https:\/\/dev.codekraft.it\/rotary-2024\/wp-json\/wp\/v2\/product\/379376","targetHints":{"allow":["GET"]}}],"collection":[{"href":"https:\/\/dev.codekraft.it\/rotary-2024\/wp-json\/wp\/v2\/product"}],"about":[{"href":"https:\/\/dev.codekraft.it\/rotary-2024\/wp-json\/wp\/v2\/types\/product"}],"wp:featuredmedia":[{"embeddable":true,"href":"https:\/\/dev.codekraft.it\/rotary-2024\/wp-json\/wp\/v2\/media\/350986"}],"wp:attachment":[{"href":"https:\/\/dev.codekraft.it\/rotary-2024\/wp-json\/wp\/v2\/media?parent=379376"}],"wp:term":[{"taxonomy":"product_cat","embeddable":true,"href":"https:\/\/dev.codekraft.it\/rotary-2024\/wp-json\/wp\/v2\/product_cat?post=379376"},{"taxonomy":"product_tag","embeddable":true,"href":"https:\/\/dev.codekraft.it\/rotary-2024\/wp-json\/wp\/v2\/product_tag?post=379376"},{"taxonomy":"product_approvals","embeddable":true,"href":"https:\/\/dev.codekraft.it\/rotary-2024\/wp-json\/wp\/v2\/product_approvals?post=379376"},{"taxonomy":"product_application","embeddable":true,"href":"https:\/\/dev.codekraft.it\/rotary-2024\/wp-json\/wp\/v2\/product_application?post=379376"}],"curies":[{"name":"wp","href":"https:\/\/api.w.org\/{rel}","templated":true}]}}