{"id":379358,"date":"2025-12-11T10:10:50","date_gmt":"2025-12-11T10:10:50","guid":{"rendered":"https:\/\/dev.codekraft.it\/rotary-2024\/products\/uncategorized\/kit-de-rampes-dacces-pour-exalift-hdvl-2510-mm-galvanise\/"},"modified":"2025-12-11T10:10:50","modified_gmt":"2025-12-11T10:10:50","slug":"kit-de-rampes-dacces-pour-exalift-hdvl-2510-mm-galvanise","status":"publish","type":"product","link":"https:\/\/dev.codekraft.it\/rotary-2024\/fr\/produits\/accessoires-ponts-elevateurs-fr\/accessoires-ponts-elevateurs-a-ciseaux-fr\/kit-de-rampes-dacces-pour-exalift-hdvl-2510-mm-galvanise\/","title":{"rendered":"Kit de rampes d&#039;acc\u00e8s pour ExaLift HDVL | 2510 mm | galvanis\u00e9"},"content":{"rendered":"","protected":false},"excerpt":{"rendered":"<p>2510 mm, version galvanis\u00e9e \u00e0 chaud | id\u00e9ales pour les v\u00e9hicules surbaiss\u00e9s, \u00e0 cheviller au sol (mat\u00e9riel de fixation non compris) | pour ExaLift HDVL | 1 jeu \/ 2 pi\u00e8ces<\/p>\n","protected":false},"featured_media":351088,"template":"","meta":[],"product_cat":[1033762],"product_tag":[1034145,1034128,1034197,1034180],"product_approvals":[],"product_application":[],"class_list":{"0":"post-379358","1":"product","2":"type-product","3":"status-publish","4":"has-post-thumbnail","6":"product_cat-accessoires-ponts-elevateurs-a-ciseaux-fr","7":"product_tag-buses-fr","8":"product_tag-trucks-fr","9":"product_tag-motor-homes-fr","10":"product_tag-light-commercial-fr","12":"first","13":"instock","14":"shipping-taxable","15":"product-type-simple"},"approvals":[],"application":[],"brb_media_brochure":"","brb_media_drawing":"","brb_media_manuals":"","brb_media_safety_datasheets":"","brb_media_spare_parts":[],"_cdmm_p_id":"467492","_company":"Elektron","_gtin":"4057612669169","accessories":[],"components":[],"related":[],"similar":[],"lang":"fr","translations":{"fr":379358,"en":379356,"de":379357,"it":379359,"es":379360,"ru":379361},"pll_sync_post":[],"_links":{"self":[{"href":"https:\/\/dev.codekraft.it\/rotary-2024\/wp-json\/wp\/v2\/product\/379358","targetHints":{"allow":["GET"]}}],"collection":[{"href":"https:\/\/dev.codekraft.it\/rotary-2024\/wp-json\/wp\/v2\/product"}],"about":[{"href":"https:\/\/dev.codekraft.it\/rotary-2024\/wp-json\/wp\/v2\/types\/product"}],"wp:featuredmedia":[{"embeddable":true,"href":"https:\/\/dev.codekraft.it\/rotary-2024\/wp-json\/wp\/v2\/media\/351088"}],"wp:attachment":[{"href":"https:\/\/dev.codekraft.it\/rotary-2024\/wp-json\/wp\/v2\/media?parent=379358"}],"wp:term":[{"taxonomy":"product_cat","embeddable":true,"href":"https:\/\/dev.codekraft.it\/rotary-2024\/wp-json\/wp\/v2\/product_cat?post=379358"},{"taxonomy":"product_tag","embeddable":true,"href":"https:\/\/dev.codekraft.it\/rotary-2024\/wp-json\/wp\/v2\/product_tag?post=379358"},{"taxonomy":"product_approvals","embeddable":true,"href":"https:\/\/dev.codekraft.it\/rotary-2024\/wp-json\/wp\/v2\/product_approvals?post=379358"},{"taxonomy":"product_application","embeddable":true,"href":"https:\/\/dev.codekraft.it\/rotary-2024\/wp-json\/wp\/v2\/product_application?post=379358"}],"curies":[{"name":"wp","href":"https:\/\/api.w.org\/{rel}","templated":true}]}}