{"id":379322,"date":"2025-12-11T10:10:50","date_gmt":"2025-12-11T10:10:50","guid":{"rendered":"https:\/\/dev.codekraft.it\/rotary-2024\/products\/uncategorized\/kit-declairage-led-pour-exa-lift-hdvl-8-voies\/"},"modified":"2025-12-11T10:10:50","modified_gmt":"2025-12-11T10:10:50","slug":"kit-declairage-led-pour-exa-lift-hdvl-8-voies","status":"publish","type":"product","link":"https:\/\/dev.codekraft.it\/rotary-2024\/fr\/produits\/accessoires-ponts-elevateurs-fr\/accessoires-ponts-elevateurs-a-ciseaux-fr\/kit-declairage-led-pour-exa-lift-hdvl-8-voies\/","title":{"rendered":"Kit d&#039;\u00e9clairage LED pour Exa Lift HDVL | 8 voies"},"content":{"rendered":"","protected":false},"excerpt":{"rendered":"<p>8 voies | pour pont \u00e9l\u00e9vateur HDVL avec longueur de plateforme\u00a0de 11, 12, 13 ou 14,5 m | adapt\u00e9 les stations de lavage, mont\u00e9 sur la face int\u00e9rieure des rails<\/p>\n","protected":false},"featured_media":351074,"template":"","meta":[],"product_cat":[1033762],"product_tag":[1034145,1034128,1034197,1034180],"product_approvals":[],"product_application":[],"class_list":{"0":"post-379322","1":"product","2":"type-product","3":"status-publish","4":"has-post-thumbnail","6":"product_cat-accessoires-ponts-elevateurs-a-ciseaux-fr","7":"product_tag-buses-fr","8":"product_tag-trucks-fr","9":"product_tag-motor-homes-fr","10":"product_tag-light-commercial-fr","12":"first","13":"instock","14":"shipping-taxable","15":"product-type-simple"},"approvals":[],"application":[],"brb_media_brochure":"","brb_media_drawing":"","brb_media_manuals":"","brb_media_safety_datasheets":"","brb_media_spare_parts":[],"_cdmm_p_id":"467448","_company":"Elektron","_gtin":"4057612666441","accessories":[],"components":[],"related":[],"similar":[],"lang":"fr","translations":{"fr":379322,"en":379320,"de":379321,"it":379323,"es":379324,"ru":379325},"pll_sync_post":[],"_links":{"self":[{"href":"https:\/\/dev.codekraft.it\/rotary-2024\/wp-json\/wp\/v2\/product\/379322","targetHints":{"allow":["GET"]}}],"collection":[{"href":"https:\/\/dev.codekraft.it\/rotary-2024\/wp-json\/wp\/v2\/product"}],"about":[{"href":"https:\/\/dev.codekraft.it\/rotary-2024\/wp-json\/wp\/v2\/types\/product"}],"wp:featuredmedia":[{"embeddable":true,"href":"https:\/\/dev.codekraft.it\/rotary-2024\/wp-json\/wp\/v2\/media\/351074"}],"wp:attachment":[{"href":"https:\/\/dev.codekraft.it\/rotary-2024\/wp-json\/wp\/v2\/media?parent=379322"}],"wp:term":[{"taxonomy":"product_cat","embeddable":true,"href":"https:\/\/dev.codekraft.it\/rotary-2024\/wp-json\/wp\/v2\/product_cat?post=379322"},{"taxonomy":"product_tag","embeddable":true,"href":"https:\/\/dev.codekraft.it\/rotary-2024\/wp-json\/wp\/v2\/product_tag?post=379322"},{"taxonomy":"product_approvals","embeddable":true,"href":"https:\/\/dev.codekraft.it\/rotary-2024\/wp-json\/wp\/v2\/product_approvals?post=379322"},{"taxonomy":"product_application","embeddable":true,"href":"https:\/\/dev.codekraft.it\/rotary-2024\/wp-json\/wp\/v2\/product_application?post=379322"}],"curies":[{"name":"wp","href":"https:\/\/api.w.org\/{rel}","templated":true}]}}