{"id":379229,"date":"2025-12-11T10:04:36","date_gmt":"2025-12-11T10:04:36","guid":{"rendered":"https:\/\/dev.codekraft.it\/rotary-2024\/products\/uncategorized\/doppelscheren-hebebuhne-ds35ex\/"},"modified":"2025-12-11T10:04:36","modified_gmt":"2025-12-11T10:04:36","slug":"doppelscheren-hebebuhne-ds35ex","status":"publish","type":"product","link":"https:\/\/dev.codekraft.it\/rotary-2024\/produkte\/hebebuhnen-de\/doppelscheren-hebebuhnen-de\/doppelscheren-hebebuhne-ds35ex\/","title":{"rendered":"Doppelscheren-Hebeb\u00fchne DS35EX"},"content":{"rendered":"<p>Speziell f\u00fcr den Service- und Reparaturbereich ist die Low-Profile Doppelscheren-Hebeb\u00fchne DS35EX konzipiert. Die EX-Variante erlaubt sogar die sichere Aufnahme von VW T5 \/ T6, Mercedes V-Klasse und Opel Movano (kurze Radst\u00e4nde) sowie lange Oberklasselimousinen wie z. B. BMW 7er-Serie G12.<\/p>\n<ul>\n<li>Verstellm\u00f6glichkeit der Aufnahme bis 2350 mm<\/li>\n<li>Sehr stabiler Stahlbau<\/li>\n<\/ul>\n<ul>\n<li>Das redundante doppelte Master-Slave-Hydrauliksystem erm\u00f6glicht den Verzicht auf zus\u00e4tzliche Sicherheitsklinken. Doppelte Sicherheit, die ein einseitiges Anheben bzw. Absenken verhindert.<\/li>\n<li>Bei bodenebenem Einbau problemlose Bedienung des Auszugs m\u00f6glich.<\/li>\n<li>Die intelligente Konstruktion erlaubt einfachste Handhabung des Auszugs auch bei dar\u00fcberstehendem Fahrzeug.<\/li>\n<li>Eine einfache \u00dcberflurmontage ist m\u00f6glich, da die B\u00fchne \u00fcber eine geringe \u00dcberfahrh\u00f6he verf\u00fcgt.<\/li>\n<li>Im Lieferumfang enthaltene Gummipads sch\u00fctzen den Unterboden des Fahrzeugs zuverl\u00e4ssig.<\/li>\n<\/ul>\n<ul>\n<li>Der serienm\u00e4\u00dfige CE-Stopp gew\u00e4hrleistet einen Fu\u00dfschutz ohne Fu\u00dfabweiser. Auch ein Unterflureinbau wird damit erm\u00f6glicht.<\/li>\n<li>Die geringe \u00dcberfahrh\u00f6he erleichtert die Aufnahme von Fahrzeugen mit geringer Bodenfreiheit.<\/li>\n<li>Die Konstruktion \u00fcberzeugt durch h\u00f6chste Stabilit\u00e4t. Die sind aus Scheren aus Vollmaterial.<\/li>\n<li>Alle Hydraulikzylinder sind schraubbar ausgef\u00fchrt. Damit wird die Servicefreundlichkeit erh\u00f6ht.<\/li>\n<li>Das vollhydraulische System mit integrierter Selbstentl\u00fcftung sorgt f\u00fcr eine zuverl\u00e4ssige Funktion auch bei verschmutzter Umgebung.<\/li>\n<li>Am Boden stehende Rampen sch\u00fctzen die Hydraulikleitungen und erm\u00f6glichen ein sicheres Auffahren.<\/li>\n<li>Eine Notabsenkung bei Stromausfall ist problemlos m\u00f6glich.<\/li>\n<\/ul>\n","protected":false},"excerpt":{"rendered":"<p>3,5 t, elektrohydraulisch<\/p>\n","protected":false},"featured_media":350855,"template":"","meta":[],"product_cat":[1033676],"product_tag":[1034161],"product_approvals":[],"product_application":[],"class_list":{"0":"post-379229","1":"product","2":"type-product","3":"status-publish","4":"has-post-thumbnail","6":"product_cat-doppelscheren-hebebuhnen-de","7":"product_tag-passenger-cars-de","9":"first","10":"instock","11":"shipping-taxable","12":"product-type-simple"},"approvals":[],"application":[],"brb_media_brochure":[{"id":350856,"url":"https:\/\/dev.codekraft.it\/rotary-2024\/wp-content\/uploads\/brb_media\/00435045_double-scissor-lift-ds35ex-br-125658-de-2020-04_screen.pdf","title":"double scissor lift ds35ex br 125658 de 2020 04 screen","thumbnail":"https:\/\/dev.codekraft.it\/rotary-2024\/wp-content\/uploads\/brb_media\/00435045_double-scissor-lift-ds35ex-br-125658-de-2020-04_screen-pdf-106x150.png","description":""},{"id":350857,"url":"https:\/\/dev.codekraft.it\/rotary-2024\/wp-content\/uploads\/brb_media\/00435046_double-scissor-lift-ds35ex-br-125659-en-2020-04_screen.pdf","title":"double scissor lift ds35ex br 125659 en 2020 04 screen","thumbnail":"https:\/\/dev.codekraft.it\/rotary-2024\/wp-content\/uploads\/brb_media\/00435046_double-scissor-lift-ds35ex-br-125659-en-2020-04_screen-pdf-106x150.png","description":""},{"id":350858,"url":"https:\/\/dev.codekraft.it\/rotary-2024\/wp-content\/uploads\/brb_media\/00435047_double-scissor-lift-ds35ex-br-125660-fr-2020-04_screen.pdf","title":"double scissor lift ds35ex br 125660 fr 2020 04 screen","thumbnail":"https:\/\/dev.codekraft.it\/rotary-2024\/wp-content\/uploads\/brb_media\/00435047_double-scissor-lift-ds35ex-br-125660-fr-2020-04_screen-pdf-106x150.png","description":""},{"id":350859,"url":"https:\/\/dev.codekraft.it\/rotary-2024\/wp-content\/uploads\/brb_media\/00435049_double-scissor-lift-ds35ex-br-125662-it-2020-04_screen.pdf","title":"double scissor lift ds35ex br 125662 it 2020 04 screen","thumbnail":"https:\/\/dev.codekraft.it\/rotary-2024\/wp-content\/uploads\/brb_media\/00435049_double-scissor-lift-ds35ex-br-125662-it-2020-04_screen-pdf-106x150.png","description":""},{"id":350860,"url":"https:\/\/dev.codekraft.it\/rotary-2024\/wp-content\/uploads\/brb_media\/00435050_double-scissor-lift-ds35ex-br-125661-es-2020-04_screen.pdf","title":"double scissor lift ds35ex br 125661 es 2020 04 screen","thumbnail":"https:\/\/dev.codekraft.it\/rotary-2024\/wp-content\/uploads\/brb_media\/00435050_double-scissor-lift-ds35ex-br-125661-es-2020-04_screen-pdf-106x150.png","description":""},{"id":350861,"url":"https:\/\/dev.codekraft.it\/rotary-2024\/wp-content\/uploads\/brb_media\/00435052_double-scissor-lift-ds35ex-br-125663-ru-2020-04_screen.pdf","title":"double scissor lift ds35ex br 125663 ru 2020 04 screen","thumbnail":"https:\/\/dev.codekraft.it\/rotary-2024\/wp-content\/uploads\/brb_media\/00435052_double-scissor-lift-ds35ex-br-125663-ru-2020-04_screen-pdf-106x150.png","description":""}],"brb_media_drawing":[{"id":350864,"url":"https:\/\/dev.codekraft.it\/rotary-2024\/wp-content\/uploads\/brb_media\/00407439_ds35ex-hg_8537.pdf","title":"ds35ex hg 8537","thumbnail":"https:\/\/dev.codekraft.it\/rotary-2024\/wp-content\/uploads\/brb_media\/00407439_ds35ex-hg_8537-pdf-150x106.png","description":""},{"id":350865,"url":"https:\/\/dev.codekraft.it\/rotary-2024\/wp-content\/uploads\/brb_media\/00407440_ds35ex-hg_8538.pdf","title":"ds35ex hg 8538","thumbnail":"https:\/\/dev.codekraft.it\/rotary-2024\/wp-content\/uploads\/brb_media\/00407440_ds35ex-hg_8538-pdf-150x106.png","description":""},{"id":350866,"url":"https:\/\/dev.codekraft.it\/rotary-2024\/wp-content\/uploads\/brb_media\/00407625_ds35ex-hg_bmw_8539.pdf","title":"ds35ex hg bmw 8539","thumbnail":"https:\/\/dev.codekraft.it\/rotary-2024\/wp-content\/uploads\/brb_media\/00407625_ds35ex-hg_bmw_8539-pdf-150x106.png","description":""},{"id":350867,"url":"https:\/\/dev.codekraft.it\/rotary-2024\/wp-content\/uploads\/brb_media\/00407626_ds35ex-hg_bmw_8540.pdf","title":"ds35ex hg bmw 8540","thumbnail":"https:\/\/dev.codekraft.it\/rotary-2024\/wp-content\/uploads\/brb_media\/00407626_ds35ex-hg_bmw_8540-pdf-150x106.png","description":""},{"id":350868,"url":"https:\/\/dev.codekraft.it\/rotary-2024\/wp-content\/uploads\/brb_media\/00407627_ds35ex-hg_8541.pdf","title":"ds35ex hg 8541","thumbnail":"https:\/\/dev.codekraft.it\/rotary-2024\/wp-content\/uploads\/brb_media\/00407627_ds35ex-hg_8541-pdf-150x106.png","description":""}],"brb_media_manuals":[{"id":375422,"url":"https:\/\/dev.codekraft.it\/rotary-2024\/wp-content\/uploads\/brb_media\/00535409_double-scissor-lift-ds35-om-dc-sp-de-2024-07-rev-c.pdf","title":"double scissor lift ds35 om dc sp de 2024 07 rev c","thumbnail":"https:\/\/dev.codekraft.it\/rotary-2024\/wp-content\/uploads\/brb_media\/00535409_double-scissor-lift-ds35-om-dc-sp-de-2024-07-rev-c-pdf-116x150.png","description":""},{"id":350519,"url":"https:\/\/dev.codekraft.it\/rotary-2024\/wp-content\/uploads\/brb_media\/00479456_double-scissor-lift-ds35-om-sp-en-2021-10-screen.pdf","title":"Double Scissor Lift DS35 OM SP en 2021 10 screen","thumbnail":"https:\/\/dev.codekraft.it\/rotary-2024\/wp-content\/uploads\/brb_media\/00479456_double-scissor-lift-ds35-om-sp-en-2021-10-screen-pdf-116x150.png","description":""},{"id":375423,"url":"https:\/\/dev.codekraft.it\/rotary-2024\/wp-content\/uploads\/brb_media\/00535410_double-scissor-lift-ds35-om-dc-sp-fr-2024-07-rev-c.pdf","title":"double scissor lift ds35 om dc sp fr 2024 07 rev c","thumbnail":"https:\/\/dev.codekraft.it\/rotary-2024\/wp-content\/uploads\/brb_media\/00535410_double-scissor-lift-ds35-om-dc-sp-fr-2024-07-rev-c-pdf-106x150.png","description":""},{"id":350520,"url":"https:\/\/dev.codekraft.it\/rotary-2024\/wp-content\/uploads\/brb_media\/00479457_double-scissor-lift-ds35-om-sp-it-2021-10-screen.pdf","title":"Double Scissor Lift DS35 OM SP it 2021 10 screen","thumbnail":"https:\/\/dev.codekraft.it\/rotary-2024\/wp-content\/uploads\/brb_media\/00479457_double-scissor-lift-ds35-om-sp-it-2021-10-screen-pdf-116x150.png","description":""}],"brb_media_safety_datasheets":"","brb_media_spare_parts":[],"_cdmm_p_id":"465045","_company":"Elektron","_gtin":"5063084195609","accessories":[{"id":378922,"cdmm_p_id":"418367","name":"Power-Kit 230 V","description":"","thumbnail":"https:\/\/dev.codekraft.it\/rotary-2024\/wp-content\/uploads\/brb_media\/00287569_ds-35-power-kit-230v-mi-150x150.png","url":"https:\/\/dev.codekraft.it\/rotary-2024\/produkte\/zubehor-hebebuhnen-de\/zubehor-doppelscheren-hebebuhnen-de\/power-kit-230-v-2\/"},{"id":381207,"cdmm_p_id":"497236","name":"Sportwagen-Rampen f\u00fcr DS35EX CAT","description":"Kataphorese- und pulverbeschichtet, RAL 7012","thumbnail":"https:\/\/dev.codekraft.it\/rotary-2024\/wp-content\/uploads\/brb_media\/00489193_sprmp-ds35excpbg-mi-150x150.jpg","url":"https:\/\/dev.codekraft.it\/rotary-2024\/produkte\/zubehor-hebebuhnen-de\/zubehor-doppelscheren-hebebuhnen-de\/sportwagen-rampen-fur-ds35ex-cat\/"},{"id":379525,"cdmm_p_id":"471109","name":"Gummikl\u00f6tze Pyramidenstumpf","description":"30 mm, mit Grippauflagen | 1 Satz \/ 4 St\u00fcck","thumbnail":"https:\/\/dev.codekraft.it\/rotary-2024\/wp-content\/uploads\/brb_media\/00392090-150x150.png","url":"https:\/\/dev.codekraft.it\/rotary-2024\/produkte\/zubehor-hebebuhnen-de\/zubehor-doppelscheren-hebebuhnen-de\/gummiklotze-pyramidenstumpf\/"},{"id":379531,"cdmm_p_id":"471110","name":"Gummikl\u00f6tze Pyramidenstumpf","description":"70 mm, mit Grippauflagen | 1 Satz \/ 4 St\u00fcck","thumbnail":"https:\/\/dev.codekraft.it\/rotary-2024\/wp-content\/uploads\/brb_media\/00392091_scissor-lift-ds-32-70-mm-rubber-pad-di-150x150.png","url":"https:\/\/dev.codekraft.it\/rotary-2024\/produkte\/zubehor-hebebuhnen-de\/zubehor-doppelscheren-hebebuhnen-de\/gummiklotze-pyramidenstumpf-2\/"},{"id":381201,"cdmm_p_id":"497235","name":"Unterflur-Kit DS35EX, mit Rahmen, ZP+7012","description":"Schalungsrahmen f\u00fcr Unterflurinstallation, verzinkt (inkl. Ausgleichsk\u00e4sten (1 Satz \/ 4 St\u00fcck))","thumbnail":"https:\/\/dev.codekraft.it\/rotary-2024\/wp-content\/uploads\/brb_media\/00489192_xx100025zpbg-mi-150x150.jpg","url":"https:\/\/dev.codekraft.it\/rotary-2024\/produkte\/zubehor-hebebuhnen-de\/zubehor-doppelscheren-hebebuhnen-de\/unterflur-kit-ds35ex-mit-rahmen-zp-7012\/"},{"id":381261,"cdmm_p_id":"497249","name":"Unterflur-Kit DS35EX, ohne Rahmen, ZP+7012","description":"Ausgleichsk\u00e4sten f\u00fcr Auffahrklappen bei Unterflurinstallation (1 Satz \/ 4 St\u00fcck)","thumbnail":"https:\/\/dev.codekraft.it\/rotary-2024\/wp-content\/uploads\/brb_media\/00489196_xx100024zpbg-mi-150x150.jpg","url":"https:\/\/dev.codekraft.it\/rotary-2024\/produkte\/zubehor-hebebuhnen-de\/zubehor-doppelscheren-hebebuhnen-de\/unterflur-kit-ds35ex-ohne-rahmen-zp-7012\/"},{"id":381177,"cdmm_p_id":"497231","name":"Quertraversesatz RAL 7016","description":"2 Quertraversen und 4 Aufnahmeadapter","thumbnail":"https:\/\/dev.codekraft.it\/rotary-2024\/wp-content\/uploads\/brb_media\/00489189_xx100050cg-mi-150x150.jpg","url":"https:\/\/dev.codekraft.it\/rotary-2024\/produkte\/zubehor-hebebuhnen-de\/zubehor-doppelscheren-hebebuhnen-de\/quertraversesatz-ral-7016\/"},{"id":381195,"cdmm_p_id":"497234","name":"Schlauchverl\u00e4ngerungssatz DS32\/35 | 1 m | inkl. Schlauchabdeckung","description":"","thumbnail":"","url":"https:\/\/dev.codekraft.it\/rotary-2024\/produkte\/zubehor-hebebuhnen-de\/zubehor-doppelscheren-hebebuhnen-de\/schlauchverlangerungssatz-ds32-35-1-m-inkl-schlauchabdeckung\/"}],"components":[],"related":[],"similar":[{"id":380046,"cdmm_p_id":"476001","name":"Doppelscheren-Hebeb\u00fchne DS35EXHG2-BMW","description":"3,5 t, elektrohydraulisch","thumbnail":"https:\/\/dev.codekraft.it\/rotary-2024\/wp-content\/uploads\/brb_media\/00370937_scissor-lift-ds-35exhg-mi-150x150.png","url":"https:\/\/dev.codekraft.it\/rotary-2024\/produkte\/hebebuhnen-de\/doppelscheren-hebebuhnen-de\/doppelscheren-hebebuhne-ds35exhg2-bmw\/"}],"lang":"de","translations":{"de":379229,"en":379228,"fr":379230,"it":379231,"es":379232,"ru":379233},"pll_sync_post":[],"_links":{"self":[{"href":"https:\/\/dev.codekraft.it\/rotary-2024\/wp-json\/wp\/v2\/product\/379229","targetHints":{"allow":["GET"]}}],"collection":[{"href":"https:\/\/dev.codekraft.it\/rotary-2024\/wp-json\/wp\/v2\/product"}],"about":[{"href":"https:\/\/dev.codekraft.it\/rotary-2024\/wp-json\/wp\/v2\/types\/product"}],"wp:featuredmedia":[{"embeddable":true,"href":"https:\/\/dev.codekraft.it\/rotary-2024\/wp-json\/wp\/v2\/media\/350855"}],"wp:attachment":[{"href":"https:\/\/dev.codekraft.it\/rotary-2024\/wp-json\/wp\/v2\/media?parent=379229"}],"wp:term":[{"taxonomy":"product_cat","embeddable":true,"href":"https:\/\/dev.codekraft.it\/rotary-2024\/wp-json\/wp\/v2\/product_cat?post=379229"},{"taxonomy":"product_tag","embeddable":true,"href":"https:\/\/dev.codekraft.it\/rotary-2024\/wp-json\/wp\/v2\/product_tag?post=379229"},{"taxonomy":"product_approvals","embeddable":true,"href":"https:\/\/dev.codekraft.it\/rotary-2024\/wp-json\/wp\/v2\/product_approvals?post=379229"},{"taxonomy":"product_application","embeddable":true,"href":"https:\/\/dev.codekraft.it\/rotary-2024\/wp-json\/wp\/v2\/product_application?post=379229"}],"curies":[{"name":"wp","href":"https:\/\/api.w.org\/{rel}","templated":true}]}}