{"id":379224,"date":"2024-04-22T09:26:55","date_gmt":"2024-04-22T09:26:55","guid":{"rendered":"https:\/\/dev.codekraft.it\/rotary-2024\/products\/uncategorized\/pont-elevateur-a-4-colonnes-sm35lt-51-mb\/"},"modified":"2024-04-22T09:26:55","modified_gmt":"2024-04-22T09:26:55","slug":"pont-elevateur-a-4-colonnes-sm35lt-51-mb","status":"publish","type":"product","link":"https:\/\/dev.codekraft.it\/rotary-2024\/fr\/produits\/ponts-elevateurs-fr\/ponts-elevateurs-a-4-colonnes-fr\/pont-elevateur-a-4-colonnes-sm35lt-51-mb\/","title":{"rendered":"Pont \u00e9l\u00e9vateur \u00e0 4 colonnes SM35LT-51-MB"},"content":{"rendered":"<p>Le pont \u00e9l\u00e9vateur \u00e9lectrohydraulique \u00e0 4 colonnes SM35LT-51-MB est id\u00e9al pour les travaux d&#8217;entretien, de montage des roues et la zone de r\u00e9ception client\u00e8le.<\/p>\n<ul>\n<li>Rampes larges, stables<\/li>\n<li>Avec levage de roue libre 3,5 t<\/li>\n<li>Convient pour tous les v\u00e9hicules de tourisme et utilitaires avec empattement long<\/li>\n<\/ul>\n<ul>\n<li>Le pont \u00e9l\u00e9vateur \u00e9lectrohydraulique \u00e0 4 colonnes SM35LT-51-MB est \u00e9quip\u00e9 d&#8217;un syst\u00e8me de stabilisation \u00e0 verrouillage pneumatique.<\/li>\n<li>Les rampes larges permettent une conduite s\u00fbre et confortable sur le pont des petits v\u00e9hicules de tourisme jusqu&#8217;aux SUV et v\u00e9hicules utilitaires sans avoir \u00e0 changer la largeur de la rampe.<\/li>\n<li>Le v\u00e9rin de levage sans entretien est plac\u00e9 sous la surface de roulement et il est ainsi prot\u00e9g\u00e9 des influences ext\u00e9rieures.<\/li>\n<li>Les fonctions haut, bas et d&#8217;abaissement du syst\u00e8me de stabilisation peuvent \u00eatre facilement contr\u00f4l\u00e9es par des boutons de commande.<\/li>\n<li>L&#8217;unit\u00e9 hydraulique \u00e0 haute performance garantit une course puissante et des p\u00e9riodes de levage et d&#8217;abaissement courtes.<\/li>\n<\/ul>\n<ul>\n<li>Le profil de surface de roulement form\u00e9 \u00e0 froid offre une rigidit\u00e9 \u00e9lev\u00e9e.<\/li>\n<li>Les rails de roulement int\u00e9gr\u00e9s permettent l&#8217;utilisation de colonnes de levage.<\/li>\n<li>Le SM35LT-51-MB dispose d&#8217;un levage de roue libre (LT) avec une extension en continu (jusqu&#8217;\u00e0 2100 mm).<\/li>\n<\/ul>\n","protected":false},"excerpt":{"rendered":"<p>3,5 t, \u00e9lectrohydraulique, incl. traverse de levage, longueur de voie de 5100 mm<\/p>\n","protected":false},"featured_media":350847,"template":"","meta":[],"product_brand":[],"product_cat":[1033496],"product_tag":[1034163],"product_approvals":[1014567,1014533,1014550],"product_application":[],"class_list":{"0":"post-379224","1":"product","2":"type-product","3":"status-publish","4":"has-post-thumbnail","6":"product_cat-ponts-elevateurs-a-4-colonnes-fr","7":"product_tag-passenger-cars-fr","8":"product_approvals-maybach-fr","9":"product_approvals-mercedes-benz-fr","10":"product_approvals-smart-fr","12":"first","13":"instock","14":"shipping-taxable","15":"product-type-simple"},"approvals":[{"term_id":1014567,"name":"Maybach","slug":"maybach-fr","term_group":0,"term_taxonomy_id":1014566,"taxonomy":"product_approvals","description":"","parent":0,"count":33,"filter":"raw"},{"term_id":1014533,"name":"Mercedes-Benz","slug":"mercedes-benz-fr","term_group":0,"term_taxonomy_id":1014532,"taxonomy":"product_approvals","description":"","parent":0,"count":43,"filter":"raw"},{"term_id":1014550,"name":"Smart","slug":"smart-fr","term_group":0,"term_taxonomy_id":1014549,"taxonomy":"product_approvals","description":"","parent":0,"count":33,"filter":"raw"}],"application":[],"brb_media_brochure":[{"id":349056,"url":"https:\/\/dev.codekraft.it\/rotary-2024\/wp-content\/uploads\/brb_media\/00472565_mercedes-benz-portfolio-br-128719-de-2021-03_screen.pdf","title":"Mercedes Benz Portfolio BR 128719 de 2021 03 screen","mpn":"","thumbnail":"https:\/\/dev.codekraft.it\/rotary-2024\/wp-content\/uploads\/brb_media\/00472565_mercedes-benz-portfolio-br-128719-de-2021-03_screen-pdf-106x150.png","description":""},{"id":349057,"url":"https:\/\/dev.codekraft.it\/rotary-2024\/wp-content\/uploads\/brb_media\/00472566_mercedes-benz-portfolio-br-128720-en-2021-03_screen.pdf","title":"Mercedes Benz Portfolio BR 128720 en 2021 03 screen","mpn":"","thumbnail":"https:\/\/dev.codekraft.it\/rotary-2024\/wp-content\/uploads\/brb_media\/00472566_mercedes-benz-portfolio-br-128720-en-2021-03_screen-pdf-106x150.png","description":""},{"id":349058,"url":"https:\/\/dev.codekraft.it\/rotary-2024\/wp-content\/uploads\/brb_media\/00472570_mercedes-benz-portfolio-br-128721-fr-2021-03_screen.pdf","title":"Mercedes Benz Portfolio BR 128721 fr 2021 03 screen","mpn":"","thumbnail":"https:\/\/dev.codekraft.it\/rotary-2024\/wp-content\/uploads\/brb_media\/00472570_mercedes-benz-portfolio-br-128721-fr-2021-03_screen-pdf-106x150.png","description":""},{"id":349059,"url":"https:\/\/dev.codekraft.it\/rotary-2024\/wp-content\/uploads\/brb_media\/00472567_mercedes-benz-portfolio-br-128722-it-2021-03_screen.pdf","title":"Mercedes Benz Portfolio BR 128722 it 2021 03 screen","mpn":"","thumbnail":"https:\/\/dev.codekraft.it\/rotary-2024\/wp-content\/uploads\/brb_media\/00472567_mercedes-benz-portfolio-br-128722-it-2021-03_screen-pdf-106x150.png","description":""},{"id":349060,"url":"https:\/\/dev.codekraft.it\/rotary-2024\/wp-content\/uploads\/brb_media\/00472568_mercedes-benz-portfolio-br-128723-es-2021-03_screen.pdf","title":"Mercedes Benz Portfolio BR 128723 es 2021 03 screen","mpn":"","thumbnail":"https:\/\/dev.codekraft.it\/rotary-2024\/wp-content\/uploads\/brb_media\/00472568_mercedes-benz-portfolio-br-128723-es-2021-03_screen-pdf-106x150.png","description":""},{"id":349061,"url":"https:\/\/dev.codekraft.it\/rotary-2024\/wp-content\/uploads\/brb_media\/00472569_mercedes-benz-portfolio-br-128724-ru-2021-03_screen.pdf","title":"Mercedes Benz Portfolio BR 128724 ru 2021 03 screen","mpn":"","thumbnail":"https:\/\/dev.codekraft.it\/rotary-2024\/wp-content\/uploads\/brb_media\/00472569_mercedes-benz-portfolio-br-128724-ru-2021-03_screen-pdf-106x150.png","description":""}],"brb_media_drawing":[{"id":350848,"url":"https:\/\/dev.codekraft.it\/rotary-2024\/wp-content\/uploads\/brb_media\/00367340_4-post-lift-sm-35-51mb-td-2017-02.pdf","title":"4 post lift sm 35 51mb td 2017 02","mpn":"","thumbnail":"https:\/\/dev.codekraft.it\/rotary-2024\/wp-content\/uploads\/brb_media\/00367340_4-post-lift-sm-35-51mb-td-2017-02-pdf-150x116.png","description":""}],"brb_media_manuals":"","brb_media_safety_datasheets":"","brb_media_spare_parts":[],"_cdmm_p_id":"464957","_company":"Elektron","_gtin":"","accessories":[{"id":378959,"mpn":"AIRKIT-RJ01","name":"Kit de mise \u00e0 niveau Air supply","description":"Pour traverse de levage","thumbnail":"https:\/\/dev.codekraft.it\/rotary-2024\/wp-content\/uploads\/brb_media\/00312549_4-post-lift-air-supply-di-150x150.png","url":"https:\/\/dev.codekraft.it\/rotary-2024\/fr\/produits\/accessoires-ponts-elevateurs-fr\/accessoires-ponts-elevateurs-a-4-colonnes-fr\/kit-de-mise-a-niveau-air-supply\/"},{"id":378466,"mpn":"T4","name":"Tampons en caoutchouc","description":"160 x 120 x 80 mm | 1 jeu \/ 4 pi\u00e8ces","thumbnail":"https:\/\/dev.codekraft.it\/rotary-2024\/wp-content\/uploads\/brb_media\/00287553-150x150.png","url":"https:\/\/dev.codekraft.it\/rotary-2024\/fr\/produits\/accessoires-ponts-elevateurs-fr\/accessoires-ponts-a-doubles-ciseaux-fr\/tampons-en-caoutchouc\/"},{"id":381148,"mpn":"FJ6171-2KIT","name":"Prolongateurs de fixation 130 mm, pour traverse de levage 2,6 t","description":"Adaptateur pour RJ-X26-2F\/3F (1 jeu \/ 2 pi\u00e8ces)","thumbnail":"https:\/\/dev.codekraft.it\/rotary-2024\/wp-content\/uploads\/brb_media\/00489186_fj6171-2kit-mi-150x150.jpg","url":"https:\/\/dev.codekraft.it\/rotary-2024\/fr\/produits\/accessoires-ponts-elevateurs-fr\/accessoires-ponts-elevateurs-a-4-colonnes-fr\/prolongateurs-de-fixation-130-mm-pour-traverse-de-levage-26-t\/"}],"components":[],"related":[],"page_logo_src":"https:\/\/dev.codekraft.it\/rotary-2024\/wp-content\/uploads\/2024\/05\/cropped-rotary-logo-2022.png","lang":"fr","translations":{"fr":379224,"en":379222,"de":379223,"it":379225,"es":379226,"ru":379227},"pll_sync_post":[],"_links":{"self":[{"href":"https:\/\/dev.codekraft.it\/rotary-2024\/wp-json\/wp\/v2\/product\/379224","targetHints":{"allow":["GET"]}}],"collection":[{"href":"https:\/\/dev.codekraft.it\/rotary-2024\/wp-json\/wp\/v2\/product"}],"about":[{"href":"https:\/\/dev.codekraft.it\/rotary-2024\/wp-json\/wp\/v2\/types\/product"}],"wp:featuredmedia":[{"embeddable":true,"href":"https:\/\/dev.codekraft.it\/rotary-2024\/wp-json\/wp\/v2\/media\/350847"}],"wp:attachment":[{"href":"https:\/\/dev.codekraft.it\/rotary-2024\/wp-json\/wp\/v2\/media?parent=379224"}],"wp:term":[{"taxonomy":"product_brand","embeddable":true,"href":"https:\/\/dev.codekraft.it\/rotary-2024\/wp-json\/wp\/v2\/product_brand?post=379224"},{"taxonomy":"product_cat","embeddable":true,"href":"https:\/\/dev.codekraft.it\/rotary-2024\/wp-json\/wp\/v2\/product_cat?post=379224"},{"taxonomy":"product_tag","embeddable":true,"href":"https:\/\/dev.codekraft.it\/rotary-2024\/wp-json\/wp\/v2\/product_tag?post=379224"},{"taxonomy":"product_approvals","embeddable":true,"href":"https:\/\/dev.codekraft.it\/rotary-2024\/wp-json\/wp\/v2\/product_approvals?post=379224"},{"taxonomy":"product_application","embeddable":true,"href":"https:\/\/dev.codekraft.it\/rotary-2024\/wp-json\/wp\/v2\/product_application?post=379224"}],"curies":[{"name":"wp","href":"https:\/\/api.w.org\/{rel}","templated":true}]}}