{"id":379217,"date":"2025-12-11T10:04:38","date_gmt":"2025-12-11T10:04:38","guid":{"rendered":"https:\/\/dev.codekraft.it\/rotary-2024\/products\/uncategorized\/bus-traverse-befv-15-2\/"},"modified":"2025-12-11T10:04:38","modified_gmt":"2025-12-11T10:04:38","slug":"bus-traverse-befv-15-2","status":"publish","type":"product","link":"https:\/\/dev.codekraft.it\/rotary-2024\/produkte\/zubehor-hebebuhnen-de\/abstutzsysteme-de\/bus-traverse-befv-15-2\/","title":{"rendered":"Bus-Traverse BEFV-15"},"content":{"rendered":"<ul>\n<li>Gesamtbreite min. 980 mm<\/li>\n<li>H\u00f6he 78 mm<\/li>\n<\/ul>\n","protected":false},"excerpt":{"rendered":"<p>Breit, verl\u00e4ngerte Ausf\u00fchrung mit ausziehbaren Schiebest\u00fccken, extra flach, Verstellbereich 870 &#8211; 1200 mm (510 &#8211; 840 mm), Tragf\u00e4higkeit 15 t (mittig) | 1 St\u00fcck<\/p>\n","protected":false},"featured_media":374759,"template":"","meta":[],"product_cat":[1033970],"product_tag":[1034260,1034143,1034229,1034212,1034126,1034161,1034178,1034195],"product_approvals":[],"product_application":[],"class_list":{"0":"post-379217","1":"product","2":"type-product","3":"status-publish","4":"has-post-thumbnail","6":"product_cat-abstutzsysteme-de","7":"product_tag-anhanger-de","8":"product_tag-buses-de","9":"product_tag-tracked-vehicles-de","10":"product_tag-agricultural-machines-de","11":"product_tag-trucks-de","12":"product_tag-passenger-cars-de","13":"product_tag-light-commercial-de","14":"product_tag-motor-homes-de","16":"first","17":"instock","18":"shipping-taxable","19":"product-type-simple"},"approvals":[],"application":[],"brb_media_brochure":"","brb_media_drawing":"","brb_media_manuals":"","brb_media_safety_datasheets":"","brb_media_spare_parts":[],"_cdmm_p_id":"463372","_company":"Elektron","_gtin":"4057612049701","accessories":[{"id":380480,"cdmm_p_id":"483850","name":"Transporteraufnahme f\u00fcr Lkw-Traverse Universal TEF-15 und Bus-Traverse BEFV-15","description":"Zur Aufnahme der hinteren freigegebenen MB Sprinter-Aufnahmepunkte, auch f\u00fcr viele andere Transporter perfekt nutzbar","thumbnail":"https:\/\/dev.codekraft.it\/rotary-2024\/wp-content\/uploads\/brb_media\/00438631_traverse-mb-sprinter-support-mi-127149-150x146.png","url":"https:\/\/dev.codekraft.it\/rotary-2024\/produkte\/zubehor-hebebuhnen-de\/lastaufnahmemittel-de\/transporteraufnahme-fur-lkw-traverse-universal-tef-15-und-bus-traverse-befv-15\/"}],"components":[],"related":[],"similar":[],"page_logo_src":"https:\/\/dev.codekraft.it\/rotary-2024\/wp-content\/uploads\/2024\/05\/cropped-rotary-logo-2022.png","lang":"de","translations":{"de":379217,"en":379216,"fr":379218,"it":379219,"es":379220,"ru":379221},"pll_sync_post":[],"_links":{"self":[{"href":"https:\/\/dev.codekraft.it\/rotary-2024\/wp-json\/wp\/v2\/product\/379217","targetHints":{"allow":["GET"]}}],"collection":[{"href":"https:\/\/dev.codekraft.it\/rotary-2024\/wp-json\/wp\/v2\/product"}],"about":[{"href":"https:\/\/dev.codekraft.it\/rotary-2024\/wp-json\/wp\/v2\/types\/product"}],"wp:featuredmedia":[{"embeddable":true,"href":"https:\/\/dev.codekraft.it\/rotary-2024\/wp-json\/wp\/v2\/media\/374759"}],"wp:attachment":[{"href":"https:\/\/dev.codekraft.it\/rotary-2024\/wp-json\/wp\/v2\/media?parent=379217"}],"wp:term":[{"taxonomy":"product_cat","embeddable":true,"href":"https:\/\/dev.codekraft.it\/rotary-2024\/wp-json\/wp\/v2\/product_cat?post=379217"},{"taxonomy":"product_tag","embeddable":true,"href":"https:\/\/dev.codekraft.it\/rotary-2024\/wp-json\/wp\/v2\/product_tag?post=379217"},{"taxonomy":"product_approvals","embeddable":true,"href":"https:\/\/dev.codekraft.it\/rotary-2024\/wp-json\/wp\/v2\/product_approvals?post=379217"},{"taxonomy":"product_application","embeddable":true,"href":"https:\/\/dev.codekraft.it\/rotary-2024\/wp-json\/wp\/v2\/product_application?post=379217"}],"curies":[{"name":"wp","href":"https:\/\/api.w.org\/{rel}","templated":true}]}}