{"id":379202,"date":"2025-12-11T10:11:32","date_gmt":"2025-12-11T10:11:32","guid":{"rendered":"https:\/\/dev.codekraft.it\/rotary-2024\/products\/uncategorized\/travesano-de-camion-tts-15-doble-extension\/"},"modified":"2025-12-11T10:11:32","modified_gmt":"2025-12-11T10:11:32","slug":"travesano-de-camion-tts-15-doble-extension","status":"publish","type":"product","link":"https:\/\/dev.codekraft.it\/rotary-2024\/es\/productos\/accesorios-elevadores-es\/sistemas-de-apoyo-es\/travesano-de-camion-tts-15-doble-extension\/","title":{"rendered":"Travesa\u00f1o de cami\u00f3n TTS-15 | Doble extensi\u00f3n"},"content":{"rendered":"","protected":false},"excerpt":{"rendered":"<p>15 t (centro), telesc\u00f3pico de 2 pliegues, rango de ajuste 880 &#8211; 1500 mm (520 &#8211; 1140 mm)<\/p>\n","protected":false},"featured_media":374738,"template":"","meta":[],"product_brand":[],"product_cat":[1033976],"product_tag":[1034151,1034134,1034203,1034169,1034220,1034265,1034186,1034237],"product_approvals":[],"product_application":[],"class_list":{"0":"post-379202","1":"product","2":"type-product","3":"status-publish","4":"has-post-thumbnail","6":"product_cat-sistemas-de-apoyo-es","7":"product_tag-buses-es","8":"product_tag-trucks-es","9":"product_tag-motor-homes-es","10":"product_tag-passenger-cars-es","11":"product_tag-agricultural-machines-es","12":"product_tag-remolques-es","13":"product_tag-light-commercial-es","14":"product_tag-tracked-vehicles-es","16":"first","17":"instock","18":"shipping-taxable","19":"product-type-simple"},"approvals":[],"application":[],"brb_media_brochure":"","brb_media_drawing":"","brb_media_manuals":"","brb_media_safety_datasheets":"","brb_media_spare_parts":[],"_cdmm_p_id":"463363","_company":"Elektron","_gtin":"4057612219135","accessories":[],"components":[],"related":[],"page_logo_src":"https:\/\/dev.codekraft.it\/rotary-2024\/wp-content\/uploads\/2026\/04\/rotary-negative-logo.png","lang":"es","translations":{"es":379202,"en":379198,"de":379199,"fr":379200,"it":379201,"ru":379203},"pll_sync_post":[],"_links":{"self":[{"href":"https:\/\/dev.codekraft.it\/rotary-2024\/wp-json\/wp\/v2\/product\/379202","targetHints":{"allow":["GET"]}}],"collection":[{"href":"https:\/\/dev.codekraft.it\/rotary-2024\/wp-json\/wp\/v2\/product"}],"about":[{"href":"https:\/\/dev.codekraft.it\/rotary-2024\/wp-json\/wp\/v2\/types\/product"}],"wp:featuredmedia":[{"embeddable":true,"href":"https:\/\/dev.codekraft.it\/rotary-2024\/wp-json\/wp\/v2\/media\/374738"}],"wp:attachment":[{"href":"https:\/\/dev.codekraft.it\/rotary-2024\/wp-json\/wp\/v2\/media?parent=379202"}],"wp:term":[{"taxonomy":"product_brand","embeddable":true,"href":"https:\/\/dev.codekraft.it\/rotary-2024\/wp-json\/wp\/v2\/product_brand?post=379202"},{"taxonomy":"product_cat","embeddable":true,"href":"https:\/\/dev.codekraft.it\/rotary-2024\/wp-json\/wp\/v2\/product_cat?post=379202"},{"taxonomy":"product_tag","embeddable":true,"href":"https:\/\/dev.codekraft.it\/rotary-2024\/wp-json\/wp\/v2\/product_tag?post=379202"},{"taxonomy":"product_approvals","embeddable":true,"href":"https:\/\/dev.codekraft.it\/rotary-2024\/wp-json\/wp\/v2\/product_approvals?post=379202"},{"taxonomy":"product_application","embeddable":true,"href":"https:\/\/dev.codekraft.it\/rotary-2024\/wp-json\/wp\/v2\/product_application?post=379202"}],"curies":[{"name":"wp","href":"https:\/\/api.w.org\/{rel}","templated":true}]}}