{"id":379146,"date":"2024-06-21T12:07:39","date_gmt":"2024-06-21T12:07:39","guid":{"rendered":"https:\/\/dev.codekraft.it\/rotary-2024\/products\/uncategorized\/majoration-pour-chassis-de-rail-avec-des-rouleaux-lateralement-a-brides-ensemble-compose-de-4-pieces\/"},"modified":"2024-06-21T12:07:39","modified_gmt":"2024-06-21T12:07:39","slug":"majoration-pour-chassis-de-rail-avec-des-rouleaux-lateralement-a-brides-ensemble-compose-de-4-pieces","status":"publish","type":"product","link":"https:\/\/dev.codekraft.it\/rotary-2024\/fr\/produits\/accessoires-ponts-elevateurs-fr\/accessoires-crics-de-fosse-fr\/majoration-pour-chassis-de-rail-avec-des-rouleaux-lateralement-a-brides-ensemble-compose-de-4-pieces\/","title":{"rendered":"Majoration pour ch\u00e2ssis de rail avec des rouleaux lat\u00e9ralement \u00e0 brides (ensemble Compos\u00e9 de 4 pi\u00e8ces)"},"content":{"rendered":"","protected":false},"excerpt":{"rendered":"","protected":false},"featured_media":0,"template":"","meta":[],"product_cat":[1033834],"product_tag":[1034145,1034128,1034197,1034262,1034180,1034231,1034214,1034163],"product_approvals":[],"product_application":[],"class_list":{"0":"post-379146","1":"product","2":"type-product","3":"status-publish","5":"product_cat-accessoires-crics-de-fosse-fr","6":"product_tag-buses-fr","7":"product_tag-trucks-fr","8":"product_tag-motor-homes-fr","9":"product_tag-remorques-fr","10":"product_tag-light-commercial-fr","11":"product_tag-tracked-vehicles-fr","12":"product_tag-agricultural-machines-fr","13":"product_tag-passenger-cars-fr","15":"first","16":"instock","17":"shipping-taxable","18":"product-type-simple"},"approvals":[],"application":[],"brb_media_brochure":"","brb_media_drawing":"","brb_media_manuals":"","brb_media_safety_datasheets":"","brb_media_spare_parts":[],"_cdmm_p_id":"462873","_company":"Elektron","_gtin":"","accessories":[],"components":[],"related":[],"similar":[{"id":378763,"cdmm_p_id":"347901","name":"Cric de fond de fosse Blitz M 15\/15\/15 Basic","description":"15\/15\/15 t, levage de 1300 mm, vitesse normale","thumbnail":"https:\/\/dev.codekraft.it\/rotary-2024\/wp-content\/uploads\/brb_media\/00521391_pit-jacks-floor-running-blitz-m-15_15-basic-mi-150x150.png","url":"https:\/\/dev.codekraft.it\/rotary-2024\/fr\/produits\/ponts-elevateurs-fr\/crics-de-fosse-fr\/cric-de-fond-de-fosse-blitz-m-15-15-15-basic\/"},{"id":378757,"cdmm_p_id":"347900","name":"Cric de fond de fosse Blitz X 15\/15\/15 Basic","description":"15\/15\/15 t, levage de 1300 mm, Vitesse normale","thumbnail":"https:\/\/dev.codekraft.it\/rotary-2024\/wp-content\/uploads\/brb_media\/00521399_pit-jacks-floor-running-blitz-x-15_15-basic-mi-150x150.png","url":"https:\/\/dev.codekraft.it\/rotary-2024\/fr\/produits\/ponts-elevateurs-fr\/crics-de-fosse-fr\/cric-de-fond-de-fosse-blitz-x-15-15-15-basic\/"}],"lang":"fr","translations":{"fr":379146,"en":379144,"de":379145,"it":379147,"es":379148,"ru":379149},"pll_sync_post":[],"_links":{"self":[{"href":"https:\/\/dev.codekraft.it\/rotary-2024\/wp-json\/wp\/v2\/product\/379146","targetHints":{"allow":["GET"]}}],"collection":[{"href":"https:\/\/dev.codekraft.it\/rotary-2024\/wp-json\/wp\/v2\/product"}],"about":[{"href":"https:\/\/dev.codekraft.it\/rotary-2024\/wp-json\/wp\/v2\/types\/product"}],"wp:attachment":[{"href":"https:\/\/dev.codekraft.it\/rotary-2024\/wp-json\/wp\/v2\/media?parent=379146"}],"wp:term":[{"taxonomy":"product_cat","embeddable":true,"href":"https:\/\/dev.codekraft.it\/rotary-2024\/wp-json\/wp\/v2\/product_cat?post=379146"},{"taxonomy":"product_tag","embeddable":true,"href":"https:\/\/dev.codekraft.it\/rotary-2024\/wp-json\/wp\/v2\/product_tag?post=379146"},{"taxonomy":"product_approvals","embeddable":true,"href":"https:\/\/dev.codekraft.it\/rotary-2024\/wp-json\/wp\/v2\/product_approvals?post=379146"},{"taxonomy":"product_application","embeddable":true,"href":"https:\/\/dev.codekraft.it\/rotary-2024\/wp-json\/wp\/v2\/product_application?post=379146"}],"curies":[{"name":"wp","href":"https:\/\/api.w.org\/{rel}","templated":true}]}}